{"id":3,"date":"2021-08-10T21:55:08","date_gmt":"2021-08-10T19:55:08","guid":{"rendered":"http:\/\/liceopitagoraselargius.edu.it\/w1\/?page_id=3"},"modified":"2022-03-22T20:19:26","modified_gmt":"2022-03-22T19:19:26","slug":"privacy-policy","status":"publish","type":"page","link":"https:\/\/liceopitagoraselargius.edu.it\/privacy-policy\/","title":{"rendered":"Privacy policy"},"content":{"rendered":"<p><strong>Informazioni sul trattamento dei dati personali<\/strong><br \/>\ndegli utenti che consultano il siti web del Liceo Scientifico Pitagora ai sensi dell&#8217;articolo 13 del Regolamento (UE) 2016\/679<\/p>\n<p>Desideriamo informare gli utenti di questo sito che il D.Lgs n. 196 del 30 giugno 2003 \u2013\u00a0<em>Codice in materia di protezione dei dati personali<\/em>, cos\u00ec come modificato dal Regolamento (UE) 2016\/679, prevede la tutela delle persone e di altri soggetti rispetto al trattamento dei dati personali (pervenuti per esempio via posta elettronica o moduli di registrazione).<\/p>\n<p>Secondo la normativa indicata, tale trattamento sar\u00e0 improntato ai principi di correttezza, liceit\u00e0 e trasparenza e di tutela della Sua riservatezza e dei Suoi diritti.<\/p>\n<p>Ai sensi dell\u2019articolo 13 del Regolamento (UE) 2016\/679, pertanto, Le forniamo le seguenti informazioni:<\/p>\n<ol>\n<li style=\"text-align: justify\">TITOLARE DEL TRATTAMENTO:<br \/>\nDirigente Scolastico presso il Liceo Scientifico \u201cPitagora\u201d<br \/>\nVia Primo Maggio snc \u2013 09047 \u2013 Selargius (CA)<br \/>\nEmail caps120008@istruzione.it<br \/>\nPEC caps120008@pec.istruzione.it<br \/>\nTelefono 070850380<\/li>\n<li style=\"text-align: justify\">RESPONSABILE PROTEZIONE DATI (RPD):<br \/>\nVargiu Scuola Srl &#8211; Referente individuato per l\u2019Istituto \u00e8 il Dott. Ing. Antonio Vargiu<br \/>\nEmail <a href=\"mailto:dpo@vargiuscuola.it\">dpo@vargiuscuola.it<\/a><br \/>\nPEC <a href=\"mailto:antonio.vargiu@ingpec.eu\">antonio.vargiu@ingpec.eu<\/a><br \/>\nTelefono 070271526<\/li>\n<li style=\"text-align: justify\">I dati forniti verranno trattati per la registrazione del suo contatto, per essere eventualmente ricontattato, per l\u2019erogazione dei servizi dove \u00e8 prevista la compilazione di un modulo di \u201cContatto\u201d, quando attivato in modo automatico. Il trattamento sar\u00e0 effettuato in modalit\u00e0 La comunicazione dei dati ha natura facoltativa; tuttavia, il mancato conferimento, anche parziale, dei dati richiesti nei campi contrassegnati come \u201cobbligatori\u201d (marcati con *), determiner\u00e0 la mancata erogazione del servizio. I dati non saranno comunicati ad altri soggetti, n\u00e9 saranno oggetto di diffusione.<\/li>\n<li style=\"text-align: justify\">RESPONSABILE DEL TRATTAMENTO: Direttore Servizi Generali Amministrativi, presso il Liceo Scientifico \u201cPitagora\u201d, sito in Via Primo Maggio \u2013 09047, Selargius (CA).<\/li>\n<li style=\"text-align: justify\">In ogni momento \u00e8 possibile esercitare i propri diritti nei confronti del titolare del trattamento: nei casi previsti, l&#8217;accesso ai propri dati personali e la rettifica o la cancellazione degli stessi o la limitazione del trattamento che li riguarda o di opporsi al trattamento (artt. 15 e ss. del Regolamento (UE)).\u00a0<a href=\"https:\/\/www.garanteprivacy.it\/home\/modulistica-e-servizi-online#diritti\">L&#8217;apposita istanza<\/a>\u00a0\u00e8 presentata contattando il Responsabile della protezione dei dati. Concedere il consenso significa confermare di essere stato informato correttamente circa:<\/li>\n<\/ol>\n<ul>\n<li>l\u2019oggetto della informativa<\/li>\n<li>le finalit\u00e0 del trattamento dei dati<\/li>\n<li>le modalit\u00e0 del trattamento dei dati<\/li>\n<li>la natura del conferimento<\/li>\n<li>l\u2019eventuale diffusione e comunicazione dei dati<\/li>\n<li>il nominativo del soggetto titolare del trattamento<\/li>\n<li>e di conoscere i diritti di cui agli artt. 15 e ss. del Regolamento (UE).<\/li>\n<\/ul>\n<ol start=\"6\">\n<li>Quando \u00e8 richiesto dal modulo automatico di contatto, per acconsentire al trattamento dei propri dati personali \u00e8 necessario spuntare la relativa conferma.<\/li>\n<li>DIRITTO DI RECLAMO: Gli interessati che ritengono che il trattamento dei dati personali a loro riferiti effettuato attraverso questo sito avvenga in violazione di quanto previsto dal Regolamento hanno il diritto di proporre reclamo al Garante, come previsto dall&#8217;art. 77 del Regolamento stesso, o di adire le opportune sedi giudiziarie (art. 79 del Regolamento).<\/li>\n<\/ol>\n<p><strong>POLICY COMPLETA DELLA PRIVACY ADOTTATA DAL NOSTRO ISTITUTO<\/strong><\/p>\n<p>Il Liceo Scientifico \u201cPitagora\u201d rispetta la privacy dei propri utenti e si impegna a proteggere i dati personali che gli stessi conferiscono al Liceo Scientifico \u201cPitagora\u201d. In generale, l\u2019utente pu\u00f2 navigare sul sito web del Liceo Scientifico \u201cPitagora\u201d senza fornire alcun tipo di informazione personale. La raccolta ed il trattamento di dati personali avvengono, quando necessari, in relazione all\u2019esecuzione di servizi richiesti dall\u2019utente, o quando l\u2019utente stesso decide di comunicare i propri dati personali; in tali circostanze, la presente politica della privacy illustra le modalit\u00e0 ed i caratteri di raccolta e trattamento dei dati personali dell\u2019utente. Il Liceo Scientifico \u201cPitagora\u201d tratta i dati personali forniti dagli utenti in conformit\u00e0 alla normativa vigente.<\/p>\n<p><strong>Raccolta di Dati Personali<\/strong><\/p>\n<p style=\"text-align: justify\">Dati personali significa qualsiasi informazione che possa essere impegnata per identificare un individuo, una societ\u00e0 od altro ente. A titolo puramente esemplificativo e non esaustivo viene raccolto ad esempio il nome ed il cognome, l\u2019indirizzo di posta elettronica [e-mail], l\u2019indirizzo, un recapito postale od altro recapito di carattere fisico, altre informazioni necessarie per contattare l\u2019utente, qualifica, data di nascita, genere, lavoro, attivit\u00e0 commerciale, interessi personali, altre informazioni necessarie per la prestazione dei servizi richiesti dall\u2019utente.<\/p>\n<p style=\"text-align: justify\"><strong>Dati di navigazione<\/strong><\/p>\n<p style=\"text-align: justify\">La navigazione sul sito del Liceo Scientifico \u201cPitagora\u201d avviene in forma anonima, a meno che l\u2019utente abbia precedentemente specificato che desidera che il Liceo Scientifico \u201cPitagora\u201d, solo per la navigazione delle aree riservate, ricordi oltre all\u2019identificativo con cui si \u00e8 registrato assegnato dall\u2019amministratore del sistema, anche la relativa password che viene inviata all\u2019indirizzo e-mail del richiedente e non a conoscenza dell\u2019amministratore del sito. Il Liceo Scientifico \u201cPitagora\u201d non compie operazioni di raccolta dati dell\u2019utente con modalit\u00e0 automatiche, incluso l\u2019indirizzo di posta elettronica [e-mail]. Il Liceo Scientifico \u201cPitagora\u201d registra l\u2019indirizzo IP dell\u2019utente (Internet Protocol, vale a dire l\u2019indirizzo Internet del computer dell\u2019utente) per avere un\u2019idea dell\u2019area del sito che l\u2019utente visita e della durata della visita, nel rispetto della normativa vigente in tema di tutela di dati personali (dati utilizzati al solo fine di ricavare informazioni statistiche anonime sull\u2019uso del sito e controllarne il corretto funzionamento e sono cancellati immediatamente dopo l\u2019operazione. I dati possono essere utilizzati per l\u2019accertamento di responsabilit\u00e0 in caso di ipotetici reati informatici ai danni del sito). Inoltre, il Liceo Scientifico \u201cPitagora\u201d non mette in relazione l\u2019indirizzo IP dell\u2019utente con altre informazioni personali relative allo stesso se non dopo averlo debitamente informato del relativo trattamento ed avere ottenuto il suo consenso al trattamento, e solo rispetto ad utenti registrati nelle aree riservate del proprio sito. Come molti altri siti web aventi carattere e contenuto indirizzato ai servizi, il sito del Liceo Scientifico \u201cPitagora\u201d pu\u00f2 impiegare una tecnologia standard chiamata \u201ccookie\u201d per raccogliere informazioni sulle modalit\u00e0 di uso del sito da parte dell\u2019utente. Per ulteriori informazioni, l\u2019utente \u00e8 invitato a consultare la seguente sezione \u201cCookies\u201c.<\/p>\n<p style=\"text-align: justify\"><strong>Dati forniti volontariamente dall\u2019utente<\/strong><\/p>\n<p style=\"text-align: justify\">Il Liceo Scientifico \u201cPitagora\u201d raccoglie i dati personali dell\u2019utente in occasione della sua registrazione per assegnare un CODICE UTENTE e una password, per emettere un account, necessari all\u2019utente stesso per usufruire di determinati prodotti o servizi offerti dalla scuola. In particolare la registrazione \u00e8 necessaria all\u2019utente per poter accedere alla aree Riservate, per partecipare al forum, per usufruire di chat, per poter inviare messaggi ad altri iscritti, per inserire commenti alle notizie, quando l\u2019utente chiede di ricevere determinate e-mail o di essere inserito in una mailing-list, o quando l\u2019utente, per qualsiasi altra ragione, comunica i propri dati al Liceo. Il Liceo Scientifico \u201cPitagora\u201d usa tali informazioni solamente ove le stesse siano state legittimamente raccolte in conformit\u00e0 alla presente Policy e nel rispetto della normativa vigente. Si sottolinea ancora che alcuni servizi web del sito prevedono l\u2019invio facoltativo, esplicito e volontario di posta elettronica agli indirizzi indicati sul sito che comporta acquisizione dell\u2019indirizzo del mittente, necessario per rispondere alle richieste, nonch\u00e9 degli eventuali altri dati personali inseriti nella missiva. Specifiche informative di sintesi (disclaimer) possono essere visualizzate con apposito link nelle pagine del sito predisposte per particolari servizi a richiesta (come la pagina contatti). E\u2019 inoltre indicato il trattamento di dati sensibili o giudiziari forniti dall\u2019utente nel corpo della mail.<\/p>\n<p style=\"text-align: justify\"><strong>Comunicazione di Dati Personali<\/strong><\/p>\n<p style=\"text-align: justify\">In caso di raccolta di dati personali, il Liceo Scientifico \u201cPitagora\u201d informer\u00e0 l\u2019utente sulle finalit\u00e0 della raccolta al momento della stessa, ove necessario, richieder\u00e0 il consenso dell\u2019utente. Il Liceo Scientifico \u201cPitagora\u201d non comunicher\u00e0 i dati personali dell\u2019utente a terzi senza il consenso dell\u2019utente, salvo le limitate circostanze specificate in seguito nella Sezione \u201cAmbito di Comunicazione e Diffusione di Dati Personali\u201d. Se l\u2019utente decide di fornire alla scuola i propri dati personali, la scuola potr\u00e0 comunicarli all\u2019interno del Liceo od a terzi che prestano servizi alla scuola, solo rispetto a coloro che hanno bisogno di conoscerli in ragione delle proprie mansioni, e, ove necessario, con il permesso dell\u2019utente. Il Liceo invier\u00e0 all\u2019utente materiale relativo ad attivit\u00e0 di informazione ed a ricerche di mercato solo dopo aver informato l\u2019utente ed aver ottenuto il consenso dello stesso al trattamento, in conformit\u00e0 alle disposizioni vigenti in tema di protezione di dati personali.<\/p>\n<p style=\"text-align: justify\"><strong>Cookies<\/strong><\/p>\n<p style=\"text-align: justify\">Un cookies \u00e8 un piccolo file di testo che alcuni siti web inviano all\u2019hard drive dell\u2019utente in occasione della visita al sito. Un cookie pu\u00f2 contenere informazioni quali un ID dell\u2019utente che il sito usa per controllare le pagine visitate, ma le uniche informazioni di carattere personale che un cookie pu\u00f2 contenere sono quelle fornite dall\u2019utente stesso. Un cookie non pu\u00f2 leggere i dati presenti sull\u2019hard disk dell\u2019utente o leggere i cookies creati da altri siti. Alcune aree del sito del Liceo Scientifico \u201cPitagora\u201d impiegano cookies per registrare le modalit\u00e0 di navigazione degli utenti sul sito. Il Liceo si serve di cookies per determinare il grado di utilit\u00e0 delle informazioni che fornisce ai propri utenti e per verificare l\u2019efficacia della struttura di navigazione del sito in relazione al supporto di aiuto offerto all\u2019utente per ottenere quell\u2019informazione. Se l\u2019utente non desidera ricevere cookies durante la navigazione sul sito, pu\u00f2 programmare il proprio browser in modo da essere avvertito prima di accettare cookies e rifiutare i cookies quando il browser avvisa della presenza dei cookies. L\u2019utente pu\u00f2 anche rifiutare tutti i cookies disattivandoli nel proprio browser, anche se in tal modo l\u2019utente non sarebbe poi in grado di sfruttare in pieno dei vantaggi del sito. In particolare, all\u2019utente potrebbe essere chiesto di accettare cookies al fine di compiere determinate operazioni sul sito web. Tuttavia, non \u00e8 necessario che l\u2019utente accetti tutti i cookies per usare\/navigare in molte aree del sito del Liceo Scientifico \u201cPitagora\u201d, salvo il caso in cui, per l\u2019accesso a specifiche pagine web, siano necessari la registrazione ed una password.<\/p>\n<p style=\"text-align: justify\"><strong>Finalit<\/strong><strong>\u00e0\u00a0<\/strong><strong>e Modalit<\/strong><strong>\u00e0\u00a0<\/strong><strong>di trattamento dei Dati Raccolti<\/strong><\/p>\n<p style=\"text-align: justify\">Il Liceo Scientifico \u201cPitagora\u201d tratta i dati personali dell\u2019utente per le seguenti finalit\u00e0 di carattere generale: per soddisfare le richieste a specifici prodotti o servizi, per personalizzare la visita dell\u2019utente al sito, per aggiornare l\u2019utente sulle ultime novit\u00e0 in relazione ai servizi del Liceo Scientifico \u201cPitagora\u201d od altre informazioni che ritiene siano di interesse dell\u2019utente che provengono direttamente dal Liceo o dai suoi partners, e per comprendere meglio i bisogni dell\u2019utente ed offrire allo stesso servizi migliori. Il trattamento di dati personali dell\u2019utente da parte del Liceo Scientifico \u201cPitagora\u201d per le finalit\u00e0 sopra specificate avviene in conformit\u00e0 alla normativa vigente a tutela dei dati personali.<\/p>\n<p style=\"text-align: justify\"><strong>Ambito di comunicazione e diffusione di dati personali<\/strong><\/p>\n<p style=\"text-align: justify\">I dati personali dell\u2019utente non vengono comunicati al di fuori della realt\u00e0 del Liceo Scientifico \u201cPitagora\u201d senza il consenso dell\u2019interessato, salvo quanto in seguito specificato. Nell\u2019ambito dell\u2019organizzazione del Liceo Scientifico \u201cPitagora\u201d, i dati sono conservati in server controllati cui \u00e8 consentito un accesso limitato in conformit\u00e0 alla normativa vigente a tutela dei dati personali. Il Liceo Scientifico \u201cPitagora\u201d pu\u00f2 comunicare i dati personali dell\u2019utente a terzi in uno dei seguenti casi: quando l\u2019interessato abbia prestato il proprio consenso alla comunicazione; quando la comunicazione sia necessaria per fornire il prodotto o il servizio richiesto dall\u2019utente; la comunicazione sia necessaria in relazione a terzi che lavorano per conto del Liceo Scientifico \u201cPitagora\u201d per fornire il prodotto od il servizio richiesto dall\u2019utente (il Liceo Scientifico \u201cPitagora\u201d comunicher\u00e0 a questi solo le informazioni che si rendono necessarie in relazione alla prestazione del servizio, ed alle stesse \u00e8 vietato trattare i dati per finalit\u00e0 diverse); o per fornire all\u2019utente le informazioni che il Liceo Scientifico \u201cPitagora\u201d ritenga sia necessario conoscere dal Liceo stesso e dagli altri enti ad esso collegati (in qualsiasi momento l\u2019utente potr\u00e0 richiedere di non ricevere pi\u00f9 tale tipo di informazioni). Il Liceo Scientifico \u201cPitagora\u201d inoltre divulgher\u00e0 i dati personali dell\u2019utente in caso ci\u00f2 sia richiesto dalla legge.<\/p>\n<p style=\"text-align: justify\"><strong>Diritti dell\u2019utente: User Account<\/strong><\/p>\n<p style=\"text-align: justify\">Se l\u2019utente \u00e8 un utente registrato, per richiedere la cancellazione del proprio Liceo Scientifico \u201cPitagora\u201d account o qualsiasi altro proprio dato personale deve inviare una mail al responsabile della gestione\/aggiornamento del sito (webmaster).<\/p>\n<p style=\"text-align: justify\"><strong>Sicurezza dei dati<\/strong><\/p>\n<p style=\"text-align: justify\">Le informazioni del Liceo Scientifico \u201cPitagora\u201d account sono protette da una password per garantire la riservatezza e la sicurezza dell\u2019utente. Il Liceo Scientifico \u201cPitagora\u201d adotta tutte le misure di sicurezza e le procedure fisiche, elettroniche ed organizzative richieste dalla normativa vigente. Anche se il Liceo Scientifico \u201cPitagora\u201d fa quanto ragionevolmente possibile per proteggere i dati personali dell\u2019utente, lo stesso non pu\u00f2 garantire la completa totale sicurezza dei dati personali dell\u2019utente durante la comunicazione, quindi il Liceo Scientifico \u201cPitagora\u201d invita calorosamente l\u2019utente ad adottare tutte le misure precauzionali per proteggere i propri dati personali quando naviga su Internet. Ad esempio, l\u2019utente \u00e8 invitato a cambiare spesso la propria password, usare una combinazione di lettere e numeri ed assicurarsi di fare uso di un browser sicuro.<\/p>\n<p style=\"text-align: justify\"><strong>Minori e privacy<\/strong><\/p>\n<p style=\"text-align: justify\">Il sito web del Liceo Scientifico \u201cPitagora\u201d \u00e8 pensato per un utilizzo anche da parte di minori di 18 anni in quanto presenta contenuti puramente didattici e culturali. Quindi il Liceo Scientifico \u201cPitagora\u201d non richiede, in fase di iscrizione, la maggiore et\u00e0 dell\u2019utente.<\/p>\n<p style=\"text-align: justify\"><strong>Siti di terzi<\/strong><\/p>\n<p style=\"text-align: justify\">Il sito web del Liceo Scientifico \u201cPitagora\u201d contiene links ad altri siti. Il Liceo Scientifico \u201cPitagora\u201d non condivide i dati personali dell\u2019utente con questi siti e non \u00e8 responsabile delle pratiche degli stessi in relazione alla tutela ed al trattamento di dati personali. Il Liceo Scientifico \u201cPitagora\u201d invita l\u2019utente a prendere visione della politica della privacy di tali siti per conoscere le modalit\u00e0 di trattamento e raccolta dei propri dati personali da parte di tali siti web di terzi.<\/p>\n<p style=\"text-align: justify\"><strong>Modifiche della politica della privacy<\/strong><\/p>\n<p style=\"text-align: justify\">Il Liceo Scientifico \u201cPitagora\u201d modificher\u00e0 di volta in volta la presente policy della privacy. Qualora il Liceo modifichi in termini sostanziali le modalit\u00e0 di trattamento dei dati personali dell\u2019utente provveder\u00e0 a modificare questa pagina.<\/p>\n","protected":false},"excerpt":{"rendered":"<p>Informazioni sul trattamento dei dati personali degli utenti che consultano il siti web del Liceo Scientifico Pitagora ai sensi dell&#8217;articolo 13 del Regolamento (UE) 2016\/679 Desideriamo informare gli utenti di questo sito che il D.Lgs n. [&hellip;]<\/p>\n","protected":false},"author":7,"featured_media":0,"parent":0,"menu_order":0,"comment_status":"closed","ping_status":"closed","template":"","meta":{"footnotes":""},"class_list":["post-3","page","type-page","status-publish","hentry"],"_links":{"self":[{"href":"https:\/\/liceopitagoraselargius.edu.it\/wp-json\/wp\/v2\/pages\/3","targetHints":{"allow":["GET"]}}],"collection":[{"href":"https:\/\/liceopitagoraselargius.edu.it\/wp-json\/wp\/v2\/pages"}],"about":[{"href":"https:\/\/liceopitagoraselargius.edu.it\/wp-json\/wp\/v2\/types\/page"}],"author":[{"embeddable":true,"href":"https:\/\/liceopitagoraselargius.edu.it\/wp-json\/wp\/v2\/users\/7"}],"replies":[{"embeddable":true,"href":"https:\/\/liceopitagoraselargius.edu.it\/wp-json\/wp\/v2\/comments?post=3"}],"version-history":[{"count":22,"href":"https:\/\/liceopitagoraselargius.edu.it\/wp-json\/wp\/v2\/pages\/3\/revisions"}],"predecessor-version":[{"id":3134,"href":"https:\/\/liceopitagoraselargius.edu.it\/wp-json\/wp\/v2\/pages\/3\/revisions\/3134"}],"wp:attachment":[{"href":"https:\/\/liceopitagoraselargius.edu.it\/wp-json\/wp\/v2\/media?parent=3"}],"curies":[{"name":"wp","href":"https:\/\/api.w.org\/{rel}","templated":true}]}}