{"id":10827,"date":"2017-08-07T11:06:18","date_gmt":"2017-08-07T09:06:18","guid":{"rendered":"http:\/\/www.icsiniscola2.edu.it\/?page_id=10827"},"modified":"2017-09-05T06:06:46","modified_gmt":"2017-09-05T04:06:46","slug":"laboratorio-i-suoni-del-futuro","status":"publish","type":"page","link":"https:\/\/www.icsiniscola2.edu.it\/laboratorio-i-suoni-del-futuro\/","title":{"rendered":"Laboratorio i suoni del futuro"},"content":{"rendered":"<p><a href=\"http:\/\/www.icsiniscola2.edu.it\/progetti-di-istituto-2016-2017\/\"><img decoding=\"async\" loading=\"lazy\" class=\"aligncenter wp-image-10886\" src=\"http:\/\/www.icsiniscola2.edu.it\/wp-content\/uploads\/2017\/08\/torna-a-progetti-di-istituto-300x137.jpg\" alt=\"torna a progetti di istituto\" width=\"141\" height=\"64\" srcset=\"https:\/\/www.icsiniscola2.edu.it\/wp-content\/uploads\/2017\/08\/torna-a-progetti-di-istituto-300x137.jpg 300w, https:\/\/www.icsiniscola2.edu.it\/wp-content\/uploads\/2017\/08\/torna-a-progetti-di-istituto-180x82.jpg 180w, https:\/\/www.icsiniscola2.edu.it\/wp-content\/uploads\/2017\/08\/torna-a-progetti-di-istituto.jpg 433w\" sizes=\"(max-width: 141px) 100vw, 141px\" \/><\/a><\/p>\n<p><strong><em>Regione Autonoma della Sardegna<\/em><\/strong><\/p>\n<p><strong>Progetto \u201cTutti a iscol@\u201d <\/strong><\/p>\n<p><strong>Anno Scolastico 2016-2017 <\/strong><\/p>\n<p><strong>Linea B1 &#8211; Laboratorio didattico extracurricolare<\/strong><\/p>\n<p>Ambito tematico:<strong><em> Area Arte<\/em><\/strong><em>. Sono previsti laboratori di musica, fotografia, cinema, teatro, danza, storia dell\u2019arte, approfondimenti letterari, poesia e arti visive, pittura, scultura, lettura e scrittura creativa.<\/em><\/p>\n<p>Titolo del laboratorio: <em>Un percorso tra libri, musica e storie:<\/em> \u00a0<strong>I suoni del futuro<\/strong><strong>.\u00a0 <\/strong><img decoding=\"async\" loading=\"lazy\" class=\"aligncenter size-medium wp-image-10828\" src=\"http:\/\/www.icsiniscola2.edu.it\/wp-content\/uploads\/2017\/08\/locandina-i-suoni-del-futuro-215x300.jpg\" alt=\"locandina i suoni del futuro\" width=\"215\" height=\"300\" srcset=\"https:\/\/www.icsiniscola2.edu.it\/wp-content\/uploads\/2017\/08\/locandina-i-suoni-del-futuro-215x300.jpg 215w, https:\/\/www.icsiniscola2.edu.it\/wp-content\/uploads\/2017\/08\/locandina-i-suoni-del-futuro-768x1072.jpg 768w, https:\/\/www.icsiniscola2.edu.it\/wp-content\/uploads\/2017\/08\/locandina-i-suoni-del-futuro-734x1024.jpg 734w, https:\/\/www.icsiniscola2.edu.it\/wp-content\/uploads\/2017\/08\/locandina-i-suoni-del-futuro-180x251.jpg 180w, https:\/\/www.icsiniscola2.edu.it\/wp-content\/uploads\/2017\/08\/locandina-i-suoni-del-futuro.jpg 917w\" sizes=\"(max-width: 215px) 100vw, 215px\" \/><\/p>\n<p><em>\u00a0<\/em><\/p>\n<p>Destinatari dell\u2019intervento: <strong>Classi 1<sup>a<\/sup>A e 2<sup>a<\/sup>A<\/strong> della <strong>Scuola secondaria di 1^ grado<\/strong> del plesso di <strong>L<\/strong><strong>a Caletta.<\/strong><\/p>\n<p><em>\u00a0<\/em><\/p>\n<p>Finalit\u00e0:<em> l\u2019attivit\u00e0 progettuale, che prevede l\u2019apertura delle scuole al di fuori dell\u2019orario in cui si svolge l\u2019ordinaria attivit\u00e0 didattica, \u00e8 finalizzata a migliorare l\u2019offerta formativa extracurricolare, le competenze trasversali e l\u2019inclusione scolastica degli studenti attraverso forma di didattica laboratoriale al fine di contrastare il fenomeno della dispersione scolastica.<\/em><\/p>\n<p><strong>\u00a0<\/strong><\/p>\n<p>Obiettivi: <em>Formare dei cittadini consapevoli che con lo sviluppo di una conoscenza critica analizzano e raccontano la societ\u00e0 che li circonda. Formare, con l\u2019utilizzo dei pi\u00f9 moderni ausili tecnologici, questi cittadini del domani, per approcciarsi con pi\u00f9 immediatezza, alla conoscenza della letteratura e della musica dei loro giorni. Facilitare la loro capacit\u00e0 comunicativa, porli in relazione empatica tra loro.<\/em><\/p>\n<p><em>\u00a0<\/em><\/p>\n<p>Metodologia: <em>Coinvolgere i ragazzi all\u2019interno di un\u2019esperienza dove il loro ruolo sar\u00e0 attivo, attraverso la condivisione dei propri gusti musicali, letterari, cinematografici e attraverso le proprie esperienze personali. Da qui verranno condotti ad una sintesi condivisa delle varie esperienze, per produrre un vero e proprio reading\/concerto di cui i ragazzi saranno il vero e proprio \u201cregista collettivo\u201d.<\/em><\/p>\n<p><em>\u00a0<\/em><\/p>\n<p>Attivit\u00e0 laboratoriali:<\/p>\n<ul>\n<li><em>La musica elettronica <\/em><\/li>\n<li><em>La cultura rap e hip hop<\/em><\/li>\n<li><em>Il dub<\/em><\/li>\n<li><em>La letteratura italiana e contemporanea<\/em><\/li>\n<li><em>La produzione letteraria degli autori sardi<\/em><\/li>\n<li><em>Produzioni con commistione tra musica e letteratura<\/em><\/li>\n<li><em>La voce e la lettura espressiva<\/em><\/li>\n<li><em>Interazione tra musica e voce<\/em><\/li>\n<li><em>Il Laptop come strumento musicale<\/em><\/li>\n<li><em>I software per la produzione elettronica<\/em><\/li>\n<li><em>La scelta di un testo<\/em><\/li>\n<li><em>L\u2019ambientazione Musicale<\/em><\/li>\n<li><em>La modulazione delle fasi di uno spettacolo<\/em><\/li>\n<li><em>Lo stage planning<\/em><\/li>\n<li><em>I diversi ruoli di uno spettacolo<\/em><\/li>\n<li><em>I bit<\/em><\/li>\n<li><em>Prove dello spettacolo<\/em><\/li>\n<li><em>Messa in scena dello spettacolo<\/em><\/li>\n<\/ul>\n<p><em>\u00a0<\/em><\/p>\n<p>Responsabili incaricati:<em> <strong>A.N.T.A.S. Associazione Culturale.<\/strong> <\/em><\/p>\n<p>Tutor d\u2019aula:<em> <strong>Massaiu Paola<\/strong> e <strong>Onida Maria Antonietta<\/strong><\/em><\/p>\n<p><em>\u00a0<\/em><\/p>\n<p><em>\u00a0<\/em><\/p>\n<p><em>\u00a0<\/em><\/p>\n<p>Produzione finale:<em> Realizzazione finale, presso l\u2019Auditorium dell\u2019Istituto, di un reading\/concerto di cui i ragazzi saranno il vero e proprio \u201cregista collettivo\u201d. <\/em><\/p>\n<p><em>\u00a0<\/em><\/p>\n<p>Video della messa in scena dello spettacolo realizzati da: <em>\u00a0Prof. <strong>Roberto Silenzi<\/strong>:<\/em><\/p>\n<ul>\n<li><em>Video 1 Presentazione e gruppo 1(12:12 minuti)<\/em><\/li>\n<li><em>Video 2 saluti gruppo 1 (0:20 minuti)<\/em><\/li>\n<li><em>Video 3 gruppo 2 (5:27)<\/em><\/li>\n<li><em>Video 4 gruppo 3 (4:50)<\/em><\/li>\n<li><em>Video 5 gruppo 4 (10:49)<\/em><\/li>\n<li><em>Video 6 saluti e ringraziamenti ai maestri (0:55)<\/em><\/li>\n<\/ul>\n<p><em>\u00a0<\/em><\/p>\n<p><em>\u00a0<\/em><\/p>\n<p><em>\u00a0<\/em><\/p>\n","protected":false},"excerpt":{"rendered":"<p>Regione Autonoma della Sardegna Progetto \u201cTutti a iscol@\u201d Anno Scolastico 2016-2017 Linea B1 &#8211; Laboratorio didattico extracurricolare Ambito tematico: Area Arte. Sono previsti laboratori di musica, fotografia, cinema, teatro, danza, storia dell\u2019arte, approfondimenti letterari, poesia e arti visive, pittura, scultura, lettura e scrittura creativa. Titolo del laboratorio: Un percorso tra libri, musica e storie: \u00a0I&nbsp; &nbsp; <a class=\"moretag\" href=\"https:\/\/www.icsiniscola2.edu.it\/laboratorio-i-suoni-del-futuro\/\" title=\"Leggi l&#180;intero articolo\">&raquo;<\/a><\/p>\n","protected":false},"author":1,"featured_media":0,"parent":0,"menu_order":0,"comment_status":"closed","ping_status":"closed","template":"","meta":[],"_links":{"self":[{"href":"https:\/\/www.icsiniscola2.edu.it\/wp-json\/wp\/v2\/pages\/10827"}],"collection":[{"href":"https:\/\/www.icsiniscola2.edu.it\/wp-json\/wp\/v2\/pages"}],"about":[{"href":"https:\/\/www.icsiniscola2.edu.it\/wp-json\/wp\/v2\/types\/page"}],"author":[{"embeddable":true,"href":"https:\/\/www.icsiniscola2.edu.it\/wp-json\/wp\/v2\/users\/1"}],"replies":[{"embeddable":true,"href":"https:\/\/www.icsiniscola2.edu.it\/wp-json\/wp\/v2\/comments?post=10827"}],"version-history":[{"count":4,"href":"https:\/\/www.icsiniscola2.edu.it\/wp-json\/wp\/v2\/pages\/10827\/revisions"}],"predecessor-version":[{"id":11117,"href":"https:\/\/www.icsiniscola2.edu.it\/wp-json\/wp\/v2\/pages\/10827\/revisions\/11117"}],"wp:attachment":[{"href":"https:\/\/www.icsiniscola2.edu.it\/wp-json\/wp\/v2\/media?parent=10827"}],"curies":[{"name":"wp","href":"https:\/\/api.w.org\/{rel}","templated":true}]}}