{"id":10866,"date":"2017-08-13T15:23:26","date_gmt":"2017-08-13T13:23:26","guid":{"rendered":"http:\/\/www.icsiniscola2.edu.it\/?page_id=10866"},"modified":"2017-08-13T16:27:58","modified_gmt":"2017-08-13T14:27:58","slug":"energia-in-rete","status":"publish","type":"page","link":"https:\/\/www.icsiniscola2.edu.it\/energia-in-rete\/","title":{"rendered":"Energia in rete"},"content":{"rendered":"<p><a href=\"http:\/\/www.icsiniscola2.edu.it\/progetti-di-istituto-2016-2017\/\"><img decoding=\"async\" loading=\"lazy\" class=\"alignleft wp-image-10886\" src=\"http:\/\/www.icsiniscola2.edu.it\/wp-content\/uploads\/2017\/08\/torna-a-progetti-di-istituto-300x137.jpg\" alt=\"torna a progetti di istituto\" width=\"141\" height=\"64\" srcset=\"https:\/\/www.icsiniscola2.edu.it\/wp-content\/uploads\/2017\/08\/torna-a-progetti-di-istituto-300x137.jpg 300w, https:\/\/www.icsiniscola2.edu.it\/wp-content\/uploads\/2017\/08\/torna-a-progetti-di-istituto-180x82.jpg 180w, https:\/\/www.icsiniscola2.edu.it\/wp-content\/uploads\/2017\/08\/torna-a-progetti-di-istituto.jpg 433w\" sizes=\"(max-width: 141px) 100vw, 141px\" \/><\/a><\/p>\n<p style=\"text-align: center;\"><strong><br \/>\n<\/strong><\/p>\n<p style=\"text-align: center;\"><strong><br \/>\n<\/strong><\/p>\n<h3 style=\"text-align: center;\">IL LABORATORIO ECO-DIDATTICO DELLA 4^ C<\/h3>\n<p>In orario scolastico da aprile a maggio, la classe<strong> 4^C<\/strong> della <strong>scuola primaria<\/strong> di Sa Sedda dell\u2019<strong>Istituto Comprensivo Siniscola 2 \u201cAlbino Bernardini\u201d<\/strong>, \u00e8 stata protagonista del <strong>laboratorio eco-didattico<\/strong> inerente al progetto <strong>\u201cEnergie in rete\u201d<\/strong>,\u00a0 finanziato dalla Regione Sardegna e cofinanziato dall\u2019Unione dei Comuni del Montalbo e dai Comuni di Lula, Orune, Bitti, Onan\u00ec, Osidda, Posada, Torp\u00e8, Siniscola. Si tratta \u00a0di attivit\u00e0 che si inseriscono nel contesto delle politiche regionali per il consumo responsabile e per gli acquisti verdi.<\/p>\n<p>Il progetto, ideato e coordinato dal <strong>Centro di Educazione Ambientale<\/strong> (CEAS) di Lula \u00a0e svolto con la collaborazione dei CEAS di Orune, Bitti, Posada, Torp\u00e8 e Siniscola, \u00a0ha voluto contribuire, attraverso la scuola, alla diffusione capillare di buone\u00a0 pratiche di consumo sostenibile, coinvolgendo attivamente gli allievi e stimolandone\u00a0 la riflessione per acquisire comportamenti consapevoli di rispetto dell\u2019ambiente e di partecipazione personale al mantenimento delle risorse ambientali.<\/p>\n<p>I bambini, assistiti dalle insegnanti <strong>Serena Agus<\/strong>, <strong>Maria Grazia Cara<\/strong> e <strong>Mariella Scanu<\/strong> e da <strong>Manuela Mulargia, <\/strong>operatrice del <strong>Ceas di Santa Lucia<\/strong> , hanno partecipato a diversi incontri in classe.<\/p>\n<p><em>In una prima fase introduttivo- conoscitiva<\/em>, dopo una\u00a0presentazione delle tematiche scelte attraverso l\u2019uso di innovativi strumenti multimediali e giochi didattico \u2013 interattivi, gli alunni hanno appreso le nozioni di base relative alle risorse e fonti di energia rinnovabili. Sono stati quindi coinvolti nell&#8217;analisi\u00a0dei consumi energetici della propria scuola e in un dibattito da cui sono emerse delle soluzioni per una &#8220;scuola sostenibile&#8221;.\u00a0 Nel nostro Istituto comprensivo lo strumento di analisi creato nell\u2019ambito del laboratorio \u00e8 stato applicato\u00a0 all\u2019indagine dei consumi connessi all\u2019uso della carta, al fine di quantificare costi e consumi energetici, proponendo interventi di miglioramento ed evidenziando i benefici ambientali e i risparmi previsti.<\/p>\n<p><em>In una fase successiva<\/em>, con l\u2019ausilio di kit didattici sulle energie rinnovabili, sono stati eseguiti esperimenti che hanno permesso di capire e vedere come le energie rinnovabili possono essere sfruttate, accumulate e riutilizzate in diversi tipi di applicazioni. Gli alunni hanno iniziato a costruire una casetta di plastica alimentata da un tetto con pannello solare assemblando diverse componenti quali la base led, le pareti, gli infissi, le travi, le recinzioni, le scale, gli interruttori, il il camapanello. Il kit fornito, comprendente un libretto educativo finalizzato a una maggiore presa di coscienza sul tema, consente la realizzazione di dieci diversi esperimenti con una casa solare.<\/p>\n<p><img decoding=\"async\" loading=\"lazy\" class=\"aligncenter size-medium wp-image-10870\" src=\"http:\/\/www.icsiniscola2.edu.it\/wp-content\/uploads\/2017\/08\/Siniscola-notizie-alunni-300x225.jpg\" alt=\"Siniscola notizie alunni\" width=\"300\" height=\"225\" srcset=\"https:\/\/www.icsiniscola2.edu.it\/wp-content\/uploads\/2017\/08\/Siniscola-notizie-alunni-300x225.jpg 300w, https:\/\/www.icsiniscola2.edu.it\/wp-content\/uploads\/2017\/08\/Siniscola-notizie-alunni-768x576.jpg 768w, https:\/\/www.icsiniscola2.edu.it\/wp-content\/uploads\/2017\/08\/Siniscola-notizie-alunni-180x135.jpg 180w, https:\/\/www.icsiniscola2.edu.it\/wp-content\/uploads\/2017\/08\/Siniscola-notizie-alunni.jpg 774w\" sizes=\"(max-width: 300px) 100vw, 300px\" \/><\/p>\n<p>&nbsp;<\/p>\n<p>Tale attivit\u00e0 \u00e8 stata propedeutica alla creazione di oggetti e sistemi alimentati da due pannelli e \u00a0costruiti con materiale di riutilizzo. E\u2019 seguita infatti \u00a0<em>la fase pratica<\/em> per la creazione di oggetti e sistemi alimentati con fonti di energia rinnovabili e costruiti prevalentemente con materiali poveri e di scarto.\u00a0 Gli alunni della 4^C \u00a0hanno ideato la <strong>\u201cEnergy Station\u201d<\/strong>, una stazione energetica del futuro, dove le macchine possono ricaricarsi di energia solare ed eolica. Il lavoro si \u00e8 sviluppato in modo da coinvolgere attivamente ogni partecipante dando la possibilit\u00e0 di manipolare, conoscere e trasformare oggetti e materiali, acquisendo abilit\u00e0 manuali che hanno permesso di far crescere le proprie capacit\u00e0 conoscitive ed intellettive.<\/p>\n<p><img decoding=\"async\" loading=\"lazy\" class=\"aligncenter size-medium wp-image-10869\" src=\"http:\/\/www.icsiniscola2.edu.it\/wp-content\/uploads\/2017\/08\/A-Lula-1-300x225.jpg\" alt=\"A Lula 1\" width=\"300\" height=\"225\" srcset=\"https:\/\/www.icsiniscola2.edu.it\/wp-content\/uploads\/2017\/08\/A-Lula-1-300x225.jpg 300w, https:\/\/www.icsiniscola2.edu.it\/wp-content\/uploads\/2017\/08\/A-Lula-1-180x135.jpg 180w, https:\/\/www.icsiniscola2.edu.it\/wp-content\/uploads\/2017\/08\/A-Lula-1.jpg 320w\" sizes=\"(max-width: 300px) 100vw, 300px\" \/><\/p>\n<p><em>La fase finale<\/em>, che si \u00e8 svolta al Centro di educazione ambientale di Lula, ha visto la partecipazione di\u00a0circa 150 allievi frequentanti la scuola primaria degli Istituti comprensivi di Lula, Onan\u00ec, Bitti, Orune, Osidda, Torp\u00e8, Posada e Siniscola, ognuno con la propria eco-invenzione. Tutti gli elaborati presentati hanno avuto come filo conduttore la realizzazione di manufatti caratterizzati dall&#8217;utilizzo di fonti di energia alternativa.<\/p>\n<p>Qui ogni gruppo di lavoro aveva a disposizione un proprio spazio da allestire con i materiali esplicativi delle fasi del laboratorio.<\/p>\n<p><img decoding=\"async\" loading=\"lazy\" class=\"aligncenter size-medium wp-image-10867\" src=\"http:\/\/www.icsiniscola2.edu.it\/wp-content\/uploads\/2017\/08\/A-Lula-300x178.jpg\" alt=\"A Lula\" width=\"300\" height=\"178\" srcset=\"https:\/\/www.icsiniscola2.edu.it\/wp-content\/uploads\/2017\/08\/A-Lula-300x178.jpg 300w, https:\/\/www.icsiniscola2.edu.it\/wp-content\/uploads\/2017\/08\/A-Lula-180x107.jpg 180w, https:\/\/www.icsiniscola2.edu.it\/wp-content\/uploads\/2017\/08\/A-Lula.jpg 320w\" sizes=\"(max-width: 300px) 100vw, 300px\" \/><\/p>\n<p><img decoding=\"async\" loading=\"lazy\" class=\"aligncenter size-medium wp-image-10868\" src=\"http:\/\/www.icsiniscola2.edu.it\/wp-content\/uploads\/2017\/08\/Energy-station-300x225.jpg\" alt=\"Energy station\" width=\"300\" height=\"225\" srcset=\"https:\/\/www.icsiniscola2.edu.it\/wp-content\/uploads\/2017\/08\/Energy-station-300x225.jpg 300w, https:\/\/www.icsiniscola2.edu.it\/wp-content\/uploads\/2017\/08\/Energy-station-180x135.jpg 180w, https:\/\/www.icsiniscola2.edu.it\/wp-content\/uploads\/2017\/08\/Energy-station.jpg 320w\" sizes=\"(max-width: 300px) 100vw, 300px\" \/><\/p>\n<p>In questa occasione, i ragazzi hanno avuto la possibilit\u00e0 di confrontarsi e presentare le varie fasi del laboratorio davanti ad una giuria di esperti composta dal referente del nodo Infea provinciale Costantino Daga, la referente del Ceas di Lula Gianfranca Cumpostu e dello sportello Gpp della Provincia, Santina Sechi, che hanno espresso un giudizio sugli elaborati in base alla creativit\u00e0, alle fonti di energia rinnovabile utilizzate e all&#8217;uso di materiali di scarto.<\/p>\n<p>&nbsp;<\/p>\n<p><strong>Link alle <a href=\"http:\/\/www.icsiniscola2.edu.it\/wp-content\/uploads\/2017\/08\/Le-foto-del-percorso-del-laboratorio.pdf\" rel=\"\">foto del percorso del laboratorio<\/a><br \/>\n<\/strong><\/p>\n<p>&nbsp;<\/p>\n","protected":false},"excerpt":{"rendered":"<p>IL LABORATORIO ECO-DIDATTICO DELLA 4^ C In orario scolastico da aprile a maggio, la classe 4^C della scuola primaria di Sa Sedda dell\u2019Istituto Comprensivo Siniscola 2 \u201cAlbino Bernardini\u201d, \u00e8 stata protagonista del laboratorio eco-didattico inerente al progetto \u201cEnergie in rete\u201d,\u00a0 finanziato dalla Regione Sardegna e cofinanziato dall\u2019Unione dei Comuni del Montalbo e dai Comuni di&nbsp; &nbsp; <a class=\"moretag\" href=\"https:\/\/www.icsiniscola2.edu.it\/energia-in-rete\/\" title=\"Leggi l&#180;intero articolo\">&raquo;<\/a><\/p>\n","protected":false},"author":1,"featured_media":0,"parent":0,"menu_order":0,"comment_status":"closed","ping_status":"closed","template":"","meta":[],"_links":{"self":[{"href":"https:\/\/www.icsiniscola2.edu.it\/wp-json\/wp\/v2\/pages\/10866"}],"collection":[{"href":"https:\/\/www.icsiniscola2.edu.it\/wp-json\/wp\/v2\/pages"}],"about":[{"href":"https:\/\/www.icsiniscola2.edu.it\/wp-json\/wp\/v2\/types\/page"}],"author":[{"embeddable":true,"href":"https:\/\/www.icsiniscola2.edu.it\/wp-json\/wp\/v2\/users\/1"}],"replies":[{"embeddable":true,"href":"https:\/\/www.icsiniscola2.edu.it\/wp-json\/wp\/v2\/comments?post=10866"}],"version-history":[{"count":8,"href":"https:\/\/www.icsiniscola2.edu.it\/wp-json\/wp\/v2\/pages\/10866\/revisions"}],"predecessor-version":[{"id":10887,"href":"https:\/\/www.icsiniscola2.edu.it\/wp-json\/wp\/v2\/pages\/10866\/revisions\/10887"}],"wp:attachment":[{"href":"https:\/\/www.icsiniscola2.edu.it\/wp-json\/wp\/v2\/media?parent=10866"}],"curies":[{"name":"wp","href":"https:\/\/api.w.org\/{rel}","templated":true}]}}