{"id":10912,"date":"2017-08-17T07:39:33","date_gmt":"2017-08-17T05:39:33","guid":{"rendered":"http:\/\/www.icsiniscola2.edu.it\/?page_id=10912"},"modified":"2017-09-05T06:21:35","modified_gmt":"2017-09-05T04:21:35","slug":"lora-del-codice","status":"publish","type":"page","link":"https:\/\/www.icsiniscola2.edu.it\/lora-del-codice\/","title":{"rendered":"L&#8217;ora del codice"},"content":{"rendered":"<p><a href=\"http:\/\/www.icsiniscola2.edu.it\/progetti-di-istituto-2016-2017\/\"><img decoding=\"async\" loading=\"lazy\" class=\"aligncenter wp-image-10886\" src=\"http:\/\/www.icsiniscola2.edu.it\/wp-content\/uploads\/2017\/08\/torna-a-progetti-di-istituto-300x137.jpg\" alt=\"torna a progetti di istituto\" width=\"141\" height=\"64\" srcset=\"https:\/\/www.icsiniscola2.edu.it\/wp-content\/uploads\/2017\/08\/torna-a-progetti-di-istituto-300x137.jpg 300w, https:\/\/www.icsiniscola2.edu.it\/wp-content\/uploads\/2017\/08\/torna-a-progetti-di-istituto-180x82.jpg 180w, https:\/\/www.icsiniscola2.edu.it\/wp-content\/uploads\/2017\/08\/torna-a-progetti-di-istituto.jpg 433w\" sizes=\"(max-width: 141px) 100vw, 141px\" \/><\/a><\/p>\n<p>L\u2019attivit\u00e0 laboratoriale, tenuta dall\u2019insegnante <strong>Scanu Mariella<\/strong>, ha avuto luogo nell\u2019auditorium in orario extracurricolare e ha coinvolto <strong>tutte<\/strong> le classi della scuola <strong>primaria<\/strong> e <strong>secondaria<\/strong> del nostro istituto.<\/p>\n<p>L&#8217;Ora del Codice , in inglese The Hour of Code, \u00e8 la modalit\u00e0 base di avviamento al pensiero computazionale consistente nello svolgimento di un&#8217;ora per classe di attivit\u00e0 di programmazione in un contesto di gioco.<\/p>\n<p>L\u2019evento che si \u00e8 svolto nella settimana dal <strong>5<\/strong> al <strong>11 dicembre 2016<\/strong> a livello mondiale, \u00e8 nata nell\u2019ambito del Piano Nazionale Scuola Digitale (PNSD).\u00a0 Il MIUR, in collaborazione con il CINI\u00a0 (Consorzio Interuniversitario Nazionale per l\u2019Informatica)\u2013 ha avviato questa iniziativa con l\u2019obiettivo di fornire alle scuole una serie di strumenti semplici, divertenti e facilmente accessibili per formare gli studenti ai concetti di base dell&#8217;informatica.<\/p>\n<p>Partendo da un\u2019esperienza di successo avviata negli USA nel 2013 che ha visto sino ad ora la partecipazione di circa 200 milioni di studenti e insegnanti di tutto il mondo, l\u2019Italia \u00e8 stato uno dei primi Paesi al mondo a sperimentare l\u2019introduzione strutturale nelle scuole dei concetti di base dell\u2019informatica attraverso la programmazione (coding ), usando strumenti di facile utilizzo e che non richiedono un\u2019abilit\u00e0 avanzata nell\u2019uso del computer.<\/p>\n<p>L&#8217;obiettivo non \u00e8 quello di far diventare tutti dei programmatori informatici, ma di diffondere conoscenze scientifiche di base per la comprensione della societ\u00e0 moderna. Capire i principi alla base del funzionamento dei sistemi e della tecnologia informatica.<\/p>\n<p>Anche l\u2019Istituto Comprensivo Siniscola\u00a0 n. 2 &#8211;\u00a0 Sa Sedda \u201cAlbino Bernardini\u201d \u00a0ha organizzato\u00a0 questa iniziativa per creare una comunit\u00e0 di <strong>sensibilizzazione<\/strong> sul tema della <strong>formazione informatica<\/strong>.<\/p>\n<p>&nbsp;<\/p>\n<p>&nbsp;<\/p>\n<p><img decoding=\"async\" loading=\"lazy\" class=\"aligncenter wp-image-10915\" src=\"http:\/\/www.icsiniscola2.edu.it\/wp-content\/uploads\/2017\/08\/5-300x169.jpg\" alt=\"5\" width=\"220\" height=\"124\" srcset=\"https:\/\/www.icsiniscola2.edu.it\/wp-content\/uploads\/2017\/08\/5-300x169.jpg 300w, https:\/\/www.icsiniscola2.edu.it\/wp-content\/uploads\/2017\/08\/5-768x432.jpg 768w, https:\/\/www.icsiniscola2.edu.it\/wp-content\/uploads\/2017\/08\/5-180x101.jpg 180w, https:\/\/www.icsiniscola2.edu.it\/wp-content\/uploads\/2017\/08\/5.jpg 960w\" sizes=\"(max-width: 220px) 100vw, 220px\" \/><\/p>\n<p><img decoding=\"async\" loading=\"lazy\" class=\"aligncenter wp-image-10916\" src=\"http:\/\/www.icsiniscola2.edu.it\/wp-content\/uploads\/2017\/08\/7-300x169.jpg\" alt=\"7\" width=\"212\" height=\"119\" srcset=\"https:\/\/www.icsiniscola2.edu.it\/wp-content\/uploads\/2017\/08\/7-300x169.jpg 300w, https:\/\/www.icsiniscola2.edu.it\/wp-content\/uploads\/2017\/08\/7-768x432.jpg 768w, https:\/\/www.icsiniscola2.edu.it\/wp-content\/uploads\/2017\/08\/7-180x101.jpg 180w, https:\/\/www.icsiniscola2.edu.it\/wp-content\/uploads\/2017\/08\/7.jpg 960w\" sizes=\"(max-width: 212px) 100vw, 212px\" \/><\/p>\n<p><img decoding=\"async\" loading=\"lazy\" class=\"aligncenter wp-image-10917\" src=\"http:\/\/www.icsiniscola2.edu.it\/wp-content\/uploads\/2017\/08\/8-300x169.jpg\" alt=\"8\" width=\"218\" height=\"123\" srcset=\"https:\/\/www.icsiniscola2.edu.it\/wp-content\/uploads\/2017\/08\/8-300x169.jpg 300w, https:\/\/www.icsiniscola2.edu.it\/wp-content\/uploads\/2017\/08\/8-768x432.jpg 768w, https:\/\/www.icsiniscola2.edu.it\/wp-content\/uploads\/2017\/08\/8-180x101.jpg 180w, https:\/\/www.icsiniscola2.edu.it\/wp-content\/uploads\/2017\/08\/8.jpg 960w\" sizes=\"(max-width: 218px) 100vw, 218px\" \/><\/p>\n<p><img decoding=\"async\" loading=\"lazy\" class=\"aligncenter wp-image-10918\" src=\"http:\/\/www.icsiniscola2.edu.it\/wp-content\/uploads\/2017\/08\/9-300x169.jpg\" alt=\"9\" width=\"218\" height=\"123\" srcset=\"https:\/\/www.icsiniscola2.edu.it\/wp-content\/uploads\/2017\/08\/9-300x169.jpg 300w, https:\/\/www.icsiniscola2.edu.it\/wp-content\/uploads\/2017\/08\/9-768x432.jpg 768w, https:\/\/www.icsiniscola2.edu.it\/wp-content\/uploads\/2017\/08\/9-180x101.jpg 180w, https:\/\/www.icsiniscola2.edu.it\/wp-content\/uploads\/2017\/08\/9.jpg 960w\" sizes=\"(max-width: 218px) 100vw, 218px\" \/><\/p>\n<p><img decoding=\"async\" loading=\"lazy\" class=\"aligncenter wp-image-10919\" src=\"http:\/\/www.icsiniscola2.edu.it\/wp-content\/uploads\/2017\/08\/10-300x169.jpg\" alt=\"10\" width=\"213\" height=\"120\" srcset=\"https:\/\/www.icsiniscola2.edu.it\/wp-content\/uploads\/2017\/08\/10-300x169.jpg 300w, https:\/\/www.icsiniscola2.edu.it\/wp-content\/uploads\/2017\/08\/10-768x432.jpg 768w, https:\/\/www.icsiniscola2.edu.it\/wp-content\/uploads\/2017\/08\/10-180x101.jpg 180w, https:\/\/www.icsiniscola2.edu.it\/wp-content\/uploads\/2017\/08\/10.jpg 960w\" sizes=\"(max-width: 213px) 100vw, 213px\" \/><\/p>\n<p><img decoding=\"async\" loading=\"lazy\" class=\"aligncenter wp-image-10920\" src=\"http:\/\/www.icsiniscola2.edu.it\/wp-content\/uploads\/2017\/08\/12-300x169.jpg\" alt=\"12\" width=\"217\" height=\"122\" srcset=\"https:\/\/www.icsiniscola2.edu.it\/wp-content\/uploads\/2017\/08\/12-300x169.jpg 300w, https:\/\/www.icsiniscola2.edu.it\/wp-content\/uploads\/2017\/08\/12-768x432.jpg 768w, https:\/\/www.icsiniscola2.edu.it\/wp-content\/uploads\/2017\/08\/12-180x101.jpg 180w, https:\/\/www.icsiniscola2.edu.it\/wp-content\/uploads\/2017\/08\/12.jpg 960w\" sizes=\"(max-width: 217px) 100vw, 217px\" \/><\/p>\n<p><img decoding=\"async\" loading=\"lazy\" class=\"aligncenter wp-image-10921\" src=\"http:\/\/www.icsiniscola2.edu.it\/wp-content\/uploads\/2017\/08\/13-165x300.jpg\" alt=\"13\" width=\"129\" height=\"234\" srcset=\"https:\/\/www.icsiniscola2.edu.it\/wp-content\/uploads\/2017\/08\/13-165x300.jpg 165w, https:\/\/www.icsiniscola2.edu.it\/wp-content\/uploads\/2017\/08\/13-180x327.jpg 180w, https:\/\/www.icsiniscola2.edu.it\/wp-content\/uploads\/2017\/08\/13.jpg 528w\" sizes=\"(max-width: 129px) 100vw, 129px\" \/><\/p>\n<p><img decoding=\"async\" loading=\"lazy\" class=\"aligncenter wp-image-10922\" src=\"http:\/\/www.icsiniscola2.edu.it\/wp-content\/uploads\/2017\/08\/15-165x300.jpg\" alt=\"15\" width=\"123\" height=\"224\" srcset=\"https:\/\/www.icsiniscola2.edu.it\/wp-content\/uploads\/2017\/08\/15-165x300.jpg 165w, https:\/\/www.icsiniscola2.edu.it\/wp-content\/uploads\/2017\/08\/15-180x327.jpg 180w, https:\/\/www.icsiniscola2.edu.it\/wp-content\/uploads\/2017\/08\/15.jpg 528w\" sizes=\"(max-width: 123px) 100vw, 123px\" \/><\/p>\n<p><strong>Link<\/strong> alla presentazione della maestra Mariella:<\/p>\n<p><a href=\"http:\/\/www.icsiniscola2.edu.it\/wp-content\/uploads\/2017\/08\/settimana-PNSD-2.pdf\">settimana PNSD 2. pdf<\/a><\/p>\n","protected":false},"excerpt":{"rendered":"<p>L\u2019attivit\u00e0 laboratoriale, tenuta dall\u2019insegnante Scanu Mariella, ha avuto luogo nell\u2019auditorium in orario extracurricolare e ha coinvolto tutte le classi della scuola primaria e secondaria del nostro istituto. L&#8217;Ora del Codice , in inglese The Hour of Code, \u00e8 la modalit\u00e0 base di avviamento al pensiero computazionale consistente nello svolgimento di un&#8217;ora per classe di attivit\u00e0&nbsp; &nbsp; <a class=\"moretag\" href=\"https:\/\/www.icsiniscola2.edu.it\/lora-del-codice\/\" title=\"Leggi l&#180;intero articolo\">&raquo;<\/a><\/p>\n","protected":false},"author":1,"featured_media":0,"parent":0,"menu_order":0,"comment_status":"closed","ping_status":"closed","template":"","meta":[],"_links":{"self":[{"href":"https:\/\/www.icsiniscola2.edu.it\/wp-json\/wp\/v2\/pages\/10912"}],"collection":[{"href":"https:\/\/www.icsiniscola2.edu.it\/wp-json\/wp\/v2\/pages"}],"about":[{"href":"https:\/\/www.icsiniscola2.edu.it\/wp-json\/wp\/v2\/types\/page"}],"author":[{"embeddable":true,"href":"https:\/\/www.icsiniscola2.edu.it\/wp-json\/wp\/v2\/users\/1"}],"replies":[{"embeddable":true,"href":"https:\/\/www.icsiniscola2.edu.it\/wp-json\/wp\/v2\/comments?post=10912"}],"version-history":[{"count":4,"href":"https:\/\/www.icsiniscola2.edu.it\/wp-json\/wp\/v2\/pages\/10912\/revisions"}],"predecessor-version":[{"id":11124,"href":"https:\/\/www.icsiniscola2.edu.it\/wp-json\/wp\/v2\/pages\/10912\/revisions\/11124"}],"wp:attachment":[{"href":"https:\/\/www.icsiniscola2.edu.it\/wp-json\/wp\/v2\/media?parent=10912"}],"curies":[{"name":"wp","href":"https:\/\/api.w.org\/{rel}","templated":true}]}}