{"id":10965,"date":"2017-08-19T13:22:20","date_gmt":"2017-08-19T11:22:20","guid":{"rendered":"http:\/\/www.icsiniscola2.edu.it\/?page_id=10965"},"modified":"2017-08-19T13:31:47","modified_gmt":"2017-08-19T11:31:47","slug":"anno-sportivo-2106-2017","status":"publish","type":"page","link":"https:\/\/www.icsiniscola2.edu.it\/anno-sportivo-2106-2017\/","title":{"rendered":"Anno sportivo 2106-2017"},"content":{"rendered":"<p><a href=\"http:\/\/www.icsiniscola2.edu.it\/progetti-di-istituto-2016-2017\/\"><img decoding=\"async\" loading=\"lazy\" class=\"aligncenter wp-image-10941\" src=\"http:\/\/www.icsiniscola2.edu.it\/wp-content\/uploads\/2017\/08\/torna-a-progetti-di-istituto-1-300x137.jpg\" alt=\"torna a progetti di istituto\" width=\"141\" height=\"64\" srcset=\"https:\/\/www.icsiniscola2.edu.it\/wp-content\/uploads\/2017\/08\/torna-a-progetti-di-istituto-1-300x137.jpg 300w, https:\/\/www.icsiniscola2.edu.it\/wp-content\/uploads\/2017\/08\/torna-a-progetti-di-istituto-1-180x82.jpg 180w, https:\/\/www.icsiniscola2.edu.it\/wp-content\/uploads\/2017\/08\/torna-a-progetti-di-istituto-1.jpg 433w\" sizes=\"(max-width: 141px) 100vw, 141px\" \/><\/a><\/p>\n<p style=\"text-align: center;\"><strong>L\u2019anno sportivo 2016-2017\u00a0 dell\u2019I.C.\u00a0 \u201cAlbino Bernardini\u201d <\/strong><\/p>\n<p style=\"text-align: center;\"><strong>Scuola media<\/strong><\/p>\n<p>Il Centro Sportivo Scolastico dell\u2019 Istituto ha organizzato (per i ragazzi della scuola media) allenamenti durante l\u2019anno scolastico per le discipline di Basket, Pallamano, Pallavolo, Pallapugno, Atletica Leggera e Badminton. Si \u00e8 svolto in media un allenamento alla settimana, negli impianti sportivi scolastici situati nel comune e dei comuni limitrofi (Posada e Torp\u00e8). Le attivit\u00e0 del Gruppo Sportivo pomeridiano rivolte ai ragazzi sono facoltative e completamente gratuite.\u00a0 Le convocazioni per le partite ed incontri sono state studiate seguendo i seguenti criteri: capacit\u00e0 tecnico-tattica e comportamento durante l\u2019anno.<\/p>\n<p><strong>06\/11\/2016<\/strong>\u00a0\u00a0\u00a0 La F.I.Ba. e l\u2019U.S.P. di Nuoro hanno organizzato a Siniscola, presso la palestra scolastica di via Silvio Pellico, un corso di Badminton per insegnanti di scuola primaria e secondaria. Il corso \u00e8 stato diretto dal prof. Alfonso Pellicciotta (tecnico nazionale) con la collaborazione dei proff.ri Mario Pino Montanino e Roberto Silenzi.<\/p>\n<p>All\u2019interessantissimo corso hanno partecipato le insegnanti della scuola primaria del nostro istituto Lucia Saggia, Silva Jaloux e Maria Paola Massaiu. La F.I.Ba. ha successivamente fornito alla scuola \u00a0racchette, volani e reti, per l\u2019attivit\u00e0 di promozione scolastica.<\/p>\n<div id=\"attachment_10966\" style=\"width: 310px\" class=\"wp-caption aligncenter\"><img aria-describedby=\"caption-attachment-10966\" decoding=\"async\" loading=\"lazy\" class=\"wp-image-10966 size-medium\" src=\"http:\/\/www.icsiniscola2.edu.it\/wp-content\/uploads\/2017\/08\/1.-corso-Shuttle-Time-2016.HD_-300x158.jpg\" alt=\"1. corso Shuttle Time 2016.HD\" width=\"300\" height=\"158\" srcset=\"https:\/\/www.icsiniscola2.edu.it\/wp-content\/uploads\/2017\/08\/1.-corso-Shuttle-Time-2016.HD_-300x158.jpg 300w, https:\/\/www.icsiniscola2.edu.it\/wp-content\/uploads\/2017\/08\/1.-corso-Shuttle-Time-2016.HD_-768x403.jpg 768w, https:\/\/www.icsiniscola2.edu.it\/wp-content\/uploads\/2017\/08\/1.-corso-Shuttle-Time-2016.HD_-1024x538.jpg 1024w, https:\/\/www.icsiniscola2.edu.it\/wp-content\/uploads\/2017\/08\/1.-corso-Shuttle-Time-2016.HD_-180x95.jpg 180w\" sizes=\"(max-width: 300px) 100vw, 300px\" \/><p id=\"caption-attachment-10966\" class=\"wp-caption-text\">Partecipanti al corso di Badminton per insegnanti di scuola primaria e secondaria.<\/p><\/div>\n<p>&nbsp;<\/p>\n<p><strong>10\/12\/2016<\/strong>\u00a0\u00a0\u00a0 Per la collaudata formula dei \u201cGiochi in Baronia\u201d (organizzati dagli insegnanti di educazione fisica della Baronia) si \u00e8 svolto a Torp\u00e8 il <strong>quadrangolare di Pallamano<\/strong> tra le scuole medie di Lod\u00e8, Torp\u00e8, Posada e I.C. Albino Bernardini di Siniscola.<\/p>\n<p>Incontro molto interessante, non solo a livello tecnico, ma soprattutto a livello di integrazione e socializzazione. Hanno partecipato, per il nostro istituto, le alunne: Fatima Flori, Eleonora Migliorisi, Veronica Petta, Lucrezia Rossetti, Beatrice Fadda, Eleonora Orlando, Daniela Pinna, Gemma Soro, Efil\u00f9 Fenu, Aurora Palomba, Giulia Farris, Sara Murgia. Dei ragazzi sono stati convocati: Gabriele Assaiante, Massimo Burelli, Daniele Chirigoni, Emanuele Corrias, Andrea Cherchi, Marco Dettori, Andrea Pira, Lorenzo Ruiu, Davide Aresu, Antonio Fadda, Domenico Mura, Cristiano Nonne, Simone Pira, Alessio Castangia, Gabriele Coronas, Enrico Multazzu.<\/p>\n<div id=\"attachment_10967\" style=\"width: 310px\" class=\"wp-caption aligncenter\"><img aria-describedby=\"caption-attachment-10967\" decoding=\"async\" loading=\"lazy\" class=\"size-medium wp-image-10967\" src=\"http:\/\/www.icsiniscola2.edu.it\/wp-content\/uploads\/2017\/08\/2.-Pallamano-2016-300x168.jpg\" alt=\"&quot;Giochi in Baronia&quot;: quadrangolare di pallamano a Torp\u00e9\" width=\"300\" height=\"168\" srcset=\"https:\/\/www.icsiniscola2.edu.it\/wp-content\/uploads\/2017\/08\/2.-Pallamano-2016-300x168.jpg 300w, https:\/\/www.icsiniscola2.edu.it\/wp-content\/uploads\/2017\/08\/2.-Pallamano-2016-768x431.jpg 768w, https:\/\/www.icsiniscola2.edu.it\/wp-content\/uploads\/2017\/08\/2.-Pallamano-2016.jpg 1024w, https:\/\/www.icsiniscola2.edu.it\/wp-content\/uploads\/2017\/08\/2.-Pallamano-2016-180x101.jpg 180w\" sizes=\"(max-width: 300px) 100vw, 300px\" \/><p id=\"caption-attachment-10967\" class=\"wp-caption-text\">&#8220;Giochi in Baronia&#8221;: quadrangolare di pallamano a Torp\u00e9<\/p><\/div>\n<p>&nbsp;<\/p>\n<p><strong>20\/12\/2017<\/strong>\u00a0\u00a0\u00a0 \u201cGiochi in Baronia\u201d di Pallavolo nella palestra dell\u2019I.T.C.G. \u201cOggiano\u201d.\u00a0 Giornata dedicata alla<strong> pallavolo<\/strong> tra gli alunni del biennio dell\u2019 \u201cOggiano\u201d, gli alunni del nostro istituto e dell\u2019I.C. n.1, un punto di incontro tra la scuola secondaria di 1\u00b0 e 2\u00b0 grado.<\/p>\n<p>Hanno partecipato le alunne: Elisabetta Carai, Claudia Conteddu, Erika Mura, Sofia Addis, Eleonora Orlando, Daniela Pinna, Gemma Soro e gli alunni Francesco Biancu, Davide Bomboi, Francesco Bomboi, Luca Carta, Gabriele Corrias, Roberto Funedda, Stefano Mele, Francesco Podda, Mattia Saporito.<\/p>\n<p>&nbsp;<\/p>\n<p><strong>22\/02\/2017<\/strong>\u00a0\u00a0\u00a0 Terza tappa dei \u201cGiochi in Baronia\u201d con il <strong>Basket<\/strong> protagonista nella palestra scolastica dell\u2019I.C. n.1 di Siniscola. Hanno partecipato questa volta le scuole medie di Torp\u00e8, Posada, Siniscola 1 (via Silvio Pellico) e Siniscola 2 (Albino Bernardini).<\/p>\n<p>Gli incontri si sono svolti all&#8217;insegna del Fair Play e della cordialit\u00e0: momenti importanti che accompagnano gli alunni verso la consapevolezza delle proprie capacit\u00e0 e limiti, ma anche una opportunit\u00e0 per ampliare amicizie e conoscenze in un clima festoso.<\/p>\n<p>Hanno partecipato le alunne: Fatima Flori, Eleonora Migliorisi, Lucrezia Rossetti, Beatrice Fadda, Eleonora Orlando, Daniela Pinna, Gemma Soro, Efil\u00f9 Fenu, Sara Murgia, Giulia Conteddu, Laura Pau, Aurora Palomba. I ragazzi: Gabriele Assaiante, Emanuele Corrias, Marco Dettori, Andrea Pira, Davide Aresu, Antonio Fadda, Domenico Mura, Alessio Castangia, Gabriele Coronas, Enrico Multazzu.<\/p>\n<div id=\"attachment_10968\" style=\"width: 310px\" class=\"wp-caption aligncenter\"><img aria-describedby=\"caption-attachment-10968\" decoding=\"async\" loading=\"lazy\" class=\"size-medium wp-image-10968\" src=\"http:\/\/www.icsiniscola2.edu.it\/wp-content\/uploads\/2017\/08\/3.-Basket-2017-300x100.jpg\" alt=\"&quot;Giochi in Baronia&quot;: Basket a Siniscola (IC n. 1)\" width=\"300\" height=\"100\" srcset=\"https:\/\/www.icsiniscola2.edu.it\/wp-content\/uploads\/2017\/08\/3.-Basket-2017-300x100.jpg 300w, https:\/\/www.icsiniscola2.edu.it\/wp-content\/uploads\/2017\/08\/3.-Basket-2017-768x255.jpg 768w, https:\/\/www.icsiniscola2.edu.it\/wp-content\/uploads\/2017\/08\/3.-Basket-2017-1024x340.jpg 1024w, https:\/\/www.icsiniscola2.edu.it\/wp-content\/uploads\/2017\/08\/3.-Basket-2017-180x60.jpg 180w\" sizes=\"(max-width: 300px) 100vw, 300px\" \/><p id=\"caption-attachment-10968\" class=\"wp-caption-text\">&#8220;Giochi in Baronia&#8221;: Basket a Siniscola (IC n. 1)<\/p><\/div>\n<p><strong>\u00a0<\/strong><\/p>\n<p><strong>19\/04\/2017<\/strong>\u00a0\u00a0\u00a0 Finale provinciale di <strong>Badminton<\/strong> dei Giochi Sportivi Studenteschi per il nostro istituto a Nuoro, raggiungendo il secondo posto, dietro alla scuola media n.3 del capoluogo. Molto determinati e grintosi si sono rivelati in campo i ragazzi del nostro istituto. Da sinistra nella foto: Alessandra Silenzi, Lucrezia Rossetti, Greta Castangia, Gabriele Assaiante, Alessio Castangia, Roberto Moledda.<\/p>\n<div id=\"attachment_10969\" style=\"width: 310px\" class=\"wp-caption aligncenter\"><img aria-describedby=\"caption-attachment-10969\" decoding=\"async\" loading=\"lazy\" class=\"size-medium wp-image-10969\" src=\"http:\/\/www.icsiniscola2.edu.it\/wp-content\/uploads\/2017\/08\/4.-Badminton-2017-GSS-300x110.jpg\" alt=\"Finale provinciale di Badminton a Nuoro\" width=\"300\" height=\"110\" srcset=\"https:\/\/www.icsiniscola2.edu.it\/wp-content\/uploads\/2017\/08\/4.-Badminton-2017-GSS-300x110.jpg 300w, https:\/\/www.icsiniscola2.edu.it\/wp-content\/uploads\/2017\/08\/4.-Badminton-2017-GSS-768x281.jpg 768w, https:\/\/www.icsiniscola2.edu.it\/wp-content\/uploads\/2017\/08\/4.-Badminton-2017-GSS.jpg 1024w, https:\/\/www.icsiniscola2.edu.it\/wp-content\/uploads\/2017\/08\/4.-Badminton-2017-GSS-180x66.jpg 180w\" sizes=\"(max-width: 300px) 100vw, 300px\" \/><p id=\"caption-attachment-10969\" class=\"wp-caption-text\">Finale provinciale di Badminton a Nuoro<\/p><\/div>\n<p>&nbsp;<\/p>\n<p>&nbsp;<\/p>\n<p><strong>03\/05\/2017<\/strong>\u00a0\u00a0\u00a0 Finali Provinciali di <strong>Atletica Leggera<\/strong> a Macomer con 23 alunni convocati ed ottimi piazzamenti in molte delle discipline in programma. Gabriele Corrias, 2\u00b0 nel lancio del Vortex, si qualifica per le finali regionali. Le alunne convocate: Gemma Soro (vortex), Aurora Dessena (lungo), Beatrice Fadda (peso), Giulia Farris (alto), Efil\u00f9 Fenu (1000 mt), Eleonora Migliorisi (80 mt), Erika Mura (alto), Sara Murgia (1000 mt), Eleonora Orlando (lungo), Aurora Palomba (80 mt), Daniela Pinna (peso): staffetta 4&#215;100 (Soro-Farris-Migliorisi-Orlando).<\/p>\n<p>I ragazzi convocati: Gabriele Assaiante (alto), Nicol\u00f2 Bomboi (lungo), Simone Caggiu (80 mt), Gabriele Coronas (1000 mt), Gabriele Corrias (vortex), Marco Dettori (80 mt), Antonio Fadda (peso), Roberto Funedda (peso), Simone Pira (vortex), Cristiano Nonne (1000 mt), Francesco Podda (alto), Domenico Mura (lungo): staffetta 4&#215;100 (Caggiu-Corrias-Podda-Mura).<\/p>\n<div id=\"attachment_10971\" style=\"width: 310px\" class=\"wp-caption aligncenter\"><img aria-describedby=\"caption-attachment-10971\" decoding=\"async\" loading=\"lazy\" class=\"size-medium wp-image-10971\" src=\"http:\/\/www.icsiniscola2.edu.it\/wp-content\/uploads\/2017\/08\/5.-atletica.2017-300x169.jpg\" alt=\"Finali provinciali di Atletica Leggera a Macomer\" width=\"300\" height=\"169\" srcset=\"https:\/\/www.icsiniscola2.edu.it\/wp-content\/uploads\/2017\/08\/5.-atletica.2017-300x169.jpg 300w, https:\/\/www.icsiniscola2.edu.it\/wp-content\/uploads\/2017\/08\/5.-atletica.2017-768x432.jpg 768w, https:\/\/www.icsiniscola2.edu.it\/wp-content\/uploads\/2017\/08\/5.-atletica.2017-1024x576.jpg 1024w, https:\/\/www.icsiniscola2.edu.it\/wp-content\/uploads\/2017\/08\/5.-atletica.2017-180x101.jpg 180w, https:\/\/www.icsiniscola2.edu.it\/wp-content\/uploads\/2017\/08\/5.-atletica.2017.jpg 1040w\" sizes=\"(max-width: 300px) 100vw, 300px\" \/><p id=\"caption-attachment-10971\" class=\"wp-caption-text\">Finali provinciali di Atletica Leggera a Macomer<\/p><\/div>\n<p>&nbsp;<\/p>\n<p><strong>09\/05\/2017<\/strong>\u00a0\u00a0\u00a0 Finale regionale di Pallapugno dei GSS. I ragazzi e le ragazze del nostro istituto vincono il titolo regionale davanti ai padroni di casa di Torp\u00e8. Da sinistra nella foto, in piedi: Davide Bomboi, Stefano Mele, Luca Carta, Mauro Contu, Davide Aresu, Gabriele Piras.<\/p>\n<p>Da sinistra nella foto, accosciate: Beatrice Fadda, Gemma Soro, Efil\u00f9 Fenu, Giulia Conteddu, Daniela Pinna.<\/p>\n<div id=\"attachment_10972\" style=\"width: 310px\" class=\"wp-caption aligncenter\"><img aria-describedby=\"caption-attachment-10972\" decoding=\"async\" loading=\"lazy\" class=\"size-medium wp-image-10972\" src=\"http:\/\/www.icsiniscola2.edu.it\/wp-content\/uploads\/2017\/08\/6.-Pallapugno-2017-GSS-300x169.jpg\" alt=\"Finale regionale di Pallapugno dei GSS\" width=\"300\" height=\"169\" srcset=\"https:\/\/www.icsiniscola2.edu.it\/wp-content\/uploads\/2017\/08\/6.-Pallapugno-2017-GSS-300x169.jpg 300w, https:\/\/www.icsiniscola2.edu.it\/wp-content\/uploads\/2017\/08\/6.-Pallapugno-2017-GSS-768x431.jpg 768w, https:\/\/www.icsiniscola2.edu.it\/wp-content\/uploads\/2017\/08\/6.-Pallapugno-2017-GSS-1024x575.jpg 1024w, https:\/\/www.icsiniscola2.edu.it\/wp-content\/uploads\/2017\/08\/6.-Pallapugno-2017-GSS-180x101.jpg 180w, https:\/\/www.icsiniscola2.edu.it\/wp-content\/uploads\/2017\/08\/6.-Pallapugno-2017-GSS.jpg 1280w\" sizes=\"(max-width: 300px) 100vw, 300px\" \/><p id=\"caption-attachment-10972\" class=\"wp-caption-text\">Finale regionale di Pallapugno dei GSS<\/p><\/div>\n<p>La Pallapugno \u00e8 una disciplina che si gioca sul campo di pallavolo, con una palla piccola e leggera, senza rete, 4 contro 4. Lo scopo del gioco \u00e8 far punto nel campo avversario superando sempre la linea di met\u00e0 campo. La palla pu\u00f2 essere colpita al volo o dopo un rimbalzo. Il punteggio \u00e8 quello del tennis: 15\/30\/40\/gioco con diversi set, a seconda del livello del campionato.<\/p>\n<p>Molto interessante la crescita degli alunni dal punto di vista squisitamente tecnico-tattico.<\/p>\n<p>&nbsp;<\/p>\n<p><strong>16\/05\/2017<\/strong>\u00a0\u00a0\u00a0 Finale regionale di atletica leggera dei GSS ad Oristano. Ha partecipato Gabriele Corrias nel lancio del vortex con la misura di mt. 55,60 che gli \u00e8 valsa il quarto posto.<\/p>\n<p>&nbsp;<\/p>\n<p><strong>26\/05\/2017<\/strong>\u00a0\u00a0\u00a0\u00a0\u00a0 \u201cCorriamo Insieme 2017\u201d a Budoni.<\/p>\n<p>La giornata ha previsto, dal mattino al pomeriggio, lo svolgimento di prove diverse (una sorta di giochi senza frontiere): corsa di resistenza, lancio del vortex, tiro alla fune, calcio. Molte le scuole medie coinvolte: I.C. Monte Gurtei di Nuoro, I.C. di Terralba, I.C. di Torp\u00e8, I.C. Albino Bernardini di Siniscola, scuola media Ettore Pais di Olbia, scuola media di Porto San Paolo, I.C. di Budoni. 500 alunni si sono amichevolmente confrontati sul campo, che \u00e8 anche un modo per socializzare e trascorrere una bellissima giornata in allegria e serenit\u00e0.<br \/>\nGli alunni scesi in campo per l&#8217;Istituto &#8220;Albino Bernardini&#8221; di Siniscola (provenienti dai plessi di Sa Sedda e La Caletta) sono stati: Antonella Contu, Chiara Loddo, Greta Castangia, Davide Delogu, Mattias Avellino, Fabio Cherchi, Marco Multazzu, Eleonora Migliorisi, Efil\u00f9 Fenu, Gemma Soro, Erika Mura, Emanuele Corrias, Gabriele Coronas, Cristiano Nonne (vincitore del vortex per la terza media), Davide Bomboi, Marco Dettori.<\/p>\n<div id=\"attachment_10973\" style=\"width: 310px\" class=\"wp-caption aligncenter\"><img aria-describedby=\"caption-attachment-10973\" decoding=\"async\" loading=\"lazy\" class=\"size-medium wp-image-10973\" src=\"http:\/\/www.icsiniscola2.edu.it\/wp-content\/uploads\/2017\/08\/8.-Corriamo-Insieme.Budoni-2017-300x169.jpg\" alt=\"&quot;Corriamo insieme 2017&quot; a Budoni\" width=\"300\" height=\"169\" srcset=\"https:\/\/www.icsiniscola2.edu.it\/wp-content\/uploads\/2017\/08\/8.-Corriamo-Insieme.Budoni-2017-300x169.jpg 300w, https:\/\/www.icsiniscola2.edu.it\/wp-content\/uploads\/2017\/08\/8.-Corriamo-Insieme.Budoni-2017-768x432.jpg 768w, https:\/\/www.icsiniscola2.edu.it\/wp-content\/uploads\/2017\/08\/8.-Corriamo-Insieme.Budoni-2017-1024x576.jpg 1024w, https:\/\/www.icsiniscola2.edu.it\/wp-content\/uploads\/2017\/08\/8.-Corriamo-Insieme.Budoni-2017-180x101.jpg 180w, https:\/\/www.icsiniscola2.edu.it\/wp-content\/uploads\/2017\/08\/8.-Corriamo-Insieme.Budoni-2017.jpg 1040w\" sizes=\"(max-width: 300px) 100vw, 300px\" \/><p id=\"caption-attachment-10973\" class=\"wp-caption-text\">&#8220;Corriamo insieme 2017&#8221; a Budoni<\/p><\/div>\n<p>Tutti gli alunni si sono molto impegnati nell&#8217;appassionato confronto con i pari et\u00e0 e ammirevole \u00e8 stato lo spirito di abnegazione. Menzione speciale \u00a0per un alunno giovanissimo che ha davvero brillato in tutte le gare: Davide Delogu (prima media di La Caletta) che ha conquistato la medaglia di bronzo nel lancio del vortex, ha corso molto bene nella resistenza e ha segnato 4 reti durante il torneo di calcio.<\/p>\n","protected":false},"excerpt":{"rendered":"<p>L\u2019anno sportivo 2016-2017\u00a0 dell\u2019I.C.\u00a0 \u201cAlbino Bernardini\u201d Scuola media Il Centro Sportivo Scolastico dell\u2019 Istituto ha organizzato (per i ragazzi della scuola media) allenamenti durante l\u2019anno scolastico per le discipline di Basket, Pallamano, Pallavolo, Pallapugno, Atletica Leggera e Badminton. Si \u00e8 svolto in media un allenamento alla settimana, negli impianti sportivi scolastici situati nel comune e&nbsp; &nbsp; <a class=\"moretag\" href=\"https:\/\/www.icsiniscola2.edu.it\/anno-sportivo-2106-2017\/\" title=\"Leggi l&#180;intero articolo\">&raquo;<\/a><\/p>\n","protected":false},"author":1,"featured_media":0,"parent":0,"menu_order":0,"comment_status":"closed","ping_status":"closed","template":"","meta":[],"_links":{"self":[{"href":"https:\/\/www.icsiniscola2.edu.it\/wp-json\/wp\/v2\/pages\/10965"}],"collection":[{"href":"https:\/\/www.icsiniscola2.edu.it\/wp-json\/wp\/v2\/pages"}],"about":[{"href":"https:\/\/www.icsiniscola2.edu.it\/wp-json\/wp\/v2\/types\/page"}],"author":[{"embeddable":true,"href":"https:\/\/www.icsiniscola2.edu.it\/wp-json\/wp\/v2\/users\/1"}],"replies":[{"embeddable":true,"href":"https:\/\/www.icsiniscola2.edu.it\/wp-json\/wp\/v2\/comments?post=10965"}],"version-history":[{"count":6,"href":"https:\/\/www.icsiniscola2.edu.it\/wp-json\/wp\/v2\/pages\/10965\/revisions"}],"predecessor-version":[{"id":10981,"href":"https:\/\/www.icsiniscola2.edu.it\/wp-json\/wp\/v2\/pages\/10965\/revisions\/10981"}],"wp:attachment":[{"href":"https:\/\/www.icsiniscola2.edu.it\/wp-json\/wp\/v2\/media?parent=10965"}],"curies":[{"name":"wp","href":"https:\/\/api.w.org\/{rel}","templated":true}]}}