{"id":11102,"date":"2017-08-28T15:49:31","date_gmt":"2017-08-28T13:49:31","guid":{"rendered":"http:\/\/www.icsiniscola2.edu.it\/?page_id=11102"},"modified":"2017-10-26T16:53:47","modified_gmt":"2017-10-26T14:53:47","slug":"albino-bernardini-intitolazione-della-nostra-scuola","status":"publish","type":"page","link":"https:\/\/www.icsiniscola2.edu.it\/albino-bernardini-intitolazione-della-nostra-scuola\/","title":{"rendered":"Albino Bernardini: intitolazione della nostra scuola"},"content":{"rendered":"<p><strong>Intitolazione della scuola a Albino Bernardini<\/strong><\/p>\n<p>Sabato 20 febbraio 2016, si \u00e8 proceduto all\u2019intitolazione del nostro Istituto Comprensivo alla figura di Albino Bernardini, illustre pedagogista e scrittore, autore saggista e di favole, figlio della citt\u00e0 e ad essa legato da un costante rapporto e riferimento affettivo.<\/p>\n<p>La cerimonia, cui ha assistito una rappresentanza di alunni e docenti, ha visto la presenza del Sindaco e dell\u2019Assessore alla Pubblica Istruzione, dei Dirigenti Scolastici precedenti (Prof.ssa Caterina La Rosa e Prof.ssa Antonella Piredda), di membri del Consiglio di Istituto con il Presidente (che \u00e8 stata in grado di portare una testimonianza personale di \u201calunna\u201d), di autorit\u00e0 civili e militari della citt\u00e0 ma, soprattutto, dei figli e dei parenti del pedagogista, che hanno condiviso con noi la soddisfazione dell\u2019evento.<\/p>\n<p>In particolare i figli, su richiesta del Dirigente Scolastico Fiorella Ricciardi, si sono messi a disposizione per testimonianze e presenza nei momenti che la scuola vorr\u00e0 ora dedicare ad Albino Bernardini.<\/p>\n<p>Questa intitolazione non \u00e8, per noi tutti, un punto di arrivo, bens\u00ec un punto di partenza, giacch\u00e9 da oggi la scuola deve essere impegnata a che tutti i nostri alunni sappiano chi era Albino Bernardini, si approprino di questo loro importante concittadino e soprattutto, insieme ai loro docenti, mettano in pratica consapevolmente i precetti e consigli che ha lasciato e che tuttora rivestono carattere di grande attualit\u00e0<\/p>\n<p>&nbsp;<\/p>\n<p>Alcune foto dell&#8217;evento:<\/p>\n<p><img decoding=\"async\" loading=\"lazy\" class=\"aligncenter size-medium wp-image-11440\" src=\"http:\/\/www.icsiniscola2.edu.it\/wp-content\/uploads\/2017\/08\/20160220_103138-300x169.jpg\" alt=\"20160220_103138\" width=\"300\" height=\"169\" srcset=\"https:\/\/www.icsiniscola2.edu.it\/wp-content\/uploads\/2017\/08\/20160220_103138-300x169.jpg 300w, https:\/\/www.icsiniscola2.edu.it\/wp-content\/uploads\/2017\/08\/20160220_103138-768x432.jpg 768w, https:\/\/www.icsiniscola2.edu.it\/wp-content\/uploads\/2017\/08\/20160220_103138-1024x576.jpg 1024w, https:\/\/www.icsiniscola2.edu.it\/wp-content\/uploads\/2017\/08\/20160220_103138-180x101.jpg 180w, https:\/\/www.icsiniscola2.edu.it\/wp-content\/uploads\/2017\/08\/20160220_103138.jpg 2048w\" sizes=\"(max-width: 300px) 100vw, 300px\" \/><\/p>\n<p><img decoding=\"async\" loading=\"lazy\" class=\"aligncenter size-medium wp-image-11441\" src=\"http:\/\/www.icsiniscola2.edu.it\/wp-content\/uploads\/2017\/08\/20160220_103752-300x169.jpg\" alt=\"20160220_103752\" width=\"300\" height=\"169\" srcset=\"https:\/\/www.icsiniscola2.edu.it\/wp-content\/uploads\/2017\/08\/20160220_103752-300x169.jpg 300w, https:\/\/www.icsiniscola2.edu.it\/wp-content\/uploads\/2017\/08\/20160220_103752-768x432.jpg 768w, https:\/\/www.icsiniscola2.edu.it\/wp-content\/uploads\/2017\/08\/20160220_103752-1024x576.jpg 1024w, https:\/\/www.icsiniscola2.edu.it\/wp-content\/uploads\/2017\/08\/20160220_103752-180x101.jpg 180w, https:\/\/www.icsiniscola2.edu.it\/wp-content\/uploads\/2017\/08\/20160220_103752.jpg 2048w\" sizes=\"(max-width: 300px) 100vw, 300px\" \/><\/p>\n<p><img decoding=\"async\" loading=\"lazy\" class=\"aligncenter size-medium wp-image-11455\" src=\"http:\/\/www.icsiniscola2.edu.it\/wp-content\/uploads\/2017\/08\/20160220_103810-300x169.jpg\" alt=\"20160220_103810\" width=\"300\" height=\"169\" srcset=\"https:\/\/www.icsiniscola2.edu.it\/wp-content\/uploads\/2017\/08\/20160220_103810-300x169.jpg 300w, https:\/\/www.icsiniscola2.edu.it\/wp-content\/uploads\/2017\/08\/20160220_103810-768x432.jpg 768w, https:\/\/www.icsiniscola2.edu.it\/wp-content\/uploads\/2017\/08\/20160220_103810-1024x576.jpg 1024w, https:\/\/www.icsiniscola2.edu.it\/wp-content\/uploads\/2017\/08\/20160220_103810-180x101.jpg 180w, https:\/\/www.icsiniscola2.edu.it\/wp-content\/uploads\/2017\/08\/20160220_103810.jpg 2048w\" sizes=\"(max-width: 300px) 100vw, 300px\" \/><\/p>\n<p><img decoding=\"async\" loading=\"lazy\" class=\"aligncenter size-medium wp-image-11442\" src=\"http:\/\/www.icsiniscola2.edu.it\/wp-content\/uploads\/2017\/08\/20160220_103956-300x169.jpg\" alt=\"20160220_103956\" width=\"300\" height=\"169\" srcset=\"https:\/\/www.icsiniscola2.edu.it\/wp-content\/uploads\/2017\/08\/20160220_103956-300x169.jpg 300w, https:\/\/www.icsiniscola2.edu.it\/wp-content\/uploads\/2017\/08\/20160220_103956-768x432.jpg 768w, https:\/\/www.icsiniscola2.edu.it\/wp-content\/uploads\/2017\/08\/20160220_103956-1024x576.jpg 1024w, https:\/\/www.icsiniscola2.edu.it\/wp-content\/uploads\/2017\/08\/20160220_103956-180x101.jpg 180w, https:\/\/www.icsiniscola2.edu.it\/wp-content\/uploads\/2017\/08\/20160220_103956.jpg 2048w\" sizes=\"(max-width: 300px) 100vw, 300px\" \/><\/p>\n<p><img decoding=\"async\" loading=\"lazy\" class=\"aligncenter size-medium wp-image-11443\" src=\"http:\/\/www.icsiniscola2.edu.it\/wp-content\/uploads\/2017\/08\/20160220_104610-300x169.jpg\" alt=\"20160220_104610\" width=\"300\" height=\"169\" srcset=\"https:\/\/www.icsiniscola2.edu.it\/wp-content\/uploads\/2017\/08\/20160220_104610-300x169.jpg 300w, https:\/\/www.icsiniscola2.edu.it\/wp-content\/uploads\/2017\/08\/20160220_104610-768x432.jpg 768w, https:\/\/www.icsiniscola2.edu.it\/wp-content\/uploads\/2017\/08\/20160220_104610-1024x576.jpg 1024w, https:\/\/www.icsiniscola2.edu.it\/wp-content\/uploads\/2017\/08\/20160220_104610-180x101.jpg 180w, https:\/\/www.icsiniscola2.edu.it\/wp-content\/uploads\/2017\/08\/20160220_104610.jpg 2048w\" sizes=\"(max-width: 300px) 100vw, 300px\" \/><\/p>\n<p><img decoding=\"async\" loading=\"lazy\" class=\"aligncenter size-medium wp-image-11444\" src=\"http:\/\/www.icsiniscola2.edu.it\/wp-content\/uploads\/2017\/08\/20160220_104649-300x169.jpg\" alt=\"20160220_104649\" width=\"300\" height=\"169\" srcset=\"https:\/\/www.icsiniscola2.edu.it\/wp-content\/uploads\/2017\/08\/20160220_104649-300x169.jpg 300w, https:\/\/www.icsiniscola2.edu.it\/wp-content\/uploads\/2017\/08\/20160220_104649-768x432.jpg 768w, https:\/\/www.icsiniscola2.edu.it\/wp-content\/uploads\/2017\/08\/20160220_104649-1024x576.jpg 1024w, https:\/\/www.icsiniscola2.edu.it\/wp-content\/uploads\/2017\/08\/20160220_104649-180x101.jpg 180w, https:\/\/www.icsiniscola2.edu.it\/wp-content\/uploads\/2017\/08\/20160220_104649.jpg 2048w\" sizes=\"(max-width: 300px) 100vw, 300px\" \/><\/p>\n<p><img decoding=\"async\" loading=\"lazy\" class=\"aligncenter size-medium wp-image-11445\" src=\"http:\/\/www.icsiniscola2.edu.it\/wp-content\/uploads\/2017\/08\/20160220_104753-300x169.jpg\" alt=\"20160220_104753\" width=\"300\" height=\"169\" srcset=\"https:\/\/www.icsiniscola2.edu.it\/wp-content\/uploads\/2017\/08\/20160220_104753-300x169.jpg 300w, https:\/\/www.icsiniscola2.edu.it\/wp-content\/uploads\/2017\/08\/20160220_104753-768x432.jpg 768w, https:\/\/www.icsiniscola2.edu.it\/wp-content\/uploads\/2017\/08\/20160220_104753-1024x576.jpg 1024w, https:\/\/www.icsiniscola2.edu.it\/wp-content\/uploads\/2017\/08\/20160220_104753-180x101.jpg 180w, https:\/\/www.icsiniscola2.edu.it\/wp-content\/uploads\/2017\/08\/20160220_104753.jpg 2048w\" sizes=\"(max-width: 300px) 100vw, 300px\" \/><\/p>\n<p><img decoding=\"async\" loading=\"lazy\" class=\"aligncenter size-medium wp-image-11446\" src=\"http:\/\/www.icsiniscola2.edu.it\/wp-content\/uploads\/2017\/08\/20160220_104954-300x169.jpg\" alt=\"20160220_104954\" width=\"300\" height=\"169\" srcset=\"https:\/\/www.icsiniscola2.edu.it\/wp-content\/uploads\/2017\/08\/20160220_104954-300x169.jpg 300w, https:\/\/www.icsiniscola2.edu.it\/wp-content\/uploads\/2017\/08\/20160220_104954-768x432.jpg 768w, https:\/\/www.icsiniscola2.edu.it\/wp-content\/uploads\/2017\/08\/20160220_104954-1024x576.jpg 1024w, https:\/\/www.icsiniscola2.edu.it\/wp-content\/uploads\/2017\/08\/20160220_104954-180x101.jpg 180w, https:\/\/www.icsiniscola2.edu.it\/wp-content\/uploads\/2017\/08\/20160220_104954.jpg 2048w\" sizes=\"(max-width: 300px) 100vw, 300px\" \/><\/p>\n<p><img decoding=\"async\" loading=\"lazy\" class=\"aligncenter size-medium wp-image-11447\" src=\"http:\/\/www.icsiniscola2.edu.it\/wp-content\/uploads\/2017\/08\/20160220_105030-300x169.jpg\" alt=\"20160220_105030\" width=\"300\" height=\"169\" srcset=\"https:\/\/www.icsiniscola2.edu.it\/wp-content\/uploads\/2017\/08\/20160220_105030-300x169.jpg 300w, https:\/\/www.icsiniscola2.edu.it\/wp-content\/uploads\/2017\/08\/20160220_105030-768x432.jpg 768w, https:\/\/www.icsiniscola2.edu.it\/wp-content\/uploads\/2017\/08\/20160220_105030-1024x576.jpg 1024w, https:\/\/www.icsiniscola2.edu.it\/wp-content\/uploads\/2017\/08\/20160220_105030-180x101.jpg 180w, https:\/\/www.icsiniscola2.edu.it\/wp-content\/uploads\/2017\/08\/20160220_105030.jpg 2048w\" sizes=\"(max-width: 300px) 100vw, 300px\" \/><\/p>\n<p>&nbsp;<\/p>\n<p><img decoding=\"async\" loading=\"lazy\" class=\"aligncenter size-medium wp-image-11449\" src=\"http:\/\/www.icsiniscola2.edu.it\/wp-content\/uploads\/2017\/08\/20160220_105356-300x169.jpg\" alt=\"20160220_105356\" width=\"300\" height=\"169\" srcset=\"https:\/\/www.icsiniscola2.edu.it\/wp-content\/uploads\/2017\/08\/20160220_105356-300x169.jpg 300w, https:\/\/www.icsiniscola2.edu.it\/wp-content\/uploads\/2017\/08\/20160220_105356-768x432.jpg 768w, https:\/\/www.icsiniscola2.edu.it\/wp-content\/uploads\/2017\/08\/20160220_105356-1024x576.jpg 1024w, https:\/\/www.icsiniscola2.edu.it\/wp-content\/uploads\/2017\/08\/20160220_105356-180x101.jpg 180w, https:\/\/www.icsiniscola2.edu.it\/wp-content\/uploads\/2017\/08\/20160220_105356.jpg 2048w\" sizes=\"(max-width: 300px) 100vw, 300px\" \/><\/p>\n<p><img decoding=\"async\" loading=\"lazy\" class=\"aligncenter size-medium wp-image-11450\" src=\"http:\/\/www.icsiniscola2.edu.it\/wp-content\/uploads\/2017\/08\/20160220_110508-300x169.jpg\" alt=\"20160220_110508\" width=\"300\" height=\"169\" srcset=\"https:\/\/www.icsiniscola2.edu.it\/wp-content\/uploads\/2017\/08\/20160220_110508-300x169.jpg 300w, https:\/\/www.icsiniscola2.edu.it\/wp-content\/uploads\/2017\/08\/20160220_110508-768x432.jpg 768w, https:\/\/www.icsiniscola2.edu.it\/wp-content\/uploads\/2017\/08\/20160220_110508-1024x576.jpg 1024w, https:\/\/www.icsiniscola2.edu.it\/wp-content\/uploads\/2017\/08\/20160220_110508-180x101.jpg 180w, https:\/\/www.icsiniscola2.edu.it\/wp-content\/uploads\/2017\/08\/20160220_110508.jpg 2048w\" sizes=\"(max-width: 300px) 100vw, 300px\" \/><\/p>\n<p><img decoding=\"async\" loading=\"lazy\" class=\"aligncenter size-medium wp-image-11451\" src=\"http:\/\/www.icsiniscola2.edu.it\/wp-content\/uploads\/2017\/08\/20160220_115135-300x169.jpg\" alt=\"20160220_115135\" width=\"300\" height=\"169\" srcset=\"https:\/\/www.icsiniscola2.edu.it\/wp-content\/uploads\/2017\/08\/20160220_115135-300x169.jpg 300w, https:\/\/www.icsiniscola2.edu.it\/wp-content\/uploads\/2017\/08\/20160220_115135-768x432.jpg 768w, https:\/\/www.icsiniscola2.edu.it\/wp-content\/uploads\/2017\/08\/20160220_115135-1024x576.jpg 1024w, https:\/\/www.icsiniscola2.edu.it\/wp-content\/uploads\/2017\/08\/20160220_115135-180x101.jpg 180w, https:\/\/www.icsiniscola2.edu.it\/wp-content\/uploads\/2017\/08\/20160220_115135.jpg 2048w\" sizes=\"(max-width: 300px) 100vw, 300px\" \/><\/p>\n<p><img decoding=\"async\" loading=\"lazy\" class=\"aligncenter size-medium wp-image-11452\" src=\"http:\/\/www.icsiniscola2.edu.it\/wp-content\/uploads\/2017\/08\/20160220_115917-300x169.jpg\" alt=\"20160220_115917\" width=\"300\" height=\"169\" srcset=\"https:\/\/www.icsiniscola2.edu.it\/wp-content\/uploads\/2017\/08\/20160220_115917-300x169.jpg 300w, https:\/\/www.icsiniscola2.edu.it\/wp-content\/uploads\/2017\/08\/20160220_115917-768x432.jpg 768w, https:\/\/www.icsiniscola2.edu.it\/wp-content\/uploads\/2017\/08\/20160220_115917-1024x576.jpg 1024w, https:\/\/www.icsiniscola2.edu.it\/wp-content\/uploads\/2017\/08\/20160220_115917-180x101.jpg 180w, https:\/\/www.icsiniscola2.edu.it\/wp-content\/uploads\/2017\/08\/20160220_115917.jpg 2048w\" sizes=\"(max-width: 300px) 100vw, 300px\" \/><\/p>\n<p><img decoding=\"async\" loading=\"lazy\" class=\"aligncenter size-medium wp-image-11453\" src=\"http:\/\/www.icsiniscola2.edu.it\/wp-content\/uploads\/2017\/08\/20160220_123026-300x169.jpg\" alt=\"20160220_123026\" width=\"300\" height=\"169\" srcset=\"https:\/\/www.icsiniscola2.edu.it\/wp-content\/uploads\/2017\/08\/20160220_123026-300x169.jpg 300w, https:\/\/www.icsiniscola2.edu.it\/wp-content\/uploads\/2017\/08\/20160220_123026-768x432.jpg 768w, https:\/\/www.icsiniscola2.edu.it\/wp-content\/uploads\/2017\/08\/20160220_123026-1024x576.jpg 1024w, https:\/\/www.icsiniscola2.edu.it\/wp-content\/uploads\/2017\/08\/20160220_123026-180x101.jpg 180w, https:\/\/www.icsiniscola2.edu.it\/wp-content\/uploads\/2017\/08\/20160220_123026.jpg 2048w\" sizes=\"(max-width: 300px) 100vw, 300px\" \/><\/p>\n<p><img decoding=\"async\" loading=\"lazy\" class=\"aligncenter size-medium wp-image-11454\" src=\"http:\/\/www.icsiniscola2.edu.it\/wp-content\/uploads\/2017\/08\/20160220_123054-300x169.jpg\" alt=\"20160220_123054\" width=\"300\" height=\"169\" srcset=\"https:\/\/www.icsiniscola2.edu.it\/wp-content\/uploads\/2017\/08\/20160220_123054-300x169.jpg 300w, https:\/\/www.icsiniscola2.edu.it\/wp-content\/uploads\/2017\/08\/20160220_123054-768x432.jpg 768w, https:\/\/www.icsiniscola2.edu.it\/wp-content\/uploads\/2017\/08\/20160220_123054-1024x576.jpg 1024w, https:\/\/www.icsiniscola2.edu.it\/wp-content\/uploads\/2017\/08\/20160220_123054-180x101.jpg 180w, https:\/\/www.icsiniscola2.edu.it\/wp-content\/uploads\/2017\/08\/20160220_123054.jpg 2048w\" sizes=\"(max-width: 300px) 100vw, 300px\" \/><\/p>\n","protected":false},"excerpt":{"rendered":"<p>Intitolazione della scuola a Albino Bernardini Sabato 20 febbraio 2016, si \u00e8 proceduto all\u2019intitolazione del nostro Istituto Comprensivo alla figura di Albino Bernardini, illustre pedagogista e scrittore, autore saggista e di favole, figlio della citt\u00e0 e ad essa legato da un costante rapporto e riferimento affettivo. La cerimonia, cui ha assistito una rappresentanza di alunni&nbsp; &nbsp; <a class=\"moretag\" href=\"https:\/\/www.icsiniscola2.edu.it\/albino-bernardini-intitolazione-della-nostra-scuola\/\" title=\"Leggi l&#180;intero articolo\">&raquo;<\/a><\/p>\n","protected":false},"author":1,"featured_media":0,"parent":0,"menu_order":0,"comment_status":"closed","ping_status":"closed","template":"","meta":[],"_links":{"self":[{"href":"https:\/\/www.icsiniscola2.edu.it\/wp-json\/wp\/v2\/pages\/11102"}],"collection":[{"href":"https:\/\/www.icsiniscola2.edu.it\/wp-json\/wp\/v2\/pages"}],"about":[{"href":"https:\/\/www.icsiniscola2.edu.it\/wp-json\/wp\/v2\/types\/page"}],"author":[{"embeddable":true,"href":"https:\/\/www.icsiniscola2.edu.it\/wp-json\/wp\/v2\/users\/1"}],"replies":[{"embeddable":true,"href":"https:\/\/www.icsiniscola2.edu.it\/wp-json\/wp\/v2\/comments?post=11102"}],"version-history":[{"count":3,"href":"https:\/\/www.icsiniscola2.edu.it\/wp-json\/wp\/v2\/pages\/11102\/revisions"}],"predecessor-version":[{"id":11456,"href":"https:\/\/www.icsiniscola2.edu.it\/wp-json\/wp\/v2\/pages\/11102\/revisions\/11456"}],"wp:attachment":[{"href":"https:\/\/www.icsiniscola2.edu.it\/wp-json\/wp\/v2\/media?parent=11102"}],"curies":[{"name":"wp","href":"https:\/\/api.w.org\/{rel}","templated":true}]}}