{"id":130,"date":"2009-05-08T18:02:20","date_gmt":"2009-05-08T16:02:20","guid":{"rendered":"http:\/\/www.scuolacooperativa.net\/wordpress\/?page_id=130"},"modified":"2023-06-25T11:55:17","modified_gmt":"2023-06-25T09:55:17","slug":"invio-materiali-didattici","status":"publish","type":"page","link":"https:\/\/www.icsiniscola2.edu.it\/invio-materiali-didattici\/","title":{"rendered":"Invio materiali didattici"},"content":{"rendered":"<p>L&#8217;<strong>indirizzo di posta elettronica<\/strong> al quale inviare i materiali \u00e8 il seguente:<\/p>\n<ul>\n<li><strong>webmaster.icBernardini@gmail.com<\/strong><\/li>\n<\/ul>\n<p>oppure:<\/p>\n<ul>\n<li>\u00a0<strong>deialucdeialuc@gmail.com<\/strong><\/li>\n<\/ul>\n<p>&nbsp;<\/p>\n<p style=\"text-align: center;\">._._._._._._._._._._._._._.<\/p>\n<h4><span style=\"color: #000080;\">L&#8217;inclusione e l&#8217;accessibilit\u00e0<\/span><\/h4>\n<p>Nel nostro piccolo vogliamo contribuire a portare avanti un percorso inclusivo, concetto fondante della Convenzione Onu sui diritti delle persone disabili. Costruire un contesto inclusivo vuol dire, infatti, coinvolgere tutte le diversit\u00e0, non per eliminarle, ma per far s\u00ec che ognuno dia il suo contributo: chi produce\u00a0 qualunque forma di comunicazione dovrebbe prima di tutto preoccuparsi di farlo in modo accessibile.<\/p>\n<p>Questo\u00a0 i primi passi per creare dei documenti nel rispetto dell&#8217;<strong>accessibilit\u00e0<\/strong><\/p>\n<ul>\n<li>Leggibilit\u00e0: Sul web i font pi\u00f9 leggibili sono Arial, Courier e Verdana. Dimensione: se ad una dimensione di 10px il pi\u00f9 scelto \u00e8 il Verdana, a 12 px la preferenza \u00e8 per l\u2019Arial e a 14 px il Georgia.<\/li>\n<li>Ci sono anche altri elementi da tenere in considerazione affinch\u00e9 il testo sia ben leggibile e non obblighi il navigatore a sforzi della vista per la lettura. Bisogna tener conto di:- paragrafi ben delineati e non troppo fitti l&#8217;nterlinea 1,5 sarebbe l&#8217;ideale- dimensione del font non troppo piccola (minimo 12 punti), evitare testi tutti in grassetto, ma usare grassetti e corsivi in base al valore semantico del contesto.<\/li>\n<li>Inviare file in PDF modificabili (e non in formato immagine)<\/li>\n<li>Invio di Immagini<\/li>\n<\/ul>\n<p>Verificare che tutte le immagini esistenti nel documento abbiano il loro corrispondente <strong>testo alternativo. <\/strong>Prima di inviare delle foto o altro tipo di immagini da pubblicare sul sito sarebbe bene infatti che venissero etichettate. Bisognerebbe cio\u00e8 ricordarsi di dare un nome alle immagini. Infatti con una foto come questa, per esempio, che raffigura l&#8217;immagine della Biblioteca Comunale &#8220;Grazia Deledda&#8221; di Siniscola, pubblicata senza etichetta,<\/p>\n<p>&nbsp;<\/p>\n<div class=\"mceTemp\"><\/div>\n<p><img decoding=\"async\" loading=\"lazy\" class=\"wp-image-14172 size-medium aligncenter\" src=\"https:\/\/www.icsiniscola2.edu.it\/wp-content\/uploads\/2019\/06\/bibliosiniscola-300x225.jpg\" alt=\"\" width=\"300\" height=\"225\" srcset=\"https:\/\/www.icsiniscola2.edu.it\/wp-content\/uploads\/2019\/06\/bibliosiniscola-300x225.jpg 300w, https:\/\/www.icsiniscola2.edu.it\/wp-content\/uploads\/2019\/06\/bibliosiniscola-768x576.jpg 768w, https:\/\/www.icsiniscola2.edu.it\/wp-content\/uploads\/2019\/06\/bibliosiniscola-180x135.jpg 180w, https:\/\/www.icsiniscola2.edu.it\/wp-content\/uploads\/2019\/06\/bibliosiniscola.jpg 800w\" sizes=\"(max-width: 300px) 100vw, 300px\" \/><\/p>\n<div class=\"mceTemp\"><\/div>\n<p>un disabile visivo o un ipovedente dotato di un programma di lettura, una volta arrivato a questo punto, sarebbe in difficolt\u00e0 perch\u00e9 il programma non riuscirebbe a decifrarne il significato e \u00a0leggerebbe :\u201dfoto\u201d oppure \u201cimmagine\u201d. Per rendere accessibile il contenuto delle immagini a tutti, \u00e8 necessario quindi che alla foto che deve essere inserita a qualsiasi titolo nel sito \u00a0venga dato prima un titolo e una descrizione.<\/p>\n<p>Come fare? E\u2019 semplice. Se clicchiamo con il tasto destro sull\u2019immagine stessa, comparir\u00e0 un men\u00f9 a tendina.\u00a0 Scegliamo quindi <strong>Formato immagine<\/strong>, e comparir\u00e0 una finestra nella quale sceglieremo <strong>Testo alternativo.<\/strong> Diamo quindi un titolo e se vogliamo anche una breve descrizione, che potr\u00e0 essere letta dal programma Reader dando cos\u00ec la possibilit\u00e0 a chi ha difficolt\u00e0 nel vedere o nel comprendere, di avere un\u2019informazione necessaria.<\/p>\n<p>&nbsp;<\/p>\n<p><img decoding=\"async\" loading=\"lazy\" class=\"aligncenter size-medium wp-image-14173\" src=\"https:\/\/www.icsiniscola2.edu.it\/wp-content\/uploads\/2019\/06\/TESTO-ALTERNATIVO-300x254.png\" alt=\"\" width=\"300\" height=\"254\" srcset=\"https:\/\/www.icsiniscola2.edu.it\/wp-content\/uploads\/2019\/06\/TESTO-ALTERNATIVO-300x254.png 300w, https:\/\/www.icsiniscola2.edu.it\/wp-content\/uploads\/2019\/06\/TESTO-ALTERNATIVO-180x153.png 180w, https:\/\/www.icsiniscola2.edu.it\/wp-content\/uploads\/2019\/06\/TESTO-ALTERNATIVO.png 544w\" sizes=\"(max-width: 300px) 100vw, 300px\" \/><\/p>\n<p>&nbsp;<\/p>\n<p>&nbsp;<\/p>\n<div class=\"attachments\"><dl class=\"attachments attachments-large\"><dt class=\"icon\">\r\n\t<a title=\"Accessibilit\u00e0_Documenti da inviare al sito\" href=\"https:\/\/www.icsiniscola2.edu.it\/invio-materiali-didattici\/?aid=12518&sa=0\" >\r\n\t\t<img src=\"https:\/\/www.icsiniscola2.edu.it\/wp-content\/plugins\/eg-attachments\/img\/flags\/file-ext\/docx.png\" width=\"48\" height=\"48\"  alt=\"Accessibilit\u00e0_Documenti da inviare al sito\" \/>\r\n\t<\/a>\r\n<\/dt>\r\n<dd class=\"caption\">\r\n\t<strong>Titolo<\/strong>: <a title=\"Accessibilit\u00e0_Documenti da inviare al sito\" href=\"https:\/\/www.icsiniscola2.edu.it\/invio-materiali-didattici\/?aid=12518&sa=0\" >Accessibilit\u00e0_Documenti da inviare al sito<\/a> (0 click)\r\n\t<br\/>\r\n\t<strong>Etichetta<\/strong>: \r\n\t<br\/>\r\n\t<strong>Filename<\/strong>: accessibilita_documenti-da-inviare-al-sito.docx\r\n\t<br\/>\r\n\t<strong>Dimensione<\/strong>: 377 KB\r\n<\/dd>\r\n<\/dl><p><\/p><\/div>\n<p>&nbsp;<\/p>\n","protected":false},"excerpt":{"rendered":"<p>L&#8217;indirizzo di posta elettronica al quale inviare i materiali \u00e8 il seguente: webmaster.icBernardini@gmail.com oppure: \u00a0deialucdeialuc@gmail.com &nbsp; ._._._._._._._._._._._._._. L&#8217;inclusione e l&#8217;accessibilit\u00e0 Nel nostro piccolo vogliamo contribuire a portare avanti un percorso inclusivo, concetto fondante della Convenzione Onu sui diritti delle persone disabili. Costruire un contesto inclusivo vuol dire, infatti, coinvolgere tutte le diversit\u00e0, non per eliminarle,&nbsp; &nbsp; <a class=\"moretag\" href=\"https:\/\/www.icsiniscola2.edu.it\/invio-materiali-didattici\/\" title=\"Leggi l&#180;intero articolo\">&raquo;<\/a><\/p>\n","protected":false},"author":4,"featured_media":0,"parent":0,"menu_order":3,"comment_status":"closed","ping_status":"closed","template":"","meta":[],"_links":{"self":[{"href":"https:\/\/www.icsiniscola2.edu.it\/wp-json\/wp\/v2\/pages\/130"}],"collection":[{"href":"https:\/\/www.icsiniscola2.edu.it\/wp-json\/wp\/v2\/pages"}],"about":[{"href":"https:\/\/www.icsiniscola2.edu.it\/wp-json\/wp\/v2\/types\/page"}],"author":[{"embeddable":true,"href":"https:\/\/www.icsiniscola2.edu.it\/wp-json\/wp\/v2\/users\/4"}],"replies":[{"embeddable":true,"href":"https:\/\/www.icsiniscola2.edu.it\/wp-json\/wp\/v2\/comments?post=130"}],"version-history":[{"count":18,"href":"https:\/\/www.icsiniscola2.edu.it\/wp-json\/wp\/v2\/pages\/130\/revisions"}],"predecessor-version":[{"id":21765,"href":"https:\/\/www.icsiniscola2.edu.it\/wp-json\/wp\/v2\/pages\/130\/revisions\/21765"}],"wp:attachment":[{"href":"https:\/\/www.icsiniscola2.edu.it\/wp-json\/wp\/v2\/media?parent=130"}],"curies":[{"name":"wp","href":"https:\/\/api.w.org\/{rel}","templated":true}]}}