{"id":13171,"date":"2019-01-08T07:13:07","date_gmt":"2019-01-08T06:13:07","guid":{"rendered":"http:\/\/www.icsiniscola2.edu.it\/?page_id=13171"},"modified":"2019-01-18T07:15:43","modified_gmt":"2019-01-18T06:15:43","slug":"open-days-scuole-aperte","status":"publish","type":"page","link":"https:\/\/www.icsiniscola2.edu.it\/open-days-scuole-aperte\/","title":{"rendered":"Open Days &#8211; Scuole Aperte"},"content":{"rendered":"<h4><strong><span style=\"color: #000080;\">Scuola primaria e Scuola secondaria di I grado<\/span><\/strong><\/h4>\n<p><strong>Marted\u00ec 15 gennaio alle ore 15:00 presso l&#8217;Auditorium di Sa Sedda<\/strong><\/p>\n<p><a href=\"http:\/\/www.icsiniscola2.edu.it\/wp-content\/uploads\/2019\/01\/Open-day-primaria-e-secondaria.docx\">Locandina primaria e secondaria Scuola Aperta<\/a><\/p>\n<p>&nbsp;<\/p>\n<h4><\/h4>\n<h4><strong><span style=\"color: #000080;\">Scuola dell&#8217;Infanzia\u00a0 Sa Sedda:<\/span><\/strong><\/h4>\n<p><strong>Tutti i giorni del mese di gennaio dalle ore 11.00 alle ore 12.00<br \/>\n<\/strong><\/p>\n<p><a href=\"http:\/\/www.icsiniscola2.edu.it\/wp-content\/uploads\/2019\/01\/Scuola-Infanzia-Sa-Sedda_locandina-2019-Copia.docx\">\u00a0Locandina Infanzia Sa Sedda Scuola Aperta 2019 <\/a><\/p>\n<p>&nbsp;<\/p>\n<h4><\/h4>\n<h4><strong><span style=\"color: #000080;\">Scuola dell&#8217;Infanzia Vivaldi:<\/span><\/strong><\/h4>\n<p><strong>Tutti i giorni del mese di gennaio<\/strong><\/p>\n<p><a href=\"http:\/\/www.icsiniscola2.edu.it\/wp-content\/uploads\/2019\/01\/SCUOLA-APERTA-SCUOLA-DELLINFANZIA-VIVALDI.pdf\">Infanzia Vivaldi _Locandina Scuola Aperta 2019 <\/a><\/p>\n<p>&nbsp;<\/p>\n<h4><strong><span style=\"color: #000080;\">Scuola dell&#8217;Infanzia di La Caletta<\/span><\/strong><\/h4>\n<p><strong>Incontro di presentazione Luned\u00ec 21 gennaio &#8211; Scuola aperta gioved\u00ec 24 e venerd\u00ec 25 gennaio 2019 ore 11:00-12:00.<\/strong><\/p>\n<p><a href=\"http:\/\/www.icsiniscola2.edu.it\/wp-content\/uploads\/2019\/01\/OPEN-DAY_La-Caletta.docx\">Infanzia La Caletta_Locandina Scuola aperta 2019<\/a><\/p>\n","protected":false},"excerpt":{"rendered":"<p>Scuola primaria e Scuola secondaria di I grado Marted\u00ec 15 gennaio alle ore 15:00 presso l&#8217;Auditorium di Sa Sedda Locandina primaria e secondaria Scuola Aperta &nbsp; Scuola dell&#8217;Infanzia\u00a0 Sa Sedda: Tutti i giorni del mese di gennaio dalle ore 11.00 alle ore 12.00 \u00a0Locandina Infanzia Sa Sedda Scuola Aperta 2019 &nbsp; Scuola dell&#8217;Infanzia Vivaldi: Tutti&nbsp; &nbsp; <a class=\"moretag\" href=\"https:\/\/www.icsiniscola2.edu.it\/open-days-scuole-aperte\/\" title=\"Leggi l&#180;intero articolo\">&raquo;<\/a><\/p>\n","protected":false},"author":1,"featured_media":0,"parent":0,"menu_order":0,"comment_status":"closed","ping_status":"closed","template":"","meta":[],"_links":{"self":[{"href":"https:\/\/www.icsiniscola2.edu.it\/wp-json\/wp\/v2\/pages\/13171"}],"collection":[{"href":"https:\/\/www.icsiniscola2.edu.it\/wp-json\/wp\/v2\/pages"}],"about":[{"href":"https:\/\/www.icsiniscola2.edu.it\/wp-json\/wp\/v2\/types\/page"}],"author":[{"embeddable":true,"href":"https:\/\/www.icsiniscola2.edu.it\/wp-json\/wp\/v2\/users\/1"}],"replies":[{"embeddable":true,"href":"https:\/\/www.icsiniscola2.edu.it\/wp-json\/wp\/v2\/comments?post=13171"}],"version-history":[{"count":19,"href":"https:\/\/www.icsiniscola2.edu.it\/wp-json\/wp\/v2\/pages\/13171\/revisions"}],"predecessor-version":[{"id":13267,"href":"https:\/\/www.icsiniscola2.edu.it\/wp-json\/wp\/v2\/pages\/13171\/revisions\/13267"}],"wp:attachment":[{"href":"https:\/\/www.icsiniscola2.edu.it\/wp-json\/wp\/v2\/media?parent=13171"}],"curies":[{"name":"wp","href":"https:\/\/api.w.org\/{rel}","templated":true}]}}