{"id":14087,"date":"2019-06-21T15:30:48","date_gmt":"2019-06-21T13:30:48","guid":{"rendered":"http:\/\/www.icsiniscola2.edu.it\/?page_id=14087"},"modified":"2019-06-22T08:40:19","modified_gmt":"2019-06-22T06:40:19","slug":"noi-diversamente-uguali","status":"publish","type":"page","link":"https:\/\/www.icsiniscola2.edu.it\/noi-diversamente-uguali\/","title":{"rendered":"Noi&#8230;diversamente uguali"},"content":{"rendered":"<p>Tante le letture, tanti gli strumenti attraverso i quali si \u00e8 cercato di accompagnare gli alunni alla conoscenza di s\u00e9 e del diverso da s\u00e8. \u00abNoi\u2026diversamente uguali\u00bb propone il tema dell\u2019accettazione e del rispetto reciproco, attraverso le poesie, i disegni e le voci degli alunni della 5^ A di Sa Sedda.<\/p>\n<p style=\"text-align: center;\"><div class=\"attachments\"><dl class=\"attachments attachments-large\"><dt class=\"icon\">\r\n\t<a title=\"Noi diversamente uguali\" href=\"https:\/\/www.icsiniscola2.edu.it\/noi-diversamente-uguali\/?aid=14097&sa=0\" >\r\n\t\t<img src=\"https:\/\/www.icsiniscola2.edu.it\/wp-content\/plugins\/eg-attachments\/img\/flags\/interactive.png\" width=\"48\" height=\"48\"  alt=\"Noi diversamente uguali\" \/>\r\n\t<\/a>\r\n<\/dt>\r\n<dd class=\"caption\">\r\n\t<strong>Titolo<\/strong>: <a title=\"Noi diversamente uguali\" href=\"https:\/\/www.icsiniscola2.edu.it\/noi-diversamente-uguali\/?aid=14097&sa=0\" >Noi diversamente uguali<\/a> (0 click)\r\n\t<br\/>\r\n\t<strong>Etichetta<\/strong>: \r\n\t<br\/>\r\n\t<strong>Filename<\/strong>: noi-diversamente-uguali-2.pptx\r\n\t<br\/>\r\n\t<strong>Dimensione<\/strong>: 12 MB\r\n<\/dd>\r\n<\/dl><p><\/p><\/div><\/p>\n<p>&nbsp;<\/p>\n<p style=\"text-align: center;\">Le poesie dei bambini della 5^A <i>\u00ab<\/i><i>Noi\u2026diversamente uguali\u00bb\u00a0 <\/i><br \/>\nesposte accanto alle Pigotte<img decoding=\"async\" loading=\"lazy\" class=\"aligncenter size-medium wp-image-14091\" src=\"http:\/\/www.icsiniscola2.edu.it\/wp-content\/uploads\/2019\/06\/IMG-20190620-WA0000-300x169.jpg\" alt=\"\" width=\"300\" height=\"169\" srcset=\"https:\/\/www.icsiniscola2.edu.it\/wp-content\/uploads\/2019\/06\/IMG-20190620-WA0000-300x169.jpg 300w, https:\/\/www.icsiniscola2.edu.it\/wp-content\/uploads\/2019\/06\/IMG-20190620-WA0000-768x432.jpg 768w, https:\/\/www.icsiniscola2.edu.it\/wp-content\/uploads\/2019\/06\/IMG-20190620-WA0000-1024x576.jpg 1024w, https:\/\/www.icsiniscola2.edu.it\/wp-content\/uploads\/2019\/06\/IMG-20190620-WA0000-180x101.jpg 180w, https:\/\/www.icsiniscola2.edu.it\/wp-content\/uploads\/2019\/06\/IMG-20190620-WA0000.jpg 1600w\" sizes=\"(max-width: 300px) 100vw, 300px\" \/><\/p>\n","protected":false},"excerpt":{"rendered":"<p>Tante le letture, tanti gli strumenti attraverso i quali si \u00e8 cercato di accompagnare gli alunni alla conoscenza di s\u00e9 e del diverso da s\u00e8. \u00abNoi\u2026diversamente uguali\u00bb propone il tema dell\u2019accettazione e del rispetto reciproco, attraverso le poesie, i disegni e le voci degli alunni della 5^ A di Sa Sedda. &nbsp; Le poesie dei&nbsp; &nbsp; <a class=\"moretag\" href=\"https:\/\/www.icsiniscola2.edu.it\/noi-diversamente-uguali\/\" title=\"Leggi l&#180;intero articolo\">&raquo;<\/a><\/p>\n","protected":false},"author":1,"featured_media":0,"parent":0,"menu_order":0,"comment_status":"closed","ping_status":"closed","template":"","meta":[],"_links":{"self":[{"href":"https:\/\/www.icsiniscola2.edu.it\/wp-json\/wp\/v2\/pages\/14087"}],"collection":[{"href":"https:\/\/www.icsiniscola2.edu.it\/wp-json\/wp\/v2\/pages"}],"about":[{"href":"https:\/\/www.icsiniscola2.edu.it\/wp-json\/wp\/v2\/types\/page"}],"author":[{"embeddable":true,"href":"https:\/\/www.icsiniscola2.edu.it\/wp-json\/wp\/v2\/users\/1"}],"replies":[{"embeddable":true,"href":"https:\/\/www.icsiniscola2.edu.it\/wp-json\/wp\/v2\/comments?post=14087"}],"version-history":[{"count":6,"href":"https:\/\/www.icsiniscola2.edu.it\/wp-json\/wp\/v2\/pages\/14087\/revisions"}],"predecessor-version":[{"id":14138,"href":"https:\/\/www.icsiniscola2.edu.it\/wp-json\/wp\/v2\/pages\/14087\/revisions\/14138"}],"wp:attachment":[{"href":"https:\/\/www.icsiniscola2.edu.it\/wp-json\/wp\/v2\/media?parent=14087"}],"curies":[{"name":"wp","href":"https:\/\/api.w.org\/{rel}","templated":true}]}}