{"id":15204,"date":"2020-01-08T11:09:00","date_gmt":"2020-01-08T10:09:00","guid":{"rendered":"http:\/\/www.icsiniscola2.edu.it\/?page_id=15204"},"modified":"2020-01-09T11:35:40","modified_gmt":"2020-01-09T10:35:40","slug":"open-day-2020-2021","status":"publish","type":"page","link":"https:\/\/www.icsiniscola2.edu.it\/open-day-2020-2021\/","title":{"rendered":"Open Day 2020-2021"},"content":{"rendered":"<h3 style=\"text-align: center;\"><span style=\"color: #000080;\">Scuola dell&#8217;infanzia<\/span><\/h3>\n<h4><span style=\"color: #0000ff;\">Sa Sedda<\/span>:<\/h4>\n<h4><strong>mercoled\u00ec 8<\/strong> e <strong>gioved\u00ec 9<\/strong> gennaio <strong>dalle ore 16.00 alle ore 17.30.<\/strong><\/h4>\n<p>Programma :<\/p>\n<p><strong>Mercoled\u00ec 8 dalle 16,00 alle 17,30 : <\/strong>\u00a0presentazione offerta formativa nei locali della Scuola dell\u2019\u2019Infanzia .<\/p>\n<p><strong>Gioved\u00ec 9 dalle 16,00 alle 17,30 : <\/strong>\u00a0laboratori di pittura e manipolazione per i nuovi iscritti e visita dei locali della scuola.\u00a0 In seguito, fino al <strong>30 gennaio<\/strong> in orario di compresenza, <strong>dalle ore 11.00 alle 12.00<\/strong>, accoglienza bambini e genitori per far visitare la scuola e le sezioni durante le attivit\u00e0 didattiche. Dal giorno 10 gennaio al 30 gennaio<\/p>\n<h4><span style=\"color: #0000ff;\">Vivaldi:<\/span><\/h4>\n<p>dal <strong>7<\/strong> al <strong>31<\/strong> gennaio\u00a0 tutti i giorni dalle ore <strong>11,00<\/strong> alle <strong>12,30 <\/strong>accoglienza alunni e genitori dei nuovi iscritti.<\/p>\n<h4><span style=\"color: #0000ff;\">La Caletta:<\/span><\/h4>\n<p><strong>Mercoled\u00ec 22 gennaio<\/strong>: dalle <strong>16,10<\/strong> alle <strong>17,30<\/strong> presentazione offerta formativa, nei locali della scuola dell\u2019infanzia, ai genitori dei nuovi iscritti.<br \/>\nNei giorni <strong>23 gennaio<\/strong> e <strong>24 gennaio<\/strong> la scuola sar\u00e0 aperta al mattino per accogliere gli alunni e i genitori dalle ore <strong>11,00<\/strong> alle ore <strong>11,45<\/strong>.<\/p>\n<h3 style=\"text-align: center;\"><span style=\"color: #000080;\">Scuola Primaria e Secondaria di 1^ Grado<br \/>\n<\/span><\/h3>\n<p><strong>Marted\u00ec 14 gennaio<\/strong>: dalle <strong>16,30<\/strong> presentazione offerta formativa, presso l&#8217;Auditorium di Sa Sedda, ai genitori dei nuovi iscritti alla scuola primaria e secondaria di 1^ grado.<\/p>\n<p>&nbsp;<\/p>\n","protected":false},"excerpt":{"rendered":"<p>Scuola dell&#8217;infanzia Sa Sedda: mercoled\u00ec 8 e gioved\u00ec 9 gennaio dalle ore 16.00 alle ore 17.30. Programma : Mercoled\u00ec 8 dalle 16,00 alle 17,30 : \u00a0presentazione offerta formativa nei locali della Scuola dell\u2019\u2019Infanzia . Gioved\u00ec 9 dalle 16,00 alle 17,30 : \u00a0laboratori di pittura e manipolazione per i nuovi iscritti e visita dei locali della&nbsp; &nbsp; <a class=\"moretag\" href=\"https:\/\/www.icsiniscola2.edu.it\/open-day-2020-2021\/\" title=\"Leggi l&#180;intero articolo\">&raquo;<\/a><\/p>\n","protected":false},"author":1,"featured_media":0,"parent":0,"menu_order":0,"comment_status":"closed","ping_status":"closed","template":"","meta":[],"_links":{"self":[{"href":"https:\/\/www.icsiniscola2.edu.it\/wp-json\/wp\/v2\/pages\/15204"}],"collection":[{"href":"https:\/\/www.icsiniscola2.edu.it\/wp-json\/wp\/v2\/pages"}],"about":[{"href":"https:\/\/www.icsiniscola2.edu.it\/wp-json\/wp\/v2\/types\/page"}],"author":[{"embeddable":true,"href":"https:\/\/www.icsiniscola2.edu.it\/wp-json\/wp\/v2\/users\/1"}],"replies":[{"embeddable":true,"href":"https:\/\/www.icsiniscola2.edu.it\/wp-json\/wp\/v2\/comments?post=15204"}],"version-history":[{"count":5,"href":"https:\/\/www.icsiniscola2.edu.it\/wp-json\/wp\/v2\/pages\/15204\/revisions"}],"predecessor-version":[{"id":15221,"href":"https:\/\/www.icsiniscola2.edu.it\/wp-json\/wp\/v2\/pages\/15204\/revisions\/15221"}],"wp:attachment":[{"href":"https:\/\/www.icsiniscola2.edu.it\/wp-json\/wp\/v2\/media?parent=15204"}],"curies":[{"name":"wp","href":"https:\/\/api.w.org\/{rel}","templated":true}]}}