{"id":17514,"date":"2021-01-06T06:15:41","date_gmt":"2021-01-06T05:15:41","guid":{"rendered":"https:\/\/www.icsiniscola2.edu.it\/?page_id=17514"},"modified":"2021-05-10T13:02:35","modified_gmt":"2021-05-10T11:02:35","slug":"proposte-formative","status":"publish","type":"page","link":"https:\/\/www.icsiniscola2.edu.it\/proposte-formative\/","title":{"rendered":"Proposte Formative<img style=\"\" src=\"https:\/\/www.icsiniscola2.edu.it\/wp-content\/uploads\/2016\/04\/new-35.gif\" alt=\"\"\/>"},"content":{"rendered":"<p><a href=\"https:\/\/www.icsiniscola2.edu.it\/listituto\/formazione\/\">Torna a Formazione<\/a><\/p>\n<h4><span style=\"color: #000080;\">In questa pagina troverete le proposte formative emerse e quelle che si manifesteranno nel corso degli anni.\u00a0 <\/span><span style=\"color: #000080;\">Sar\u00e0 inoltre <\/span><span style=\"color: #000080;\">possibile indicare le varie opportunit\u00e0 di formazione che il singolo docente riterr\u00e0 valide e degne di condivisione.<\/span><\/h4>\n<ul>\n<li><a href=\"https:\/\/www.icsiniscola2.edu.it\/webinar-scuola-polo-avanguardie-educative\/\">Webinar per la diffusione del <strong>Movimento Avanguardie Educative<\/strong><\/a> (INDIRE) &#8211; 18-19 Maggio<\/li>\n<li><a href=\"https:\/\/www.icsiniscola2.edu.it\/percorso-di-formazione-a-distanza-fad-sui-disturbi-specifici-dellapprendimento-dsa\/\">Percorso di formazione a distanza sui <\/a><strong>Disturbi specifici di Apprendimento &#8211; <\/strong>Iscrizione entro e non oltre \u00a0il giorno<strong> 16 maggio p.v.<\/strong><\/li>\n<li><a href=\"https:\/\/www.icsiniscola2.edu.it\/piano-nazionale-di-formazione-del-personale-docente-dellambito-3\/\"><strong>Richiesta adesione<\/strong> ai corsi<\/a> sulla <strong>Valutazione nella scuola Primaria<\/strong> e sul nuovo <strong>Piano Educativo Individualizzato <\/strong>(Piano Nazionale di formazione del personale docente dell&#8217;ambito n. 3<strong>)<\/strong><\/li>\n<li><a href=\"https:\/\/www.icsiniscola2.edu.it\/quaderni-di-sport-di-classe-webinar-4-maggio-2021\/\"><strong>Quaderni Sport di Classe &#8211; Webinar 4 maggio 2021<\/strong><\/a><\/li>\n<li><strong><a href=\"https:\/\/www.icsiniscola2.edu.it\/avanguardie-educative-webinar-iis-pischedda-di-bosa-9-10-marzo\/\">Webinar per la diffusione del Movimento Avanguardie Educative<\/a> (INDIRE):\u00a0 9-10 marzo 2021 &#8211; Scadenza iscrizioni: 05\/03\/2021.<\/strong><\/li>\n<li>\n<h4><strong>4 \u00b0 Edizione del <a href=\"https:\/\/www.icsiniscola2.edu.it\/4-edizione-del-concorso-progetto-pretendiamo-legalita\/\">concorso progetto &#8220;PretenDiamo legalit\u00e0&#8221;<\/a> per l&#8217;anno scolastico 2020\/21. Adesione al progetto entro e non oltre la data di mercoled\u00ec 2 Aprile pv.<\/strong><\/h4>\n<\/li>\n<li><strong>\u201cPNSD &#8211; Incontri d\u2019Oltremare\u201d &#8211; <a href=\"https:\/\/www.icsiniscola2.edu.it\/pnsd-incontri-doltremare-webinar-erasmus\/\">Webinar Erasmus+<\/a> :\u00a0 marted\u00ec 30 marzo 2021 dalle 16:00 alle 18:00 &#8211; scadenza preiscrizione: 26\/03\/21 h. 12.00.<\/strong><\/li>\n<li>\n<h4><strong><a href=\"https:\/\/www.icsiniscola2.edu.it\/piano-nazionale-cinema-e-immagini-per-la-scuola\/\">Piano Nazionale Cinema e Immagini per la scuola <\/a>. L&#8217;inizio del corso di formazione \u00e8 previsto a partire dalla seconda met\u00e0 del mese di marzo. Le iscrizioni sono gi\u00e0 aperte.<\/strong><\/h4>\n<p>&nbsp;<\/li>\n<\/ul>\n<h4><span style=\"color: #000080;\">Invitiamo i docenti a registrarsi ai\u00a0 siti quali\u00a0 <strong>Wikiscuola, Canalescuola,<\/strong> <strong>CampusStore<\/strong> per ricevere puntuali newsletter\u00a0 sulle varie iniziative di formazione in calendario nelle rispettive piattaforme.<\/span><\/h4>\n<ul>\n<li><a href=\"https:\/\/wikiscuola.it\/index.php\/it\/\">Home (wikiscuola.it)<\/a><\/li>\n<\/ul>\n<p>&nbsp;<\/p>\n<ul>\n<li><a href=\"https:\/\/www.campustore.it\/?utm_source=newsletter&amp;utm_medium=email&amp;utm_campaign=webinar\">Campus Store<\/a><\/li>\n<\/ul>\n<p>&nbsp;<\/p>\n<ul>\n<li><a href=\"https:\/\/www.canalescuola.it\/servizi-per-la-scuola\">Servizi per la scuola, progetti didattici ed educativi (canalescuola.it)<\/a><\/li>\n<\/ul>\n<p>&nbsp;<\/p>\n<ul>\n<li><a href=\"https:\/\/education.microsoft.com\/it-it\/course\/83a23a60\/overview?fbclid=IwAR2bHTLffD0BE--aN6q95M2pbh-EZXwWmgHWSkVYgUdzmIFSJS8qL1co-0g\">Trasformare l&#8217;apprendimento con Microsoft Teams<\/a><\/li>\n<\/ul>\n<p>&nbsp;<\/p>\n<ul>\n<li><a href=\"https:\/\/scuolaoltre.it\/corsi-webinar-gratuiti\">Webinar gratuiti &#8211; Scuolaoltre<\/a><\/li>\n<\/ul>\n<p>&nbsp;<\/p>\n<ul>\n<li><a href=\"https:\/\/www.erickson.it\/it\/gruppi-variante\/corsi-online?ff=true\">Erickson corsi online<\/a><\/li>\n<\/ul>\n<p>&nbsp;<\/p>\n<ul>\n<li><a href=\"https:\/\/www.mondadorieducation.it\/formazione-e-aggiornamento\/webinar\/\">Webinar: la formazione online &#8211; Mondadori Education<\/a><\/li>\n<\/ul>\n<p>&nbsp;<\/p>\n<ul>\n<li><a href=\"https:\/\/www.federica.eu\/tutti-i-mooc\/\">MOOC: didattica online gratuita &#8211; Federica WebLearning<\/a><\/li>\n<\/ul>\n<p>&nbsp;<\/p>\n<ul>\n<li><a href=\"https:\/\/www.fondoambiente.it\/il-fai\/scuola\/progetti-fai-scuola\/educazione-ambientale\/\">Identit\u00e0 ritrovate, progetto di educazione ambientale | FAI Scuola (fondoambiente.it)<\/a><\/li>\n<\/ul>\n<p>&nbsp;<\/p>\n<ul>\n<li><a href=\"https:\/\/www.orizzontescuolaformazione.it\/corso\/didattica-a-distanza-con-microsoft-teams\/\">Didattica a distanza con Microsoft Teams &#8211; Corso con iscrizione e fruizione gratuite &#8211; Orizzonte Scuola Formazione<\/a><\/li>\n<\/ul>\n<p>&nbsp;<\/p>\n<ul>\n<li><a href=\"https:\/\/www.wikiscuola.eu\/prodotto\/office-365-edu-academy-forms-in-sincrono-su-teams-edizione-2\/\">Office 365 EDU Academy: Forms in sincrono su Teams (Edizione 2) \u2013 Wikiscuola &#8211;<\/a><\/li>\n<\/ul>\n","protected":false},"excerpt":{"rendered":"<p>Torna a Formazione In questa pagina troverete le proposte formative emerse e quelle che si manifesteranno nel corso degli anni.\u00a0 Sar\u00e0 inoltre possibile indicare le varie opportunit\u00e0 di formazione che il singolo docente riterr\u00e0 valide e degne di condivisione. Webinar per la diffusione del Movimento Avanguardie Educative (INDIRE) &#8211; 18-19 Maggio Percorso di formazione a&nbsp; &nbsp; <a class=\"moretag\" href=\"https:\/\/www.icsiniscola2.edu.it\/proposte-formative\/\" title=\"Leggi l&#180;intero articolo\">&raquo;<\/a><\/p>\n","protected":false},"author":1,"featured_media":0,"parent":0,"menu_order":0,"comment_status":"closed","ping_status":"closed","template":"","meta":[],"_links":{"self":[{"href":"https:\/\/www.icsiniscola2.edu.it\/wp-json\/wp\/v2\/pages\/17514"}],"collection":[{"href":"https:\/\/www.icsiniscola2.edu.it\/wp-json\/wp\/v2\/pages"}],"about":[{"href":"https:\/\/www.icsiniscola2.edu.it\/wp-json\/wp\/v2\/types\/page"}],"author":[{"embeddable":true,"href":"https:\/\/www.icsiniscola2.edu.it\/wp-json\/wp\/v2\/users\/1"}],"replies":[{"embeddable":true,"href":"https:\/\/www.icsiniscola2.edu.it\/wp-json\/wp\/v2\/comments?post=17514"}],"version-history":[{"count":23,"href":"https:\/\/www.icsiniscola2.edu.it\/wp-json\/wp\/v2\/pages\/17514\/revisions"}],"predecessor-version":[{"id":18094,"href":"https:\/\/www.icsiniscola2.edu.it\/wp-json\/wp\/v2\/pages\/17514\/revisions\/18094"}],"wp:attachment":[{"href":"https:\/\/www.icsiniscola2.edu.it\/wp-json\/wp\/v2\/media?parent=17514"}],"curies":[{"name":"wp","href":"https:\/\/api.w.org\/{rel}","templated":true}]}}