{"id":17516,"date":"2021-01-06T06:18:53","date_gmt":"2021-01-06T05:18:53","guid":{"rendered":"https:\/\/www.icsiniscola2.edu.it\/?page_id=17516"},"modified":"2022-01-13T14:30:11","modified_gmt":"2022-01-13T13:30:11","slug":"archivio-formazione","status":"publish","type":"page","link":"https:\/\/www.icsiniscola2.edu.it\/archivio-formazione\/","title":{"rendered":"Archivio Formazione"},"content":{"rendered":"<p><a href=\"https:\/\/www.icsiniscola2.edu.it\/listituto\/formazione\/\">Torna a Formazione<\/a><\/p>\n<h3 style=\"text-align: center;\"><span style=\"color: #000080;\"><strong>A.S. 2020-2021<\/strong><\/span><\/h3>\n<h3>Integrazione al PTOF 2019\/2022. Anno Scolastico di riferimento 2020\/2021:<\/h3>\n<h3><a href=\"https:\/\/www.icsiniscola2.edu.it\/wp-content\/uploads\/2021\/01\/Piano-di-formazione-dei-docenti.pdf\">Piano di formazione dei docenti<\/a><\/h3>\n<p>&nbsp;<\/p>\n<h3>In questa pagina troverete le proposte formative emerse e quelle che si manifesteranno nel corso degli anni.\u00a0\u00a0Sar\u00e0 inoltre possibile indicare le varie opportunit\u00e0 di formazione che il singolo docente riterr\u00e0 valide e degne di condivisione:<\/h3>\n<p><img decoding=\"async\" loading=\"lazy\" class=\"alignleft wp-image-17693\" src=\"https:\/\/www.icsiniscola2.edu.it\/wp-content\/uploads\/2021\/02\/news-300x141.jpg\" sizes=\"(max-width: 53px) 100vw, 53px\" srcset=\"https:\/\/www.icsiniscola2.edu.it\/wp-content\/uploads\/2021\/02\/news-300x141.jpg 300w, https:\/\/www.icsiniscola2.edu.it\/wp-content\/uploads\/2021\/02\/news-180x85.jpg 180w, https:\/\/www.icsiniscola2.edu.it\/wp-content\/uploads\/2021\/02\/news.jpg 328w\" alt=\"NEWS\" width=\"53\" height=\"25\" \/><\/p>\n<h3>:\u00a0<a href=\"https:\/\/www.icsiniscola2.edu.it\/proposte-formative\/\">Proposte formative<\/a><\/h3>\n<p>&nbsp;<\/p>\n<h3><a href=\"https:\/\/www.icsiniscola2.edu.it\/pnsd-azione-25\/\">PNSD Azione # 25\u00a0 \u2013 corsi di formazione<\/a>\u00a0\u201cPrinc\u00ecpi di informatica per la didattica digitale\u201d per docenti della scuola primaria \u2013 S<\/h3>\n<h3 style=\"text-align: center;\"><strong><span style=\"color: #000080;\">A.S. 2019-2020<\/span><\/strong><\/h3>\n<h4><span style=\"color: #000080;\">Corso di formazione interna:<\/span><\/h4>\n<ul>\n<li><a href=\"https:\/\/www.icsiniscola2.edu.it\/circolari\/circ-n-53_28-novembre-2019\/\"><span style=\"color: #000080;\"><strong>Piano di formazione Animatore Digitale<\/strong><\/span><\/a><\/li>\n<li><a href=\"https:\/\/www.icsiniscola2.edu.it\/wp-content\/uploads\/2019\/11\/LOra-del-Codice-3.docx\"><strong>Coding: &#8220;L&#8217;ora del Codice&#8221;<\/strong><\/a><\/li>\n<\/ul>\n<p>&nbsp;<\/p>\n<p><span style=\"color: #000080;\">Per le proposte di formazione docenti del corrente anno scolastico visita la pagina in <strong>Area Riservata Docenti<\/strong><\/span><\/p>\n<p>&nbsp;<\/p>\n<hr \/>\n<h3><\/h3>\n<h3><\/h3>\n<h3><span style=\"color: #000080;\"><strong>Insegnamento con l\u2019utilizzo delle L.I.M. <\/strong>(Lavagne Interattive Multimediali)<\/span><\/h3>\n<p style=\"text-align: justify;\"><span style=\"color: #000080;\">Con il progetto, di cui alla<a style=\"color: #000080;\" href=\"http:\/\/www.semidas.it\/sites\/default\/files\/u1152\/del.%20n.%2052.9%20%20del%2027.11.2009.pdf\"><strong> delibera n. 52\/9 del 27.11.2009<\/strong><\/a>\u00a0 della RAS avente ad oggetto &#8220;<strong>POR Sardegna 2007\/2013, FERS, Asse I e Asse II, FSE &#8211; Asse IV, Programmazione Risorse. Progetto Scuola Digitale &#8211; Digitalizzazione della scuola sarda avente come obiettivo primario l&#8217;estensione, l&#8217;implementazione e lo sviluppo delle iniziative del Ministero dell&#8217; Istruzione, dell&#8217;Universit\u00e0 e della Ricerca\u00a0 e del Ministero della Pubblica amministrazione e innovazione<\/strong>&#8221; \u00e8 stato finanziato rispettivamente con <a style=\"color: #000080;\" href=\"http:\/\/www.regione.sardegna.it\/documenti\/1_72_20080616165635.pdf\"><strong>delibera n\u00b0 25\/14 del 29.04.2008<\/strong><\/a> e con <a style=\"color: #000080;\" href=\"http:\/\/www.regione.sardegna.it\/documenti\/1_74_20081219110033.pdf\"><strong>delibera n\u00b0 68\/1 del 03.12.2008<\/strong><\/a> in tutte le aule della scuola primaria e secondaria di primo grado sono state collocate le<strong> L.I.M.<\/strong> per dare supporto alla didattica.<\/span><\/p>\n<p style=\"text-align: justify;\"><span style=\"color: #000080;\">Grazie all&#8217;utilizzo di questa tecnologia i docenti riusciranno ad aumentare il livello di interesse per le loro lezioni,\u00a0 che potranno essere svolte direttamente in aula\u00a0in modo\u00a0creativo.<\/span><\/p>\n<p style=\"text-align: justify;\"><span style=\"color: #000080;\">Questo tipo di tecnologie incoraggiano la partecipazione attiva con un controllo tattile di facile utilizzo, stimolano gli studenti con un apprendimento visivo e arricchiscono le lezioni con la scrittura su applicazioni.<\/span><\/p>\n<p style=\"text-align: justify;\"><span style=\"color: #000080;\">Gli alunni saranno pi\u00f9 attenti e coinvolti poich\u00e9 avranno la possibilit\u00e0 di partecipare alle lezioni in modo\u00a0ancora pi\u00f9 costruttivo creando\u00a0contenuti che, potranno essere riutilizzati o\u00a0 rielaborati in forma collaborativa.<\/span><\/p>\n<p style=\"text-align: justify;\"><span style=\"color: #000080;\">Il Progetto \u201c<strong>SCUOLA DIGITALE<\/strong>\u201d prevede la formazione diretta dei docenti (Master Teachers) ad agevolare l\u2019utilizzo delle<strong> L.I.M.<\/strong>, la fruizione e la produzione di materiale digitale, come pure l\u2019elaborazione e l\u2019adozione di metodologie didattiche innovative.<strong><em>\u00a0<\/em><\/strong><\/span><\/p>\n<ul>\n<li style=\"text-align: justify;\"><a style=\"color: #000080;\" href=\"https:\/\/www.icsiniscola2.edu.it\/wp-content\/uploads\/2009\/04\/MASTER-TEACHER-Scuola-Digitale-Sardegna.pdf\"><strong>MASTER TEACHER<\/strong>\u00a0 Scuola Digitale Sardegna.pdf.22MB<\/a><\/li>\n<li style=\"text-align: justify;\"><span style=\"color: #000080;\"><a style=\"color: #000080;\" href=\"https:\/\/www.icsiniscola2.edu.it\/wp-content\/uploads\/2009\/04\/PROVA.pdf\"><strong>Calendario attivit\u00e0<\/strong>\u00a0Formazione docenti Scuola Digitale.pdf.1,2.MB<\/a><\/span><\/li>\n<\/ul>\n<p><span style=\"color: #000080;\">\u00a0<\/span><\/p>\n<hr \/>\n<p><img decoding=\"async\" src=\"http:\/\/it.eipass.com\/wp-content\/uploads\/2013\/02\/xeipass1.png.pagespeed.ic._WqY_6AtuL.png\" alt=\"EIPASS\" \/><\/p>\n<p>&nbsp;<\/p>\n<p><span style=\"color: #000080;\">La nostra scuola ha ottenuto l&#8217;accreditamento per l&#8217;attivazione come <strong>Ei-Center EIPASS<\/strong>.<\/span><\/p>\n<p><span style=\"color: #000080;\">In questo caso, l&#8217;istituzione \u00e8 abilitata alla promozione e alla distribuzione dei Programmi di Certificazione <strong>EIPASS<\/strong>, per cui pu\u00f2 accedere liberamente alla piattaforma <strong>Didasko<\/strong>, per gestire autonomamente e in maniera indipendente , ogni attivit\u00e0 necessaria per profilare gli studenti fissare le sessioni d&#8217;esame necessarie per acquisire la certificazione <strong>EIPASS.<\/strong><\/span><\/p>\n<p><span style=\"color: #000080;\"><strong>CERTIPASS<\/strong> \u00e8 l\u2019unico Ente erogatore dei programmi internazionali di certificazione delle competenze digitali <strong>EIPASS<\/strong>, distribuite sul territorio comunitario, ed <strong>IIPASS<\/strong>, su territorio extra comunitario. Per acquisire ulteriori informazioni: \u00a0 <\/span><a style=\"color: #000080;\" href=\"http:\/\/it.eipass.com\/\">http:\/\/it.eipass.com\/<\/a><\/p>\n<ul>\n<li>\u00a0<span style=\"color: #000080;\"><a style=\"color: #000080;\" href=\"https:\/\/www.icsiniscola2.edu.it\/wp-content\/uploads\/2009\/04\/Junior_4school_progetto_gratuito-1.pdf\">Junior_4school_progetto_gratuito-1.pdf.958.k<\/a><\/span><\/li>\n<\/ul>\n<p>&nbsp;<\/p>\n","protected":false},"excerpt":{"rendered":"<p>Torna a Formazione A.S. 2020-2021 Integrazione al PTOF 2019\/2022. Anno Scolastico di riferimento 2020\/2021: Piano di formazione dei docenti &nbsp; In questa pagina troverete le proposte formative emerse e quelle che si manifesteranno nel corso degli anni.\u00a0\u00a0Sar\u00e0 inoltre possibile indicare le varie opportunit\u00e0 di formazione che il singolo docente riterr\u00e0 valide e degne di condivisione:&nbsp; &nbsp; <a class=\"moretag\" href=\"https:\/\/www.icsiniscola2.edu.it\/archivio-formazione\/\" title=\"Leggi l&#180;intero articolo\">&raquo;<\/a><\/p>\n","protected":false},"author":1,"featured_media":0,"parent":0,"menu_order":0,"comment_status":"closed","ping_status":"closed","template":"","meta":[],"_links":{"self":[{"href":"https:\/\/www.icsiniscola2.edu.it\/wp-json\/wp\/v2\/pages\/17516"}],"collection":[{"href":"https:\/\/www.icsiniscola2.edu.it\/wp-json\/wp\/v2\/pages"}],"about":[{"href":"https:\/\/www.icsiniscola2.edu.it\/wp-json\/wp\/v2\/types\/page"}],"author":[{"embeddable":true,"href":"https:\/\/www.icsiniscola2.edu.it\/wp-json\/wp\/v2\/users\/1"}],"replies":[{"embeddable":true,"href":"https:\/\/www.icsiniscola2.edu.it\/wp-json\/wp\/v2\/comments?post=17516"}],"version-history":[{"count":5,"href":"https:\/\/www.icsiniscola2.edu.it\/wp-json\/wp\/v2\/pages\/17516\/revisions"}],"predecessor-version":[{"id":19277,"href":"https:\/\/www.icsiniscola2.edu.it\/wp-json\/wp\/v2\/pages\/17516\/revisions\/19277"}],"wp:attachment":[{"href":"https:\/\/www.icsiniscola2.edu.it\/wp-json\/wp\/v2\/media?parent=17516"}],"curies":[{"name":"wp","href":"https:\/\/api.w.org\/{rel}","templated":true}]}}