{"id":18714,"date":"2021-09-06T08:39:04","date_gmt":"2021-09-06T06:39:04","guid":{"rendered":"https:\/\/www.icsiniscola2.edu.it\/?page_id=18714"},"modified":"2021-11-02T15:38:06","modified_gmt":"2021-11-02T14:38:06","slug":"archivio-regolamenti","status":"publish","type":"page","link":"https:\/\/www.icsiniscola2.edu.it\/archivio-regolamenti\/","title":{"rendered":"Archivio Regolamenti"},"content":{"rendered":"<h2 style=\"text-align: center;\"><span style=\"color: #000080;\">A.S. 2020-2021<\/span><\/h2>\n<ul>\n<li>\n<h3><a href=\"https:\/\/www.icsiniscola2.edu.it\/wp-content\/uploads\/2020\/11\/REGOLAMENTO-DI-ISTITUTO-modificato-a.s.2020-21.pdf\">Regolamento di Istituto\u00a0 a.s.2020-21<\/a><\/h3>\n<\/li>\n<li>\n<h3><a href=\"https:\/\/www.icsiniscola2.edu.it\/wp-content\/uploads\/2020\/11\/Infanzia_Patto-Corresponsabilita.pdf\">Infanzia_Patto di Corresponsabilit\u00e0<\/a><\/h3>\n<\/li>\n<li>\n<h3><a href=\"https:\/\/www.icsiniscola2.edu.it\/wp-content\/uploads\/2020\/11\/Primaria_Patto-Corresponsabilita.pdf\">Primaria_Patto di Corresponsabilit\u00e0<\/a><\/h3>\n<\/li>\n<li>\n<h3><a href=\"https:\/\/www.icsiniscola2.edu.it\/wp-content\/uploads\/2020\/11\/Secondaria-I-grado_Patto-Corresponsabilita.pdf\">Secondaria I grado_Patto di Corresponsabilit\u00e0<\/a><\/h3>\n<\/li>\n<li>\n<h3><a href=\"https:\/\/www.icsiniscola2.edu.it\/wp-content\/uploads\/2021\/01\/Regolamento-DDI-_05_01_2021-1.pdf\">Regolamento Didattica Digitale Integrata _05_01_2021 <\/a><\/h3>\n<\/li>\n<\/ul>\n<ul>\n<li style=\"list-style-type: none;\">\n<ul style=\"list-style-type: square;\">\n<li><a href=\"https:\/\/www.icsiniscola2.edu.it\/wp-content\/uploads\/2020\/11\/Allegato-A_-Regolamento-DDI_-Patto-di-corresponsabilita-1.pdf\">Allegato-A_-Regolamento-DDI_-Patto-di-corresponsabilita-1<\/a><\/li>\n<li><a href=\"https:\/\/www.icsiniscola2.edu.it\/wp-content\/uploads\/2020\/11\/Allegato-B_-Regolamento-DDI_-Modello-richiesta-dispositivi.pdf\">Allegato-B_-Regolamento-DDI_-Modello-richiesta-dispositivi<\/a><\/li>\n<li><a href=\"https:\/\/www.icsiniscola2.edu.it\/wp-content\/uploads\/2020\/11\/Allegato-C_-Regolamento-DDI_-Stipula-contratto_22-10-20_da-applicare.pdf\">Allegato-C_-Regolamento-DDI_-Stipula-contratto_22-10-20_da-applicare<\/a><\/li>\n<li><a href=\"https:\/\/www.icsiniscola2.edu.it\/wp-content\/uploads\/2020\/11\/Allegato-D_-Regolamento-DDI_Modulo-Restituzione-Devices-Comodato_22-10-20_da-applicare.pdf\">Allegato-D_-Regolamento-DDI_Modulo-Restituzione-Devices-Comodato_22-10-20_da-appl<\/a><\/li>\n<\/ul>\n<\/li>\n<\/ul>\n<ul>\n<li style=\"list-style-type: none;\"><\/li>\n<\/ul>\n<h2 style=\"text-align: center;\"><span style=\"color: #000080;\">A.S 2019-2020<\/span><\/h2>\n<ul>\n<li>\n<h3><a href=\"https:\/\/www.icsiniscola2.edu.it\/wp-content\/uploads\/2020\/11\/CCNL-siglato-in-data-19-aprile-2018-titolo-III-dall\u2019art.10-all\u2019art.-17.pdf\">CCNL siglato in data 19 aprile 2018 (titolo III dall\u2019art.10 all\u2019art. 17)<\/a><\/h3>\n<\/li>\n<li>\n<h3><span style=\"color: #000080;\"><a href=\"https:\/\/www.icsiniscola2.edu.it\/amm-trasparente\/pubblicazione-nuovo-codice-disciplinare-art-13-ccnl-20162018\/\">Nuovo codice disciplinare Art. 13 CCNL 2016-2018<\/a><\/span><\/h3>\n<\/li>\n<li>\n<h3><span style=\"color: #000080;\"><a href=\"https:\/\/www.icsiniscola2.edu.it\/patto-di-corresponsabilita\/\">Patti di corresponsabilit\u00e0<\/a><\/span><\/h3>\n<\/li>\n<li>\n<h3><a href=\"https:\/\/www.icsiniscola2.edu.it\/wp-content\/uploads\/2009\/04\/regolamento-interno_infanzia_tre-plessi.docx\" rel=\"\">Regolamento interno scuola dell&#8217;infanzia<\/a><\/h3>\n<\/li>\n<li>\n<h3><span style=\"color: #000080;\"><a href=\"https:\/\/www.icsiniscola2.edu.it\/wp-content\/uploads\/2019\/01\/REGOLAMENTO-DI-ISTITUTO_I-C-n.2-_Albino-Bernardini-.doc\">Regolamento di Istituto_I C n.2 _Albino Bernardini<\/a><\/span><\/h3>\n<\/li>\n<li>\n<h3><span style=\"color: #000080;\">\u00a0<a style=\"color: #000080;\" href=\"https:\/\/www.icsiniscola2.edu.it\/wp-content\/uploads\/2009\/04\/Regolamento-Consiglio-di-Istituto-288-Kb.pdf\">Regolamento Consiglio di Istituto 288 Kb<\/a><br \/>\n<\/span><\/h3>\n<\/li>\n<li>\n<h3><span style=\"color: #000080;\">Regolamento dell&#8217;Organo di Garanzia (Secondaria di primo grado):\u00a0\u00a0<a style=\"color: #000080;\" href=\"https:\/\/www.icsiniscola2.edu.it\/wp-content\/uploads\/2009\/04\/Organo-di-Garanzia.pdf\">Organo di Garanzia.pdf.99kB<\/a><\/span><\/h3>\n<\/li>\n<li>\n<h3><span style=\"color: #000080;\">Decreto Trasparenza:\u00a0<a style=\"color: #000080;\" href=\"https:\/\/www.icsiniscola2.edu.it\/wp-content\/uploads\/2009\/04\/D.Lgs_.-n.-33_2013.pdf\">D.L.N\u00b033-2013.pdf.504kB<\/a><\/span><\/h3>\n<\/li>\n<li>\n<h3><span style=\"color: #000080;\">Codice di disciplina della Pubblica Amministrazione:\u00a0<a style=\"color: #000080;\" href=\"https:\/\/www.icsiniscola2.edu.it\/wp-content\/uploads\/2015\/03\/Codice_disciplinare.pdf\">DPR N\u00b062-2013.pdf.60kB<\/a><\/span><\/h3>\n<\/li>\n<li>\n<h3><span style=\"color: #000080;\">La Privacy a scuola:\u00a0<a style=\"color: #000080;\" href=\"https:\/\/www.icsiniscola2.edu.it\/wp-content\/uploads\/2009\/04\/La-privacy-a-scuola-Vademecum.pdf\">Le regole da ricordare.pdf.4MB<\/a><\/span><\/h3>\n<\/li>\n<\/ul>\n<p>&nbsp;<\/p>\n<p>&nbsp;<\/p>\n","protected":false},"excerpt":{"rendered":"<p>A.S. 2020-2021 Regolamento di Istituto\u00a0 a.s.2020-21 Infanzia_Patto di Corresponsabilit\u00e0 Primaria_Patto di Corresponsabilit\u00e0 Secondaria I grado_Patto di Corresponsabilit\u00e0 Regolamento Didattica Digitale Integrata _05_01_2021 Allegato-A_-Regolamento-DDI_-Patto-di-corresponsabilita-1 Allegato-B_-Regolamento-DDI_-Modello-richiesta-dispositivi Allegato-C_-Regolamento-DDI_-Stipula-contratto_22-10-20_da-applicare Allegato-D_-Regolamento-DDI_Modulo-Restituzione-Devices-Comodato_22-10-20_da-appl A.S 2019-2020 CCNL siglato in data 19 aprile 2018 (titolo III dall\u2019art.10 all\u2019art. 17) Nuovo codice disciplinare Art. 13 CCNL 2016-2018 Patti di corresponsabilit\u00e0 Regolamento interno scuola dell&#8217;infanzia Regolamento&nbsp; &nbsp; <a class=\"moretag\" href=\"https:\/\/www.icsiniscola2.edu.it\/archivio-regolamenti\/\" title=\"Leggi l&#180;intero articolo\">&raquo;<\/a><\/p>\n","protected":false},"author":23,"featured_media":0,"parent":0,"menu_order":0,"comment_status":"closed","ping_status":"closed","template":"","meta":[],"_links":{"self":[{"href":"https:\/\/www.icsiniscola2.edu.it\/wp-json\/wp\/v2\/pages\/18714"}],"collection":[{"href":"https:\/\/www.icsiniscola2.edu.it\/wp-json\/wp\/v2\/pages"}],"about":[{"href":"https:\/\/www.icsiniscola2.edu.it\/wp-json\/wp\/v2\/types\/page"}],"author":[{"embeddable":true,"href":"https:\/\/www.icsiniscola2.edu.it\/wp-json\/wp\/v2\/users\/23"}],"replies":[{"embeddable":true,"href":"https:\/\/www.icsiniscola2.edu.it\/wp-json\/wp\/v2\/comments?post=18714"}],"version-history":[{"count":4,"href":"https:\/\/www.icsiniscola2.edu.it\/wp-json\/wp\/v2\/pages\/18714\/revisions"}],"predecessor-version":[{"id":19053,"href":"https:\/\/www.icsiniscola2.edu.it\/wp-json\/wp\/v2\/pages\/18714\/revisions\/19053"}],"wp:attachment":[{"href":"https:\/\/www.icsiniscola2.edu.it\/wp-json\/wp\/v2\/media?parent=18714"}],"curies":[{"name":"wp","href":"https:\/\/api.w.org\/{rel}","templated":true}]}}