{"id":19477,"date":"2022-02-26T15:02:13","date_gmt":"2022-02-26T14:02:13","guid":{"rendered":"https:\/\/www.icsiniscola2.edu.it\/?page_id=19477"},"modified":"2023-06-28T08:08:25","modified_gmt":"2023-06-28T06:08:25","slug":"progetto-continuita-e-orientamento-crescere-insieme","status":"publish","type":"page","link":"https:\/\/www.icsiniscola2.edu.it\/progetto-continuita-e-orientamento-crescere-insieme\/","title":{"rendered":"Lavoriamo e giochiamo insieme: i nostri progetti di continuit\u00e0\u00a0negli\u00a0anni\u2026."},"content":{"rendered":"<div class=\"wp-block-image\"><a href=\"https:\/\/www.icsiniscola2.edu.it\/la-scuola-siamo-noi\/\"><img decoding=\"async\" loading=\"lazy\" class=\"alignnone wp-image-17371\" src=\"https:\/\/www.icsiniscola2.edu.it\/wp-content\/uploads\/2020\/12\/bottone-INDIETRO-2-1-2.jpg\" alt=\"torna indietro\" width=\"57\" height=\"57\" \/><\/a><\/div>\n<h2 style=\"text-align: center;\">Anno scolastico 2021-2022<\/h2>\n<h3 style=\"text-align: center;\"><strong><em>Progetto d&#8217;Istituto di Continuit\u00e0 e Orientamento &#8220;Crescere Insieme&#8221;<\/em><\/strong><\/h3>\n<h3><img decoding=\"async\" loading=\"lazy\" class=\" wp-image-19479 aligncenter\" src=\"https:\/\/www.icsiniscola2.edu.it\/wp-content\/uploads\/2022\/02\/logo-progetto-continuita-300x150.jpeg\" alt=\"\" width=\"364\" height=\"182\" srcset=\"https:\/\/www.icsiniscola2.edu.it\/wp-content\/uploads\/2022\/02\/logo-progetto-continuita-300x150.jpeg 300w, https:\/\/www.icsiniscola2.edu.it\/wp-content\/uploads\/2022\/02\/logo-progetto-continuita-1024x512.jpeg 1024w, https:\/\/www.icsiniscola2.edu.it\/wp-content\/uploads\/2022\/02\/logo-progetto-continuita-768x384.jpeg 768w, https:\/\/www.icsiniscola2.edu.it\/wp-content\/uploads\/2022\/02\/logo-progetto-continuita-1536x768.jpeg 1536w, https:\/\/www.icsiniscola2.edu.it\/wp-content\/uploads\/2022\/02\/logo-progetto-continuita-180x90.jpeg 180w, https:\/\/www.icsiniscola2.edu.it\/wp-content\/uploads\/2022\/02\/logo-progetto-continuita.jpeg 2048w\" sizes=\"(max-width: 364px) 100vw, 364px\" \/><\/h3>\n<ul style=\"list-style-type: square;\">\n<li>\n<h3><span style=\"color: #000000;\"><a style=\"color: #000000;\" href=\"https:\/\/www.icsiniscola2.edu.it\/wp-content\/uploads\/2022\/02\/PROGETTO-CONTINUITA-E-ORIENTAMENTO-a.s.-21-22definitivo-PDF-1-1.pdf\"><strong>Presentazione del Progetto\u00a0<\/strong><\/a><\/span><\/h3>\n<\/li>\n<\/ul>\n<ul>\n<li>\n<h3><span style=\"color: #000000;\"><strong><a style=\"color: #000000;\" href=\"https:\/\/www.icsiniscola2.edu.it\/wp-content\/uploads\/2022\/06\/Continuita-infanzia-e-primaria-La-Caletta.pdf\">Continuit\u00e0 infanzia e primaria <em>La Caletta &#8211; pdf<\/em><\/a><\/strong><\/span><\/h3>\n<\/li>\n<li>\n<h3><span style=\"color: #000000;\"><strong><a style=\"color: #000000;\" href=\"https:\/\/www.icsiniscola2.edu.it\/continuita-scuole-dellinfanzia-santantoniovivaldisa-sedda-scuola-primaria-sa-sedda\/\">Continuit\u00e0 infanzia <em>Sa Sedda<\/em>, <em>Vivaldi<\/em>, <em>Sant&#8217;Antonio<\/em> e primaria <em>Sa Sedda<\/em><\/a><\/strong><\/span><\/h3>\n<\/li>\n<li>\n<h3><span style=\"color: #000000;\"><a style=\"color: #000000;\" href=\"https:\/\/www.icsiniscola2.edu.it\/eventi-di-fine-anno-scuola-secondaria-di-1-grado\/\"><em><strong>Continuit\u00e0 Primaria -Secondaria di 1^ grado<\/strong><\/em><\/a><\/span><\/h3>\n<\/li>\n<\/ul>\n<p>&nbsp;<\/p>\n<h2 style=\"text-align: center;\"><strong>Anno Scolastico 2019 &#8211; 2020<\/strong><\/h2>\n<h3><span style=\"color: #000000;\">Scuola dell&#8217;<\/span><span style=\"color: #000000;\">Infanzia &#8211; Primaria Sa Sedda:<strong style=\"font-size: 16px;\">\u00a0 \u00a0 <\/strong><em><a style=\"font-size: 16px; color: #000000;\" href=\"https:\/\/www.icsiniscola2.edu.it\/wp-content\/uploads\/2019\/10\/PROGETTO-CONTINUITA-CLASSI-APERTE.docx\"><strong>\u00a0Progetto Continuit\u00e0-Classi aperte<\/strong><\/a><span style=\"font-size: 16px;\">\u00a0<\/span><\/em><\/span><\/h3>\n<h3><span style=\"color: #000000;\">Scuola dell&#8217;Infanzia -Primaria La Caletta:<strong style=\"font-size: 16px;\"> \u00a0 <em> <a href=\"https:\/\/www.icsiniscola2.edu.it\/wp-content\/uploads\/2023\/06\/PROGETTO-CONTINUITA-3.pdf\">Progetto Continuit\u00e0\u00a0<\/a><\/em><\/strong><\/span><\/h3>\n<p>&nbsp;<\/p>\n<h2 style=\"text-align: center;\"><strong>Anno Scolastico 2018 &#8211; 2019<\/strong><\/h2>\n<h3><span style=\"color: #000000;\">Scuola dell&#8217;infanzia &#8211; Primaria La Caletta:<\/span>\u00a0<strong style=\"color: #000000; font-size: 16px;\"><em><a style=\"color: #000000;\" href=\"https:\/\/www.icsiniscola2.edu.it\/wp-content\/uploads\/2019\/06\/Presentazione-Progetto-Continuita-2018_19-La-Caletta_Siniscola1.pdf\">Progetto Continuit\u00e0<\/a><\/em><\/strong><\/h3>\n","protected":false},"excerpt":{"rendered":"<p>Anno scolastico 2021-2022 Progetto d&#8217;Istituto di Continuit\u00e0 e Orientamento &#8220;Crescere Insieme&#8221; Presentazione del Progetto\u00a0 Continuit\u00e0 infanzia e primaria La Caletta &#8211; pdf Continuit\u00e0 infanzia Sa Sedda, Vivaldi, Sant&#8217;Antonio e primaria Sa Sedda Continuit\u00e0 Primaria -Secondaria di 1^ grado &nbsp; Anno Scolastico 2019 &#8211; 2020 Scuola dell&#8217;Infanzia &#8211; Primaria Sa Sedda:\u00a0 \u00a0 \u00a0Progetto Continuit\u00e0-Classi aperte\u00a0 Scuola&nbsp; &nbsp; <a class=\"moretag\" href=\"https:\/\/www.icsiniscola2.edu.it\/progetto-continuita-e-orientamento-crescere-insieme\/\" title=\"Leggi l&#180;intero articolo\">&raquo;<\/a><\/p>\n","protected":false},"author":23,"featured_media":0,"parent":0,"menu_order":0,"comment_status":"closed","ping_status":"closed","template":"","meta":[],"_links":{"self":[{"href":"https:\/\/www.icsiniscola2.edu.it\/wp-json\/wp\/v2\/pages\/19477"}],"collection":[{"href":"https:\/\/www.icsiniscola2.edu.it\/wp-json\/wp\/v2\/pages"}],"about":[{"href":"https:\/\/www.icsiniscola2.edu.it\/wp-json\/wp\/v2\/types\/page"}],"author":[{"embeddable":true,"href":"https:\/\/www.icsiniscola2.edu.it\/wp-json\/wp\/v2\/users\/23"}],"replies":[{"embeddable":true,"href":"https:\/\/www.icsiniscola2.edu.it\/wp-json\/wp\/v2\/comments?post=19477"}],"version-history":[{"count":43,"href":"https:\/\/www.icsiniscola2.edu.it\/wp-json\/wp\/v2\/pages\/19477\/revisions"}],"predecessor-version":[{"id":21816,"href":"https:\/\/www.icsiniscola2.edu.it\/wp-json\/wp\/v2\/pages\/19477\/revisions\/21816"}],"wp:attachment":[{"href":"https:\/\/www.icsiniscola2.edu.it\/wp-json\/wp\/v2\/media?parent=19477"}],"curies":[{"name":"wp","href":"https:\/\/api.w.org\/{rel}","templated":true}]}}