{"id":19680,"date":"2022-04-21T17:27:04","date_gmt":"2022-04-21T15:27:04","guid":{"rendered":"https:\/\/www.icsiniscola2.edu.it\/?page_id=19680"},"modified":"2022-04-21T17:27:04","modified_gmt":"2022-04-21T15:27:04","slug":"pon-2014-2020","status":"publish","type":"page","link":"https:\/\/www.icsiniscola2.edu.it\/pon-2014-2020\/","title":{"rendered":"PON 2014-2020"},"content":{"rendered":"<p class=\"corpo_testo1\">I\u00a0<strong>Fondi strutturali e di investimento europei (Fondi SIE)<\/strong>\u00a0sono i principali strumenti finanziari della politica regionale dell\u2019<strong>Unione europea<\/strong>\u00a0il cui scopo \u00e8 quello di rafforzare la coesione economica, sociale e territoriale riducendo il divario fra le regioni pi\u00f9 avanzate e quelle in ritardo di sviluppo (art. 174 TFUE).<\/p>\n<p class=\"corpo_testo1\">I Fondi SIE si inseriscono all\u2019interno della\u00a0<strong>politica di coesione<\/strong>, definita dal Trattato sull\u2019Unione come obiettivo fondamentale del processo di\u00a0<strong>integrazione economica europea<\/strong>. La politica di coesione sostiene la creazione di posti di lavoro, la competitivit\u00e0 tra imprese, la crescita economica, lo sviluppo sostenibile e il miglioramento della qualit\u00e0 della vita dei cittadini in tutte le regioni e le citt\u00e0 dell\u2019Unione europea. Nell\u2019ambito della finalit\u00e0 generale della coesione, ciascuno dei Fondi Strutturali (Fondo Sociale Europeo e Fondo Europeo per lo Sviluppo Regionale) persegue specifiche missioni (cfr box\u00a0<em>\u201cLe missioni dei due Fondi Strutturali\u201d<\/em>). La politica di coesione fornisce il quadro di riferimento necessario alla realizzazione degli obiettivi della\u00a0<strong>strategia Europa 2020<\/strong>\u00a0per una\u00a0<strong>crescita intelligente, sostenibile e inclusiva<\/strong>\u00a0nell\u2019Unione europea entro il 2020.<\/p>\n<p class=\"corpo_testo1\">La politica di coesione si basa sul cofinanziamento nazionale o regionale. Si tratta di un sistema che induce gli Stati membri a mantenere il loro impegno di investimento e di crescita anche in periodi di recessione. Inoltre, gli interventi finanziari dell\u2019Unione devono essere aggiuntivi rispetto alla ordinaria spesa pubblica degli Stati, secondo il\u00a0<em>principio dell\u2019addizionalit\u00e0<\/em>\u00a0sancito dai regolamenti europei.<\/p>\n<p class=\"corpo_testo1\">Le risorse previste da questi fondi vengono distribuite secondo una\u00a0<strong>programmazione settennale<\/strong>.<\/p>\n<p class=\"corpo_testo1\">Al fine di rafforzare il\u00a0<strong>sistema dell\u2019istruzione e della formazione, il Ministero dell\u2019Istruzione, dell\u2019Universit\u00e0 e della Ricerca (MIUR)<\/strong>\u00a0ha gi\u00e0 promosso la realizzazione di interventi finanziati dai Fondi Strutturali durante tre cicli di programmazione (1994-1999; 2000-2006 e 2007-2013).<\/p>\n<p class=\"corpo_testo1\">Per il periodo di\u00a0<strong>programmazione 2014-2020<\/strong>, il MIUR sar\u00e0 responsabile dell\u2019attuazione del\u00a0<strong>Programma Operativo Nazionale\u00a0<em>\u201cPer la Scuola. Competenze e ambienti per l\u2019apprendimento\u201d<\/em><\/strong>, che prevede interventi di sviluppo delle competenze, finanziati dal FSE, ed interventi per il miglioramento degli ambienti e delle attrezzature per la didattica, finanziati dal FESR.<\/p>\n<h3 style=\"text-align: center;\"><span style=\"color: #000080;\"><strong>A.S. 2018-2019<\/strong><\/span><\/h3>\n<ul>\n<li><a href=\"https:\/\/www.icsiniscola2.edu.it\/wp-content\/uploads\/2019\/08\/FIRMATO_Determina-a-contrarre-Science-Lab-for-All.pdf\">Determina a contrarre Science Lab for All<\/a><\/li>\n<li><a href=\"https:\/\/www.icsiniscola2.edu.it\/wp-content\/uploads\/2019\/08\/FIRMATO_determina-a-contrarre-Classi-Connesse.pdf\">Determina a contrarre Classi Connesse<\/a><\/li>\n<li><span style=\"color: #000080;\"><a href=\"https:\/\/www.icsiniscola2.edu.it\/wp-content\/uploads\/2019\/08\/FIRMATO_Decreto-di-nomina-Commissione-PON.pdf\">Decreto di nomina Commissione PON 06\/08\/2019<\/a> <\/span><\/li>\n<li><a href=\"https:\/\/www.icsiniscola2.edu.it\/wp-content\/uploads\/2019\/04\/Nomina-progettista.pdf\">Nomina\u00a0 esperto interno Progettista per i progetti PON 10.8.1.A6 \u201cClassi connesse\u201d CUP G46G18001010006 &#8211; e &#8211; \u201cScience Lab for All\u201d CUP G46G18001020006<\/a><\/li>\n<li><a href=\"https:\/\/www.icsiniscola2.edu.it\/wp-content\/uploads\/2019\/04\/Attestato-di-valutazione-titoli.pdf\">Attestazione di valutazione titoli esperto interno Progettista per i progetti PON 10.8.1.A6 \u201cClassi connesse\u201d CUP G46G18001010006 &#8211; e &#8211; \u201cScience Lab for All\u201d CUP G46G18001020006<\/a><\/li>\n<li><a href=\"https:\/\/www.icsiniscola2.edu.it\/wp-content\/uploads\/2019\/04\/Nomina-collaudatore.pdf\">Nomina Collaudatore per i progetti PON 10.8.1.A6 \u201cClassi connesse\u201d CUP G46G18001010006 &#8211; e &#8211; \u201cScience Lab for All\u201d CUP G46G18001020006<\/a><\/li>\n<li><a href=\"https:\/\/www.icsiniscola2.edu.it\/wp-content\/uploads\/2019\/03\/Disseminazione-PON-2014_20-classi-connesse.pdf\">Disseminazione PON 2014_20 classi connesse<\/a><\/li>\n<li><a href=\"https:\/\/www.icsiniscola2.edu.it\/wp-content\/uploads\/2019\/03\/Disseminazione-PON-2014_20-lab-scientifico.docx\">Disseminazione PON 2014_20 laboratorio scientifico<\/a><\/li>\n<\/ul>\n<h3 style=\"text-align: center;\"><span style=\"color: #0000ff;\"><span style=\"color: #000080;\"><strong>A.S. 2016-2017<\/strong><\/span><br \/>\n<\/span><\/h3>\n<p>Gli approfondimenti\u00a0 generali relativi agli avvisi MIUR citati nelle circolari sottostanti sono visibili nel seguente link:<\/p>\n<p>&nbsp;<\/p>\n<div id=\"attachment_10551\" style=\"width: 310px\" class=\"wp-caption aligncenter\"><a href=\"http:\/\/www.istruzione.it\/pon\/asse01_istruzione.html\"><img aria-describedby=\"caption-attachment-10551\" decoding=\"async\" loading=\"lazy\" class=\"wp-image-10551 size-medium\" src=\"https:\/\/www.icsiniscola2.edu.it\/wp-content\/uploads\/2017\/04\/asse01_copertina-300x98.jpg\" alt=\"asse01_copertina\" width=\"300\" height=\"98\" srcset=\"https:\/\/www.icsiniscola2.edu.it\/wp-content\/uploads\/2017\/04\/asse01_copertina-300x98.jpg 300w, https:\/\/www.icsiniscola2.edu.it\/wp-content\/uploads\/2017\/04\/asse01_copertina-768x250.jpg 768w, https:\/\/www.icsiniscola2.edu.it\/wp-content\/uploads\/2017\/04\/asse01_copertina-180x59.jpg 180w, https:\/\/www.icsiniscola2.edu.it\/wp-content\/uploads\/2017\/04\/asse01_copertina.jpg 1000w\" sizes=\"(max-width: 300px) 100vw, 300px\" \/><\/a><p id=\"caption-attachment-10551\" class=\"wp-caption-text\">Asse I &#8211; Istruzione<\/p><\/div>\n<p>&nbsp;<\/p>\n<p><a href=\"https:\/\/www.icsiniscola2.edu.it\/wp-content\/uploads\/2017\/03\/circ.-n.-114-comunicazione-Progetti-PON.pdf\" rel=\"\">circ. n. 114 comunicazione Progetti PON &#8211; Potenziamento delle competenze di base<\/a><\/p>\n<div id=\"attachment_10549\" style=\"width: 310px\" class=\"wp-caption aligncenter\"><a href=\"http:\/\/www.istruzione.it\/pon\/avviso_competenze-base.html\"><img aria-describedby=\"caption-attachment-10549\" decoding=\"async\" loading=\"lazy\" class=\"wp-image-10549 size-medium\" src=\"https:\/\/www.icsiniscola2.edu.it\/wp-content\/uploads\/2017\/04\/copertina-competenze-base-300x98.jpg\" alt=\"copertina-competenze-base\" width=\"300\" height=\"98\" srcset=\"https:\/\/www.icsiniscola2.edu.it\/wp-content\/uploads\/2017\/04\/copertina-competenze-base-300x98.jpg 300w, https:\/\/www.icsiniscola2.edu.it\/wp-content\/uploads\/2017\/04\/copertina-competenze-base-768x250.jpg 768w, https:\/\/www.icsiniscola2.edu.it\/wp-content\/uploads\/2017\/04\/copertina-competenze-base-180x59.jpg 180w, https:\/\/www.icsiniscola2.edu.it\/wp-content\/uploads\/2017\/04\/copertina-competenze-base.jpg 1000w\" sizes=\"(max-width: 300px) 100vw, 300px\" \/><\/a><p id=\"caption-attachment-10549\" class=\"wp-caption-text\">Avviso pubblico MIUR n. 1953 : Competenze di base<\/p><\/div>\n<p>&nbsp;<\/p>\n<p><a href=\"https:\/\/www.icsiniscola2.edu.it\/wp-content\/uploads\/2017\/03\/circ.-n.-115-comunicazione-Progetti-PON.pdf\" rel=\"\">circ. n. 115 comunicazione Progetti PON &#8211; Cittadinanza digitale<\/a><\/p>\n<div id=\"attachment_10548\" style=\"width: 310px\" class=\"wp-caption aligncenter\"><a href=\"http:\/\/www.istruzione.it\/pon\/avviso_cittadinanza-creativita.html\"><img aria-describedby=\"caption-attachment-10548\" decoding=\"async\" loading=\"lazy\" class=\"wp-image-10548 size-medium\" src=\"https:\/\/www.icsiniscola2.edu.it\/wp-content\/uploads\/2017\/04\/copertina-cittadinanza-creativita-300x98.jpg\" alt=\"copertina-cittadinanza-creativita\" width=\"300\" height=\"98\" srcset=\"https:\/\/www.icsiniscola2.edu.it\/wp-content\/uploads\/2017\/04\/copertina-cittadinanza-creativita-300x98.jpg 300w, https:\/\/www.icsiniscola2.edu.it\/wp-content\/uploads\/2017\/04\/copertina-cittadinanza-creativita-768x250.jpg 768w, https:\/\/www.icsiniscola2.edu.it\/wp-content\/uploads\/2017\/04\/copertina-cittadinanza-creativita-180x59.jpg 180w, https:\/\/www.icsiniscola2.edu.it\/wp-content\/uploads\/2017\/04\/copertina-cittadinanza-creativita.jpg 1000w\" sizes=\"(max-width: 300px) 100vw, 300px\" \/><\/a><p id=\"caption-attachment-10548\" class=\"wp-caption-text\">Avviso pubblico del MIUR n. 2669: Competenze di pensiero computazionale e di cittadinanza digitale<\/p><\/div>\n<p>&nbsp;<\/p>\n<p><a href=\"https:\/\/www.icsiniscola2.edu.it\/wp-content\/uploads\/2017\/03\/circ.-n.-116-comunicazione-Progetti-PON.pdf\" rel=\"\">circ. n. 116 comunicazione Progetti PON &#8211; Orientamento formativo-Riorientamento<\/a><\/p>\n<div id=\"attachment_10550\" style=\"width: 310px\" class=\"wp-caption aligncenter\"><a href=\"http:\/\/www.istruzione.it\/pon\/avviso_orientamento.html\"><img aria-describedby=\"caption-attachment-10550\" decoding=\"async\" loading=\"lazy\" class=\"wp-image-10550 size-medium\" src=\"https:\/\/www.icsiniscola2.edu.it\/wp-content\/uploads\/2017\/04\/copertina-orientamento-300x98.jpg\" alt=\"copertina-orientamento\" width=\"300\" height=\"98\" srcset=\"https:\/\/www.icsiniscola2.edu.it\/wp-content\/uploads\/2017\/04\/copertina-orientamento-300x98.jpg 300w, https:\/\/www.icsiniscola2.edu.it\/wp-content\/uploads\/2017\/04\/copertina-orientamento-768x250.jpg 768w, https:\/\/www.icsiniscola2.edu.it\/wp-content\/uploads\/2017\/04\/copertina-orientamento-180x59.jpg 180w, https:\/\/www.icsiniscola2.edu.it\/wp-content\/uploads\/2017\/04\/copertina-orientamento.jpg 1000w\" sizes=\"(max-width: 300px) 100vw, 300px\" \/><\/a><p id=\"caption-attachment-10550\" class=\"wp-caption-text\">Avviso pubblico del MIUR n. 2999: Orientamento<\/p><\/div>\n<p>&nbsp;<\/p>\n<h4 style=\"text-align: center;\"><span style=\"color: #000080;\">Targhe<\/span><\/h4>\n<p style=\"text-align: left;\"><span style=\"color: #0000ff;\"><a href=\"https:\/\/www.icsiniscola2.edu.it\/wp-content\/uploads\/2017\/03\/Targa-LAN_WLAN.pdf\"><span style=\"color: #000080;\">Targa LAN-WLAN<\/span><\/a><\/span><strong><span style=\"color: #0000ff;\"><br \/>\n<\/span><\/strong><\/p>\n<p><span style=\"color: #000080;\"><a style=\"color: #000080;\" href=\"https:\/\/www.icsiniscola2.edu.it\/wp-content\/uploads\/2017\/03\/Targa-SCUOL@-3.0.pdf\">Targa Scuol@ 3.0<\/a><\/span><\/p>\n<p>&nbsp;<\/p>\n<h4 style=\"text-align: center;\"><span style=\"color: #000080;\">Collaudatore ed esperto progettista<\/span><\/h4>\n<p><a href=\"https:\/\/www.icsiniscola2.edu.it\/wp-content\/uploads\/2016\/03\/Nomina-collaudatore-Scuol@-3.0.pdf\" rel=\"\">Nomina collaudatore Scuol@ 3.0<\/a><\/p>\n<p>&nbsp;<\/p>\n<p><a href=\"https:\/\/www.icsiniscola2.edu.it\/wp-content\/uploads\/2016\/03\/Attestazione-di-valutazione-esperto-progettista-Scuol@-3.0.pdf\" rel=\"\">Attestazione di valutazione esperto progettista Scuol@ 3.0<\/a><\/p>\n<p><a href=\"https:\/\/www.icsiniscola2.edu.it\/wp-content\/uploads\/2016\/03\/Avviso-selezione-progettista-Scuol@-3.0.pdf\" rel=\"\">Avviso selezione progettista Scuol@ 3.0<\/a><\/p>\n<p><a href=\"https:\/\/www.icsiniscola2.edu.it\/wp-content\/uploads\/2016\/03\/Nomina-progettista-Scuol@-3.0.pdf\" rel=\"\">Nomina progettista Scuol@ 3.0<\/a><\/p>\n<p><a href=\"https:\/\/www.icsiniscola2.edu.it\/wp-content\/uploads\/2016\/03\/Istanza-di-partecipazione.pdf\" rel=\"\">Istanza di partecipazione<\/a><\/p>\n<p><a href=\"https:\/\/www.icsiniscola2.edu.it\/wp-content\/uploads\/2016\/03\/Dichiarazione-insussistenza-incompatibilita.pdf\" rel=\"\">Dichiarazione insussistenza incompatibilit\u00e0<\/a><\/p>\n<p>&nbsp;<\/p>\n<h3 style=\"text-align: center;\"><span style=\"color: #000080;\"><strong>A.S. 2015-2016<\/strong><\/span><\/h3>\n<p>&nbsp;<\/p>\n<p><a href=\"https:\/\/www.icsiniscola2.edu.it\/wp-content\/uploads\/2016\/03\/Disseminazione-Ambienti-Digitali.pdf\" rel=\"\">Disseminazione Ambienti Digitali<\/a><\/p>\n<p id=\":t2\" class=\"hP\" tabindex=\"-1\"><a href=\"https:\/\/www.icsiniscola2.edu.it\/wp-content\/uploads\/2016\/03\/Disseminazione-Progetto-LAN-WLAN.pdf\" rel=\"\">Disseminazione Progetto LAN-WLAN<\/a><\/p>\n<p>&nbsp;<\/p>\n<h4 style=\"text-align: left;\"><strong><span style=\"color: #000080;\">Programma Operativo Nazionale\u00a0 <\/span><span style=\"color: #000080;\">2014-2020 <span style=\"color: #ff0000;\">p<\/span><\/span><\/strong><span style=\"color: #ff0000;\"><strong>er la Scuola\u00a0\u00a0<\/strong>\u00a0\u00a0\u00a0\u00a0\u00a0\u00a0\u00a0\u00a0\u00a0\u00a0\u00a0\u00a0\u00a0\u00a0\u00a0\u00a0\u00a0\u00a0\u00a0\u00a0\u00a0\u00a0\u00a0\u00a0\u00a0\u00a0\u00a0\u00a0\u00a0\u00a0\u00a0\u00a0\u00a0\u00a0\u00a0\u00a0\u00a0\u00a0\u00a0\u00a0\u00a0 <\/span><\/h4>\n<h4 style=\"text-align: left;\"><span style=\"color: #000080;\"><strong>Competenze e ambienti per l&#8217;apprendimento<\/strong><br \/>\n<\/span><\/h4>\n<p>&nbsp;<\/p>\n<p style=\"text-align: left;\"><span style=\"color: #000080;\"><a href=\"https:\/\/www.icsiniscola2.edu.it\/wp-content\/uploads\/2016\/03\/pon_libretto_informativo.pdf\" rel=\"\">libretto_informativo<\/a><\/span><\/p>\n<p style=\"text-align: left;\"><a href=\"https:\/\/www.icsiniscola2.edu.it\/wp-content\/uploads\/2016\/03\/pon_segnalibro_infografica_2014-2020.pdf\" rel=\"\">segnalibro_2014-2020<\/a><\/p>\n<p style=\"text-align: left;\"><a href=\"https:\/\/www.icsiniscola2.edu.it\/wp-content\/uploads\/2016\/03\/pon_brochure_bolle.pdf\" rel=\"\">brochure_1<\/a><\/p>\n<p style=\"text-align: left;\"><a href=\"https:\/\/www.icsiniscola2.edu.it\/wp-content\/uploads\/2016\/03\/brochure_log_nuovo_FRONTE.pdf\" rel=\"\">brochure_2<\/a><\/p>\n<p style=\"text-align: left;\"><a href=\"https:\/\/www.icsiniscola2.edu.it\/wp-content\/uploads\/2016\/03\/brochure_logo_nuovo_RETRO.pdf\" rel=\"\">brochure_3<\/a><\/p>\n","protected":false},"excerpt":{"rendered":"<p>I\u00a0Fondi strutturali e di investimento europei (Fondi SIE)\u00a0sono i principali strumenti finanziari della politica regionale dell\u2019Unione europea\u00a0il cui scopo \u00e8 quello di rafforzare la coesione economica, sociale e territoriale riducendo il divario fra le regioni pi\u00f9 avanzate e quelle in ritardo di sviluppo (art. 174 TFUE). I Fondi SIE si inseriscono all\u2019interno della\u00a0politica di coesione,&nbsp; &nbsp; <a class=\"moretag\" href=\"https:\/\/www.icsiniscola2.edu.it\/pon-2014-2020\/\" title=\"Leggi l&#180;intero articolo\">&raquo;<\/a><\/p>\n","protected":false},"author":23,"featured_media":0,"parent":0,"menu_order":0,"comment_status":"closed","ping_status":"closed","template":"","meta":[],"_links":{"self":[{"href":"https:\/\/www.icsiniscola2.edu.it\/wp-json\/wp\/v2\/pages\/19680"}],"collection":[{"href":"https:\/\/www.icsiniscola2.edu.it\/wp-json\/wp\/v2\/pages"}],"about":[{"href":"https:\/\/www.icsiniscola2.edu.it\/wp-json\/wp\/v2\/types\/page"}],"author":[{"embeddable":true,"href":"https:\/\/www.icsiniscola2.edu.it\/wp-json\/wp\/v2\/users\/23"}],"replies":[{"embeddable":true,"href":"https:\/\/www.icsiniscola2.edu.it\/wp-json\/wp\/v2\/comments?post=19680"}],"version-history":[{"count":1,"href":"https:\/\/www.icsiniscola2.edu.it\/wp-json\/wp\/v2\/pages\/19680\/revisions"}],"predecessor-version":[{"id":19681,"href":"https:\/\/www.icsiniscola2.edu.it\/wp-json\/wp\/v2\/pages\/19680\/revisions\/19681"}],"wp:attachment":[{"href":"https:\/\/www.icsiniscola2.edu.it\/wp-json\/wp\/v2\/media?parent=19680"}],"curies":[{"name":"wp","href":"https:\/\/api.w.org\/{rel}","templated":true}]}}