{"id":19980,"date":"2022-07-03T14:19:01","date_gmt":"2022-07-03T12:19:01","guid":{"rendered":"https:\/\/www.icsiniscola2.edu.it\/?page_id=19980"},"modified":"2022-07-03T14:40:02","modified_gmt":"2022-07-03T12:40:02","slug":"laboratorio-ususule","status":"publish","type":"page","link":"https:\/\/www.icsiniscola2.edu.it\/laboratorio-ususule\/","title":{"rendered":"Laboratorio Ususule"},"content":{"rendered":"<p>Gli obiettivi del laboratorio ambientale <strong>Ususule<\/strong> sono stati mirati a:\u00a0 stimolare i bambini a vivere esperienze tese a\u00a0 sviluppare\u00a0 \u00a0la loro curiosit\u00e0 e il piacere di apprendere; accrescere il loro senso di responsabilit\u00e0 nei confronti della natura e intensificare la loro coscienza ambientale; insegnare loro a valutare con occhio critico il rapporto uomo \u2013 natura \u2013 ambiente.; conoscere il bosco, le piante e le sue connessioni.<\/p>\n<p>Questo il percorso: si \u00e8 partiti dalla localit\u00e0 <em>Su Cantaru<\/em> e a piedi si \u00e8 raggiunto il bosco di leccio nel quale si trova anche una sorgente d\u2019acqua fresca. Durante il tragitto i bambini sono stati invitati a osservare l\u2019ambiente che li circondava e a svolgere delle attivit\u00e0 guidate proposte dalle educatrici ambientali.<\/p>\n<p>La metodologia \u00e8 stata l\u2019osservazione, l\u2019utilizzo dei cinque sensi e il contatto fisico (gli alberi si possono e si devono anche abbracciare), il confronto, il disegno e il gioco (collage con foglie, frutti, cortecce e altro materiale vegetale raccolto durante la visita nel bosco). Nelle attivit\u00e0 pratiche, in particolare con i pi\u00f9 piccoli, ampio spazio \u00e8 stato lasciato alla fantasia per la costruzione di piccole \u201copere d\u2019arte\u201d ; la raccolta dei materiali \u00e8 diventato il pretesto per conoscere le piante. Lo scopo era quello di suscitare meraviglia di fronte alle strategie che le piante utilizzano per adattarsi all\u2019ambiente e far fronte alle loro difficolt\u00e0.<br \/>\nE&#8217; stato dato spazio anche alla narrazione di leggende, miti e racconti popolari legati al mondo vegetale.<\/p>\n","protected":false},"excerpt":{"rendered":"<p>Gli obiettivi del laboratorio ambientale Ususule sono stati mirati a:\u00a0 stimolare i bambini a vivere esperienze tese a\u00a0 sviluppare\u00a0 \u00a0la loro curiosit\u00e0 e il piacere di apprendere; accrescere il loro senso di responsabilit\u00e0 nei confronti della natura e intensificare la loro coscienza ambientale; insegnare loro a valutare con occhio critico il rapporto uomo \u2013 natura&nbsp; &nbsp; <a class=\"moretag\" href=\"https:\/\/www.icsiniscola2.edu.it\/laboratorio-ususule\/\" title=\"Leggi l&#180;intero articolo\">&raquo;<\/a><\/p>\n","protected":false},"author":23,"featured_media":0,"parent":0,"menu_order":0,"comment_status":"closed","ping_status":"closed","template":"","meta":[],"_links":{"self":[{"href":"https:\/\/www.icsiniscola2.edu.it\/wp-json\/wp\/v2\/pages\/19980"}],"collection":[{"href":"https:\/\/www.icsiniscola2.edu.it\/wp-json\/wp\/v2\/pages"}],"about":[{"href":"https:\/\/www.icsiniscola2.edu.it\/wp-json\/wp\/v2\/types\/page"}],"author":[{"embeddable":true,"href":"https:\/\/www.icsiniscola2.edu.it\/wp-json\/wp\/v2\/users\/23"}],"replies":[{"embeddable":true,"href":"https:\/\/www.icsiniscola2.edu.it\/wp-json\/wp\/v2\/comments?post=19980"}],"version-history":[{"count":3,"href":"https:\/\/www.icsiniscola2.edu.it\/wp-json\/wp\/v2\/pages\/19980\/revisions"}],"predecessor-version":[{"id":19984,"href":"https:\/\/www.icsiniscola2.edu.it\/wp-json\/wp\/v2\/pages\/19980\/revisions\/19984"}],"wp:attachment":[{"href":"https:\/\/www.icsiniscola2.edu.it\/wp-json\/wp\/v2\/media?parent=19980"}],"curies":[{"name":"wp","href":"https:\/\/api.w.org\/{rel}","templated":true}]}}