{"id":20303,"date":"2022-11-18T17:11:56","date_gmt":"2022-11-18T16:11:56","guid":{"rendered":"https:\/\/www.icsiniscola2.edu.it\/?page_id=20303"},"modified":"2023-02-18T20:29:26","modified_gmt":"2023-02-18T19:29:26","slug":"plessi","status":"publish","type":"page","link":"https:\/\/www.icsiniscola2.edu.it\/plessi\/","title":{"rendered":"Plessi"},"content":{"rendered":"<p style=\"text-align: center\"><strong>Sa Sedda<\/strong><\/p>\n<p>Il plesso di Sa Sedda \u00e8 situato a Siniscola ed \u00e8 sede centrale con gli uffici di Segreteria e del Dirigente Scolastico. Ad oggi \u00e8 composto da due sezioni di scuola dell\u2019infanzia, dieci classi di scuola primaria e tre classi di scuola secondaria di 1\u00b0 grado istituita nell\u2019 anno scolastico 2013-2014 per creare un ponte di collegamento fra i primi ordini di scuola gi\u00e0 presenti nell\u2019Istituto.<\/p>\n<p>Il plesso dispone di una palestra fornita di nuovi attrezzi acquistati in occasione del Progetto di istituto GiocoSport, una biblioteca dotata di un discreto patrimonio librario, un auditorium che funge da ambiente di apprendimento, ampie aule dotate di LIM, un\u2019aula dedicata all\u2019insegnamento della Lingua Inglese. \u00c8 presente anche un ambiente dedicato alle eventuali esigenze didattiche e di incontro e un\u2019ampia sala mensa con l\u2019utilizzo della cucina.<\/p>\n<table style=\"border-collapse: collapse;width: 101.081%;height: 274px\">\n<tbody>\n<tr>\n<td style=\"width: 38.1461%\">\n<div class=\"wp-block-image\">\n<div class=\"wp-block-image\">\n<div class=\"wp-block-image\">\n<div id=\"attachment_20930\" style=\"width: 252px\" class=\"wp-caption aligncenter\"><a href=\"https:\/\/www.icsiniscola2.edu.it\/infanzia-sa-sedda\/\"><img aria-describedby=\"caption-attachment-20930\" decoding=\"async\" loading=\"lazy\" class=\"wp-image-20930 \" src=\"https:\/\/www.icsiniscola2.edu.it\/wp-content\/uploads\/2023\/02\/IMG-20221129-WA0005-300x185.jpg\" alt=\"Infanzia\" width=\"242\" height=\"149\" \/><\/a><p id=\"caption-attachment-20930\" class=\"wp-caption-text\"><a href=\"https:\/\/www.icsiniscola2.edu.it\/infanzia-sa-sedda\/\">Scuola dell&#8217;Infanzia<\/a><\/p><\/div>\n<\/div>\n<\/div>\n<\/div>\n<\/td>\n<td style=\"width: 28.5205%\">\n<div class=\"wp-block-image\">\n<div class=\"wp-block-image\"><\/div>\n<div class=\"wp-block-image\">\n<div id=\"attachment_20931\" style=\"width: 205px\" class=\"wp-caption aligncenter\"><a href=\"https:\/\/www.icsiniscola2.edu.it\/primaria-sa-sedda\/\"><img aria-describedby=\"caption-attachment-20931\" decoding=\"async\" loading=\"lazy\" class=\"wp-image-20931 \" src=\"https:\/\/www.icsiniscola2.edu.it\/wp-content\/uploads\/2023\/02\/INGRESSO-PRINCIPALE-300x225.jpg\" alt=\"Primaria\" width=\"195\" height=\"146\" srcset=\"https:\/\/www.icsiniscola2.edu.it\/wp-content\/uploads\/2023\/02\/INGRESSO-PRINCIPALE-300x225.jpg 300w, https:\/\/www.icsiniscola2.edu.it\/wp-content\/uploads\/2023\/02\/INGRESSO-PRINCIPALE-1024x768.jpg 1024w, https:\/\/www.icsiniscola2.edu.it\/wp-content\/uploads\/2023\/02\/INGRESSO-PRINCIPALE-768x576.jpg 768w, https:\/\/www.icsiniscola2.edu.it\/wp-content\/uploads\/2023\/02\/INGRESSO-PRINCIPALE-1536x1152.jpg 1536w, https:\/\/www.icsiniscola2.edu.it\/wp-content\/uploads\/2023\/02\/INGRESSO-PRINCIPALE-2048x1536.jpg 2048w, https:\/\/www.icsiniscola2.edu.it\/wp-content\/uploads\/2023\/02\/INGRESSO-PRINCIPALE-180x135.jpg 180w\" sizes=\"(max-width: 195px) 100vw, 195px\" \/><\/a><p id=\"caption-attachment-20931\" class=\"wp-caption-text\"><a href=\"https:\/\/www.icsiniscola2.edu.it\/primaria-sa-sedda\/\">Scuola Primaria<\/a><\/p><\/div>\n<\/div>\n<\/div>\n<\/td>\n<td style=\"width: 33.3333%\">\n<p><div id=\"attachment_20912\" style=\"width: 207px\" class=\"wp-caption aligncenter\"><a href=\"https:\/\/www.icsiniscola2.edu.it\/secondaria-sa-sedda\/\"><img aria-describedby=\"caption-attachment-20912\" decoding=\"async\" loading=\"lazy\" class=\"wp-image-20912 \" src=\"https:\/\/www.icsiniscola2.edu.it\/wp-content\/uploads\/2023\/02\/IMG_20230123_085806-300x225.jpg\" alt=\"Ingresso Secondaria\" width=\"197\" height=\"148\" srcset=\"https:\/\/www.icsiniscola2.edu.it\/wp-content\/uploads\/2023\/02\/IMG_20230123_085806-300x225.jpg 300w, https:\/\/www.icsiniscola2.edu.it\/wp-content\/uploads\/2023\/02\/IMG_20230123_085806-1024x768.jpg 1024w, https:\/\/www.icsiniscola2.edu.it\/wp-content\/uploads\/2023\/02\/IMG_20230123_085806-768x576.jpg 768w, https:\/\/www.icsiniscola2.edu.it\/wp-content\/uploads\/2023\/02\/IMG_20230123_085806-1536x1152.jpg 1536w, https:\/\/www.icsiniscola2.edu.it\/wp-content\/uploads\/2023\/02\/IMG_20230123_085806-2048x1536.jpg 2048w, https:\/\/www.icsiniscola2.edu.it\/wp-content\/uploads\/2023\/02\/IMG_20230123_085806-180x135.jpg 180w\" sizes=\"(max-width: 197px) 100vw, 197px\" \/><\/a><p id=\"caption-attachment-20912\" class=\"wp-caption-text\"><a href=\"https:\/\/www.icsiniscola2.edu.it\/secondaria-sa-sedda\/\">Scuola Secondaria I Grado<\/a><\/p><\/div><\/td>\n<\/tr>\n<\/tbody>\n<\/table>\n<p>&nbsp;<\/p>\n<p style=\"text-align: center\"><strong>Vivaldi<\/strong><\/p>\n<p>Il plesso di via Vivaldi si trova a Siniscola ed \u00e8 composto da due sezioni di scuola dell\u2019infanzia. All\u2019interno la scuola \u00e8 circondata da un giardino molto spazioso.<\/p>\n<div class=\"wp-block-image\">\n<div id=\"attachment_20882\" style=\"width: 271px\" class=\"wp-caption aligncenter\"><a href=\"https:\/\/www.icsiniscola2.edu.it\/infanzia-vivaldi\/\"><img aria-describedby=\"caption-attachment-20882\" decoding=\"async\" loading=\"lazy\" class=\"wp-image-20882 size-medium\" src=\"https:\/\/www.icsiniscola2.edu.it\/wp-content\/uploads\/2023\/02\/IMG-20230122-WA0017-e1676623812803-261x300.jpg\" alt=\"Infanzia Vivaldi\" width=\"261\" height=\"300\" srcset=\"https:\/\/www.icsiniscola2.edu.it\/wp-content\/uploads\/2023\/02\/IMG-20230122-WA0017-e1676623812803-261x300.jpg 261w, https:\/\/www.icsiniscola2.edu.it\/wp-content\/uploads\/2023\/02\/IMG-20230122-WA0017-e1676623812803-890x1024.jpg 890w, https:\/\/www.icsiniscola2.edu.it\/wp-content\/uploads\/2023\/02\/IMG-20230122-WA0017-e1676623812803-768x883.jpg 768w, https:\/\/www.icsiniscola2.edu.it\/wp-content\/uploads\/2023\/02\/IMG-20230122-WA0017-e1676623812803-180x207.jpg 180w, https:\/\/www.icsiniscola2.edu.it\/wp-content\/uploads\/2023\/02\/IMG-20230122-WA0017-e1676623812803.jpg 1200w\" sizes=\"(max-width: 261px) 100vw, 261px\" \/><\/a><p id=\"caption-attachment-20882\" class=\"wp-caption-text\"><a href=\"https:\/\/www.icsiniscola2.edu.it\/infanzia-vivaldi\/\">Scuola dell&#8217;Infanzia<\/a><\/p><\/div>\n<\/div>\n<p>&nbsp;<\/p>\n<p style=\"text-align: center\"><strong>La Caletta<\/strong><\/p>\n<p>La scuola di La Caletta \u00e8 attualmente divisa in due plessi, uno dei quali ospita tre sezioni di Scuola dell\u2019Infanzia, sette classi di Scuola Primaria e i locali della mensa. Si accede al plesso e ai cortili della scuola da due ingressi separati.<\/p>\n<p>Nell\u2019altro edificio, inaugurato nel settembre del 2016, sono presenti tre classi di Scuola Secondaria di I Grado.<\/p>\n<table style=\"border-collapse: collapse;width: 100%\">\n<tbody>\n<tr>\n<td style=\"width: 33.3333%\">inserire foto infanzia la caletta<\/td>\n<td style=\"width: 33.3333%\">\n<div class=\"wp-block-image\">\n<div id=\"attachment_20932\" style=\"width: 268px\" class=\"wp-caption aligncenter\"><a href=\"https:\/\/www.icsiniscola2.edu.it\/primaria-la-caletta\/\"><img aria-describedby=\"caption-attachment-20932\" decoding=\"async\" loading=\"lazy\" class=\"wp-image-20932 \" src=\"https:\/\/www.icsiniscola2.edu.it\/wp-content\/uploads\/2023\/02\/Immagine1-3-300x199.jpg\" alt=\"Primaria La Caletta\" width=\"258\" height=\"171\" srcset=\"https:\/\/www.icsiniscola2.edu.it\/wp-content\/uploads\/2023\/02\/Immagine1-3-300x199.jpg 300w, https:\/\/www.icsiniscola2.edu.it\/wp-content\/uploads\/2023\/02\/Immagine1-3-180x120.jpg 180w, https:\/\/www.icsiniscola2.edu.it\/wp-content\/uploads\/2023\/02\/Immagine1-3.jpg 759w\" sizes=\"(max-width: 258px) 100vw, 258px\" \/><\/a><p id=\"caption-attachment-20932\" class=\"wp-caption-text\"><a href=\"https:\/\/www.icsiniscola2.edu.it\/primaria-la-caletta\/\">Scuola Primaria<\/a><\/p><\/div>\n<\/div>\n<\/td>\n<td style=\"width: 33.3333%\">\n<div class=\"wp-block-image\">\n<div id=\"attachment_20917\" style=\"width: 310px\" class=\"wp-caption aligncenter\"><a href=\"https:\/\/www.icsiniscola2.edu.it\/secondaria-la-caletta\/\"><img aria-describedby=\"caption-attachment-20917\" decoding=\"async\" loading=\"lazy\" class=\"wp-image-20917 size-medium\" src=\"https:\/\/www.icsiniscola2.edu.it\/wp-content\/uploads\/2023\/02\/IMG_20221129_111152-1-300x225.jpg\" alt=\"Secondaria La Caletta\" width=\"300\" height=\"225\" srcset=\"https:\/\/www.icsiniscola2.edu.it\/wp-content\/uploads\/2023\/02\/IMG_20221129_111152-1-300x225.jpg 300w, https:\/\/www.icsiniscola2.edu.it\/wp-content\/uploads\/2023\/02\/IMG_20221129_111152-1-1024x768.jpg 1024w, https:\/\/www.icsiniscola2.edu.it\/wp-content\/uploads\/2023\/02\/IMG_20221129_111152-1-768x576.jpg 768w, https:\/\/www.icsiniscola2.edu.it\/wp-content\/uploads\/2023\/02\/IMG_20221129_111152-1-1536x1152.jpg 1536w, https:\/\/www.icsiniscola2.edu.it\/wp-content\/uploads\/2023\/02\/IMG_20221129_111152-1-2048x1536.jpg 2048w, https:\/\/www.icsiniscola2.edu.it\/wp-content\/uploads\/2023\/02\/IMG_20221129_111152-1-180x135.jpg 180w\" sizes=\"(max-width: 300px) 100vw, 300px\" \/><\/a><p id=\"caption-attachment-20917\" class=\"wp-caption-text\"><a href=\"https:\/\/www.icsiniscola2.edu.it\/secondaria-la-caletta\/\">Scuola Secondaria I Grado<\/a><\/p><\/div>\n<\/div>\n<\/td>\n<\/tr>\n<\/tbody>\n<\/table>\n","protected":false},"excerpt":{"rendered":"<p>Sa Sedda Il plesso di Sa Sedda \u00e8 situato a Siniscola ed \u00e8 sede centrale con gli uffici di Segreteria e del Dirigente Scolastico. Ad oggi \u00e8 composto da due sezioni di scuola dell\u2019infanzia, dieci classi di scuola primaria e tre classi di scuola secondaria di 1\u00b0 grado istituita nell\u2019 anno scolastico 2013-2014 per creare&nbsp; &nbsp; <a class=\"moretag\" href=\"https:\/\/www.icsiniscola2.edu.it\/plessi\/\" title=\"Leggi l&#180;intero articolo\">&raquo;<\/a><\/p>\n","protected":false},"author":199,"featured_media":0,"parent":0,"menu_order":0,"comment_status":"closed","ping_status":"closed","template":"","meta":[],"_links":{"self":[{"href":"https:\/\/www.icsiniscola2.edu.it\/wp-json\/wp\/v2\/pages\/20303"}],"collection":[{"href":"https:\/\/www.icsiniscola2.edu.it\/wp-json\/wp\/v2\/pages"}],"about":[{"href":"https:\/\/www.icsiniscola2.edu.it\/wp-json\/wp\/v2\/types\/page"}],"author":[{"embeddable":true,"href":"https:\/\/www.icsiniscola2.edu.it\/wp-json\/wp\/v2\/users\/199"}],"replies":[{"embeddable":true,"href":"https:\/\/www.icsiniscola2.edu.it\/wp-json\/wp\/v2\/comments?post=20303"}],"version-history":[{"count":4,"href":"https:\/\/www.icsiniscola2.edu.it\/wp-json\/wp\/v2\/pages\/20303\/revisions"}],"predecessor-version":[{"id":20934,"href":"https:\/\/www.icsiniscola2.edu.it\/wp-json\/wp\/v2\/pages\/20303\/revisions\/20934"}],"wp:attachment":[{"href":"https:\/\/www.icsiniscola2.edu.it\/wp-json\/wp\/v2\/media?parent=20303"}],"curies":[{"name":"wp","href":"https:\/\/api.w.org\/{rel}","templated":true}]}}