{"id":20314,"date":"2022-11-18T17:05:33","date_gmt":"2022-11-18T16:05:33","guid":{"rendered":"https:\/\/www.icsiniscola2.edu.it\/?page_id=20314"},"modified":"2023-06-18T11:53:56","modified_gmt":"2023-06-18T09:53:56","slug":"infanzia-vivaldi","status":"publish","type":"page","link":"https:\/\/www.icsiniscola2.edu.it\/infanzia-vivaldi\/","title":{"rendered":"Infanzia Vivaldi"},"content":{"rendered":"<div class=\"wp-block-image\"><a href=\"https:\/\/www.icsiniscola2.edu.it\/la-scuola-siamo-noi\/\"><img decoding=\"async\" loading=\"lazy\" class=\"alignnone wp-image-17371\" src=\"https:\/\/www.icsiniscola2.edu.it\/wp-content\/uploads\/2020\/12\/bottone-INDIETRO-2-1-2.jpg\" alt=\"Bottone indietro\" width=\"50\" height=\"50\" \/><\/a><\/div>\n<p>Il plesso di via Vivaldi si trova a Siniscola ed \u00e8 composto da due sezioni di scuola dell\u2019infanzia. All\u2019interno la scuola \u00e8 circondata da un giardino molto spazioso.<\/p>\n<p>L\u2019interno dell\u2019edificio \u00e8 composto da un piano superiore dove si trovano 4 aule di cui una con LIM, una sala lavoro, due bagni per bambini, un bagno per adulti e un piano terra dove ci sono un salone per i giochi, un refettorio, una cucina, un bagno per bambini. Tutti gli spazi sono comunicanti tra loro attraverso un andito e una scala interna e da vari ingressi che si affacciano al giardino. Di recente l\u2019edificio \u00e8 stato oggetto di interventi di manutenzione straordinaria che hanno reso gli spazi pi\u00f9 funzionali allo svolgimento delle attivit\u00e0.<\/p>\n<h3><strong>Ambienti<\/strong><\/h3>\n<table style=\"border-collapse: collapse; width: 100%; height: 696px;\">\n<tbody>\n<tr style=\"height: 300px;\">\n<td style=\"width: 50%; height: 300px;\">\n<div class=\"wp-block-image\">\n<div id=\"attachment_20879\" style=\"width: 310px\" class=\"wp-caption aligncenter\"><a href=\"https:\/\/www.icsiniscola2.edu.it\/wp-content\/uploads\/2023\/02\/IMG-20230122-WA0024.jpg\"><img aria-describedby=\"caption-attachment-20879\" decoding=\"async\" loading=\"lazy\" class=\"wp-image-20879 size-medium\" src=\"https:\/\/www.icsiniscola2.edu.it\/wp-content\/uploads\/2023\/02\/IMG-20230122-WA0024-300x225.jpg\" alt=\"Plesso Vivaldi Infanzia\" width=\"300\" height=\"225\" srcset=\"https:\/\/www.icsiniscola2.edu.it\/wp-content\/uploads\/2023\/02\/IMG-20230122-WA0024-300x225.jpg 300w, https:\/\/www.icsiniscola2.edu.it\/wp-content\/uploads\/2023\/02\/IMG-20230122-WA0024-1024x768.jpg 1024w, https:\/\/www.icsiniscola2.edu.it\/wp-content\/uploads\/2023\/02\/IMG-20230122-WA0024-768x576.jpg 768w, https:\/\/www.icsiniscola2.edu.it\/wp-content\/uploads\/2023\/02\/IMG-20230122-WA0024-1536x1152.jpg 1536w, https:\/\/www.icsiniscola2.edu.it\/wp-content\/uploads\/2023\/02\/IMG-20230122-WA0024-180x135.jpg 180w, https:\/\/www.icsiniscola2.edu.it\/wp-content\/uploads\/2023\/02\/IMG-20230122-WA0024.jpg 1600w\" sizes=\"(max-width: 300px) 100vw, 300px\" \/><\/a><p id=\"caption-attachment-20879\" class=\"wp-caption-text\">Scuola dell&#8217;infanzia Plesso Vivaldi<\/p><\/div>\n<\/div>\n<\/td>\n<td style=\"width: 50%; height: 300px;\">\n<div class=\"wp-block-image\">\n<div id=\"attachment_20884\" style=\"width: 310px\" class=\"wp-caption aligncenter\"><a href=\"https:\/\/www.icsiniscola2.edu.it\/wp-content\/uploads\/2023\/02\/IMG-20230122-WA0020.jpg\"><img aria-describedby=\"caption-attachment-20884\" decoding=\"async\" loading=\"lazy\" class=\"wp-image-20884 size-medium\" src=\"https:\/\/www.icsiniscola2.edu.it\/wp-content\/uploads\/2023\/02\/IMG-20230122-WA0020-300x225.jpg\" alt=\"Sala giochi\" width=\"300\" height=\"225\" srcset=\"https:\/\/www.icsiniscola2.edu.it\/wp-content\/uploads\/2023\/02\/IMG-20230122-WA0020-300x225.jpg 300w, https:\/\/www.icsiniscola2.edu.it\/wp-content\/uploads\/2023\/02\/IMG-20230122-WA0020-1024x768.jpg 1024w, https:\/\/www.icsiniscola2.edu.it\/wp-content\/uploads\/2023\/02\/IMG-20230122-WA0020-768x576.jpg 768w, https:\/\/www.icsiniscola2.edu.it\/wp-content\/uploads\/2023\/02\/IMG-20230122-WA0020-1536x1152.jpg 1536w, https:\/\/www.icsiniscola2.edu.it\/wp-content\/uploads\/2023\/02\/IMG-20230122-WA0020-180x135.jpg 180w, https:\/\/www.icsiniscola2.edu.it\/wp-content\/uploads\/2023\/02\/IMG-20230122-WA0020.jpg 1600w\" sizes=\"(max-width: 300px) 100vw, 300px\" \/><\/a><p id=\"caption-attachment-20884\" class=\"wp-caption-text\">Sala Giochi<\/p><\/div>\n<\/div>\n<\/td>\n<\/tr>\n<tr style=\"height: 324px;\">\n<td style=\"width: 50%; height: 324px;\">\n<div class=\"wp-block-image\">\n<div class=\"wp-block-image\"><\/div>\n<div id=\"attachment_20882\" style=\"width: 271px\" class=\"wp-caption aligncenter\"><a href=\"https:\/\/www.icsiniscola2.edu.it\/wp-content\/uploads\/2023\/02\/IMG-20230122-WA0017-e1676623812803.jpg\"><img aria-describedby=\"caption-attachment-20882\" decoding=\"async\" loading=\"lazy\" class=\"wp-image-20882 size-medium\" src=\"https:\/\/www.icsiniscola2.edu.it\/wp-content\/uploads\/2023\/02\/IMG-20230122-WA0017-e1676623812803-261x300.jpg\" alt=\"Benvenuti!\" width=\"261\" height=\"300\" srcset=\"https:\/\/www.icsiniscola2.edu.it\/wp-content\/uploads\/2023\/02\/IMG-20230122-WA0017-e1676623812803-261x300.jpg 261w, https:\/\/www.icsiniscola2.edu.it\/wp-content\/uploads\/2023\/02\/IMG-20230122-WA0017-e1676623812803-890x1024.jpg 890w, https:\/\/www.icsiniscola2.edu.it\/wp-content\/uploads\/2023\/02\/IMG-20230122-WA0017-e1676623812803-768x883.jpg 768w, https:\/\/www.icsiniscola2.edu.it\/wp-content\/uploads\/2023\/02\/IMG-20230122-WA0017-e1676623812803-180x207.jpg 180w, https:\/\/www.icsiniscola2.edu.it\/wp-content\/uploads\/2023\/02\/IMG-20230122-WA0017-e1676623812803.jpg 1200w\" sizes=\"(max-width: 261px) 100vw, 261px\" \/><\/a><p id=\"caption-attachment-20882\" class=\"wp-caption-text\">Benvenuti!<\/p><\/div>\n<\/div>\n<\/td>\n<td style=\"width: 50%; height: 324px;\">\n<p><div id=\"attachment_20880\" style=\"width: 235px\" class=\"wp-caption aligncenter\"><a href=\"https:\/\/www.icsiniscola2.edu.it\/wp-content\/uploads\/2023\/02\/IMG-20230122-WA0013.jpg\"><img aria-describedby=\"caption-attachment-20880\" decoding=\"async\" loading=\"lazy\" class=\"wp-image-20880 size-medium\" src=\"https:\/\/www.icsiniscola2.edu.it\/wp-content\/uploads\/2023\/02\/IMG-20230122-WA0013-225x300.jpg\" alt=\"Andito\" width=\"225\" height=\"300\" srcset=\"https:\/\/www.icsiniscola2.edu.it\/wp-content\/uploads\/2023\/02\/IMG-20230122-WA0013-225x300.jpg 225w, https:\/\/www.icsiniscola2.edu.it\/wp-content\/uploads\/2023\/02\/IMG-20230122-WA0013-768x1024.jpg 768w, https:\/\/www.icsiniscola2.edu.it\/wp-content\/uploads\/2023\/02\/IMG-20230122-WA0013-1152x1536.jpg 1152w, https:\/\/www.icsiniscola2.edu.it\/wp-content\/uploads\/2023\/02\/IMG-20230122-WA0013-180x240.jpg 180w, https:\/\/www.icsiniscola2.edu.it\/wp-content\/uploads\/2023\/02\/IMG-20230122-WA0013.jpg 1536w\" sizes=\"(max-width: 225px) 100vw, 225px\" \/><\/a><p id=\"caption-attachment-20880\" class=\"wp-caption-text\">Andito<\/p><\/div><\/td>\n<\/tr>\n<tr style=\"height: 24px;\">\n<td style=\"width: 50%; height: 24px;\">\n<div class=\"wp-block-image\"><a href=\"https:\/\/www.icsiniscola2.edu.it\/wp-content\/uploads\/2023\/02\/IMG-20230122-WA0015.jpg\"><img decoding=\"async\" loading=\"lazy\" class=\"aligncenter size-medium wp-image-20881\" src=\"https:\/\/www.icsiniscola2.edu.it\/wp-content\/uploads\/2023\/02\/IMG-20230122-WA0015-300x225.jpg\" alt=\"\" width=\"300\" height=\"225\" srcset=\"https:\/\/www.icsiniscola2.edu.it\/wp-content\/uploads\/2023\/02\/IMG-20230122-WA0015-300x225.jpg 300w, https:\/\/www.icsiniscola2.edu.it\/wp-content\/uploads\/2023\/02\/IMG-20230122-WA0015-1024x768.jpg 1024w, https:\/\/www.icsiniscola2.edu.it\/wp-content\/uploads\/2023\/02\/IMG-20230122-WA0015-768x576.jpg 768w, https:\/\/www.icsiniscola2.edu.it\/wp-content\/uploads\/2023\/02\/IMG-20230122-WA0015-1536x1152.jpg 1536w, https:\/\/www.icsiniscola2.edu.it\/wp-content\/uploads\/2023\/02\/IMG-20230122-WA0015-180x135.jpg 180w, https:\/\/www.icsiniscola2.edu.it\/wp-content\/uploads\/2023\/02\/IMG-20230122-WA0015.jpg 1600w\" sizes=\"(max-width: 300px) 100vw, 300px\" \/><\/a><\/div>\n<\/td>\n<td style=\"width: 50%; height: 24px;\">\n<div class=\"wp-block-image\">\n<div id=\"attachment_20885\" style=\"width: 310px\" class=\"wp-caption aligncenter\"><a href=\"https:\/\/www.icsiniscola2.edu.it\/wp-content\/uploads\/2023\/02\/IMG-20230122-WA0021.jpg\"><img aria-describedby=\"caption-attachment-20885\" decoding=\"async\" loading=\"lazy\" class=\"wp-image-20885 size-medium\" src=\"https:\/\/www.icsiniscola2.edu.it\/wp-content\/uploads\/2023\/02\/IMG-20230122-WA0021-300x225.jpg\" alt=\"Salone\" width=\"300\" height=\"225\" srcset=\"https:\/\/www.icsiniscola2.edu.it\/wp-content\/uploads\/2023\/02\/IMG-20230122-WA0021-300x225.jpg 300w, https:\/\/www.icsiniscola2.edu.it\/wp-content\/uploads\/2023\/02\/IMG-20230122-WA0021-1024x768.jpg 1024w, https:\/\/www.icsiniscola2.edu.it\/wp-content\/uploads\/2023\/02\/IMG-20230122-WA0021-768x576.jpg 768w, https:\/\/www.icsiniscola2.edu.it\/wp-content\/uploads\/2023\/02\/IMG-20230122-WA0021-1536x1152.jpg 1536w, https:\/\/www.icsiniscola2.edu.it\/wp-content\/uploads\/2023\/02\/IMG-20230122-WA0021-180x135.jpg 180w, https:\/\/www.icsiniscola2.edu.it\/wp-content\/uploads\/2023\/02\/IMG-20230122-WA0021.jpg 1600w\" sizes=\"(max-width: 300px) 100vw, 300px\" \/><\/a><p id=\"caption-attachment-20885\" class=\"wp-caption-text\">Dettagli giochi<\/p><\/div>\n<\/div>\n<\/td>\n<\/tr>\n<tr style=\"height: 24px;\">\n<td style=\"width: 50%; height: 24px;\">\n<div class=\"wp-block-image\">\n<div id=\"attachment_20883\" style=\"width: 310px\" class=\"wp-caption aligncenter\"><a href=\"https:\/\/www.icsiniscola2.edu.it\/wp-content\/uploads\/2023\/02\/IMG-20230122-WA0019.jpg\"><img aria-describedby=\"caption-attachment-20883\" decoding=\"async\" loading=\"lazy\" class=\"wp-image-20883 size-medium\" src=\"https:\/\/www.icsiniscola2.edu.it\/wp-content\/uploads\/2023\/02\/IMG-20230122-WA0019-300x225.jpg\" alt=\"Salone\" width=\"300\" height=\"225\" srcset=\"https:\/\/www.icsiniscola2.edu.it\/wp-content\/uploads\/2023\/02\/IMG-20230122-WA0019-300x225.jpg 300w, https:\/\/www.icsiniscola2.edu.it\/wp-content\/uploads\/2023\/02\/IMG-20230122-WA0019-1024x768.jpg 1024w, https:\/\/www.icsiniscola2.edu.it\/wp-content\/uploads\/2023\/02\/IMG-20230122-WA0019-768x576.jpg 768w, https:\/\/www.icsiniscola2.edu.it\/wp-content\/uploads\/2023\/02\/IMG-20230122-WA0019-1536x1152.jpg 1536w, https:\/\/www.icsiniscola2.edu.it\/wp-content\/uploads\/2023\/02\/IMG-20230122-WA0019-180x135.jpg 180w, https:\/\/www.icsiniscola2.edu.it\/wp-content\/uploads\/2023\/02\/IMG-20230122-WA0019.jpg 1600w\" sizes=\"(max-width: 300px) 100vw, 300px\" \/><\/a><p id=\"caption-attachment-20883\" class=\"wp-caption-text\">Dettagli giochi<\/p><\/div>\n<\/div>\n<\/td>\n<td style=\"width: 50%; height: 24px;\">\n<div class=\"wp-block-image\"><a href=\"https:\/\/www.icsiniscola2.edu.it\/wp-content\/uploads\/2023\/02\/IMG-20230122-WA0023.jpg\"><img decoding=\"async\" loading=\"lazy\" class=\"aligncenter size-medium wp-image-20887\" src=\"https:\/\/www.icsiniscola2.edu.it\/wp-content\/uploads\/2023\/02\/IMG-20230122-WA0023-300x225.jpg\" alt=\"\" width=\"300\" height=\"225\" srcset=\"https:\/\/www.icsiniscola2.edu.it\/wp-content\/uploads\/2023\/02\/IMG-20230122-WA0023-300x225.jpg 300w, https:\/\/www.icsiniscola2.edu.it\/wp-content\/uploads\/2023\/02\/IMG-20230122-WA0023-1024x768.jpg 1024w, https:\/\/www.icsiniscola2.edu.it\/wp-content\/uploads\/2023\/02\/IMG-20230122-WA0023-768x576.jpg 768w, https:\/\/www.icsiniscola2.edu.it\/wp-content\/uploads\/2023\/02\/IMG-20230122-WA0023-1536x1152.jpg 1536w, https:\/\/www.icsiniscola2.edu.it\/wp-content\/uploads\/2023\/02\/IMG-20230122-WA0023-180x135.jpg 180w, https:\/\/www.icsiniscola2.edu.it\/wp-content\/uploads\/2023\/02\/IMG-20230122-WA0023.jpg 1600w\" sizes=\"(max-width: 300px) 100vw, 300px\" \/><\/a><\/div>\n<\/td>\n<\/tr>\n<tr style=\"height: 24px;\">\n<td style=\"width: 50%; height: 24px;\">\n<div class=\"wp-block-image\">\n<div id=\"attachment_20886\" style=\"width: 310px\" class=\"wp-caption aligncenter\"><a href=\"https:\/\/www.icsiniscola2.edu.it\/wp-content\/uploads\/2023\/02\/IMG-20230122-WA0022.jpg\"><img aria-describedby=\"caption-attachment-20886\" decoding=\"async\" loading=\"lazy\" class=\"wp-image-20886 size-medium\" src=\"https:\/\/www.icsiniscola2.edu.it\/wp-content\/uploads\/2023\/02\/IMG-20230122-WA0022-300x225.jpg\" alt=\"Mensa\" width=\"300\" height=\"225\" srcset=\"https:\/\/www.icsiniscola2.edu.it\/wp-content\/uploads\/2023\/02\/IMG-20230122-WA0022-300x225.jpg 300w, https:\/\/www.icsiniscola2.edu.it\/wp-content\/uploads\/2023\/02\/IMG-20230122-WA0022-1024x768.jpg 1024w, https:\/\/www.icsiniscola2.edu.it\/wp-content\/uploads\/2023\/02\/IMG-20230122-WA0022-768x576.jpg 768w, https:\/\/www.icsiniscola2.edu.it\/wp-content\/uploads\/2023\/02\/IMG-20230122-WA0022-1536x1152.jpg 1536w, https:\/\/www.icsiniscola2.edu.it\/wp-content\/uploads\/2023\/02\/IMG-20230122-WA0022-180x135.jpg 180w, https:\/\/www.icsiniscola2.edu.it\/wp-content\/uploads\/2023\/02\/IMG-20230122-WA0022.jpg 1600w\" sizes=\"(max-width: 300px) 100vw, 300px\" \/><\/a><p id=\"caption-attachment-20886\" class=\"wp-caption-text\">Mensa<\/p><\/div>\n<\/div>\n<\/td>\n<td style=\"width: 50%; height: 24px;\">\n<div class=\"wp-block-image\">\n<div id=\"attachment_20888\" style=\"width: 310px\" class=\"wp-caption aligncenter\"><a href=\"https:\/\/www.icsiniscola2.edu.it\/wp-content\/uploads\/2023\/02\/IMG-20230122-WA0016.jpg\"><img aria-describedby=\"caption-attachment-20888\" decoding=\"async\" loading=\"lazy\" class=\"wp-image-20888 size-medium\" src=\"https:\/\/www.icsiniscola2.edu.it\/wp-content\/uploads\/2023\/02\/IMG-20230122-WA0016-300x225.jpg\" alt=\"Bagno\" width=\"300\" height=\"225\" srcset=\"https:\/\/www.icsiniscola2.edu.it\/wp-content\/uploads\/2023\/02\/IMG-20230122-WA0016-300x225.jpg 300w, https:\/\/www.icsiniscola2.edu.it\/wp-content\/uploads\/2023\/02\/IMG-20230122-WA0016-1024x768.jpg 1024w, https:\/\/www.icsiniscola2.edu.it\/wp-content\/uploads\/2023\/02\/IMG-20230122-WA0016-768x576.jpg 768w, https:\/\/www.icsiniscola2.edu.it\/wp-content\/uploads\/2023\/02\/IMG-20230122-WA0016-1536x1152.jpg 1536w, https:\/\/www.icsiniscola2.edu.it\/wp-content\/uploads\/2023\/02\/IMG-20230122-WA0016-180x135.jpg 180w, https:\/\/www.icsiniscola2.edu.it\/wp-content\/uploads\/2023\/02\/IMG-20230122-WA0016.jpg 1600w\" sizes=\"(max-width: 300px) 100vw, 300px\" \/><\/a><p id=\"caption-attachment-20888\" class=\"wp-caption-text\">Bagno<\/p><\/div>\n<\/div>\n<\/td>\n<\/tr>\n<\/tbody>\n<\/table>\n<div><\/div>\n<h3><strong>Organizzazione e Tempo-Scuola<\/strong><\/h3>\n<div>La Scuola dell&#8217;Infanzia prevede il tempo pieno dal Luned\u00ec al Venerd\u00ec, dalle 8:00 alle 16:00.<\/div>\n<div>\n<p>I tempi della giornata scolastica sono articolati in modo da rispettare i bisogni e i ritmi biologici dei bambini, diversificare le attivit\u00e0 durante la giornata, offrire contesti organizzati che diano loro sicurezza.<\/p>\n<p>I bambini sono organizzati in sezioni eterogenee per et\u00e0.<\/p>\n<p>Le attivit\u00e0 sono svolte in modo individuale, a due, in piccolo gruppo, in sezione e\/o intersezione, in laboratori secondo l\u2019articolazione schematizzata in tabella<\/p>\n<\/div>\n<div><\/div>\n<div>\n<table style=\"border-collapse: collapse; width: 100%;\">\n<tbody>\n<tr>\n<td style=\"width: 74.5918%;\">\n<div class=\"wp-block-image\">\n<div id=\"attachment_20873\" style=\"width: 276px\" class=\"wp-caption aligncenter\"><a href=\"https:\/\/www.icsiniscola2.edu.it\/wp-content\/uploads\/2023\/02\/tabella-Infanzia1.jpg\"><img aria-describedby=\"caption-attachment-20873\" decoding=\"async\" loading=\"lazy\" class=\"wp-image-20873 size-medium\" src=\"https:\/\/www.icsiniscola2.edu.it\/wp-content\/uploads\/2023\/02\/tabella-Infanzia1-266x300.jpg\" alt=\"Organizzazione giornata Infanzia\" width=\"266\" height=\"300\" srcset=\"https:\/\/www.icsiniscola2.edu.it\/wp-content\/uploads\/2023\/02\/tabella-Infanzia1-266x300.jpg 266w, https:\/\/www.icsiniscola2.edu.it\/wp-content\/uploads\/2023\/02\/tabella-Infanzia1-908x1024.jpg 908w, https:\/\/www.icsiniscola2.edu.it\/wp-content\/uploads\/2023\/02\/tabella-Infanzia1-768x866.jpg 768w, https:\/\/www.icsiniscola2.edu.it\/wp-content\/uploads\/2023\/02\/tabella-Infanzia1-180x203.jpg 180w, https:\/\/www.icsiniscola2.edu.it\/wp-content\/uploads\/2023\/02\/tabella-Infanzia1.jpg 1081w\" sizes=\"(max-width: 266px) 100vw, 266px\" \/><\/a><p id=\"caption-attachment-20873\" class=\"wp-caption-text\">Organizzazione del Tempo-Scuola giornaliero<\/p><\/div>\n<\/div>\n<\/td>\n<td style=\"width: 25.4082%;\"><strong>Tempo Pieno<\/strong><\/p>\n<p>Dal Luned\u00ec al venerd\u00ec<\/p>\n<p>orario: 08:00 &#8211; 16:00<\/td>\n<\/tr>\n<\/tbody>\n<\/table>\n<\/div>\n<div class=\"wp-block-image\">\n<p>Anche nella scuola dell\u2019Infanzia \u00e8 prevista la trattazione di tematiche inerenti l\u2019educazione civica, per un totale di 33 ore annuali cos\u00ec ripartite:<\/p>\n<div class=\"wp-block-image\">\n<div id=\"attachment_20875\" style=\"width: 310px\" class=\"wp-caption aligncenter\"><a href=\"https:\/\/www.icsiniscola2.edu.it\/wp-content\/uploads\/2023\/02\/edcivica-Infanzia.jpg\"><img aria-describedby=\"caption-attachment-20875\" decoding=\"async\" loading=\"lazy\" class=\"wp-image-20875 size-medium\" src=\"https:\/\/www.icsiniscola2.edu.it\/wp-content\/uploads\/2023\/02\/edcivica-Infanzia-300x175.jpg\" alt=\"Ed.Civica Infanzia\" width=\"300\" height=\"175\" srcset=\"https:\/\/www.icsiniscola2.edu.it\/wp-content\/uploads\/2023\/02\/edcivica-Infanzia-300x175.jpg 300w, https:\/\/www.icsiniscola2.edu.it\/wp-content\/uploads\/2023\/02\/edcivica-Infanzia-768x448.jpg 768w, https:\/\/www.icsiniscola2.edu.it\/wp-content\/uploads\/2023\/02\/edcivica-Infanzia-180x105.jpg 180w, https:\/\/www.icsiniscola2.edu.it\/wp-content\/uploads\/2023\/02\/edcivica-Infanzia.jpg 797w\" sizes=\"(max-width: 300px) 100vw, 300px\" \/><\/a><p id=\"caption-attachment-20875\" class=\"wp-caption-text\">Tematiche e ripartizione annua monte ore di Educazione Civica<\/p><\/div>\n<\/div>\n<h3><strong>Cosa Facciamo<\/strong><\/h3>\n<\/div>\n<div>\n<div><\/div>\n<div>\n<table style=\"border-collapse: collapse; width: 100%;\">\n<tbody>\n<tr>\n<td style=\"width: 33.3333%; text-align: center;\"><strong><a href=\"https:\/\/www.icsiniscola2.edu.it\/attivita-didattiche-scuola-dellinfanzia-vivaldi\/\">ATTIVITA&#8217; DIDATTICHE<\/a><\/strong><\/td>\n<td style=\"width: 33.3333%; text-align: center;\"><strong><a href=\"https:\/\/www.icsiniscola2.edu.it\/progetti-infanzia-vivaldi\/\">PROGETTI<\/a><\/strong><\/p>\n<p><strong><a href=\"https:\/\/www.icsiniscola2.edu.it\/laboratori-scuola-dellinfanzia-vivaldi\/\">LABORATORI<\/a><\/strong><\/td>\n<td style=\"width: 33.3333%; text-align: center;\"><strong><a href=\"https:\/\/www.icsiniscola2.edu.it\/uscite-didattiche-scuola-dellinfanzia-vivaldi\/\">USCITE DIDATTICHE<\/a><\/strong><\/p>\n<p><strong><a href=\"https:\/\/www.icsiniscola2.edu.it\/visite-guidate-scuola-dellinfanzia-vivaldi\/\">VISITE GUIDATE<\/a><\/strong><\/td>\n<\/tr>\n<\/tbody>\n<\/table>\n<\/div>\n<\/div>\n<p>&nbsp;<\/p>\n<p>&nbsp;<\/p>\n","protected":false},"excerpt":{"rendered":"<p>Il plesso di via Vivaldi si trova a Siniscola ed \u00e8 composto da due sezioni di scuola dell\u2019infanzia. All\u2019interno la scuola \u00e8 circondata da un giardino molto spazioso. L\u2019interno dell\u2019edificio \u00e8 composto da un piano superiore dove si trovano 4 aule di cui una con LIM, una sala lavoro, due bagni per bambini, un bagno&nbsp; &nbsp; <a class=\"moretag\" href=\"https:\/\/www.icsiniscola2.edu.it\/infanzia-vivaldi\/\" title=\"Leggi l&#180;intero articolo\">&raquo;<\/a><\/p>\n","protected":false},"author":199,"featured_media":0,"parent":0,"menu_order":0,"comment_status":"closed","ping_status":"closed","template":"","meta":[],"_links":{"self":[{"href":"https:\/\/www.icsiniscola2.edu.it\/wp-json\/wp\/v2\/pages\/20314"}],"collection":[{"href":"https:\/\/www.icsiniscola2.edu.it\/wp-json\/wp\/v2\/pages"}],"about":[{"href":"https:\/\/www.icsiniscola2.edu.it\/wp-json\/wp\/v2\/types\/page"}],"author":[{"embeddable":true,"href":"https:\/\/www.icsiniscola2.edu.it\/wp-json\/wp\/v2\/users\/199"}],"replies":[{"embeddable":true,"href":"https:\/\/www.icsiniscola2.edu.it\/wp-json\/wp\/v2\/comments?post=20314"}],"version-history":[{"count":15,"href":"https:\/\/www.icsiniscola2.edu.it\/wp-json\/wp\/v2\/pages\/20314\/revisions"}],"predecessor-version":[{"id":21651,"href":"https:\/\/www.icsiniscola2.edu.it\/wp-json\/wp\/v2\/pages\/20314\/revisions\/21651"}],"wp:attachment":[{"href":"https:\/\/www.icsiniscola2.edu.it\/wp-json\/wp\/v2\/media?parent=20314"}],"curies":[{"name":"wp","href":"https:\/\/api.w.org\/{rel}","templated":true}]}}