{"id":22913,"date":"2023-09-21T11:11:38","date_gmt":"2023-09-21T09:11:38","guid":{"rendered":"https:\/\/www.icsiniscola2.edu.it\/?page_id=22913"},"modified":"2023-11-10T06:23:48","modified_gmt":"2023-11-10T05:23:48","slug":"bandi-di-concorso-e-campionati-2023-2024","status":"publish","type":"page","link":"https:\/\/www.icsiniscola2.edu.it\/bandi-di-concorso-e-campionati-2023-2024\/","title":{"rendered":"Bandi di concorso e campionati 2023-2024"},"content":{"rendered":"<div class=\"wp-block-image\"><a href=\"https:\/\/www.icsiniscola2.edu.it\/area-utenti\/area-docenti\/proposte-progettuali-2\/\" rel=\"https:\/\/www.icsiniscola2.edu.it\/area-utenti\/area-docenti\/proposte-progettuali-2\/\"><img decoding=\"async\" loading=\"lazy\" class=\"alignnone wp-image-17371\" src=\"https:\/\/www.icsiniscola2.edu.it\/wp-content\/uploads\/2020\/12\/bottone-INDIETRO-2-1-2.jpg\" alt=\"Torna indietro\" width=\"94\" height=\"94\" \/><\/a><\/div>\n<div><\/div>\n<table style=\"border-collapse: collapse; width: 100%; height: 1592px;\">\n<tbody>\n<tr>\n<td style=\"width: 46.0843%;\">CAMPIONATI NAZIONALI DI PROBLEM SOLVING &#8211; Informatica e pensiero computazionale. Anno scolastico 2023-2024<\/p>\n<ul>\n<li><a href=\"https:\/\/www.icsiniscola2.edu.it\/wp-content\/uploads\/2023\/11\/Bando-Campionati-Problem-solving-Edizione-2023-2024.pdf\">Bando Campionati Problem solving Edizione 2023-2024<\/a><\/li>\n<li><a href=\"https:\/\/www.icsiniscola2.edu.it\/wp-content\/uploads\/2023\/11\/CIRCOLARE-Campionati-Problem-solving-a.s.-2023-2024.pdf\">CIRCOLARE Campionati Problem solving a.s. 2023-2024<\/a><\/li>\n<\/ul>\n<\/td>\n<td style=\"width: 53.9157%;\">Progetto di informatica \u201cCampionati Nazionali di Problem Solving\u201d finalizzato alla promozione di competenze chiave per la soluzione di problemi attraverso modelli, metodi e strumenti informatici.<\/p>\n<p>E&#8217; rivolto agli alunni della <strong>scuola primaria<\/strong>, della <strong>scuola secondaria di primo grado<\/strong> e del primo biennio della scuola secondaria di secondo grado delle scuole Italiane statali e paritarie sul territorio nazionale ed estero.<\/p>\n<p>Ogni scuola pu\u00f2 partecipare con un progetto ed una squadra che pu\u00f2 essere composta da un numero variabile, non vincolato di alunni, eventualmente appartenenti a classi diverse, e uno o pi\u00f9 insegnanti. Il progetto elaborato deve essere caricato sul sito delle OPS usando l\u2019apposita pagina, all&#8217;interno dell&#8217;area riservata alle scuole, <strong>entro il 15 Marzo 2024<\/strong>.<\/td>\n<\/tr>\n<tr>\n<td style=\"width: 46.0843%;\">\n<h4><strong>Bando di concorso &#8220;Immaginando Gramsci&#8221; 2023\/24<\/strong><\/h4>\n<ul>\n<li><a href=\"https:\/\/www.icsiniscola2.edu.it\/wp-content\/uploads\/2023\/10\/Bando_ImmaginandoGramsci2023_24.pdf\">Bando_ImmaginandoGramsci2023_24<\/a><\/li>\n<\/ul>\n<h4><\/h4>\n<\/td>\n<td style=\"width: 53.9157%;\">L\u2019Associazione Casa Natale A. Gramsci di Ales, l\u2019Istituto Gramsci della Sardegna e l\u2019Associazione per Antonio Gramsci di Ghilarza, con il supporto scientifico del GramsciLab &#8211; Centro di studi interdipartimentale dell\u2019Universit\u00e0 di Cagliari, promuovono, per l\u2019anno scolastico 2023-2024, l a undicesima edizione del concorso per le scuole \u201cImmaginando Gramsci\u201d.<br \/>\nScopo principale dell\u2019iniziativa \u00e8 da una parte portare la figura di Antonio Gramsci all\u2019interno delle aule scolastiche e dall\u2019altra fare interagire i suoi scritti con le conoscenze e gli interessi delle studentesse e degli studenti di <strong>ogni ordine e grado<\/strong> in modo da offrire loro una griglia interpretativa di comprensione del presente e del passato.Adesione entro e non oltre il <strong>15 dicembre 2023<\/strong><\/td>\n<\/tr>\n<tr>\n<td style=\"width: 46.0843%;\">\n<h4>XXII Campionati Italiani di Astronomia<\/h4>\n<ul>\n<li><a href=\"https:\/\/www.icsiniscola2.edu.it\/wp-content\/uploads\/2023\/10\/m_pi.AOODRSA.REGISTRO-UFFICIALEE.0021317.25-10-2023.pdf\">m_pi.AOODRSA.REGISTRO UFFICIALE(E).0021317.25-10-2023<\/a><\/li>\n<li><a href=\"https:\/\/www.icsiniscola2.edu.it\/wp-content\/uploads\/2023\/10\/m_pi.AOODRSA.REGISTRO-UFFICIALEU.0021414.27-10-2023.pdf\">m_pi.AOODRSA.REGISTRO UFFICIALE(U).0021414.27-10-2023<\/a><\/li>\n<li><a href=\"https:\/\/www.icsiniscola2.edu.it\/wp-content\/uploads\/2023\/10\/Regolamento_2024_Campionati-Italiani_Astronomia.pdf\">Regolamento_2024_Campionati Italiani_Astronomia<\/a><\/li>\n<\/ul>\n<p><strong>\u00a0<\/strong><\/td>\n<td style=\"width: 53.9157%;\">La SAIt, Societ\u00e0 Astronomica Italiana, organizza, per l\u2019anno scolastico 2023\/2024, la XXII edizione dei Campionati di Astronomia, promossi dal Ministero dell\u2019Istruzione\u00a0 indirizzati agli <strong>studenti della Scuola secondaria di primo e di secondo grado<\/strong>.<\/p>\n<p>Le scuole che intendono aderire ai XXII Campionati Italiani di Astronomia devono iscriversi, gratuitamente, registrando i propri dati e quelli dei propri studenti sul sito dei Campionati Italiani di Astronomia (www.campionatiastronomia.it).<\/p>\n<p>&#8211; Registrazione delle <strong>scuole<\/strong>: <strong>30 ottobre<\/strong> &#8211; <strong>29 novembre 2023<\/strong><br \/>\n&#8211; Registrazione degli <strong>studenti<\/strong>: <strong>30 ottobre &#8211; 1 dicembre 2023<\/strong><\/td>\n<\/tr>\n<tr>\n<td style=\"width: 46.0843%;\"><strong>Premio letterario CITTA\u2019 DI GRAZIA <\/strong><strong>Seconda Edizione<\/strong><\/p>\n<ul>\n<li><a href=\"https:\/\/www.icsiniscola2.edu.it\/wp-content\/uploads\/2023\/10\/m_pi.AOODRSA.REGISTRO-UFFICIALEU.0018598.05-09-2023.pdf\">m_pi.AOODRSA.REGISTRO UFFICIALE(U).0018598.05-09-2023<\/a><\/li>\n<li><a href=\"https:\/\/www.icsiniscola2.edu.it\/wp-content\/uploads\/2023\/10\/Avviso-Pubblico_Citta-di-Grazia_signed_Marcato.pdf\">Avviso Pubblico_Citta di Grazia_signed_Marcato<\/a><\/li>\n<li><a href=\"https:\/\/www.icsiniscola2.edu.it\/wp-content\/uploads\/2023\/10\/Disciplinare-di-concorso_signed.pdf\">Disciplinare di concorso_signed<\/a><\/li>\n<li><a href=\"https:\/\/www.icsiniscola2.edu.it\/wp-content\/uploads\/2023\/10\/SCHEDA-ANAGRAFICA-DI-ISCRIZIONE-E-LIBERATORIA-1.docx\">SCHEDA ANAGRAFICA DI ISCRIZIONE E LIBERATORIA <\/a><\/li>\n<\/ul>\n<p><strong>\u00a0<\/strong><\/td>\n<td style=\"width: 53.9157%;\">Il Comune di Nuoro bandisce la seconda edizione del Premio Letterario \u201cCitt\u00e0 di Grazia\u201d. I partecipanti potranno sviluppare il tema Sardegna, terra natale di Grazia Deledda e i suoi molteplici aspetti, partendo dalla lettura delle opere deleddiane e prendendo spunto da personali esperienze, viaggi, visite didattiche, fantasie ed emozioni.<\/p>\n<p>Gli elaborati dovranno essere consegnati\/inviati <strong>entro e non oltre il 15 novembre 2023<\/strong><\/p>\n<p><span style=\"font-family: inherit; font-size: inherit;\">Aperta agli alunni degli Istituti Comprensivi (<strong>materna, primaria e secondaria di primo grado<\/strong>) insediati nel territorio regionale della Sardegna.<\/span><\/td>\n<\/tr>\n<tr style=\"height: 328px;\">\n<td style=\"width: 46.0843%; height: 328px;\"><strong>Concorso Nazionale <\/strong><strong>\u201cIN MEMORIA DI OLGA: LA VITA OLTRE\u201d &#8211; <\/strong><strong style=\"font-family: inherit; font-size: inherit;\">XVI EDIZIONE \u2013 A. S. 2023-2024<\/strong><\/p>\n<ul>\n<li><a href=\"https:\/\/www.icsiniscola2.edu.it\/wp-content\/uploads\/2023\/10\/BANDO_m_pi.AOODRSA.REGISTRO-UFFICIALEE.0019412.19-09-2023.pdf\">BANDO_m_pi.AOODRSA.REGISTRO UFFICIALE(E).0019412.19-09-2023<\/a><\/li>\n<li><a href=\"https:\/\/www.icsiniscola2.edu.it\/wp-content\/uploads\/2023\/10\/Concorso-nazionale-In-memoria-di-Olga-XVI-edizione-anno-scolastico-2023-2024.pdf\">Concorso nazionale In memoria di Olga XVI edizione anno scolastico 2023 2024<\/a><\/li>\n<li><a href=\"https:\/\/www.icsiniscola2.edu.it\/wp-content\/uploads\/2023\/10\/Concorso-nazionale-In-memoria-di-Olga-XVI-edizione-anno-scolastico-2023-2024-1Protocollo-INTESA.pdf\">Concorso nazionale In memoria di Olga XVI edizione anno scolastico 2023 2024 (1Protocollo INTESA<\/a><\/li>\n<li><a href=\"https:\/\/www.icsiniscola2.edu.it\/wp-content\/uploads\/2023\/10\/la-memoria-di-olga-2-signedUSR.pdf\">la memoria di olga 2-signedUSR<\/a><\/li>\n<li><a href=\"https:\/\/www.icsiniscola2.edu.it\/wp-content\/uploads\/2023\/10\/ALLEGATO-DI-PARTECIPAZIONE-Concorso-Nazionale-In-memoria-di-Olga-23-24-002.docx\">ALLEGATO-DI-PARTECIPAZIONE-Concorso-Nazionale-In-memoria-di-Olga-23-24 (002)<\/a><\/li>\n<\/ul>\n<\/td>\n<td style=\"width: 53.9157%; height: 328px;\">Concorso indetto nell\u2019ambito del Protocollo di Intesa MI- SAIT, la Societ\u00e0 Astronomica Italiana, il Ministero dell\u2019Istruzione, Dipartimento per il sistema educativo di istruzione e formazione \u2013 Direzione generale per gli ordinamenti scolastici, la valutazione e l\u2019internazionalizzazione del Sistema Nazionale di Istruzione, la Citt\u00e0 Metropolitana di Reggio Calabria,<\/p>\n<p>Per non dimenticare tutti i bambini cui \u00e8 stata negata la possibilit\u00e0 di un sereno avvenire. Il concorso si rivolge agli <strong>alunni della scuola primaria e dell\u2019infanzia<\/strong> per sollecitarli all\u2019osservazione del cielo notturno e a una personale riflessione, che si traduca in una pagina scritta o in un\u2019elaborazione grafica.<\/p>\n<p>Gli elaborati dovranno pervenire entro il <strong>2 dicembre 2023<\/strong>.<\/td>\n<\/tr>\n<tr style=\"height: 240px;\">\n<td style=\"width: 46.0843%; height: 240px;\"><strong>\u201cCODENAME: RESUS SCHOOL 2023 CHALLENGE\u201d<\/strong><\/p>\n<ul>\n<li><a href=\"https:\/\/www.icsiniscola2.edu.it\/wp-content\/uploads\/2023\/09\/m_pi.AOODRSA.REGISTRO-UFFICIALEU.0019720.25-09-2023.pdf\">m_pi.AOODRSA.REGISTRO UFFICIALE(U).0019720.25-09-2023<\/a><\/li>\n<li><a href=\"https:\/\/www.icsiniscola2.edu.it\/wp-content\/uploads\/2023\/09\/2023_Codename_ResUs_School_Challenge_Regolamento.pdf\">2023_Codename_ResUs_School_Challenge_Regolamento<\/a><\/li>\n<li><a href=\"https:\/\/www.icsiniscola2.edu.it\/wp-content\/uploads\/2023\/09\/2023_Codename_ResUs_School_Challenge_Modulo_manifestazione_interesse.docx\">2023_Codename_ResUs_School_Challenge_Modulo<\/a><\/li>\n<\/ul>\n<\/td>\n<td style=\"width: 53.9157%; height: 240px;\">Primo <strong>torneo nazionale<\/strong> riservato alle studentesse e agli studenti delle <strong>scuole secondarie di I e II grado<\/strong> site sul territorio nazionale, in programma <strong>dal 16 al 22 ottobre 2023<\/strong>, dedicato alla <strong>diffusione della cultura della rianimazione cardiopolmonare e del primo soccorso.<\/strong><\/p>\n<p>Gli istituti scolastici interessati dovranno inviare la propria manifestazione di interesse <strong>entro il prossimo 30 settembre<\/strong> all\u2019indirizzo di posta elettronica indicato nel regolamento.<\/td>\n<\/tr>\n<tr style=\"height: 592px;\">\n<td style=\"width: 46.0843%; height: 592px;\"><strong>Fondazione Idis-Citt\u00e0 della Scienza &#8211; Napoli<\/strong><\/p>\n<p>Concorso \u201cArte, cultura e sapori del territorio, dal reale al metaverso, attraverso la tecnologia\u201d<\/p>\n<ul>\n<li><a href=\"https:\/\/www.icsiniscola2.edu.it\/wp-content\/uploads\/2023\/09\/m_pi.AOODRSA.REGISTRO-UFFICIALEU.0019674.25-09-2023.pdf\">m_pi.AOODRSA.REGISTRO UFFICIALE(U).0019674.25-09-2023<\/a><\/li>\n<li><a href=\"https:\/\/www.icsiniscola2.edu.it\/wp-content\/uploads\/2023\/09\/m_pi.AOODRPU.REGISTRO-UFFICIALEE.0034252.15-09-2023.pdf\">m_pi.AOODRPU.REGISTRO UFFICIALE(E).0034252.15-09-2023<\/a><\/li>\n<\/ul>\n<h3><\/h3>\n<\/td>\n<td style=\"width: 53.9157%; height: 592px;\">Con il presente bando si invitano le <strong>scuole di ogni ordine e grado<\/strong>, a partecipare al concorso \u201cArte, cultura e sapori del territorio, dal reale al metaverso, attraverso la tecnologia\u201d, finalizzato alla realizzazione di un prodotto multimediale che illustri le caratteristiche pi\u00f9 significative di un territorio nell\u2019ottica del rispetto, condivisione e tutela.<\/p>\n<p>Si vogliono valorizzare e disseminare percorsi progettuali realizzati, caratterizzati dalla presenza di nuovi ambienti di apprendimento e dall\u2019apertura al territorio. Si intende porre, altres\u00ec, l\u2019accento sul fatto che la comunicazione, in tutte le sue forme, \u00e8 nella societ\u00e0 contemporanea, sempre pi\u00f9 strumento di integrazione e coesione sociale nonch\u00e9 di diffusione di modelli comportamentali solidali.<\/p>\n<p>Le proposte pervenute saranno valutate da un\u2019apposita commissione che selezioner\u00e0 i progetti pi\u00f9 innovativi. Le proposte selezionate saranno presentate dagli insegnati referenti in sessioni di lavoro dedicate durante la manifestazione.<br \/>\n\u00c8 ammessa la partecipazione a livello di classe, non a livello individuale, e i lavori realizzati dovranno essere inviati da un docente responsabile del progetto. La partecipazione \u00e8 GRATUITA.<br \/>\nLa scadenza per la presentazione delle proposte \u00e8 fissata per il <strong>20 ottobre 2023.<\/strong><br \/>\nL\u2019esito della candidatura sar\u00e0 comunicato entro la fine del mese di ottobre 2023.<\/td>\n<\/tr>\n<tr style=\"height: 408px;\">\n<td style=\"width: 46.0843%; height: 408px;\">\n<h3><strong>XIX Concorso letterario &#8220;Lingua Madre&#8221;<\/strong><\/h3>\n<ul>\n<li><a href=\"https:\/\/www.icsiniscola2.edu.it\/wp-content\/uploads\/2023\/09\/Bando-2023-2024.pdf\">Bando-2023-2024<\/a><\/li>\n<li><a style=\"font-family: inherit; font-size: inherit;\" href=\"https:\/\/www.icsiniscola2.edu.it\/wp-content\/uploads\/2023\/09\/m_pi.AOODRSA.REGISTRO-UFFICIALEU.0019178.14-09-2023.pdf\">m_pi.AOODRSA.REGISTRO UFFICIALE(U).0019178.14-09-2023<\/a><\/li>\n<li><a style=\"font-family: inherit; font-size: inherit;\" href=\"https:\/\/www.icsiniscola2.edu.it\/wp-content\/uploads\/2023\/09\/body-4.pdf\">nota DRSA prot. n. 19178 del 14 settembre 2023<\/a><\/li>\n<\/ul>\n<\/td>\n<td style=\"width: 53.9157%; height: 408px;\">Progetto permanente della Regione Piemonte e del Salone Internazionale del Libro di Torino, che opera sotto gli auspici del Centro per il libro e la lettura e si avvale dei patrocini di: Ministero della Cultura, Rappresentanza in Italia della Commissione Europea, Pubblicit\u00e0 Progresso e We Women for Expo.<br \/>\nIl Concorso \u00e8 diretto a tutte le donne straniere o di origine straniera residenti in Italia che, utilizzando la nuova lingua d\u2019arrivo (cio\u00e8, l\u2019italiano), vogliano approfondire il rapporto tra identit\u00e0, radici e il mondo \u201caltro\u201d. Una sezione speciale \u00e8 dedicata alle donne italiane che vogliano farsi tramite di questa culture diverse, raccontando storie di donne straniere che hanno conosciuto, amato, incontrato e che hanno sputo trasmettere loro &#8220;altre&#8221; identit\u00e0.<br \/>\nLe opere selezionate saranno pubblicate in un libro che verr\u00e0 presentato nell\u2019edizione 2024 del Salone Internazionale del Libro di Torino.<br \/>\nLa XIX edizione del Concorso <strong>terminer\u00e0 il 15 dicembre 2023.<\/strong> Ulteriori informazioni sono reperibili<br \/>\nnel sito: <a href=\"https:\/\/concorsolinguamadre.it\/\">www.concorsolinguamadre.it<\/a><\/td>\n<\/tr>\n<tr style=\"height: 24px;\">\n<td style=\"width: 46.0843%; height: 24px;\"><\/td>\n<td style=\"width: 53.9157%; height: 24px;\"><\/td>\n<\/tr>\n<\/tbody>\n<\/table>\n","protected":false},"excerpt":{"rendered":"<p>CAMPIONATI NAZIONALI DI PROBLEM SOLVING &#8211; Informatica e pensiero computazionale. Anno scolastico 2023-2024 Bando Campionati Problem solving Edizione 2023-2024 CIRCOLARE Campionati Problem solving a.s. 2023-2024 Progetto di informatica \u201cCampionati Nazionali di Problem Solving\u201d finalizzato alla promozione di competenze chiave per la soluzione di problemi attraverso modelli, metodi e strumenti informatici. E&#8217; rivolto agli alunni della&nbsp; &nbsp; <a class=\"moretag\" href=\"https:\/\/www.icsiniscola2.edu.it\/bandi-di-concorso-e-campionati-2023-2024\/\" title=\"Leggi l&#180;intero articolo\">&raquo;<\/a><\/p>\n","protected":false},"author":23,"featured_media":0,"parent":0,"menu_order":0,"comment_status":"closed","ping_status":"closed","template":"","meta":[],"_links":{"self":[{"href":"https:\/\/www.icsiniscola2.edu.it\/wp-json\/wp\/v2\/pages\/22913"}],"collection":[{"href":"https:\/\/www.icsiniscola2.edu.it\/wp-json\/wp\/v2\/pages"}],"about":[{"href":"https:\/\/www.icsiniscola2.edu.it\/wp-json\/wp\/v2\/types\/page"}],"author":[{"embeddable":true,"href":"https:\/\/www.icsiniscola2.edu.it\/wp-json\/wp\/v2\/users\/23"}],"replies":[{"embeddable":true,"href":"https:\/\/www.icsiniscola2.edu.it\/wp-json\/wp\/v2\/comments?post=22913"}],"version-history":[{"count":15,"href":"https:\/\/www.icsiniscola2.edu.it\/wp-json\/wp\/v2\/pages\/22913\/revisions"}],"predecessor-version":[{"id":23384,"href":"https:\/\/www.icsiniscola2.edu.it\/wp-json\/wp\/v2\/pages\/22913\/revisions\/23384"}],"wp:attachment":[{"href":"https:\/\/www.icsiniscola2.edu.it\/wp-json\/wp\/v2\/media?parent=22913"}],"curies":[{"name":"wp","href":"https:\/\/api.w.org\/{rel}","templated":true}]}}