{"id":8953,"date":"2016-02-28T07:22:59","date_gmt":"2016-02-28T06:22:59","guid":{"rendered":"http:\/\/www.icsiniscola2.edu.it\/?page_id=8953"},"modified":"2021-05-06T12:17:16","modified_gmt":"2021-05-06T10:17:16","slug":"strumentali","status":"publish","type":"page","link":"https:\/\/www.icsiniscola2.edu.it\/strumentali\/","title":{"rendered":"Funzioni strumentali"},"content":{"rendered":"<p><span style=\"color: #000080;\">Le funzioni strumentali al POF sono rappresentate da docenti di riferimento per aree specifiche di intervento considerate strategiche per la vita dell\u2019istituto; i docenti incaricati sono funzionali al POF, sono cio\u00e8 risorse per la realizzazione delle finalit\u00e0 istituzionali della scuola in regime di autonomia, e, per la propria area di intervento, svolgono attivit\u00e0 di coordinamento, gestione e sviluppo. La normativa di riferimento \u00e8 rappresentata dall&#8217;<\/span><strong><span style=\"color: #000080;\">Art.30 <\/span><\/strong><span style=\"color: #000080;\">del<\/span> <span style=\"color: #000080;\">CCNL 2002-05.<\/span><\/p>\n<table style=\"border-collapse: collapse; width: 100%;\" border=\"1\">\n<tbody>\n<tr>\n<td style=\"width: 100%;\">\n<h3 style=\"text-align: center;\"><span style=\"color: #000080;\"><strong>Anno scolastico 2020\/2021<\/strong><\/span><\/h3>\n<\/td>\n<\/tr>\n<tr>\n<td style=\"width: 100%;\">\n<h3 style=\"text-align: center;\"><span style=\"color: #000080;\"><strong>Funzioni strumentali<\/strong><\/span><\/h3>\n<\/td>\n<\/tr>\n<\/tbody>\n<\/table>\n<table style=\"border-collapse: collapse; width: 100%;\" border=\"1\">\n<tbody>\n<tr>\n<td style=\"width: 50%;\"><span style=\"color: #0000ff;\">Aggiornamento P.O.F e POFT<\/span><\/td>\n<td style=\"width: 50%;\"><span style=\"color: #0000ff;\">Ins. Fois Graziella<\/span><\/td>\n<\/tr>\n<tr>\n<td style=\"width: 50%;\"><span style=\"color: #0000ff;\">\u00a0Sito Web\u00a0<\/span><\/td>\n<td style=\"width: 50%;\"><span style=\"color: #0000ff;\">Ins. Deiana Luciana<\/span><\/td>\n<\/tr>\n<tr>\n<td style=\"width: 50%;\"><span style=\"color: #0000ff;\">Testi e Contesti<\/span><\/td>\n<td style=\"width: 50%;\"><span style=\"color: #0000ff;\">Ins. Cara M. Grazia<\/span><\/td>\n<\/tr>\n<tr>\n<td style=\"width: 50%;\"><span style=\"color: #0000ff;\">Inclusione<\/span><\/td>\n<td style=\"width: 50%;\"><span style=\"color: #0000ff;\">Prof.ssa Murrighile Gianna<\/span><\/p>\n<p><span style=\"color: #0000ff;\">Ins. Marredda Manuela<\/span><\/td>\n<\/tr>\n<\/tbody>\n<\/table>\n<p>&nbsp;<\/p>\n<table style=\"width: 619px; height: 81px;\" width=\"803\">\n<tbody>\n<tr>\n<td style=\"width: 609px;\">\n<h3 style=\"text-align: center;\"><span style=\"color: #000080;\"><strong>Anno scolastico 2019\/2020<\/strong><\/span><\/h3>\n<\/td>\n<\/tr>\n<\/tbody>\n<\/table>\n<table style=\"width: 621px; height: 236px;\" width=\"551\">\n<tbody>\n<tr style=\"height: 52px;\">\n<td style=\"width: 425.317px; height: 52px;\" colspan=\"2\"><strong><span style=\"color: #000080;\">Funzioni Strumentali<\/span> <\/strong><\/td>\n<td style=\"width: 179.683px; height: 52px;\"><span style=\"color: #000080;\"><strong>Piani operativi<\/strong><strong><br \/>\n<\/strong><\/span><\/td>\n<\/tr>\n<tr style=\"height: 48px;\">\n<td style=\"width: 197.567px; height: 48px;\"><span style=\"color: #000080;\">Aggiornamento P.O.F e POFT<\/span><\/td>\n<td style=\"width: 221.75px; height: 48px;\"><span style=\"color: #000080;\">Ins. Franca Pilosu<\/span><\/td>\n<td style=\"width: 179.683px; height: 48px;\"><\/td>\n<\/tr>\n<tr style=\"height: 56px;\">\n<td style=\"width: 197.567px; height: 56px;\"><span style=\"color: #000080;\">\u00a0Sito Web\u00a0<\/span><\/td>\n<td style=\"width: 221.75px; height: 56px;\"><span style=\"color: #000080;\">Ins. Luciana Deiana\u00a0<\/span><\/td>\n<td style=\"width: 179.683px; height: 56px;\"><a href=\"https:\/\/www.icsiniscola2.edu.it\/wp-content\/uploads\/2019\/10\/Piano-Operativo-Cura-del-sito-web_2019_20.docx\">Cura del sito web<\/a><\/td>\n<\/tr>\n<tr style=\"height: 24px;\">\n<td style=\"width: 197.567px; height: 24px;\"><span style=\"color: #000080;\">Testi e Contesti<\/span><\/td>\n<td style=\"width: 221.75px; height: 24px;\"><span style=\"color: #000080;\">Ins. Maria Grazia Cara<\/span><\/td>\n<td style=\"width: 179.683px; height: 24px;\"><span style=\"color: #000080;\"><a href=\"https:\/\/www.icsiniscola2.edu.it\/wp-content\/uploads\/2019\/10\/Piano-operativo-Progetto-di-lettura-di-istituto-2019-.docx\">\u00a0Progetto <\/a><\/span><span style=\"color: #000080;\"><a href=\"https:\/\/www.icsiniscola2.edu.it\/wp-content\/uploads\/2019\/10\/Piano-operativo-Progetto-di-lettura-di-istituto-2019-.docx\">d&#8217;istituto<\/a> <\/span><span style=\"color: #000080;\"><a href=\"https:\/\/www.icsiniscola2.edu.it\/wp-content\/uploads\/2019\/10\/Piano-operativo-Progetto-di-lettura-di-istituto-2019-.docx\">di promozione alla lettura\u00a0 <\/a><\/span><\/td>\n<\/tr>\n<tr style=\"height: 56px;\">\n<td style=\"width: 197.567px; height: 56px;\"><span style=\"color: #000080;\">Gioco-Sport<\/span><\/td>\n<td style=\"width: 221.75px; height: 56px;\"><span style=\"color: #000080;\">Ins. Carla Fadda \u00a0\u00a0 \u00a0 Ins. Saggia Lucia<\/span><\/td>\n<td style=\"width: 179.683px; height: 56px;\"><a href=\"https:\/\/www.icsiniscola2.edu.it\/wp-content\/uploads\/2019\/10\/Progetto-Giocosport.docx\">Progetto sportivo in verticale &#8220;Giocosport&#8221;<\/a><\/td>\n<\/tr>\n<\/tbody>\n<\/table>\n<p>&nbsp;<\/p>\n<p>&nbsp;<\/p>\n<hr \/>\n<h5><\/h5>\n<table width=\"803\">\n<tbody>\n<tr>\n<td>\n<h3 style=\"text-align: center;\"><span style=\"color: #000080;\"><strong>Anno scolastico 2018\/2019<\/strong><\/span><\/h3>\n<\/td>\n<\/tr>\n<\/tbody>\n<\/table>\n<table>\n<tbody>\n<tr>\n<td>\n<h3><strong><span style=\"color: #000080;\">Funzioni strumentali<\/span><\/strong><\/h3>\n<\/td>\n<\/tr>\n<\/tbody>\n<\/table>\n<table style=\"height: 343px;\" width=\"551\">\n<tbody>\n<tr>\n<td width=\"103\"><span style=\"color: #000080;\"><strong>Num. Funzione Strumentale\u00a0<\/strong><\/span><\/td>\n<td width=\"241\"><span style=\"color: #000080;\"><strong>Ambito<\/strong><\/span><\/td>\n<td width=\"156\"><span style=\"color: #000080;\"><strong>Docente<\/strong><\/span><\/td>\n<\/tr>\n<tr>\n<td width=\"103\"><strong><span style=\"color: #000080;\">1<\/span><\/strong><\/td>\n<td width=\"241\"><span style=\"color: #000080;\">Testi e Contesti<\/span><\/td>\n<td width=\"156\"><span style=\"color: #000080;\">Ins. Maria Grazia Cara<br \/>\n<\/span><\/td>\n<\/tr>\n<tr>\n<td width=\"103\"><strong><span style=\"color: #000080;\">2<\/span><\/strong><\/td>\n<td width=\"241\"><span style=\"color: #000080;\">\u00a0S<\/span><span style=\"color: #000080;\">ito Web\u00a0<\/span><\/td>\n<td width=\"156\"><span style=\"color: #000080;\">Ins. Luciana Deiana\u00a0<\/span><\/td>\n<\/tr>\n<tr>\n<td width=\"103\"><strong><span style=\"color: #000080;\">3<\/span><\/strong><\/td>\n<td width=\"241\"><span style=\"color: #000080;\">\u00a0H\/BES<br \/>\nInterventi e servizi per gli studenti (coordinamento delle attivit\u00e0 di integrazione e recupero)<br \/>\n<\/span><\/td>\n<td width=\"156\"><span style=\"color: #000080;\">Ins. Rosaria Ortu<br \/>\nIns. Silvia Madeddu<\/span><\/td>\n<\/tr>\n<tr>\n<td width=\"103\"><strong><span style=\"color: #000080;\">4<\/span><\/strong><\/td>\n<td width=\"241\"><span style=\"color: #000080;\">A<\/span><span style=\"color: #000080;\">ggiornamento P.O.F e POFT<\/span><\/td>\n<td width=\"156\"><span style=\"color: #000080;\">Ins. Franca Pilosu<\/span><\/td>\n<\/tr>\n<tr>\n<td width=\"103\"><strong><span style=\"color: #000080;\">5<\/span><\/strong><\/td>\n<td width=\"241\"><span style=\"color: #000080;\">Gioco-Sport<\/span><\/td>\n<td width=\"156\"><span style=\"color: #000080;\">Ins. Carla Fadda<\/span><\/td>\n<\/tr>\n<\/tbody>\n<\/table>\n<p><span style=\"color: #000080;\">\u00a0<\/span><\/p>\n<p>&nbsp;<\/p>\n<table width=\"803\">\n<tbody>\n<tr>\n<td>\n<h3 style=\"text-align: center;\"><span style=\"color: #000080;\"><strong>Anno scolastico 2017\/2018<\/strong><\/span><\/h3>\n<\/td>\n<\/tr>\n<\/tbody>\n<\/table>\n<table>\n<tbody>\n<tr>\n<td>\n<h3><strong><span style=\"color: #000080;\">Funzioni strumentali<\/span><\/strong><\/h3>\n<\/td>\n<\/tr>\n<\/tbody>\n<\/table>\n<table style=\"height: 343px;\" width=\"551\">\n<tbody>\n<tr>\n<td width=\"103\"><span style=\"color: #000080;\"><strong>Num. Funzione Strumentale\u00a0<\/strong><\/span><\/td>\n<td width=\"241\"><span style=\"color: #000080;\"><strong>Ambito<\/strong><\/span><\/td>\n<td width=\"156\"><span style=\"color: #000080;\"><strong>Docente<\/strong><\/span><\/td>\n<\/tr>\n<tr>\n<td width=\"103\"><strong><span style=\"color: #000080;\">1<\/span><\/strong><\/td>\n<td width=\"241\"><span style=\"color: #000080;\">Testi e Contesti<\/span><\/td>\n<td width=\"156\"><span style=\"color: #000080;\">Ins. Maria Grazia Cara<br \/>\n<\/span><\/td>\n<\/tr>\n<tr>\n<td width=\"103\"><strong><span style=\"color: #000080;\">2<\/span><\/strong><\/td>\n<td width=\"241\"><span style=\"color: #000080;\">\u00a0S<\/span><span style=\"color: #000080;\">ito Web\u00a0<\/span><\/td>\n<td width=\"156\"><span style=\"color: #000080;\">Ins. Luciana Deiana\u00a0<\/span><\/td>\n<\/tr>\n<tr>\n<td width=\"103\"><strong><span style=\"color: #000080;\">3<\/span><\/strong><\/td>\n<td width=\"241\"><span style=\"color: #000080;\">\u00a0H\/BES<br \/>\nInterventi e servizi per gli studenti (coordinamento delle attivit\u00e0 di integrazione e recupero)<br \/>\n<\/span><\/td>\n<td width=\"156\"><span style=\"color: #000080;\">Ins. Rosaria Ortu<br \/>\n<\/span><\/td>\n<\/tr>\n<tr>\n<td width=\"103\"><strong><span style=\"color: #000080;\">4<\/span><\/strong><\/td>\n<td width=\"241\"><span style=\"color: #000080;\">A<\/span><span style=\"color: #000080;\">ggiornamento P.O.F e POFT<\/span><\/td>\n<td width=\"156\"><span style=\"color: #000080;\">Ins. Franca Pilosu<\/span><\/td>\n<\/tr>\n<\/tbody>\n<\/table>\n<p><span style=\"color: #000080;\">\u00a0<\/span><\/p>\n<hr \/>\n","protected":false},"excerpt":{"rendered":"<p>Le funzioni strumentali al POF sono rappresentate da docenti di riferimento per aree specifiche di intervento considerate strategiche per la vita dell\u2019istituto; i docenti incaricati sono funzionali al POF, sono cio\u00e8 risorse per la realizzazione delle finalit\u00e0 istituzionali della scuola in regime di autonomia, e, per la propria area di intervento, svolgono attivit\u00e0 di coordinamento,&nbsp; &nbsp; <a class=\"moretag\" href=\"https:\/\/www.icsiniscola2.edu.it\/strumentali\/\" title=\"Leggi l&#180;intero articolo\">&raquo;<\/a><\/p>\n","protected":false},"author":1,"featured_media":0,"parent":0,"menu_order":0,"comment_status":"closed","ping_status":"closed","template":"","meta":[],"_links":{"self":[{"href":"https:\/\/www.icsiniscola2.edu.it\/wp-json\/wp\/v2\/pages\/8953"}],"collection":[{"href":"https:\/\/www.icsiniscola2.edu.it\/wp-json\/wp\/v2\/pages"}],"about":[{"href":"https:\/\/www.icsiniscola2.edu.it\/wp-json\/wp\/v2\/types\/page"}],"author":[{"embeddable":true,"href":"https:\/\/www.icsiniscola2.edu.it\/wp-json\/wp\/v2\/users\/1"}],"replies":[{"embeddable":true,"href":"https:\/\/www.icsiniscola2.edu.it\/wp-json\/wp\/v2\/comments?post=8953"}],"version-history":[{"count":23,"href":"https:\/\/www.icsiniscola2.edu.it\/wp-json\/wp\/v2\/pages\/8953\/revisions"}],"predecessor-version":[{"id":18048,"href":"https:\/\/www.icsiniscola2.edu.it\/wp-json\/wp\/v2\/pages\/8953\/revisions\/18048"}],"wp:attachment":[{"href":"https:\/\/www.icsiniscola2.edu.it\/wp-json\/wp\/v2\/media?parent=8953"}],"curies":[{"name":"wp","href":"https:\/\/api.w.org\/{rel}","templated":true}]}}