{"id":938,"date":"2009-11-07T16:17:30","date_gmt":"2009-11-07T14:17:30","guid":{"rendered":"http:\/\/www.scuolacooperativa.net\/wordpress\/?page_id=938"},"modified":"2017-05-05T09:56:03","modified_gmt":"2017-05-05T07:56:03","slug":"piani-di-lavoro-della-scuola-secondaria","status":"publish","type":"page","link":"https:\/\/www.icsiniscola2.edu.it\/piani-di-lavoro\/piani-di-lavoro-della-scuola-secondaria\/","title":{"rendered":"Piani di lavoro della scuola secondaria"},"content":{"rendered":"<h3><span style=\"color: #000080;\"><strong><em>Le finalit\u00e0, le discipline di studio, gli obiettivi generali di apprendimento.<\/em><\/strong><\/span><\/h3>\n<p><span style=\"color: #000080;\">La scuola secondaria di primo grado intende \u201coffrire agli studenti occasioni di apprendimento dei saperi e dei linguaggi culturali di base; far si che gli studenti acquisiscano gli strumenti di pensiero necessari per apprendere selezionare le informazioni; promuovere negli studenti la capacit\u00e0 di elaborare metodi e categorie che siano in grado di fare da bussola negli itinerari personali; favorire l\u2019autonomia di pensiero degli studenti, orientando la propria didattica alla costruzione di saperi a partire da concreti bisogni formativi\u201d. (dalle Indicazioni Nazionali per il Curricolo 04.09.2012)<\/span><\/p>\n<p><span style=\"color: #000080;\">Il percorso educativo \u00e8 finalizzato al conseguimento degli obiettivi generali educativi e di apprendimento di seguito indicati.<\/span><\/p>\n<p><span style=\"color: #000080;\">\u00a0<\/span><\/p>\n<table width=\"771\">\n<tbody>\n<tr>\n<td colspan=\"3\" width=\"767\"><span style=\"color: #000080;\"><strong>Obiettivi educativi generali <\/strong><\/span><\/td>\n<\/tr>\n<tr>\n<td colspan=\"2\" width=\"383\"><span style=\"color: #000080;\"><strong>Autocontrollo<\/strong><\/span><\/p>\n<ul>\n<li><span style=\"color: #000080;\">saper controllare le proprie reazioni emotive;<\/span><\/li>\n<li><span style=\"color: #000080;\">rispettare gli altri e l&#8217;ambiente in cui lavora;<\/span><\/li>\n<li><span style=\"color: #000080;\">saper valutare le conseguenze delle proprie azioni.<\/span><\/li>\n<\/ul>\n<\/td>\n<td width=\"383\"><span style=\"color: #000080;\"><strong>Socializzazione<\/strong><\/span><\/p>\n<ul>\n<li><span style=\"color: #000080;\">inserirsi bene nel gruppo e avere buoni rapporti con tutta la classe;<\/span><\/li>\n<li><span style=\"color: #000080;\">mostrarsi solidale e collaborativo con i compagni;<\/span><\/li>\n<li><span style=\"color: #000080;\">rispettare le idee altrui;<\/span><\/li>\n<\/ul>\n<\/td>\n<\/tr>\n<tr>\n<td colspan=\"2\" width=\"383\"><span style=\"color: #000080;\"><strong>Partecipazione<\/strong><\/span><\/p>\n<ul>\n<li><span style=\"color: #000080;\">prestare attenzione continua alle attivit\u00e0 della classe;<\/span><\/li>\n<li><span style=\"color: #000080;\">intervenire con pertinenza e ordine;<\/span><\/li>\n<li><span style=\"color: #000080;\">interagire positivamente con compagni e docenti.<\/span><\/li>\n<\/ul>\n<\/td>\n<td width=\"383\"><span style=\"color: #000080;\"><strong>Impegno<\/strong><\/span><\/p>\n<ul>\n<li><span style=\"color: #000080;\">eseguire regolarmente i compiti assegnati;<\/span><\/li>\n<li><span style=\"color: #000080;\">lavorare in modo puntuale e ordinato;<\/span><\/li>\n<li><span style=\"color: #000080;\">tenere in considerazione le indicazioni dell&#8217;insegnante.<\/span><\/li>\n<\/ul>\n<\/td>\n<\/tr>\n<tr>\n<td colspan=\"2\" width=\"383\"><span style=\"color: #000080;\"><strong>Convivenza civile<\/strong><\/span><\/p>\n<ul>\n<li><span style=\"color: #000080;\">saper ascoltare, accogliere la diversit\u00e0, essere tollerante;<\/span><\/li>\n<li><span style=\"color: #000080;\">essere consapevole dei propri diritti\/doveri di cittadino e rispettare le regole della convivenza civile;<\/span><\/li>\n<li><span style=\"color: #000080;\">assumere iniziative e comportamenti necessari alla promozione e alla tutela del proprio benessere e di quello degli altri<\/span><\/li>\n<\/ul>\n<\/td>\n<td width=\"383\"><span style=\"color: #000080;\"><strong>Orientamento<\/strong><\/span><\/p>\n<ul>\n<li><span style=\"color: #000080;\">migliorare la conoscenza di s\u00e9, delle proprie capacit\u00e0, attitudini, motivazioni;\u00b7<\/span><\/li>\n<li><span style=\"color: #000080;\">riflettere sulle proprie scelte future;<\/span><\/li>\n<li><span style=\"color: #000080;\">essere in grado di valutare e\u00a0 valutarsi.<\/span><\/li>\n<\/ul>\n<p><span style=\"color: #000080;\"><strong>\u00a0<\/strong><\/span><\/td>\n<\/tr>\n<tr>\n<td colspan=\"2\" width=\"383\"><span style=\"color: #000080;\"><strong>Metodo di lavoro<\/strong><\/span><\/p>\n<ul>\n<li><span style=\"color: #000080;\">svolgere autonomamente i compiti assegnati;<\/span><\/li>\n<li><span style=\"color: #000080;\">saper pianificare organicamente il proprio lavoro;<\/span><\/li>\n<li><span style=\"color: #000080;\">saper collegare e organizzare le conoscenze acquisite<\/span><\/li>\n<\/ul>\n<p>&nbsp;<\/td>\n<td width=\"383\"><span style=\"color: #000080;\"><strong>Conoscenza dei contenuti disciplinari<\/strong><\/span><\/p>\n<ul>\n<li><span style=\"color: #000080;\">studiare sistematicamente;<\/span><\/li>\n<li><span style=\"color: #000080;\">esercitarsi secondo le modalit\u00e0 suggerite dal docente;<\/span><\/li>\n<li><span style=\"color: #000080;\">confrontarsi con docente e compagni;<\/span><\/li>\n<li><span style=\"color: #000080;\">comunicare utilizzando diversi codici: verbale, grafico, musicale, iconico, simbolico;<\/span><\/li>\n<li><span style=\"color: #000080;\">scegliere il linguaggio adeguato alla situazione comunicativa<\/span><\/li>\n<\/ul>\n<p><span style=\"color: #000080;\"><strong>\u00a0<\/strong><\/span><\/td>\n<\/tr>\n<tr>\n<td width=\"156\"><span style=\"color: #000080;\">ITALIANO<\/span><\/td>\n<td colspan=\"2\" width=\"609\"><span style=\"color: #000080;\"><strong>Comprensione della lingua orale<\/strong>:<\/span><\/p>\n<ul>\n<li><span style=\"color: #000080;\">Utilizzare opportune strategie di attenzione e comprensione di un testo<\/span><\/li>\n<li><span style=\"color: #000080;\">Confrontare opinioni ed esprimere punti di vista<\/span><\/li>\n<\/ul>\n<p><span style=\"color: #000080;\"><strong>Comprensione della lingua scritta:<\/strong><\/span><\/p>\n<ul>\n<li><span style=\"color: #000080;\">Interpretare testi di tipologie diverse<\/span><\/li>\n<\/ul>\n<p><span style=\"color: #000080;\"><strong>Produzione nella lingua orale:<\/strong><\/span><\/p>\n<ul>\n<li><span style=\"color: #000080;\">Riferire in modo chiaro su un argomento di studio esplicitando lo scopo e servendosi di materiali di supporto<\/span><\/li>\n<li><span style=\"color: #000080;\">Intervenire correttamente nelle discussioni ed esprimere opinioni personali<\/span><\/li>\n<\/ul>\n<p><span style=\"color: #000080;\"><strong>Produzione nella lingua scritta:<\/strong><\/span><\/p>\n<ul>\n<li><span style=\"color: #000080;\">Scrivere testi corretti ortograficamente<\/span><\/li>\n<\/ul>\n<ul>\n<li><span style=\"color: #000080;\">Applicare competenze morfo-sintattiche<\/span><\/li>\n<\/ul>\n<ul>\n<li><span style=\"color: #000080;\">Scrivere testi usando un linguaggio adeguato<\/span><\/li>\n<li><span style=\"color: #000080;\">Scrivere testi organici, coerenti, coesi ed adeguati allo scopo<\/span><\/li>\n<\/ul>\n<p><span style=\"color: #000080;\"><strong>Comprensione ed uso dei linguaggi e degli strumenti specifici:<\/strong><\/span><\/p>\n<ul>\n<li><span style=\"color: #000080;\">Riconoscere, analizzare, usare i rapporti tra le frasi<\/span><\/li>\n<\/ul>\n<ul>\n<li><span style=\"color: #000080;\">Operare confronti tra parole e testi in lingua italiana, latina, nelle altre lingue studiate e nelle parlate locali<\/span><\/li>\n<\/ul>\n<p><span style=\"color: #000080;\"><strong>Conoscenza ed organizzazione dei contenuti:<\/strong><\/span><\/p>\n<ul>\n<li><span style=\"color: #000080;\">Organizzare e rielaborare le conoscenze acquisite<\/span><\/li>\n<\/ul>\n<p><span style=\"color: #000080;\">Saper argomentare la propria tesi su un tema affrontato<\/span><\/td>\n<\/tr>\n<tr>\n<td width=\"156\"><span style=\"color: #000080;\"><strong>MATEMATICA<\/strong><\/span><\/td>\n<td colspan=\"2\" width=\"609\"><span style=\"color: #000080;\"><strong>Conoscenza degli elementi specifici della disciplina<\/strong>\u009f<\/span><\/p>\n<ul>\n<li><span style=\"color: #000080;\">Conoscere regole e propriet\u00e0;<\/span><\/li>\n<li><span style=\"color: #000080;\">Conoscere le unit\u00e0 di misura;<\/span><\/li>\n<li><span style=\"color: #000080;\">Individuare elementi geometrici<\/span><\/li>\n<\/ul>\n<p><span style=\"color: #000080;\"><strong>Osservazione di fatti, individuazione e applicazione di relazioni, propriet\u00e0, procedimenti.<\/strong><\/span><\/p>\n<ul>\n<li><span style=\"color: #000080;\">Applicare regole e propriet\u00e0;<\/span><\/li>\n<li><span style=\"color: #000080;\">Calcolare e misurare;<\/span><\/li>\n<li><span style=\"color: #000080;\">Ordinare in base ad un criterio<\/span><\/li>\n<\/ul>\n<p><span style=\"color: #000080;\"><strong>Identificazione e comprensione di problemi, formulazione di ipotesi e di soluzione e loro verifica<\/strong><\/span><\/p>\n<ul>\n<li><span style=\"color: #000080;\">Individuare i dati e le incognite di un problema;<\/span><\/li>\n<li><span style=\"color: #000080;\">Formulare ipotesi e soluzioni;<\/span><\/li>\n<li><span style=\"color: #000080;\">Verificare i risultati<\/span><\/li>\n<\/ul>\n<p><span style=\"color: #000080;\"><strong>Comprensione e uso dei linguaggi specifici<\/strong><\/span><\/p>\n<ul>\n<li><span style=\"color: #000080;\">Comprendere ed usare linguaggi specifici;<\/span><\/li>\n<li><span style=\"color: #000080;\">Tradurre in linguaggio verbale simboli, schemi, grafici e viceversa<\/span><\/li>\n<\/ul>\n<\/td>\n<\/tr>\n<tr>\n<td width=\"156\"><span style=\"color: #000080;\"><strong>SCIENZE CHIMICHE, FISICHE E NATURALI<\/strong><\/span><\/td>\n<td colspan=\"2\" width=\"609\"><span style=\"color: #000080;\"><strong>Conoscenza degli elementi specifici della disciplina<\/strong><\/span><\/p>\n<ul>\n<li><span style=\"color: #000080;\">Conoscere gli argomenti proposti<\/span><\/li>\n<\/ul>\n<p><span style=\"color: #000080;\"><strong>Osservazione di fatti e fenomeni anche con l\u2019uso di strumenti<\/strong><\/span><\/p>\n<ul>\n<li><span style=\"color: #000080;\">Esaminare situazione, fatti e fenomeni<\/span><\/li>\n<li><span style=\"color: #000080;\">Cogliere analogie e differenze<\/span><\/li>\n<li><span style=\"color: #000080;\">Eseguire semplici esperimenti<\/span><\/li>\n<\/ul>\n<p><span style=\"color: #000080;\"><strong>Formulazione di ipotesi e loro verifica, anche sperimentale<\/strong><\/span><\/p>\n<ul>\n<li><span style=\"color: #000080;\">Porsi problemi<\/span><\/li>\n<li><span style=\"color: #000080;\">Formulare ipotesi<\/span><\/li>\n<li><span style=\"color: #000080;\">Organizzare verifiche e formulare conclusioni<\/span><\/li>\n<\/ul>\n<p><span style=\"color: #000080;\"><strong>Comprensione ed uso dei linguaggi specifici<\/strong><\/span><\/p>\n<ul>\n<li><span style=\"color: #000080;\">Comprendere ed usare linguaggi specifici<\/span><\/li>\n<\/ul>\n<p><span style=\"color: #000080;\">Tradurre in linguaggio verbale simboli, schemi, grafici e viceversa<\/span><\/td>\n<\/tr>\n<tr>\n<td width=\"156\"><span style=\"color: #000080;\"><strong>STORIA &#8211; GEOGRAFIA<\/strong><\/span><\/p>\n<p><span style=\"color: #000080;\"><strong>\u00a0<\/strong><\/span><\/td>\n<td colspan=\"2\" width=\"609\"><span style=\"color: #000080;\"><strong>Conoscenza degli eventi storici<\/strong><\/span><\/p>\n<ul>\n<li><span style=\"color: #000080;\">Conoscere aspetti e processi fondamentali della storia europea e mondiale<\/span><\/li>\n<\/ul>\n<p><span style=\"color: #000080;\"><strong>Capacit\u00e0 di stabilire relazioni tra fatti storici<\/strong><\/span><\/p>\n<ul>\n<li><span style=\"color: #000080;\">Mettere a confronto i fatti storici e coglierne le connessioni<\/span><\/li>\n<\/ul>\n<p><span style=\"color: #000080;\"><strong>Comprensione dei fondamenti e delle istituzioni della vita sociale e politica<\/strong><\/span><\/p>\n<ul>\n<li><span style=\"color: #000080;\">Scoprire specifiche radici storiche nel presente<\/span><\/li>\n<li><span style=\"color: #000080;\">Conoscere gli aspetti fondamentali della Costituzione italiana<\/span><\/li>\n<li><span style=\"color: #000080;\">Distinguere le funzioni dei principali Organismi internazionali<\/span><\/li>\n<\/ul>\n<p><span style=\"color: #000080;\"><strong>Comprensione e uso dei linguaggi e degli strumenti specifici<\/strong><\/span><\/p>\n<ul>\n<li><span style=\"color: #000080;\">Utilizzare i termini specifici del linguaggio disciplinare<\/span><\/li>\n<li><span style=\"color: #000080;\">Saper argomentare su conoscenze e concetti appresi<\/span><\/li>\n<\/ul>\n<p><span style=\"color: #000080;\"><strong>\u00a0<\/strong><\/span><\/p>\n<p><span style=\"color: #000080;\"><strong>Conoscenza dell\u2019ambiente fisico e umano, anche attraverso l\u2019osservazione<\/strong><\/span><\/p>\n<ul>\n<li><span style=\"color: #000080;\">Analizzare un territorio attraverso l\u2019uso di strumenti vari<\/span><\/li>\n<\/ul>\n<ul>\n<li><span style=\"color: #000080;\">Presentare uno Stato del mondo, operando confronti con altri Stati e con l\u2019Italia<\/span><\/li>\n<\/ul>\n<p><span style=\"color: #000080;\"><strong>Uso degli strumenti propri della disciplina.<\/strong><\/span><\/p>\n<ul>\n<li><span style=\"color: #000080;\">Orientarsi e muoversi utilizzando carte e piante, orari e tabelle;<\/span><\/li>\n<li><span style=\"color: #000080;\">Produrre carte mentali del mondo, carte tematiche, grafici<\/span><\/li>\n<\/ul>\n<p><span style=\"color: #000080;\"><strong>Comprensione delle relazioni ambientali, culturali, socio-politiche ed economiche<\/strong><\/span><\/p>\n<ul>\n<li><span style=\"color: #000080;\">Individuare connessioni con situazioni storiche, economiche, politiche<\/span><\/li>\n<\/ul>\n<p><span style=\"color: #000080;\"><strong>Comprensione ed uso del linguaggio specifico<\/strong><\/span><\/p>\n<p><span style=\"color: #000080;\">Esporre le conoscenze in modo organico, utilizzando i termici specifici del linguaggio disciplinari.<\/span><\/td>\n<\/tr>\n<tr>\n<td width=\"156\"><span style=\"color: #000080;\"><strong>ARTE E IMMAGINE<\/strong><\/span><\/p>\n<p><span style=\"color: #000080;\"><strong>\u00a0<\/strong><\/span><\/td>\n<td colspan=\"2\" width=\"609\"><span style=\"color: #000080;\"><strong>Capacit\u00e0 di vedere osservare e comprendere e uso dei linguaggi visivi specifici<\/strong><\/span><\/p>\n<p><span style=\"color: #000080;\">\u00b7\u00a0\u00a0\u00a0\u00a0\u00a0\u00a0\u00a0\u00a0 Conoscere e utilizzare in modo appropriato gli elementi del linguaggio visivo<\/span><\/p>\n<p><span style=\"color: #000080;\"><strong>Conoscenza e uso delle tecniche espressive<\/strong><\/span><\/p>\n<p><span style=\"color: #000080;\">\u00b7\u00a0\u00a0\u00a0\u00a0\u00a0\u00a0\u00a0\u00a0 Conoscere ed applicare in modo consapevole e sicuro strumenti e tecniche espressive<\/span><\/p>\n<p><span style=\"color: #000080;\"><strong>Produzione e rielaborazione dei messaggi visivi<\/strong><\/span><\/p>\n<p><span style=\"color: #000080;\">\u00b7\u00a0\u00a0\u00a0\u00a0\u00a0\u00a0\u00a0\u00a0 Applicare norme e suggerimenti per realizzare la personale espressione<\/span><\/p>\n<p><span style=\"color: #000080;\"><strong>Lettura di documenti del patrimonio artistico culturale<\/strong><\/span><\/p>\n<p><span style=\"color: #000080;\">\u00b7\u00a0\u00a0\u00a0\u00a0\u00a0\u00a0\u00a0\u00a0 Identificare i caratteri grafo-pittorici di un documento artistico e storicizzarlo<\/span><\/td>\n<\/tr>\n<tr>\n<td width=\"156\"><span style=\"color: #000080;\"><strong>TECNOLOGIA<\/strong><\/span><\/td>\n<td colspan=\"2\" width=\"609\"><span style=\"color: #000080;\"><strong><u>La Produzione<\/u><\/strong>:<\/span><\/p>\n<p><span style=\"color: #000080;\"><strong>I settori dell\u2019economia:<\/strong>\u00b7<\/span><\/p>\n<p><span style=\"color: #000080;\">\u00b7\u00a0\u00a0\u00a0\u00a0\u00a0\u00a0\u00a0\u00a0 I\u00a0 grandi settori produttivi e l\u2019organizzazione del lavoro.<\/span><\/p>\n<p><span style=\"color: #000080;\"><strong>Le trasformazioni industriali:<\/strong><\/span><\/p>\n<p><span style=\"color: #000080;\">\u00b7\u00a0\u00a0\u00a0\u00a0\u00a0\u00a0\u00a0\u00a0 Le tecniche, le tecnologie e i principi scientifici utilizzati nei processi di trasformazione dalla materia prima all\u2019oggetto finito;<\/span><\/p>\n<p><span style=\"color: #000080;\">\u00b7\u00a0\u00a0\u00a0\u00a0\u00a0\u00a0\u00a0\u00a0 Le problematiche socio-culturali legate alle trasformazioni industriali<\/span><\/p>\n<p><span style=\"color: #000080;\"><strong>L\u2019energia:<\/strong><\/span><\/p>\n<p><span style=\"color: #000080;\">\u00b7\u00a0\u00a0\u00a0\u00a0\u00a0\u00a0\u00a0\u00a0 La produzione, la trasformazione e l\u2019utilizzazione delle forme e delle fonti di energia;<\/span><\/p>\n<p><span style=\"color: #000080;\">\u00b7\u00a0\u00a0\u00a0\u00a0\u00a0\u00a0\u00a0\u00a0 Il problema energetico;<\/span><\/p>\n<p><span style=\"color: #000080;\">\u00b7\u00a0\u00a0\u00a0\u00a0\u00a0\u00a0\u00a0\u00a0 L\u2019energia elettrica<\/span><\/p>\n<p><span style=\"color: #000080;\"><strong>Il Disegno<\/strong><\/span><\/p>\n<p><span style=\"color: #000080;\">\u00b7\u00a0\u00a0\u00a0\u00a0\u00a0\u00a0\u00a0\u00a0 La misura e le grandezze fisiche;<\/span><\/p>\n<p><span style=\"color: #000080;\">\u00b7\u00a0\u00a0\u00a0\u00a0\u00a0\u00a0\u00a0\u00a0 Il disegno geometrico;<\/span><\/p>\n<p><span style=\"color: #000080;\">\u00b7\u00a0\u00a0\u00a0\u00a0\u00a0\u00a0\u00a0\u00a0 Il disegno tecnico.<\/span><\/td>\n<\/tr>\n<tr>\n<td width=\"156\"><span style=\"color: #000080;\"><strong>EDUCAZIONE MOTORIA<\/strong>\u00a0<\/span><\/td>\n<td colspan=\"2\" width=\"609\">\n<ul>\n<li><span style=\"color: #000080;\">\u00a0Essere in grado di rilevare i principali cambiamenti morfologici del corpo e applicare conseguenti piani di lavoro per raggiungere un ottimale efficienza fisica, migliorando le capacit\u00e0 condizionali (<em>forza, resistenza, rapidit\u00e0, mobilit\u00e0 articolare<\/em>);<\/span><\/li>\n<li><span style=\"color: #000080;\">Mantenere un impegno motorio prolungato nel tempo, manifestando autocontrollo del proprio corpo nella sua funzionalit\u00e0 cardio-respiratoria e muscolare<\/span><\/li>\n<\/ul>\n<\/td>\n<\/tr>\n<tr>\n<td width=\"156\"><span style=\"color: #000080;\"><strong>MUSICA<\/strong><\/span><\/td>\n<td colspan=\"2\" width=\"609\"><span style=\"color: #000080;\"><strong>Obiettivi generali di apprendimento di fine corso:<\/strong><\/span><\/p>\n<p><span style=\"color: #000080;\"><strong>Teoria musicale e notazione<\/strong><\/span><\/p>\n<p><span style=\"color: #000080;\">\u00b7\u00a0\u00a0\u00a0\u00a0\u00a0\u00a0\u00a0\u00a0 Conoscere le principali regole della scrittura musicale;<\/span><\/p>\n<p><span style=\"color: #000080;\">\u00b7\u00a0\u00a0\u00a0\u00a0\u00a0\u00a0\u00a0\u00a0 Apprendere l\u2019uso della terminologia musicale nei diversi aspetti<\/span><\/p>\n<p><span style=\"color: #000080;\"><strong>Pratica vocale e strumentale<\/strong><\/span><\/p>\n<ul>\n<li><span style=\"color: #000080;\">Eseguire con la voce e lo strumento semplici partiture<\/span><\/li>\n<li><span style=\"color: #000080;\">Partecipare ad esecuzioni strumentali e vocali individuali e di gruppo<\/span><\/li>\n<\/ul>\n<p><span style=\"color: #000080;\"><strong>Ascolto interpretazione ed analisi<\/strong><\/span><\/p>\n<ul>\n<li><span style=\"color: #000080;\">Riconoscere i caratteri formali di composizione di vario genere e stile.<\/span><\/li>\n<\/ul>\n<p><span style=\"color: #000080;\"><strong>Storia della musica<\/strong><\/span><\/p>\n<p><span style=\"color: #000080;\">\u00b7\u00a0\u00a0\u00a0\u00a0\u00a0\u00a0\u00a0\u00a0 Conoscere le principali caratteristiche e i protagonisti della musica dei diversi periodi storici<\/span><\/td>\n<\/tr>\n<tr>\n<td width=\"156\"><span style=\"color: #000080;\"><strong>LINGUA STRANIERA FRANCESE<\/strong><\/span><\/p>\n<p><span style=\"color: #000080;\"><strong>\u00a0<\/strong><\/span><\/td>\n<td colspan=\"2\" width=\"609\"><span style=\"color: #000080;\"><strong>Comprensione della lingua orale<\/strong>\u00b7<\/span><\/p>\n<p><span style=\"color: #000080;\">\u00b7\u00a0\u00a0\u00a0\u00a0\u00a0\u00a0\u00a0\u00a0 Comprende le funzioni del messaggio;<\/span><\/p>\n<p><span style=\"color: #000080;\">\u00b7\u00a0\u00a0\u00a0\u00a0\u00a0\u00a0\u00a0\u00a0 \u00a0Individua i protagonisti, i luoghi e i tempi del messaggio<\/span><\/p>\n<p><span style=\"color: #000080;\"><strong>Comprensione della lingua scritta<\/strong><\/span><\/p>\n<p><span style=\"color: #000080;\">\u00b7\u00a0\u00a0\u00a0\u00a0\u00a0\u00a0\u00a0\u00a0 Comprendere un messaggio scritto;<\/span><\/p>\n<p><span style=\"color: #000080;\">\u00b7\u00a0\u00a0\u00a0\u00a0\u00a0\u00a0\u00a0\u00a0 Individua il lessico conosciuto<\/span><\/p>\n<p><span style=\"color: #000080;\"><strong>Produzione della lingua orale<\/strong><\/span><\/p>\n<p><span style=\"color: #000080;\">\u00b7\u00a0\u00a0\u00a0\u00a0\u00a0\u00a0\u00a0\u00a0 Riferisce un brano letto;<\/span><\/p>\n<p><span style=\"color: #000080;\">\u00b7\u00a0\u00a0\u00a0\u00a0\u00a0\u00a0\u00a0\u00a0 Risponde a questionari<\/span><\/p>\n<p><span style=\"color: #000080;\"><strong>Produzione nella lingua scritta<\/strong><\/span><\/p>\n<p><span style=\"color: #000080;\">\u00b7\u00a0\u00a0\u00a0\u00a0\u00a0\u00a0\u00a0\u00a0 Redige lettere;<\/span><\/p>\n<p><span style=\"color: #000080;\">\u00b7\u00a0\u00a0\u00a0\u00a0\u00a0\u00a0\u00a0\u00a0 Costruisce dei dialoghi;<\/span><\/p>\n<p><span style=\"color: #000080;\">\u00b7\u00a0\u00a0\u00a0\u00a0\u00a0\u00a0\u00a0\u00a0 Risponde a questionari<\/span><\/p>\n<p><span style=\"color: #000080;\"><strong>Conoscenza e uso delle strutture e delle funzioni linguistiche<\/strong><\/span><\/p>\n<p><span style=\"color: #000080;\">\u00b7\u00a0\u00a0\u00a0\u00a0\u00a0\u00a0\u00a0\u00a0 Usa correttamente le strutture e le funzioni linguistiche trattate<\/span><\/p>\n<p><span style=\"color: #000080;\"><strong>Conoscenza della cultura e della civilt\u00e0<\/strong><\/span><\/p>\n<p><span style=\"color: #000080;\">\u00b7\u00a0\u00a0\u00a0\u00a0\u00a0\u00a0\u00a0\u00a0 Conosce gli aspetti che caratterizzano i costumi, la cultura, le condizioni di vita del paese oggetto di studio<\/span><\/td>\n<\/tr>\n<tr>\n<td width=\"156\"><span style=\"color: #000080;\"><strong>LINGUA STRANIERA INGLESE\u00a0<\/strong><\/span><\/td>\n<td colspan=\"2\" width=\"609\"><span style=\"color: #000080;\"><strong>Comprensione della lingua orale<\/strong><\/span><\/p>\n<p><span style=\"color: #000080;\">\u00b7\u00a0\u00a0\u00a0\u00a0\u00a0\u00a0\u00a0\u00a0 Comprendere brevi conversazioni su argomenti familiari;<\/span><\/p>\n<p><span style=\"color: #000080;\">\u00b7\u00a0\u00a0\u00a0\u00a0\u00a0\u00a0\u00a0\u00a0 Interagire su scambi dialogici, usando lessico e funzioni comunicative adeguati<\/span><\/p>\n<p><span style=\"color: #000080;\"><strong>Produzione nella lingua scritta<\/strong><\/span><\/p>\n<p><span style=\"color: #000080;\">\u00b7\u00a0\u00a0\u00a0\u00a0\u00a0\u00a0\u00a0\u00a0 Produrre brevi testi orali su argomento noti;<\/span><\/p>\n<p><span style=\"color: #000080;\">\u00b7\u00a0\u00a0\u00a0\u00a0\u00a0\u00a0\u00a0\u00a0 Scrivere un testo, utilizzando semplici connettivi, seguendo un modello<\/span><\/p>\n<p><span style=\"color: #000080;\"><strong>Comprensione della lingua scritta<\/strong><\/span><\/p>\n<p><span style=\"color: #000080;\">\u00b7\u00a0\u00a0\u00a0\u00a0\u00a0\u00a0\u00a0\u00a0 Comprendere un testo scritto su argomenti familiari e quotidiani<\/span><\/p>\n<p><span style=\"color: #000080;\"><strong>Conoscenza e uso delle strutture e delle funzioni linguistiche<\/strong><\/span><\/p>\n<p><span style=\"color: #000080;\">\u00b7\u00a0\u00a0\u00a0\u00a0\u00a0\u00a0\u00a0\u00a0 Riflettere sulla lingua straniera, operando confronti con la propria;<\/span><\/p>\n<p><span style=\"color: #000080;\">\u00b7\u00a0\u00a0\u00a0\u00a0\u00a0\u00a0\u00a0\u00a0 Ampliare i campi semantici relativi alla vita quotidiana<\/span><\/p>\n<p><span style=\"color: #000080;\"><strong>Conoscenza della cultura e della civilt\u00e0<\/strong><\/span><\/p>\n<p><span style=\"color: #000080;\">\u00b7\u00a0\u00a0\u00a0\u00a0\u00a0\u00a0\u00a0\u00a0 Approfondire aspetti della cultura anglosassone;<\/span><\/p>\n<p><span style=\"color: #000080;\">\u00b7\u00a0\u00a0\u00a0\u00a0\u00a0\u00a0\u00a0\u00a0 Utilizzare la lingua Inglese come strumento per ampliare le proprie conoscenze.<\/span><\/td>\n<\/tr>\n<tr>\n<td width=\"156\"><span style=\"color: #000080;\"><strong>RELIGIONE CATTOLICA<\/strong>\u00a0\u00a0<\/span><\/p>\n<p><span style=\"color: #000080;\"><strong>\u00a0<\/strong><\/span><\/td>\n<td colspan=\"2\" width=\"609\"><span style=\"color: #000080;\"><strong>Dio e uomo<\/strong><\/span><\/p>\n<ul>\n<li><span style=\"color: #000080;\">Confrontare la prospettiva della fede cristiana e i risultati della scienza come letture distinte ma non conflittuali dell\u2019uomo e del mondo.<\/span><\/li>\n<\/ul>\n<p><span style=\"color: #000080;\"><strong>La Bibbia e le altre fonti<\/strong><\/span><\/p>\n<ul>\n<li><span style=\"color: #000080;\">Individuare testi biblici che hanno ispirato le principali produzioni artistiche (letterarie, musicali, pittoriche) italiane ed europee.<\/span><\/li>\n<\/ul>\n<p><span style=\"color: #000080;\"><strong>Linguaggio religioso<\/strong><\/span><\/p>\n<ul>\n<li><span style=\"color: #000080;\">Individuare gli elementi specifici della preghiera cristiana e farne anche i confronti con quelle delle altre religioni.<\/span><\/li>\n<\/ul>\n<p><span style=\"color: #000080;\"><strong>I valori etici e religiosi<\/strong><\/span><\/p>\n<p><span style=\"color: #000080;\">Saper esporre le principali motivazioni che sostengono le scelte etiche rispetto alle relazioni affettive e al valore della vita in un contesto di pluralismo culturale e religioso.<\/span><\/td>\n<\/tr>\n<\/tbody>\n<\/table>\n","protected":false},"excerpt":{"rendered":"<p>Le finalit\u00e0, le discipline di studio, gli obiettivi generali di apprendimento. La scuola secondaria di primo grado intende \u201coffrire agli studenti occasioni di apprendimento dei saperi e dei linguaggi culturali di base; far si che gli studenti acquisiscano gli strumenti di pensiero necessari per apprendere selezionare le informazioni; promuovere negli studenti la capacit\u00e0 di elaborare&nbsp; &nbsp; <a class=\"moretag\" href=\"https:\/\/www.icsiniscola2.edu.it\/piani-di-lavoro\/piani-di-lavoro-della-scuola-secondaria\/\" title=\"Leggi l&#180;intero articolo\">&raquo;<\/a><\/p>\n","protected":false},"author":4,"featured_media":0,"parent":932,"menu_order":3,"comment_status":"open","ping_status":"open","template":"","meta":[],"_links":{"self":[{"href":"https:\/\/www.icsiniscola2.edu.it\/wp-json\/wp\/v2\/pages\/938"}],"collection":[{"href":"https:\/\/www.icsiniscola2.edu.it\/wp-json\/wp\/v2\/pages"}],"about":[{"href":"https:\/\/www.icsiniscola2.edu.it\/wp-json\/wp\/v2\/types\/page"}],"author":[{"embeddable":true,"href":"https:\/\/www.icsiniscola2.edu.it\/wp-json\/wp\/v2\/users\/4"}],"replies":[{"embeddable":true,"href":"https:\/\/www.icsiniscola2.edu.it\/wp-json\/wp\/v2\/comments?post=938"}],"version-history":[{"count":17,"href":"https:\/\/www.icsiniscola2.edu.it\/wp-json\/wp\/v2\/pages\/938\/revisions"}],"predecessor-version":[{"id":10633,"href":"https:\/\/www.icsiniscola2.edu.it\/wp-json\/wp\/v2\/pages\/938\/revisions\/10633"}],"up":[{"embeddable":true,"href":"https:\/\/www.icsiniscola2.edu.it\/wp-json\/wp\/v2\/pages\/932"}],"wp:attachment":[{"href":"https:\/\/www.icsiniscola2.edu.it\/wp-json\/wp\/v2\/media?parent=938"}],"curies":[{"name":"wp","href":"https:\/\/api.w.org\/{rel}","templated":true}]}}