{"id":95,"date":"2009-04-22T22:43:42","date_gmt":"2009-04-22T20:43:42","guid":{"rendered":"http:\/\/www.scuolacooperativa.net\/wordpress\/?page_id=95"},"modified":"2023-09-23T06:12:24","modified_gmt":"2023-09-23T04:12:24","slug":"calendario","status":"publish","type":"page","link":"https:\/\/www.icsiniscola2.edu.it\/listituto\/calendario\/","title":{"rendered":"Calendario scolastico d&#8217;Istituto"},"content":{"rendered":"<h2 style=\"text-align: center;\"><span style=\"color: #000080;\">Anno scolastico 2023-2024<\/span><\/h2>\n<h4><\/h4>\n<p>&nbsp;<\/p>\n<table style=\"width: 92.4486%;\">\n<tbody>\n<tr>\n<td style=\"width: 32.8294%;\" width=\"302\"><span style=\"color: #000080;\"><strong>INIZIO LEZIONI:\u00a0<\/strong><\/span><\/td>\n<td style=\"width: 32.8294%;\" width=\"302\"><\/td>\n<td style=\"width: 33.5853%;\" width=\"309\"><span style=\"color: #000080;\">gioved\u00ec 14 settembre 2023<\/span><\/td>\n<\/tr>\n<tr>\n<td style=\"width: 32.8294%;\" rowspan=\"3\" width=\"302\"><span style=\"color: #000080;\"><strong>TERMINE LEZIONI:<\/strong><\/span><\/td>\n<td style=\"width: 32.8294%;\" rowspan=\"3\" width=\"302\"><\/td>\n<td style=\"width: 33.5853%;\" width=\"309\"><span style=\"color: #000080;\"><strong>Scuola primaria<\/strong>: venerd\u00ec 7 giugno 2024<\/span><\/td>\n<\/tr>\n<tr>\n<td style=\"width: 33.5853%;\" width=\"309\"><span style=\"color: #000080;\"><strong>Scuola secondaria di I grado<\/strong>: venerd\u00ec 7 giugno 2024<\/span><\/td>\n<\/tr>\n<tr>\n<td style=\"width: 33.5853%;\" width=\"309\"><span style=\"color: #000080;\"><strong>Scuola dell\u2019infanzia<\/strong>:\u00a0\u00a0sabato 29 giugno 2024<\/span><\/td>\n<\/tr>\n<tr>\n<td style=\"width: 32.8294%;\" rowspan=\"9\" width=\"132\"><span style=\"color: #000080;\"><strong>FESTIVITA\u2019 NAZIONALI<\/strong><\/span><\/p>\n<p><span style=\"color: #000080;\"><strong>E <\/strong><\/span><\/p>\n<p><span style=\"color: #000080;\"><strong>ULTERIORI SOSPENSIONI DELLE ATTIVITA&#8217; DIDATTICHE<\/strong><\/span><\/td>\n<td style=\"width: 32.8294%;\" width=\"168\"><span style=\"color: #000080;\">FESTIVITA\u2019 DI TUTTI I\u00a0\u00a0 SANTI<\/span><\/td>\n<td style=\"width: 33.5853%;\" width=\"309\"><span style=\"color: #000080;\">mercoled\u00ec 1 novembre 2023<\/span><\/td>\n<\/tr>\n<tr>\n<td style=\"width: 32.8294%;\" width=\"168\"><span style=\"color: #000080;\">COMMEMORAZIONE DEI DEFUNTI<\/span><\/td>\n<td style=\"width: 33.5853%;\" width=\"309\"><span style=\"color: #000080;\">gioved\u00ec 2 novembre 2023<\/span><\/td>\n<\/tr>\n<tr>\n<td style=\"width: 32.8294%;\" width=\"168\"><span style=\"color: #000080;\">IMMACOLATA CONCEZIONE<\/span><\/td>\n<td style=\"width: 33.5853%;\" width=\"309\"><span style=\"color: #000080;\">venerd\u00ec 8 dicembre 2023<\/span><\/td>\n<\/tr>\n<tr>\n<td style=\"width: 32.8294%;\" width=\"168\"><span style=\"color: #000080;\">NATALIZIE<\/span><\/td>\n<td style=\"width: 33.5853%;\" width=\"309\"><span style=\"color: #000080;\">da sabato 23 dicembre 2023 a sabato 6 gennaio 2024<\/span><\/td>\n<\/tr>\n<tr>\n<td style=\"width: 32.8294%;\" width=\"168\"><span style=\"color: #000080;\">MARTEDI&#8217; GRASSO<\/span><\/td>\n<td style=\"width: 33.5853%;\" width=\"309\"><span style=\"color: #000080;\">\u00a0marted\u00ec 13\u00a0 febbraio 2024<\/span><\/td>\n<\/tr>\n<tr>\n<td style=\"width: 32.8294%;\" width=\"168\"><span style=\"color: #000080;\">PASQUALI<\/span><\/td>\n<td style=\"width: 33.5853%;\" width=\"309\"><span style=\"color: #000080;\">da gioved\u00ec 28 marzo\u00a0 a marted\u00ec 2 aprile 2024<\/span><\/td>\n<\/tr>\n<tr>\n<td style=\"width: 32.8294%;\" width=\"168\"><span style=\"color: #000080;\">ANNIVERSARIO DELLA LIBERAZIONE<\/span><\/td>\n<td style=\"width: 33.5853%;\" width=\"309\"><span style=\"color: #000080;\">gioved\u00ec 25 aprile 2024<\/span><\/td>\n<\/tr>\n<tr>\n<td style=\"width: 32.8294%;\" width=\"168\"><span style=\"color: #000080;\">FESTA DEL LAVORO<\/span><\/td>\n<td style=\"width: 33.5853%;\" width=\"309\"><span style=\"color: #000080;\">mercoled\u00ec 1 maggio 2024<\/span><\/td>\n<\/tr>\n<tr>\n<td style=\"width: 32.8294%;\" width=\"168\"><span style=\"color: #000080;\">FESTA DELLA REPUBBLICA<\/span><\/td>\n<td style=\"width: 33.5853%;\" width=\"309\"><span style=\"color: #000080;\">domenica 2 giugno 2024<\/span><\/td>\n<\/tr>\n<tr>\n<td style=\"width: 32.8294%;\" width=\"132\"><span style=\"color: #000080;\"><strong>FESTIVITA\u2019 INDICATE<\/strong><\/span><br \/>\n<span style=\"color: #000080;\"><strong>DALLA R.A.S.:<\/strong><\/span><\/td>\n<td style=\"width: 32.8294%;\" width=\"168\"><span style=\"color: #000080;\">SA DIE DE SA SARDIGNA<\/span><\/td>\n<td style=\"width: 33.5853%;\" width=\"309\"><span style=\"color: #000080;\">domenica 28 aprile 2024<\/span><\/td>\n<\/tr>\n<tr>\n<td style=\"width: 32.8294%;\" width=\"132\"><span style=\"color: #000080;\"><strong>FESTIVITA\u2019 INDICATE<\/strong><\/span><br \/>\n<span style=\"color: #000080;\"><strong>DAGLI OO.CC<\/strong><\/span><\/td>\n<td style=\"width: 32.8294%;\" width=\"168\"><\/td>\n<td style=\"width: 33.5853%;\" width=\"309\"><span style=\"color: #000080;\">luned\u00ec 29 aprile e marted\u00ec 30 aprile 2024<\/span><\/td>\n<\/tr>\n<tr>\n<td style=\"width: 32.8294%;\"><span style=\"color: #000080;\"><strong>SANTO PATRONO<br \/>\n<\/strong><\/span><\/td>\n<td style=\"width: 32.8294%;\"><\/td>\n<td style=\"width: 33.5853%;\"><span style=\"color: #000080;\">24 giugno 2024<\/span><\/td>\n<\/tr>\n<\/tbody>\n<\/table>\n<h4><\/h4>\n<h4><strong>Calendario scolastico regione Sardegna :<\/strong><\/h4>\n<ul>\n<li><strong><a href=\"https:\/\/www.icsiniscola2.edu.it\/wp-content\/uploads\/2023\/09\/Delibera-19-54-del-01.06.2023-Allegato-1.pdf\">Delibera 19-54 del 01.06.2023 &#8211; Allegato 1<\/a><\/strong><\/li>\n<li><strong><a href=\"https:\/\/www.icsiniscola2.edu.it\/wp-content\/uploads\/2023\/09\/Delibera-19-54-del-01.06.2023_Calendario-scolastico-regionale-23_24.pdf\">Delibera 19-54 del 01.06.2023_Calendario scolastico regionale 23_24<\/a><\/strong><\/li>\n<\/ul>\n<p>&nbsp;<\/p>\n<h4><\/h4>\n<p>&nbsp;<\/p>\n<h2 style=\"text-align: center;\"><a href=\"https:\/\/www.icsiniscola2.edu.it\/archivio-calendario\/\"><span style=\"color: #000080;\">Archivio<\/span><\/a><\/h2>\n","protected":false},"excerpt":{"rendered":"<p>Anno scolastico 2023-2024 &nbsp; INIZIO LEZIONI:\u00a0 gioved\u00ec 14 settembre 2023 TERMINE LEZIONI: Scuola primaria: venerd\u00ec 7 giugno 2024 Scuola secondaria di I grado: venerd\u00ec 7 giugno 2024 Scuola dell\u2019infanzia:\u00a0\u00a0sabato 29 giugno 2024 FESTIVITA\u2019 NAZIONALI E ULTERIORI SOSPENSIONI DELLE ATTIVITA&#8217; DIDATTICHE FESTIVITA\u2019 DI TUTTI I\u00a0\u00a0 SANTI mercoled\u00ec 1 novembre 2023 COMMEMORAZIONE DEI DEFUNTI gioved\u00ec 2 novembre&nbsp; &nbsp; <a class=\"moretag\" href=\"https:\/\/www.icsiniscola2.edu.it\/listituto\/calendario\/\" title=\"Leggi l&#180;intero articolo\">&raquo;<\/a><\/p>\n","protected":false},"author":4,"featured_media":0,"parent":8825,"menu_order":7,"comment_status":"open","ping_status":"open","template":"","meta":[],"_links":{"self":[{"href":"https:\/\/www.icsiniscola2.edu.it\/wp-json\/wp\/v2\/pages\/95"}],"collection":[{"href":"https:\/\/www.icsiniscola2.edu.it\/wp-json\/wp\/v2\/pages"}],"about":[{"href":"https:\/\/www.icsiniscola2.edu.it\/wp-json\/wp\/v2\/types\/page"}],"author":[{"embeddable":true,"href":"https:\/\/www.icsiniscola2.edu.it\/wp-json\/wp\/v2\/users\/4"}],"replies":[{"embeddable":true,"href":"https:\/\/www.icsiniscola2.edu.it\/wp-json\/wp\/v2\/comments?post=95"}],"version-history":[{"count":54,"href":"https:\/\/www.icsiniscola2.edu.it\/wp-json\/wp\/v2\/pages\/95\/revisions"}],"predecessor-version":[{"id":22958,"href":"https:\/\/www.icsiniscola2.edu.it\/wp-json\/wp\/v2\/pages\/95\/revisions\/22958"}],"up":[{"embeddable":true,"href":"https:\/\/www.icsiniscola2.edu.it\/wp-json\/wp\/v2\/pages\/8825"}],"wp:attachment":[{"href":"https:\/\/www.icsiniscola2.edu.it\/wp-json\/wp\/v2\/media?parent=95"}],"curies":[{"name":"wp","href":"https:\/\/api.w.org\/{rel}","templated":true}]}}