{"id":9504,"date":"2016-05-30T07:42:22","date_gmt":"2016-05-30T05:42:22","guid":{"rendered":"http:\/\/www.icsiniscola2.edu.it\/?page_id=9504"},"modified":"2020-12-30T16:24:59","modified_gmt":"2020-12-30T15:24:59","slug":"attivita-e-progetti-scuola-secondaria-di-1-grado","status":"publish","type":"page","link":"https:\/\/www.icsiniscola2.edu.it\/attivita-e-progetti-scuola-secondaria-di-1-grado\/","title":{"rendered":"Scuola secondaria di 1^ grado"},"content":{"rendered":"<h4><a href=\"https:\/\/www.icsiniscola2.edu.it\/progetti-2\/archivio-progetti\/\"><img decoding=\"async\" loading=\"lazy\" class=\"aligncenter  wp-image-17371\" src=\"https:\/\/www.icsiniscola2.edu.it\/wp-content\/uploads\/2020\/12\/bottone-INDIETRO-2-1-2.jpg\" alt=\"\" width=\"101\" height=\"101\" \/><\/a><\/h4>\n<h4>Attivit\u00e0 Motoria<\/h4>\n<p>Il professor Roberto Silenzi ha organizzato, insieme ai colleghi dei vari istituti interessati, attivit\u00e0 sportive a livello territoriale, per <strong>gli alunni della scuola media<\/strong>, tra gli istituti del territorio.<\/p>\n<p>A <strong>febbraio<\/strong> a <strong>Lod\u00e8<\/strong> si \u00e8 svolta la giornata del <strong>Basket<\/strong>, incontro tra la scuola media di Lod\u00e8 e quella dell&#8217;I.C. Albino Bernardini di Siniscola (plesso di Sa Sedda e La Caletta). Hanno partecipato oltre cento alunni.<\/p>\n<p>A <strong>maggio<\/strong> si \u00e8 svolto nella spaziosa palestra di <strong>Torp\u00e8<\/strong> un incontro <strong>triangolare di Pallamano<\/strong> tra le scuole medie di Torp\u00e8, Lod\u00e8 e dell&#8217;I.C. Albino Bernardini di Siniscola (plesso di Sa Sedda e La Caletta). Partecipanti circa 90 alunni.<\/p>\n<p>Sempre a <strong>maggio<\/strong> a <strong>Budoni<\/strong> si \u00e8 svolta una bellissima <strong>festa dello Sport<\/strong>, sul filone &#8220;Giochi senza frontiere&#8221;. Si sono incontrate le scuole medie di Olbia, Terralba, Budoni e dell&#8217;I.C. Albino Bernardini di Siniscola (plesso di Sa Sedda e La Caletta). Presenti circa 350 alunni. Le prove sono state: Corsa di resistenza, tiro alla fune, calcio.<\/p>\n<p>Davvero entusiastica la partecipazione degli alunni della scuola media, che si sono distinti, nelle varie manifestazioni, per impegno e carattere.<\/p>\n","protected":false},"excerpt":{"rendered":"<p>Attivit\u00e0 Motoria Il professor Roberto Silenzi ha organizzato, insieme ai colleghi dei vari istituti interessati, attivit\u00e0 sportive a livello territoriale, per gli alunni della scuola media, tra gli istituti del territorio. A febbraio a Lod\u00e8 si \u00e8 svolta la giornata del Basket, incontro tra la scuola media di Lod\u00e8 e quella dell&#8217;I.C. Albino Bernardini di&nbsp; &nbsp; <a class=\"moretag\" href=\"https:\/\/www.icsiniscola2.edu.it\/attivita-e-progetti-scuola-secondaria-di-1-grado\/\" title=\"Leggi l&#180;intero articolo\">&raquo;<\/a><\/p>\n","protected":false},"author":1,"featured_media":0,"parent":0,"menu_order":0,"comment_status":"closed","ping_status":"closed","template":"","meta":[],"_links":{"self":[{"href":"https:\/\/www.icsiniscola2.edu.it\/wp-json\/wp\/v2\/pages\/9504"}],"collection":[{"href":"https:\/\/www.icsiniscola2.edu.it\/wp-json\/wp\/v2\/pages"}],"about":[{"href":"https:\/\/www.icsiniscola2.edu.it\/wp-json\/wp\/v2\/types\/page"}],"author":[{"embeddable":true,"href":"https:\/\/www.icsiniscola2.edu.it\/wp-json\/wp\/v2\/users\/1"}],"replies":[{"embeddable":true,"href":"https:\/\/www.icsiniscola2.edu.it\/wp-json\/wp\/v2\/comments?post=9504"}],"version-history":[{"count":8,"href":"https:\/\/www.icsiniscola2.edu.it\/wp-json\/wp\/v2\/pages\/9504\/revisions"}],"predecessor-version":[{"id":17373,"href":"https:\/\/www.icsiniscola2.edu.it\/wp-json\/wp\/v2\/pages\/9504\/revisions\/17373"}],"wp:attachment":[{"href":"https:\/\/www.icsiniscola2.edu.it\/wp-json\/wp\/v2\/media?parent=9504"}],"curies":[{"name":"wp","href":"https:\/\/api.w.org\/{rel}","templated":true}]}}