{"id":9687,"date":"2016-07-22T11:05:17","date_gmt":"2016-07-22T09:05:17","guid":{"rendered":"http:\/\/www.icsiniscola2.edu.it\/?page_id=9687"},"modified":"2016-07-22T15:38:37","modified_gmt":"2016-07-22T13:38:37","slug":"pinocchio","status":"publish","type":"page","link":"https:\/\/www.icsiniscola2.edu.it\/pinocchio\/","title":{"rendered":"Pinocchio"},"content":{"rendered":"<h4 style=\"text-align: center;\">Spettacolo teatrale in un solo Atto delle bambine e dei bambini della <strong>3^ C<\/strong> di Sa Sedda<\/h4>\n<p>&nbsp;<\/p>\n<div id=\"attachment_9709\" style=\"width: 216px\" class=\"wp-caption aligncenter\"><img aria-describedby=\"caption-attachment-9709\" decoding=\"async\" loading=\"lazy\" class=\"wp-image-9709\" src=\"http:\/\/www.icsiniscola2.edu.it\/wp-content\/uploads\/2016\/07\/Locandina-Pinocchio-220x300.jpg\" alt=\"Locandina Pinocchio\" width=\"206\" height=\"281\" srcset=\"https:\/\/www.icsiniscola2.edu.it\/wp-content\/uploads\/2016\/07\/Locandina-Pinocchio-220x300.jpg 220w, https:\/\/www.icsiniscola2.edu.it\/wp-content\/uploads\/2016\/07\/Locandina-Pinocchio-180x245.jpg 180w, https:\/\/www.icsiniscola2.edu.it\/wp-content\/uploads\/2016\/07\/Locandina-Pinocchio.jpg 254w\" sizes=\"(max-width: 206px) 100vw, 206px\" \/><p id=\"caption-attachment-9709\" class=\"wp-caption-text\"><span style=\"color: #333333;\"><strong><em>Locandina dello spettacolo<\/em><\/strong><\/span><\/p><\/div>\n<p>&nbsp;<\/p>\n<p>Lo spettacolo, scaturito dall\u2019omonimo romanzo di Carlo Collodi si ispira fortemente al <strong><em>Pinocchio<\/em><\/strong> di Carmelo Bene, messo in scena per la prima volta nel 1961 e al racconto di Antonio Ferrara, una moderna riscrittura della storia del pi\u00f9 famoso burattino del mondo, pubblicata nel 2013 con il titolo <strong><em>PINOCCHIO ADESSO<\/em><\/strong><em>. <\/em><\/p>\n<p>Il <strong><em>Pinocchio<\/em><\/strong> di Carmelo Bene rappresenta il rifiuto del passaggio dall\u2019infanzia alla vita adulta; l\u2019infanzia infatti, \u00e8 vista\u00a0 come uno stato in cui tutto \u00e8 ancora possibile perch\u00e9 non ancora realizzato; uno stato in cui si concentra tutto il potenziale dell\u2019esistenza, mentre il mondo degli adulti \u00e8 fatto di trappole ed inganni nei quali Pinocchio, ogni volta cade. Crescere e diventare un uomo \u00e8 perci\u00f2 una condanna alla quale la sua parte ribelle cerca di sottrarsi;\u00a0 le esitazioni, le \u201cpromesse pinocchiesche\u201d, svelano la sua incertezza, che \u00e8 l\u2019indecisione di chi non vuole conformarsi al sistema di regole degli adulti, perch\u00e9\u2026 <strong><em>sono come una medicina troppo amara. <\/em><\/strong><\/p>\n<p>Nello spettacolo \u201centra\u201d di tanto in tanto un io narrante svincolato dalla creazione di Collodi, protagonista del racconto di Antonio Ferrara; costituisce una denuncia sociale della condizione in cui vivono molti bambini in alcune parti del mondo: \u00e8 la voce dei <strong><em>\u201cPinocchi che intrecciano tappeti, che lavorano mattoni, che vengono rapiti e costretti a diventare dei bambini- soldati e sono persi nelle lacrime\u201d<\/em><\/strong>. In questo caso, il mondo degli adulti \u00e8 una giungla, dove i grandi, <strong><em>agili come gatti e astuti come volpi<\/em><\/strong>, fanno pensare e\u00a0 dire all\u2019io bambino sfruttato e privato della sua infanzia <strong><em>\u201cChe sono io il cattivo forse \u00e8 una bugia\u201d<\/em><\/strong>.<\/p>\n<p>Lo spettacolo si chiude con un\u2019esortazione dei bambini all\u2019adulto\/maestra, affinch\u00e9 Pinocchio resti un burattino, perch\u00e9 come riteneva Carmelo Bene, Pinocchio che diventa bambino \u00e8 destinato a seppellire l\u2019infanzia.<\/p>\n<p><em>Le insegnanti<\/em><\/p>\n","protected":false},"excerpt":{"rendered":"<p>Spettacolo teatrale in un solo Atto delle bambine e dei bambini della 3^ C di Sa Sedda &nbsp; &nbsp; Lo spettacolo, scaturito dall\u2019omonimo romanzo di Carlo Collodi si ispira fortemente al Pinocchio di Carmelo Bene, messo in scena per la prima volta nel 1961 e al racconto di Antonio Ferrara, una moderna riscrittura della storia&nbsp; &nbsp; <a class=\"moretag\" href=\"https:\/\/www.icsiniscola2.edu.it\/pinocchio\/\" title=\"Leggi l&#180;intero articolo\">&raquo;<\/a><\/p>\n","protected":false},"author":1,"featured_media":0,"parent":0,"menu_order":0,"comment_status":"closed","ping_status":"closed","template":"","meta":[],"_links":{"self":[{"href":"https:\/\/www.icsiniscola2.edu.it\/wp-json\/wp\/v2\/pages\/9687"}],"collection":[{"href":"https:\/\/www.icsiniscola2.edu.it\/wp-json\/wp\/v2\/pages"}],"about":[{"href":"https:\/\/www.icsiniscola2.edu.it\/wp-json\/wp\/v2\/types\/page"}],"author":[{"embeddable":true,"href":"https:\/\/www.icsiniscola2.edu.it\/wp-json\/wp\/v2\/users\/1"}],"replies":[{"embeddable":true,"href":"https:\/\/www.icsiniscola2.edu.it\/wp-json\/wp\/v2\/comments?post=9687"}],"version-history":[{"count":15,"href":"https:\/\/www.icsiniscola2.edu.it\/wp-json\/wp\/v2\/pages\/9687\/revisions"}],"predecessor-version":[{"id":9719,"href":"https:\/\/www.icsiniscola2.edu.it\/wp-json\/wp\/v2\/pages\/9687\/revisions\/9719"}],"wp:attachment":[{"href":"https:\/\/www.icsiniscola2.edu.it\/wp-json\/wp\/v2\/media?parent=9687"}],"curies":[{"name":"wp","href":"https:\/\/api.w.org\/{rel}","templated":true}]}}