{"id":1049,"date":"2013-09-19T11:43:52","date_gmt":"2013-09-19T11:43:52","guid":{"rendered":"http:\/\/www.comprensivo1portotorres.edu.it\/?page_id=1049"},"modified":"2021-10-05T09:27:15","modified_gmt":"2021-10-05T09:27:15","slug":"orario-lezioni","status":"publish","type":"page","link":"https:\/\/www.comprensivo1portotorres.edu.it\/infanzia-borgona\/orario-lezioni\/","title":{"rendered":"Orario lezioni"},"content":{"rendered":"<div class=\"postentry\">\n<h3>Orari di funzionamento e organizzazione della giornata<\/h3>\n<p>Valido da luned\u00ec al venerd\u00ec per tutte le sezioni.<br \/>\nDurante le normali attivit\u00e0 didattiche, sono previsti momenti di gioco libero\/organizzato in salone o in giardino.<\/p>\n<table style=\"width: 75%;\" summary=\"Orario giornaliero scuola dell'Infanzia Borgona attivit\u00e0 e orari\" cellspacing=\"0\" cellpadding=\"0\" align=\"left\">\n<thead>\n<tr class=\"tdalt\">\n<th scope=\"col\">Attivit\u00e0<\/th>\n<th scope=\"col\">Orari<\/th>\n<\/tr>\n<\/thead>\n<tbody>\n<tr class=\"tdalt\">\n<td>Accoglienza<\/td>\n<td>dalle 8:00 alle 9:00<\/td>\n<\/tr>\n<tr>\n<td>Uscita tempo ridotto senza mensa<\/td>\n<td>dalle&nbsp;12:00 alle 12:00<\/td>\n<\/tr>\n<tr class=\"tdalt\">\n<td>Mensa<\/td>\n<td>dalle 12:30 alle 13:00<\/td>\n<\/tr>\n<tr>\n<td>Uscita tempo ridotto con mensa<\/td>\n<td>dalle 13:30 alle 13:30<\/td>\n<\/tr>\n<tr class=\"tdalt\">\n<td>Uscita tempo normale<\/td>\n<td>dalle 15:15 alle 15:50<\/td>\n<\/tr>\n<\/tbody>\n<\/table>\n<\/div>\n","protected":false},"excerpt":{"rendered":"<p>Orari di funzionamento e organizzazione della giornata Valido da luned\u00ec al venerd\u00ec per tutte le sezioni. Durante le normali attivit\u00e0 didattiche, sono previsti momenti di gioco libero\/organizzato in salone o in giardino. Attivit\u00e0 Orari Accoglienza dalle 8:00 alle 9:00 Uscita tempo ridotto senza mensa dalle&nbsp;12:00 alle 12:00 Mensa dalle 12:30 alle 13:00 Uscita tempo ridotto&nbsp; &nbsp; <a class=\"moretag\" href=\"https:\/\/www.comprensivo1portotorres.edu.it\/infanzia-borgona\/orario-lezioni\/\" title=\"Leggi l&#180;intero articolo\">&raquo;<\/a><\/p>\n","protected":false},"author":1,"featured_media":0,"parent":1020,"menu_order":0,"comment_status":"closed","ping_status":"closed","template":"","meta":{"ngg_post_thumbnail":0},"_links":{"self":[{"href":"https:\/\/www.comprensivo1portotorres.edu.it\/wp-json\/wp\/v2\/pages\/1049"}],"collection":[{"href":"https:\/\/www.comprensivo1portotorres.edu.it\/wp-json\/wp\/v2\/pages"}],"about":[{"href":"https:\/\/www.comprensivo1portotorres.edu.it\/wp-json\/wp\/v2\/types\/page"}],"author":[{"embeddable":true,"href":"https:\/\/www.comprensivo1portotorres.edu.it\/wp-json\/wp\/v2\/users\/1"}],"replies":[{"embeddable":true,"href":"https:\/\/www.comprensivo1portotorres.edu.it\/wp-json\/wp\/v2\/comments?post=1049"}],"version-history":[{"count":13,"href":"https:\/\/www.comprensivo1portotorres.edu.it\/wp-json\/wp\/v2\/pages\/1049\/revisions"}],"predecessor-version":[{"id":20843,"href":"https:\/\/www.comprensivo1portotorres.edu.it\/wp-json\/wp\/v2\/pages\/1049\/revisions\/20843"}],"up":[{"embeddable":true,"href":"https:\/\/www.comprensivo1portotorres.edu.it\/wp-json\/wp\/v2\/pages\/1020"}],"wp:attachment":[{"href":"https:\/\/www.comprensivo1portotorres.edu.it\/wp-json\/wp\/v2\/media?parent=1049"}],"curies":[{"name":"wp","href":"https:\/\/api.w.org\/{rel}","templated":true}]}}