{"id":10995,"date":"2016-10-05T15:40:10","date_gmt":"2016-10-05T15:40:10","guid":{"rendered":"http:\/\/www.comprensivo1portotorres.edu.it\/?page_id=10995"},"modified":"2016-10-05T15:40:10","modified_gmt":"2016-10-05T15:40:10","slug":"10995-2","status":"publish","type":"page","link":"https:\/\/www.comprensivo1portotorres.edu.it\/10995-2\/","title":{"rendered":""},"content":{"rendered":"<div class=\"boxhome\">\n<p>Assicurazione alunni<\/p>\n<p style=\"text-align: justify;\">Gentile genitore, anche quest\u2019anno \u00e8 necessario procedere all\u2019assicurazione degli alunni. Tale procedura rappresenta una garanzia indispensabile per la famiglia e per i docenti che possono in tal modo programmare le diverse attivit\u00e0 didattiche, interne ed esterne con pi\u00f9 sicurezza.<br \/>\nLa quota richiesta per la stipula del contratto di assicurazione \u00e8 di euro 10.00 per alunno, tale somma dovr\u00e0 essere versata entro il 25\/10\/2016. Altre informazione verranno rilasciate dai docenti<\/p>\n<\/div>\n","protected":false},"excerpt":{"rendered":"<p>Assicurazione alunni Gentile genitore, anche quest\u2019anno \u00e8 necessario procedere all\u2019assicurazione degli alunni. Tale procedura rappresenta una garanzia indispensabile per la famiglia e per i docenti che possono in tal modo programmare le diverse attivit\u00e0 didattiche, interne ed esterne con pi\u00f9 sicurezza. La quota richiesta per la stipula del contratto di assicurazione \u00e8 di euro 10.00&nbsp; &nbsp; <a class=\"moretag\" href=\"https:\/\/www.comprensivo1portotorres.edu.it\/10995-2\/\" title=\"Leggi l&#180;intero articolo\">&raquo;<\/a><\/p>\n","protected":false},"author":1,"featured_media":0,"parent":0,"menu_order":0,"comment_status":"closed","ping_status":"closed","template":"tmpl_home.php","meta":{"ngg_post_thumbnail":0},"_links":{"self":[{"href":"https:\/\/www.comprensivo1portotorres.edu.it\/wp-json\/wp\/v2\/pages\/10995"}],"collection":[{"href":"https:\/\/www.comprensivo1portotorres.edu.it\/wp-json\/wp\/v2\/pages"}],"about":[{"href":"https:\/\/www.comprensivo1portotorres.edu.it\/wp-json\/wp\/v2\/types\/page"}],"author":[{"embeddable":true,"href":"https:\/\/www.comprensivo1portotorres.edu.it\/wp-json\/wp\/v2\/users\/1"}],"replies":[{"embeddable":true,"href":"https:\/\/www.comprensivo1portotorres.edu.it\/wp-json\/wp\/v2\/comments?post=10995"}],"version-history":[{"count":1,"href":"https:\/\/www.comprensivo1portotorres.edu.it\/wp-json\/wp\/v2\/pages\/10995\/revisions"}],"predecessor-version":[{"id":10997,"href":"https:\/\/www.comprensivo1portotorres.edu.it\/wp-json\/wp\/v2\/pages\/10995\/revisions\/10997"}],"wp:attachment":[{"href":"https:\/\/www.comprensivo1portotorres.edu.it\/wp-json\/wp\/v2\/media?parent=10995"}],"curies":[{"name":"wp","href":"https:\/\/api.w.org\/{rel}","templated":true}]}}