{"id":11003,"date":"2016-10-05T15:47:32","date_gmt":"2016-10-05T15:47:32","guid":{"rendered":"http:\/\/www.comprensivo1portotorres.edu.it\/?page_id=11003"},"modified":"2016-10-05T15:56:47","modified_gmt":"2016-10-05T15:56:47","slug":"11003-2","status":"publish","type":"page","link":"https:\/\/www.comprensivo1portotorres.edu.it\/11003-2\/","title":{"rendered":""},"content":{"rendered":"<div class=\"boxhome\">\n<p><img decoding=\"async\" loading=\"lazy\" class=\"alignleft size-thumbnail wp-image-10936\" src=\"http:\/\/www.comprensivo1portotorres.edu.it\/wp-content\/uploads\/2016\/10\/download.jpeg\" alt=\"\" width=\"150\" height=\"120\" \/><\/p>\n<h1 class=\"posttitle\" style=\"text-align: left;\">Polizza di Assicurazione alunni<\/h1>\n<p style=\"text-align: justify;\">Gentile genitore, anche quest\u2019anno \u00e8 necessario procedere all\u2019assicurazione degli alunni. Tale procedura rappresenta una garanzia indispensabile per la famiglia e per i docenti che possono in tal modo programmare le diverse attivit\u00e0 didattiche, interne ed esterne con pi\u00f9 sicurezza.<br \/>\nLa quota richiesta per la stipula del contratto di assicurazione \u00e8 di euro 10.00 per alunno, tale somma dovr\u00e0 essere versata entro il 25\/10\/2016.<\/p>\n<\/div>\n","protected":false},"excerpt":{"rendered":"<p>Polizza di Assicurazione alunni Gentile genitore, anche quest\u2019anno \u00e8 necessario procedere all\u2019assicurazione degli alunni. Tale procedura rappresenta una garanzia indispensabile per la famiglia e per i docenti che possono in tal modo programmare le diverse attivit\u00e0 didattiche, interne ed esterne con pi\u00f9 sicurezza. La quota richiesta per la stipula del contratto di assicurazione \u00e8 di&nbsp; &nbsp; <a class=\"moretag\" href=\"https:\/\/www.comprensivo1portotorres.edu.it\/11003-2\/\" title=\"Leggi l&#180;intero articolo\">&raquo;<\/a><\/p>\n","protected":false},"author":1,"featured_media":0,"parent":0,"menu_order":0,"comment_status":"closed","ping_status":"closed","template":"tmpl_home.php","meta":{"ngg_post_thumbnail":0},"_links":{"self":[{"href":"https:\/\/www.comprensivo1portotorres.edu.it\/wp-json\/wp\/v2\/pages\/11003"}],"collection":[{"href":"https:\/\/www.comprensivo1portotorres.edu.it\/wp-json\/wp\/v2\/pages"}],"about":[{"href":"https:\/\/www.comprensivo1portotorres.edu.it\/wp-json\/wp\/v2\/types\/page"}],"author":[{"embeddable":true,"href":"https:\/\/www.comprensivo1portotorres.edu.it\/wp-json\/wp\/v2\/users\/1"}],"replies":[{"embeddable":true,"href":"https:\/\/www.comprensivo1portotorres.edu.it\/wp-json\/wp\/v2\/comments?post=11003"}],"version-history":[{"count":3,"href":"https:\/\/www.comprensivo1portotorres.edu.it\/wp-json\/wp\/v2\/pages\/11003\/revisions"}],"predecessor-version":[{"id":11006,"href":"https:\/\/www.comprensivo1portotorres.edu.it\/wp-json\/wp\/v2\/pages\/11003\/revisions\/11006"}],"wp:attachment":[{"href":"https:\/\/www.comprensivo1portotorres.edu.it\/wp-json\/wp\/v2\/media?parent=11003"}],"curies":[{"name":"wp","href":"https:\/\/api.w.org\/{rel}","templated":true}]}}