{"id":112,"date":"2012-07-10T13:42:14","date_gmt":"2012-07-10T13:42:14","guid":{"rendered":"http:\/\/www.comprensivo1portotorres.edu.it\/?page_id=112"},"modified":"2013-12-09T11:36:00","modified_gmt":"2013-12-09T11:36:00","slug":"storia-della-scuola","status":"publish","type":"page","link":"https:\/\/www.comprensivo1portotorres.edu.it\/la-scuola\/storia-della-scuola\/","title":{"rendered":"Storia della scuola"},"content":{"rendered":"<p style=\"text-align: justify;\"><img decoding=\"async\" loading=\"lazy\" class=\"alignleft size-full wp-image-1060\" style=\"margin: 5px;\" alt=\"Ingresso scuola &quot;Borgona&quot;\" src=\"http:\/\/www.comprensivo1portotorres.edu.it\/wp-content\/uploads\/2012\/07\/imgres.jpg\" width=\"200\" height=\"232\" \/>L\u2019Istituto Comprensivo n. 1 di Porto Torres nasce ufficialmente il 1\u00b0 settembre 2012 (<em>delibera regionale G.R. n. 4\/2 26\/01\/2012<\/em>)\u00a0dalla fusione del 1\u00b0 Circolo Didattico e il plesso di Via Brunelleschi della Scuola Secondaria di 1\u00b0 Grado.<\/p>\n<p style=\"text-align: justify;\">L\u2019ufficio di presidenza, unitamente alla segreteria, \u00e8 ubicato nel plesso di Borgona in Via Principe di Piemonte 27\/29. In particolare, la sede centrale fu costruita nel 1961 per corrispondere adeguatamente all\u2019espansione demografica di 11.199 residenti in tutto il comune, essa \u00e8 situata nel mezzo dell\u2019omonimo\u00a0 quartiere.<\/p>\n<p style=\"text-align: justify;\">Per la sua posizione prospiciente il porto, di fronte al mare e vicina a tutti i servizi e sedi istituzionali e culturali (comune, centro culturale, teatro), rivela un approccio \u201cfunzionale\u201d alle esigenze della popolazione.<\/p>\n<p style=\"text-align: justify;\">L&#8217;Istituto accoglie, nei suoi plessi, un&#8217;utenza eterogenea, poich\u00e9 la forza lavoro che caratterizza il bacino territoriale \u00e8 costituita da operai, impiegati del terziario, professionisti, lavoratori autonomi.<\/p>\n<p style=\"text-align: justify;\">Aperto ad ogni integrazione ed esigenze dell\u2019utenza, come negli anni passati del boom economico industriale, accoglieva i figli di operai ed impiegati delle imprese esterne che arrivavano in Sardegna da ogni parte d\u2019Italia, accoglie oggi alunni figli di immigrati (soprattutto dai Paesi dell\u2019est europeo), alunni Rom di stanza nel campo della citt\u00e0 ed alunni figli di etnie miste.<\/p>\n<p>Il nostro Istituto \u00e8 attualmente costituito da:<\/p>\n<ul>\n<li>Nr. 3 plessi di Scuola dell&#8217;Infanzia\n<ul>\n<li>Borgona (A. Castellaccio)<\/li>\n<li>Via delle Vigne (G. Gabriel)<\/li>\n<li>Via Balai (F. Figari)<\/li>\n<\/ul>\n<\/li>\n<li>Nr. 2 plessi di Scuola Primaria (Borgona e G. Dess\u00ec)<\/li>\n<li>Nr. 1 plesso di Scuola Secondaria di 1\u00b0 Grado (F. Brunelleschi)<\/li>\n<\/ul>\n<p style=\"text-align: justify;\">Il nostro Istituto opera attuando un percorso formativo ed educativo secondo quanto contemplato nelle Indicazioni Nazionali ed impiegando metodologie diverse in base ai contenuti da veicolare e alle attivit\u00e0 da svolgere. Esse perci\u00f2 variano e, a seconda delle situazioni, possono essere proposte attivit\u00e0 di tipo laboratoriale, collaborativo (cooperative learning), di ricerca e sperimentazione, lezione frontale e lavori di gruppo anche a classi aperte.<\/p>\n","protected":false},"excerpt":{"rendered":"<p>L\u2019Istituto Comprensivo n. 1 di Porto Torres nasce ufficialmente il 1\u00b0 settembre 2012 (delibera regionale G.R. n. 4\/2 26\/01\/2012)\u00a0dalla fusione del 1\u00b0 Circolo Didattico e il plesso di Via Brunelleschi della Scuola Secondaria di 1\u00b0 Grado. L\u2019ufficio di presidenza, unitamente alla segreteria, \u00e8 ubicato nel plesso di Borgona in Via Principe di Piemonte 27\/29. In&nbsp; &nbsp; <a class=\"moretag\" href=\"https:\/\/www.comprensivo1portotorres.edu.it\/la-scuola\/storia-della-scuola\/\" title=\"Leggi l&#180;intero articolo\">&raquo;<\/a><\/p>\n","protected":false},"author":1,"featured_media":0,"parent":186,"menu_order":0,"comment_status":"open","ping_status":"closed","template":"","meta":{"ngg_post_thumbnail":0},"_links":{"self":[{"href":"https:\/\/www.comprensivo1portotorres.edu.it\/wp-json\/wp\/v2\/pages\/112"}],"collection":[{"href":"https:\/\/www.comprensivo1portotorres.edu.it\/wp-json\/wp\/v2\/pages"}],"about":[{"href":"https:\/\/www.comprensivo1portotorres.edu.it\/wp-json\/wp\/v2\/types\/page"}],"author":[{"embeddable":true,"href":"https:\/\/www.comprensivo1portotorres.edu.it\/wp-json\/wp\/v2\/users\/1"}],"replies":[{"embeddable":true,"href":"https:\/\/www.comprensivo1portotorres.edu.it\/wp-json\/wp\/v2\/comments?post=112"}],"version-history":[{"count":15,"href":"https:\/\/www.comprensivo1portotorres.edu.it\/wp-json\/wp\/v2\/pages\/112\/revisions"}],"predecessor-version":[{"id":2429,"href":"https:\/\/www.comprensivo1portotorres.edu.it\/wp-json\/wp\/v2\/pages\/112\/revisions\/2429"}],"up":[{"embeddable":true,"href":"https:\/\/www.comprensivo1portotorres.edu.it\/wp-json\/wp\/v2\/pages\/186"}],"wp:attachment":[{"href":"https:\/\/www.comprensivo1portotorres.edu.it\/wp-json\/wp\/v2\/media?parent=112"}],"curies":[{"name":"wp","href":"https:\/\/api.w.org\/{rel}","templated":true}]}}