{"id":12137,"date":"2017-01-27T07:09:33","date_gmt":"2017-01-27T07:09:33","guid":{"rendered":"http:\/\/www.comprensivo1portotorres.edu.it\/?page_id=12137"},"modified":"2017-01-27T07:21:02","modified_gmt":"2017-01-27T07:21:02","slug":"12137-2","status":"publish","type":"page","link":"https:\/\/www.comprensivo1portotorres.edu.it\/12137-2\/","title":{"rendered":""},"content":{"rendered":"<div class=\"boxhome\" style=\"text-align: justify;\">\n<p style=\"text-align: left;\"><span style=\"font-weight: 400;\"><a href=\"http:\/\/www.comprensivo1portotorres.edu.it\/giorni-della-memoria-il-filo-rosso-della-memoria-i-genocidi-dimenticati\/\"><img decoding=\"async\" loading=\"lazy\" class=\"alignleft wp-image-12102 size-medium\" src=\"http:\/\/www.comprensivo1portotorres.edu.it\/wp-content\/uploads\/2017\/01\/I_genocidi_dimenticati-300x124.jpg\" width=\"300\" height=\"124\" srcset=\"https:\/\/www.comprensivo1portotorres.edu.it\/wp-content\/uploads\/2017\/01\/I_genocidi_dimenticati-300x124.jpg 300w, https:\/\/www.comprensivo1portotorres.edu.it\/wp-content\/uploads\/2017\/01\/I_genocidi_dimenticati-768x319.jpg 768w, https:\/\/www.comprensivo1portotorres.edu.it\/wp-content\/uploads\/2017\/01\/I_genocidi_dimenticati-1024x425.jpg 1024w, https:\/\/www.comprensivo1portotorres.edu.it\/wp-content\/uploads\/2017\/01\/I_genocidi_dimenticati-180x75.jpg 180w, https:\/\/www.comprensivo1portotorres.edu.it\/wp-content\/uploads\/2017\/01\/I_genocidi_dimenticati.jpg 1350w\" sizes=\"(max-width: 300px) 100vw, 300px\" \/><\/a>La Scuola Secondaria Brunelleschi, con la partecipazione di alcune classi della scuola Primaria, al fine di mantenere viva la memoria di alcune pagine buie della storia dell\u2019umanit\u00e0, organizza una \u201cmostra diffusa\u201d nei giorni che precedono e che seguono il <strong>27 Gennaio<\/strong>, dal titolo <span style=\"color: #800000;\"><em><strong>\u201cIl filo rosso della memoria: i genocidi dimenticati\u201d<\/strong><\/em><\/span>. L\u2019esposizione offrir\u00e0 la possibilit\u00e0 di far conoscere ai cittadini della nostra citt\u00e0 le vittime di altri genocidi che invece sono stati dimenticati, in un percorso di riflessione attraverso i 5 continenti, a dimostrazione del fatto che l\u2019orrore non conosce confini di spazio e di tempo.<br \/>\n<\/span><a href=\"http:\/\/www.comprensivo1portotorres.edu.it\/giorni-della-memoria-il-filo-rosso-della-memoria-i-genocidi-dimenticati\/\">&#8230; continua la lettura<\/a><\/p>\n<\/div>\n","protected":false},"excerpt":{"rendered":"<p>La Scuola Secondaria Brunelleschi, con la partecipazione di alcune classi della scuola Primaria, al fine di mantenere viva la memoria di alcune pagine buie della storia dell\u2019umanit\u00e0, organizza una \u201cmostra diffusa\u201d nei giorni che precedono e che seguono il 27 Gennaio, dal titolo \u201cIl filo rosso della memoria: i genocidi dimenticati\u201d. L\u2019esposizione offrir\u00e0 la possibilit\u00e0&nbsp; &nbsp; <a class=\"moretag\" href=\"https:\/\/www.comprensivo1portotorres.edu.it\/12137-2\/\" title=\"Leggi l&#180;intero articolo\">&raquo;<\/a><\/p>\n","protected":false},"author":1,"featured_media":0,"parent":0,"menu_order":1,"comment_status":"closed","ping_status":"closed","template":"tmpl_home.php","meta":{"ngg_post_thumbnail":0},"_links":{"self":[{"href":"https:\/\/www.comprensivo1portotorres.edu.it\/wp-json\/wp\/v2\/pages\/12137"}],"collection":[{"href":"https:\/\/www.comprensivo1portotorres.edu.it\/wp-json\/wp\/v2\/pages"}],"about":[{"href":"https:\/\/www.comprensivo1portotorres.edu.it\/wp-json\/wp\/v2\/types\/page"}],"author":[{"embeddable":true,"href":"https:\/\/www.comprensivo1portotorres.edu.it\/wp-json\/wp\/v2\/users\/1"}],"replies":[{"embeddable":true,"href":"https:\/\/www.comprensivo1portotorres.edu.it\/wp-json\/wp\/v2\/comments?post=12137"}],"version-history":[{"count":3,"href":"https:\/\/www.comprensivo1portotorres.edu.it\/wp-json\/wp\/v2\/pages\/12137\/revisions"}],"predecessor-version":[{"id":12141,"href":"https:\/\/www.comprensivo1portotorres.edu.it\/wp-json\/wp\/v2\/pages\/12137\/revisions\/12141"}],"wp:attachment":[{"href":"https:\/\/www.comprensivo1portotorres.edu.it\/wp-json\/wp\/v2\/media?parent=12137"}],"curies":[{"name":"wp","href":"https:\/\/api.w.org\/{rel}","templated":true}]}}