{"id":1279,"date":"2013-10-07T17:14:14","date_gmt":"2013-10-07T17:14:14","guid":{"rendered":"http:\/\/www.comprensivo1portotorres.edu.it\/primaria-dessi-2\/"},"modified":"2023-09-15T10:32:41","modified_gmt":"2023-09-15T10:32:41","slug":"secondaria-brunelleschi","status":"publish","type":"page","link":"https:\/\/www.comprensivo1portotorres.edu.it\/secondaria-brunelleschi\/","title":{"rendered":"Scuola Secondaria &#8220;Il Brunelleschi&#8221;"},"content":{"rendered":"<p>Indirizzo:&nbsp;Via Brunelleschi &#8211;&nbsp;07046 &#8211; Porto Torres (SS)<br \/>\nTel. 079 501001\/079 501283 &#8211;&nbsp;Fax 079 501001<\/p>\n<p>Classi: n.16 classi a tempo normale (L2 francese-spagnolo)<\/p>\n<p>Classi: n.3 classi a tempo prolungato (L2 spagnolo)<\/p>\n<p style=\"text-align: justify;\">Il servizio mensa per le classi a tempo prolungato 1^D, 2^D e 3^D viene svolto il marted\u00ec e il gioved\u00ec dalle ore 14.00 alle ore 15.00 , in collaborazione con il personale ausiliario preposto.<\/p>\n<p>&nbsp;<\/p>\n<h3>L\u2019Edificio<\/h3>\n<div id=\"attachment_1512\" style=\"width: 310px\" class=\"wp-caption alignright\"><a href=\"https:\/\/www.comprensivo1portotorres.edu.it\/wp-content\/uploads\/2013\/10\/CIMG7177.jpg\"><img aria-describedby=\"caption-attachment-1512\" decoding=\"async\" loading=\"lazy\" class=\"size-medium wp-image-1512 \" src=\"https:\/\/www.comprensivo1portotorres.edu.it\/wp-content\/uploads\/2013\/10\/CIMG7177-300x225.jpg\" alt=\"Igresso &quot;Brunelleschi&quot;\" width=\"300\" height=\"225\"><\/a><p id=\"caption-attachment-1512\" class=\"wp-caption-text\">Ingresso scuola &#8220;Brunelleschi&#8221;<\/p><\/div>\n<p style=\"text-align: justify;\">La Scuola Secondaria di Primo Grado dell\u2019Istituto Comprensivo n\u00b0 1 \u00e8 ospitata nel plesso di via Brunelleschi, nella parte sud-ovest della citt\u00e0. La scuola \u00e8 situata in una zona a forte espansione urbanistica, in cui sono presenti il liceo scientifico \u201cEuropa Unita\u201d col suo Centro Risorse, il palazzetto dello sport \u201cCitt\u00e0 unite\u201d, la caserma dei Carabinieri e il comando della Polizia Municipale. Il caseggiato, disposto su due piani e un sottopiano, \u00e8 di recente costruzione, ha aule ampie e luminose e dispone di spazi esterni curati e fruibili.<\/p>\n<p style=\"text-align: justify;\"><strong>Risorse strutturali<\/strong>: 18 aule per la didattica, aula mensa, sala professori, biblioteca, aule per le attivit\u00e0 integrative e di sostegno, aula sportello d\u2019ascolto e ricevimento genitori, aula di video-proiezione, laboratorio di informatica, laboratorio artistico, palestra, campi di calcetto in erba sintetica, buca per il salto in lungo, giardino e frutteto scolastico.<\/p>\n<!-- default-view.php -->\n<div\n\tclass=\"ngg-galleryoverview default-view  ngg-ajax-pagination-none\"\n\tid=\"ngg-gallery-5dd9d9c94ad817ef255fb84e34e9eee0-1\">\n\n\t\t<!-- Thumbnails -->\n\t\t\t\t<div id=\"ngg-image-0\" class=\"ngg-gallery-thumbnail-box \" >\n\t\t\t\t        <div class=\"ngg-gallery-thumbnail\">\n            <a href=\"https:\/\/www.comprensivo1portotorres.edu.it\/wp-content\/gallery\/brunelleschi\/cimg5976.jpg\"\n               title=\"\"\n               data-src=\"https:\/\/www.comprensivo1portotorres.edu.it\/wp-content\/gallery\/brunelleschi\/cimg5976.jpg\"\n               data-thumbnail=\"https:\/\/www.comprensivo1portotorres.edu.it\/wp-content\/gallery\/brunelleschi\/thumbs\/thumbs_cimg5976.jpg\"\n               data-image-id=\"21\"\n               data-title=\"cimg5976\"\n               data-description=\"\"\n               data-image-slug=\"image\"\n               class=\"shutterset_5dd9d9c94ad817ef255fb84e34e9eee0\">\n                <img\n                    title=\"cimg5976\"\n                    alt=\"cimg5976\"\n                    src=\"https:\/\/www.comprensivo1portotorres.edu.it\/wp-content\/gallery\/brunelleschi\/thumbs\/thumbs_cimg5976.jpg\"\n                    width=\"120\"\n                    height=\"90\"\n                    style=\"max-width:100%;\"\n                \/>\n            <\/a>\n        <\/div>\n\t\t\t\t\t\t\t<\/div> \n\t\t\t\n\t\t\t\t<div id=\"ngg-image-1\" class=\"ngg-gallery-thumbnail-box \" >\n\t\t\t\t        <div class=\"ngg-gallery-thumbnail\">\n            <a href=\"https:\/\/www.comprensivo1portotorres.edu.it\/wp-content\/gallery\/brunelleschi\/cimg5975.jpg\"\n               title=\"\"\n               data-src=\"https:\/\/www.comprensivo1portotorres.edu.it\/wp-content\/gallery\/brunelleschi\/cimg5975.jpg\"\n               data-thumbnail=\"https:\/\/www.comprensivo1portotorres.edu.it\/wp-content\/gallery\/brunelleschi\/thumbs\/thumbs_cimg5975.jpg\"\n               data-image-id=\"22\"\n               data-title=\"cimg5975\"\n               data-description=\"\"\n               data-image-slug=\"image-2\"\n               class=\"shutterset_5dd9d9c94ad817ef255fb84e34e9eee0\">\n                <img\n                    title=\"cimg5975\"\n                    alt=\"cimg5975\"\n                    src=\"https:\/\/www.comprensivo1portotorres.edu.it\/wp-content\/gallery\/brunelleschi\/thumbs\/thumbs_cimg5975.jpg\"\n                    width=\"120\"\n                    height=\"90\"\n                    style=\"max-width:100%;\"\n                \/>\n            <\/a>\n        <\/div>\n\t\t\t\t\t\t\t<\/div> \n\t\t\t\n\t\t\t\t<div id=\"ngg-image-2\" class=\"ngg-gallery-thumbnail-box \" >\n\t\t\t\t        <div class=\"ngg-gallery-thumbnail\">\n            <a href=\"https:\/\/www.comprensivo1portotorres.edu.it\/wp-content\/gallery\/brunelleschi\/cimg5974.jpg\"\n               title=\"\"\n               data-src=\"https:\/\/www.comprensivo1portotorres.edu.it\/wp-content\/gallery\/brunelleschi\/cimg5974.jpg\"\n               data-thumbnail=\"https:\/\/www.comprensivo1portotorres.edu.it\/wp-content\/gallery\/brunelleschi\/thumbs\/thumbs_cimg5974.jpg\"\n               data-image-id=\"23\"\n               data-title=\"cimg5974\"\n               data-description=\"\"\n               data-image-slug=\"image-3\"\n               class=\"shutterset_5dd9d9c94ad817ef255fb84e34e9eee0\">\n                <img\n                    title=\"cimg5974\"\n                    alt=\"cimg5974\"\n                    src=\"https:\/\/www.comprensivo1portotorres.edu.it\/wp-content\/gallery\/brunelleschi\/thumbs\/thumbs_cimg5974.jpg\"\n                    width=\"120\"\n                    height=\"90\"\n                    style=\"max-width:100%;\"\n                \/>\n            <\/a>\n        <\/div>\n\t\t\t\t\t\t\t<\/div> \n\t\t\t\n\t\t\t\t<div id=\"ngg-image-3\" class=\"ngg-gallery-thumbnail-box \" >\n\t\t\t\t        <div class=\"ngg-gallery-thumbnail\">\n            <a href=\"https:\/\/www.comprensivo1portotorres.edu.it\/wp-content\/gallery\/brunelleschi\/cimg5973.jpg\"\n               title=\"\"\n               data-src=\"https:\/\/www.comprensivo1portotorres.edu.it\/wp-content\/gallery\/brunelleschi\/cimg5973.jpg\"\n               data-thumbnail=\"https:\/\/www.comprensivo1portotorres.edu.it\/wp-content\/gallery\/brunelleschi\/thumbs\/thumbs_cimg5973.jpg\"\n               data-image-id=\"24\"\n               data-title=\"cimg5973\"\n               data-description=\"\"\n               data-image-slug=\"image-4\"\n               class=\"shutterset_5dd9d9c94ad817ef255fb84e34e9eee0\">\n                <img\n                    title=\"cimg5973\"\n                    alt=\"cimg5973\"\n                    src=\"https:\/\/www.comprensivo1portotorres.edu.it\/wp-content\/gallery\/brunelleschi\/thumbs\/thumbs_cimg5973.jpg\"\n                    width=\"120\"\n                    height=\"90\"\n                    style=\"max-width:100%;\"\n                \/>\n            <\/a>\n        <\/div>\n\t\t\t\t\t\t\t<\/div> \n\t\t\t\n\t\t\t\t<div id=\"ngg-image-4\" class=\"ngg-gallery-thumbnail-box \" >\n\t\t\t\t        <div class=\"ngg-gallery-thumbnail\">\n            <a href=\"https:\/\/www.comprensivo1portotorres.edu.it\/wp-content\/gallery\/brunelleschi\/cimg5967.jpg\"\n               title=\"\"\n               data-src=\"https:\/\/www.comprensivo1portotorres.edu.it\/wp-content\/gallery\/brunelleschi\/cimg5967.jpg\"\n               data-thumbnail=\"https:\/\/www.comprensivo1portotorres.edu.it\/wp-content\/gallery\/brunelleschi\/thumbs\/thumbs_cimg5967.jpg\"\n               data-image-id=\"25\"\n               data-title=\"cimg5967\"\n               data-description=\"\"\n               data-image-slug=\"image-5\"\n               class=\"shutterset_5dd9d9c94ad817ef255fb84e34e9eee0\">\n                <img\n                    title=\"cimg5967\"\n                    alt=\"cimg5967\"\n                    src=\"https:\/\/www.comprensivo1portotorres.edu.it\/wp-content\/gallery\/brunelleschi\/thumbs\/thumbs_cimg5967.jpg\"\n                    width=\"120\"\n                    height=\"90\"\n                    style=\"max-width:100%;\"\n                \/>\n            <\/a>\n        <\/div>\n\t\t\t\t\t\t\t<\/div> \n\t\t\t\n\t\t\t\t<div id=\"ngg-image-5\" class=\"ngg-gallery-thumbnail-box \" >\n\t\t\t\t        <div class=\"ngg-gallery-thumbnail\">\n            <a href=\"https:\/\/www.comprensivo1portotorres.edu.it\/wp-content\/gallery\/brunelleschi\/cimg5968.jpg\"\n               title=\"\"\n               data-src=\"https:\/\/www.comprensivo1portotorres.edu.it\/wp-content\/gallery\/brunelleschi\/cimg5968.jpg\"\n               data-thumbnail=\"https:\/\/www.comprensivo1portotorres.edu.it\/wp-content\/gallery\/brunelleschi\/thumbs\/thumbs_cimg5968.jpg\"\n               data-image-id=\"26\"\n               data-title=\"cimg5968\"\n               data-description=\"\"\n               data-image-slug=\"image-6\"\n               class=\"shutterset_5dd9d9c94ad817ef255fb84e34e9eee0\">\n                <img\n                    title=\"cimg5968\"\n                    alt=\"cimg5968\"\n                    src=\"https:\/\/www.comprensivo1portotorres.edu.it\/wp-content\/gallery\/brunelleschi\/thumbs\/thumbs_cimg5968.jpg\"\n                    width=\"120\"\n                    height=\"90\"\n                    style=\"max-width:100%;\"\n                \/>\n            <\/a>\n        <\/div>\n\t\t\t\t\t\t\t<\/div> \n\t\t\t\n\t\t\t\t<div id=\"ngg-image-6\" class=\"ngg-gallery-thumbnail-box \" >\n\t\t\t\t        <div class=\"ngg-gallery-thumbnail\">\n            <a href=\"https:\/\/www.comprensivo1portotorres.edu.it\/wp-content\/gallery\/brunelleschi\/cimg5969.jpg\"\n               title=\"\"\n               data-src=\"https:\/\/www.comprensivo1portotorres.edu.it\/wp-content\/gallery\/brunelleschi\/cimg5969.jpg\"\n               data-thumbnail=\"https:\/\/www.comprensivo1portotorres.edu.it\/wp-content\/gallery\/brunelleschi\/thumbs\/thumbs_cimg5969.jpg\"\n               data-image-id=\"27\"\n               data-title=\"cimg5969\"\n               data-description=\"\"\n               data-image-slug=\"image-7\"\n               class=\"shutterset_5dd9d9c94ad817ef255fb84e34e9eee0\">\n                <img\n                    title=\"cimg5969\"\n                    alt=\"cimg5969\"\n                    src=\"https:\/\/www.comprensivo1portotorres.edu.it\/wp-content\/gallery\/brunelleschi\/thumbs\/thumbs_cimg5969.jpg\"\n                    width=\"120\"\n                    height=\"90\"\n                    style=\"max-width:100%;\"\n                \/>\n            <\/a>\n        <\/div>\n\t\t\t\t\t\t\t<\/div> \n\t\t\t\n\t\t\t\t<div id=\"ngg-image-7\" class=\"ngg-gallery-thumbnail-box \" >\n\t\t\t\t        <div class=\"ngg-gallery-thumbnail\">\n            <a href=\"https:\/\/www.comprensivo1portotorres.edu.it\/wp-content\/gallery\/brunelleschi\/cimg5970.jpg\"\n               title=\"\"\n               data-src=\"https:\/\/www.comprensivo1portotorres.edu.it\/wp-content\/gallery\/brunelleschi\/cimg5970.jpg\"\n               data-thumbnail=\"https:\/\/www.comprensivo1portotorres.edu.it\/wp-content\/gallery\/brunelleschi\/thumbs\/thumbs_cimg5970.jpg\"\n               data-image-id=\"28\"\n               data-title=\"cimg5970\"\n               data-description=\"\"\n               data-image-slug=\"image-8\"\n               class=\"shutterset_5dd9d9c94ad817ef255fb84e34e9eee0\">\n                <img\n                    title=\"cimg5970\"\n                    alt=\"cimg5970\"\n                    src=\"https:\/\/www.comprensivo1portotorres.edu.it\/wp-content\/gallery\/brunelleschi\/thumbs\/thumbs_cimg5970.jpg\"\n                    width=\"120\"\n                    height=\"90\"\n                    style=\"max-width:100%;\"\n                \/>\n            <\/a>\n        <\/div>\n\t\t\t\t\t\t\t<\/div> \n\t\t\t\n\t\t\t\t<div id=\"ngg-image-8\" class=\"ngg-gallery-thumbnail-box \" >\n\t\t\t\t        <div class=\"ngg-gallery-thumbnail\">\n            <a href=\"https:\/\/www.comprensivo1portotorres.edu.it\/wp-content\/gallery\/brunelleschi\/cimg5971.jpg\"\n               title=\"\"\n               data-src=\"https:\/\/www.comprensivo1portotorres.edu.it\/wp-content\/gallery\/brunelleschi\/cimg5971.jpg\"\n               data-thumbnail=\"https:\/\/www.comprensivo1portotorres.edu.it\/wp-content\/gallery\/brunelleschi\/thumbs\/thumbs_cimg5971.jpg\"\n               data-image-id=\"29\"\n               data-title=\"cimg5971\"\n               data-description=\"\"\n               data-image-slug=\"image-9\"\n               class=\"shutterset_5dd9d9c94ad817ef255fb84e34e9eee0\">\n                <img\n                    title=\"cimg5971\"\n                    alt=\"cimg5971\"\n                    src=\"https:\/\/www.comprensivo1portotorres.edu.it\/wp-content\/gallery\/brunelleschi\/thumbs\/thumbs_cimg5971.jpg\"\n                    width=\"120\"\n                    height=\"90\"\n                    style=\"max-width:100%;\"\n                \/>\n            <\/a>\n        <\/div>\n\t\t\t\t\t\t\t<\/div> \n\t\t\t\n\t\t\t\t<div id=\"ngg-image-9\" class=\"ngg-gallery-thumbnail-box \" >\n\t\t\t\t        <div class=\"ngg-gallery-thumbnail\">\n            <a href=\"https:\/\/www.comprensivo1portotorres.edu.it\/wp-content\/gallery\/brunelleschi\/cimg5972.jpg\"\n               title=\"\"\n               data-src=\"https:\/\/www.comprensivo1portotorres.edu.it\/wp-content\/gallery\/brunelleschi\/cimg5972.jpg\"\n               data-thumbnail=\"https:\/\/www.comprensivo1portotorres.edu.it\/wp-content\/gallery\/brunelleschi\/thumbs\/thumbs_cimg5972.jpg\"\n               data-image-id=\"30\"\n               data-title=\"cimg5972\"\n               data-description=\"\"\n               data-image-slug=\"image-10\"\n               class=\"shutterset_5dd9d9c94ad817ef255fb84e34e9eee0\">\n                <img\n                    title=\"cimg5972\"\n                    alt=\"cimg5972\"\n                    src=\"https:\/\/www.comprensivo1portotorres.edu.it\/wp-content\/gallery\/brunelleschi\/thumbs\/thumbs_cimg5972.jpg\"\n                    width=\"120\"\n                    height=\"90\"\n                    style=\"max-width:100%;\"\n                \/>\n            <\/a>\n        <\/div>\n\t\t\t\t\t\t\t<\/div> \n\t\t\t\n\t\n\t<br style=\"clear: both\" \/>\n\n\t\t<div class=\"slideshowlink\">\n        <a href='https:\/\/www.comprensivo1portotorres.edu.it\/secondaria-brunelleschi\/nggallery\/slideshow'>[Show as slideshow]<\/a>\n\t\t\n\t<\/div>\n\t\n\t\t<!-- Pagination -->\n\t<div class='ngg-clear'><\/div>\t<\/div>\n\n<h3 style=\"text-align: justify;\">&nbsp;<\/h3>\n","protected":false},"excerpt":{"rendered":"<p>Indirizzo:&nbsp;Via Brunelleschi &#8211;&nbsp;07046 &#8211; Porto Torres (SS) Tel. 079 501001\/079 501283 &#8211;&nbsp;Fax 079 501001 Classi: n.16 classi a tempo normale (L2 francese-spagnolo) Classi: n.3 classi a tempo prolungato (L2 spagnolo) Il servizio mensa per le classi a tempo prolungato 1^D, 2^D e 3^D viene svolto il marted\u00ec e il gioved\u00ec dalle ore 14.00 alle ore&nbsp; &nbsp; <a class=\"moretag\" href=\"https:\/\/www.comprensivo1portotorres.edu.it\/secondaria-brunelleschi\/\" title=\"Leggi l&#180;intero articolo\">&raquo;<\/a><\/p>\n","protected":false},"author":1,"featured_media":0,"parent":0,"menu_order":1,"comment_status":"closed","ping_status":"closed","template":"","meta":{"ngg_post_thumbnail":0},"_links":{"self":[{"href":"https:\/\/www.comprensivo1portotorres.edu.it\/wp-json\/wp\/v2\/pages\/1279"}],"collection":[{"href":"https:\/\/www.comprensivo1portotorres.edu.it\/wp-json\/wp\/v2\/pages"}],"about":[{"href":"https:\/\/www.comprensivo1portotorres.edu.it\/wp-json\/wp\/v2\/types\/page"}],"author":[{"embeddable":true,"href":"https:\/\/www.comprensivo1portotorres.edu.it\/wp-json\/wp\/v2\/users\/1"}],"replies":[{"embeddable":true,"href":"https:\/\/www.comprensivo1portotorres.edu.it\/wp-json\/wp\/v2\/comments?post=1279"}],"version-history":[{"count":45,"href":"https:\/\/www.comprensivo1portotorres.edu.it\/wp-json\/wp\/v2\/pages\/1279\/revisions"}],"predecessor-version":[{"id":24046,"href":"https:\/\/www.comprensivo1portotorres.edu.it\/wp-json\/wp\/v2\/pages\/1279\/revisions\/24046"}],"wp:attachment":[{"href":"https:\/\/www.comprensivo1portotorres.edu.it\/wp-json\/wp\/v2\/media?parent=1279"}],"curies":[{"name":"wp","href":"https:\/\/api.w.org\/{rel}","templated":true}]}}