{"id":1332,"date":"2013-10-14T06:03:29","date_gmt":"2013-10-14T06:03:29","guid":{"rendered":"http:\/\/www.comprensivo1portotorres.edu.it\/primaria-borgona\/docenti-e-classi\/"},"modified":"2014-10-27T19:00:29","modified_gmt":"2014-10-27T19:00:29","slug":"orario-ricevimento","status":"publish","type":"page","link":"https:\/\/www.comprensivo1portotorres.edu.it\/secondaria-brunelleschi\/orario-ricevimento\/","title":{"rendered":"Orario ricevimento"},"content":{"rendered":"<h3 style=\"text-align: center;\">Orario di ricevimento docenti Scuola Secondaria A\/S\u00a02014\/2015<\/h3>\n<p style=\"text-align: center;\">Tutti i professori ricevono su appuntamento da richiedere sul\u00a0diario del proprio figlio<\/p>\n<p>&nbsp;<\/p>\n<table border=\"1\" cellspacing=\"0\" cellpadding=\"0\">\n<tbody>\n<tr>\n<th><\/th>\n<th>DOCENTE<\/th>\n<th>MATERIA INSEGNATA<\/th>\n<th>RICEVIMENTO<\/th>\n<th align=\"center\">ORA<\/th>\n<\/tr>\n<tr>\n<td>1<\/td>\n<td>ALESSANDRO GIUSEPPINA<\/td>\n<td>Italiano, storia,ed.civica,geogr.<\/td>\n<td>Sabato<\/td>\n<td align=\"center\">8.30<\/td>\n<\/tr>\n<tr>\n<td>2<\/td>\n<td>ATZORI ANTONELLA<\/td>\n<td>Ed. Artistica<\/td>\n<td>Marted\u00ec<\/td>\n<td align=\"center\">10.30<\/td>\n<\/tr>\n<tr>\n<td>3<\/td>\n<td>BARDINO MADDALENA<\/td>\n<td>Lingua Straniera<\/td>\n<td>Luned\u00ec<\/td>\n<td align=\"center\">9.30<\/td>\n<\/tr>\n<tr>\n<td>4<\/td>\n<td>BATTINO RITA<\/td>\n<td>Ed. Musicale<\/td>\n<td>Mercoled\u00ec<\/td>\n<td align=\"center\">9.30<\/td>\n<\/tr>\n<tr>\n<td>5<\/td>\n<td>BAZZONI LUCIANA<\/td>\n<td>Lingua straniera<\/td>\n<td>Mercoled\u00ec<\/td>\n<td align=\"center\">11.30<\/td>\n<\/tr>\n<tr>\n<td>6<\/td>\n<td>BIDDAU GIOVANNA M.<\/td>\n<td>Ed. musicale<\/td>\n<td>Sabato<\/td>\n<td align=\"center\">9.30<\/td>\n<\/tr>\n<tr>\n<td>7<\/td>\n<td>BLASINA SARA<\/td>\n<td>Lingua straniera<\/td>\n<td>Gioved\u00ec<\/td>\n<td align=\"center\">12.00<\/td>\n<\/tr>\n<tr>\n<td>8<\/td>\n<td>CALISAI M. ANTONIETTA<\/td>\n<td>Scienze, Matematica<\/td>\n<td>Marted\u00ec<\/td>\n<td align=\"center\">10.30<\/td>\n<\/tr>\n<tr>\n<td>9<\/td>\n<td>CAMPUS DANIELA<\/td>\n<td>Sostegno<\/td>\n<td>Mercoled\u00ec<\/td>\n<td align=\"center\">11.30<\/td>\n<\/tr>\n<tr>\n<td>10<\/td>\n<td>CAREDDU M. ELENA<\/td>\n<td>Italiano,Storia, Ed civica, Geogr.<\/td>\n<td>Mercoled\u00ec<\/td>\n<td align=\"center\">11.30<\/td>\n<\/tr>\n<tr>\n<td>11<\/td>\n<td>CARIA ANTONELLA<\/td>\n<td>Lingua Straniera<\/td>\n<td>Luned\u00ec<\/td>\n<td align=\"center\">9.30<\/td>\n<\/tr>\n<tr>\n<td>12<\/td>\n<td>CARTA GIOVANNI PIETRO<\/td>\n<td>Ed. religiosa<\/td>\n<td>Gioved\u00ec<\/td>\n<td align=\"center\">10.30<\/td>\n<\/tr>\n<tr>\n<td>13<\/td>\n<td>CARTA M. ANTONIETTA<\/td>\n<td>Italiano,Storia, Ed civica, Geogr.<\/td>\n<td>Venerd\u00ec<\/td>\n<td align=\"center\">11.30<\/td>\n<\/tr>\n<tr>\n<td>14<\/td>\n<td>CAULI SIMONA<\/td>\n<td>Ed. Artistica<\/td>\n<td>Gioved\u00ec<\/td>\n<td align=\"center\">10.30<\/td>\n<\/tr>\n<tr>\n<td>15<\/td>\n<td>CHICCONI ISANELLA<\/td>\n<td>Scienze, Matematica<\/td>\n<td>Luned\u00ec<\/td>\n<td align=\"center\">10.30<\/td>\n<\/tr>\n<tr>\n<td>16<\/td>\n<td>CONGIATU M. ALESS.<\/td>\n<td>Sostegno<\/td>\n<td>Luned\u00ec<\/td>\n<td align=\"center\">10.30<\/td>\n<\/tr>\n<tr>\n<td>17<\/td>\n<td>CORONAS PAOLA<\/td>\n<td>Lingua straniera<\/td>\n<td>Gioved\u00ec<\/td>\n<td align=\"center\">9.30<\/td>\n<\/tr>\n<tr>\n<td>18<\/td>\n<td>COSSEDDU GIUSEPPE<\/td>\n<td>Scienze, Matematica<\/td>\n<td>Sabato<\/td>\n<td align=\"center\">12.30<\/td>\n<\/tr>\n<tr>\n<td>19<\/td>\n<td>DELOGU ROSARIA<\/td>\n<td>Sostegno<\/td>\n<td>Marted\u00ec<\/td>\n<td align=\"center\">9.30<\/td>\n<\/tr>\n<tr>\n<td>20<\/td>\n<td>DETTORI GIUSEPPINA<\/td>\n<td>Lingua e civilt\u00e0 straniera<\/td>\n<td><\/td>\n<td align=\"center\"><\/td>\n<\/tr>\n<tr>\n<td>21<\/td>\n<td>DORO DANIELA<\/td>\n<td>Sostegno<\/td>\n<td>Luned\u00ec<\/td>\n<td align=\"center\">10.30<\/td>\n<\/tr>\n<tr>\n<td>22<\/td>\n<td>FALCHI GIUSEPPINA<\/td>\n<td>Ed.Tecnica<\/td>\n<td>Sabato<\/td>\n<td align=\"center\">9.30<\/td>\n<\/tr>\n<tr>\n<td>23<\/td>\n<td>FARINA CARLA<\/td>\n<td>Lingua straniera<\/td>\n<td>Sabato<\/td>\n<td align=\"center\">8.30<\/td>\n<\/tr>\n<tr>\n<td>24<\/td>\n<td>FORMA BRUNA<\/td>\n<td>Italiano,Storia, Ed civica, Geogr<\/td>\n<td>Marted\u00ec<\/td>\n<td align=\"center\">9.30<\/td>\n<\/tr>\n<tr>\n<td>25<\/td>\n<td>GASBARRA IORIS<\/td>\n<td>Ed. Fisica<\/td>\n<td>Gioved\u00ec<\/td>\n<td align=\"center\">12.30<\/td>\n<\/tr>\n<tr>\n<td>26<\/td>\n<td>MARCEDDU PAOLA<\/td>\n<td><\/td>\n<td>Luned\u00ec<\/td>\n<td align=\"center\">8.30<\/td>\n<\/tr>\n<tr>\n<td>27<\/td>\n<td>MELA GIUSEPPINA<\/td>\n<td>Italiano,Storia, Ed civica, Geogr<\/td>\n<td>Luned\u00ec<\/td>\n<td align=\"center\">10.30<\/td>\n<\/tr>\n<tr>\n<td>28<\/td>\n<td>MERELLA PAOLO<\/td>\n<td>Ed. Artistica<\/td>\n<td>Luned\u00ec<\/td>\n<td align=\"center\">10.30<\/td>\n<\/tr>\n<tr>\n<td>29<\/td>\n<td>MUREDDU MARIA<\/td>\n<td>Italiano,Storia, Ed civica, Geogr<\/td>\n<td>Gioved\u00ec<\/td>\n<td align=\"center\">9.30<\/td>\n<\/tr>\n<tr>\n<td>30<\/td>\n<td>MURGIA CATERINA<\/td>\n<td>Sostegno<\/td>\n<td>Venerd\u00ec<\/td>\n<td align=\"center\">11.30<\/td>\n<\/tr>\n<tr>\n<td>31<\/td>\n<td>OGGIANO MONICA<\/td>\n<td><\/td>\n<td>Gioved\u00ec<\/td>\n<td align=\"center\">11.30<\/td>\n<\/tr>\n<tr>\n<td>32<\/td>\n<td>OLIVIERI NICOLO\u2019<\/td>\n<td>Italiano,Storia, Ed civica, Geogr<\/td>\n<td>Venerd\u00ec<\/td>\n<td align=\"center\">11.10<\/td>\n<\/tr>\n<tr>\n<td>33<\/td>\n<td>PASSERO\u2019 BONARIA<\/td>\n<td>Italiano,Storia, Ed civica, Geogr<\/td>\n<td>Gioved\u00ec<\/td>\n<td align=\"center\">10.30<\/td>\n<\/tr>\n<tr>\n<td>34<\/td>\n<td>PERU MARTINA<\/td>\n<td>Scienze, Matematica<\/td>\n<td>Venerd\u00ec<\/td>\n<td align=\"center\">9.30<\/td>\n<\/tr>\n<tr>\n<td>35<\/td>\n<td>PIGA DANIELA<\/td>\n<td>Scienze, Matematica<\/td>\n<td>Mercoled\u00ec<\/td>\n<td align=\"center\">10.30<\/td>\n<\/tr>\n<tr>\n<td>36<\/td>\n<td>PILICCHI PAOLA<\/td>\n<td>Ed. Fisica<\/td>\n<td>Luned\u00ec<\/td>\n<td align=\"center\">9.30<\/td>\n<\/tr>\n<tr>\n<td>37<\/td>\n<td>PILO PIETRUCCIA<\/td>\n<td>Lingua straniera<\/td>\n<td>Mercoled\u00ec<\/td>\n<td align=\"center\">11.30<\/td>\n<\/tr>\n<tr>\n<td>38<\/td>\n<td>PINNA ALESSANDRO<\/td>\n<td>Italiano,Storia, Ed civica, Geogr<\/td>\n<td>Luned\u00ec<\/td>\n<td align=\"center\">11.30<\/td>\n<\/tr>\n<tr>\n<td>39<\/td>\n<td>PIRAS GIUSEPPE<\/td>\n<td>Sostegno<\/td>\n<td>Luned\u00ec<\/td>\n<td align=\"center\">12.30<\/td>\n<\/tr>\n<tr>\n<td>40<\/td>\n<td>PODDA DANIELA<\/td>\n<td>Ed. religiosa<\/td>\n<td><\/td>\n<td align=\"center\"><\/td>\n<\/tr>\n<tr>\n<td>41<\/td>\n<td>PRIARONE ANNALISA<\/td>\n<td>Sostegno<\/td>\n<td>Marted\u00ec<\/td>\n<td align=\"center\">12.30<\/td>\n<\/tr>\n<tr>\n<td>42<\/td>\n<td>SANGAINO TOMMASO<\/td>\n<td>Ed. Tecnica<\/td>\n<td>Venerd\u00ec<\/td>\n<td align=\"center\">10.30<\/td>\n<\/tr>\n<tr>\n<td>43<\/td>\n<td>SANNA GIOVANNA<\/td>\n<td>Italiano,Storia, Ed civica, Geogr<\/td>\n<td>Sabato<\/td>\n<td align=\"center\">10.30<\/td>\n<\/tr>\n<tr>\n<td>44<\/td>\n<td>SANNA ROSSELLA<\/td>\n<td>Italiano,Storia, Ed civica, Geogr<\/td>\n<td>Venerd\u00ec<\/td>\n<td align=\"center\">10.30<\/td>\n<\/tr>\n<tr>\n<td>45<\/td>\n<td>SCAVIA PIETRO<\/td>\n<td>Ed. Musicale<\/td>\n<td><\/td>\n<td align=\"center\"><\/td>\n<\/tr>\n<tr>\n<td>46<\/td>\n<td>SINI DONATELLA<\/td>\n<td>Italiano,Storia, Ed civica, Geogr<\/td>\n<td>Gioved\u00ec<\/td>\n<td align=\"center\">12.30<\/td>\n<\/tr>\n<tr>\n<td>47<\/td>\n<td>SOLINAS GIUSEPPINA<\/td>\n<td>Ed. Tecnica<\/td>\n<td>Venerd\u00ec<\/td>\n<td align=\"center\">11.30<\/td>\n<\/tr>\n<tr>\n<td>48<\/td>\n<td>SUSSARELLU IRENE<\/td>\n<td>Sostegno<\/td>\n<td>Luned\u00ec<\/td>\n<td align=\"center\">9.30<\/td>\n<\/tr>\n<tr>\n<td>49<\/td>\n<td>UNALI CATERINA<\/td>\n<td>Ed. religiosa<\/td>\n<td><\/td>\n<td align=\"center\"><\/td>\n<\/tr>\n<tr>\n<td>50<\/td>\n<td>VALLE MARIA<\/td>\n<td>Italiano,Storia, Ed civica, Geogr<\/td>\n<td>Mercoled\u00ec<\/td>\n<td align=\"center\">9.30<\/td>\n<\/tr>\n<\/tbody>\n<\/table>\n<p style=\"text-align: right;\"><em>aggiornato in data 27 Ottobre 2014<\/em><\/p>\n","protected":false},"excerpt":{"rendered":"<p>Orario di ricevimento docenti Scuola Secondaria A\/S\u00a02014\/2015 Tutti i professori ricevono su appuntamento da richiedere sul\u00a0diario del proprio figlio &nbsp; DOCENTE MATERIA INSEGNATA RICEVIMENTO ORA 1 ALESSANDRO GIUSEPPINA Italiano, storia,ed.civica,geogr. Sabato 8.30 2 ATZORI ANTONELLA Ed. Artistica Marted\u00ec 10.30 3 BARDINO MADDALENA Lingua Straniera Luned\u00ec 9.30 4 BATTINO RITA Ed. Musicale Mercoled\u00ec 9.30 5 BAZZONI&nbsp; &nbsp; <a class=\"moretag\" href=\"https:\/\/www.comprensivo1portotorres.edu.it\/secondaria-brunelleschi\/orario-ricevimento\/\" title=\"Leggi l&#180;intero articolo\">&raquo;<\/a><\/p>\n","protected":false},"author":1,"featured_media":0,"parent":1279,"menu_order":0,"comment_status":"closed","ping_status":"closed","template":"","meta":{"ngg_post_thumbnail":0},"_links":{"self":[{"href":"https:\/\/www.comprensivo1portotorres.edu.it\/wp-json\/wp\/v2\/pages\/1332"}],"collection":[{"href":"https:\/\/www.comprensivo1portotorres.edu.it\/wp-json\/wp\/v2\/pages"}],"about":[{"href":"https:\/\/www.comprensivo1portotorres.edu.it\/wp-json\/wp\/v2\/types\/page"}],"author":[{"embeddable":true,"href":"https:\/\/www.comprensivo1portotorres.edu.it\/wp-json\/wp\/v2\/users\/1"}],"replies":[{"embeddable":true,"href":"https:\/\/www.comprensivo1portotorres.edu.it\/wp-json\/wp\/v2\/comments?post=1332"}],"version-history":[{"count":18,"href":"https:\/\/www.comprensivo1portotorres.edu.it\/wp-json\/wp\/v2\/pages\/1332\/revisions"}],"predecessor-version":[{"id":5675,"href":"https:\/\/www.comprensivo1portotorres.edu.it\/wp-json\/wp\/v2\/pages\/1332\/revisions\/5675"}],"up":[{"embeddable":true,"href":"https:\/\/www.comprensivo1portotorres.edu.it\/wp-json\/wp\/v2\/pages\/1279"}],"wp:attachment":[{"href":"https:\/\/www.comprensivo1portotorres.edu.it\/wp-json\/wp\/v2\/media?parent=1332"}],"curies":[{"name":"wp","href":"https:\/\/api.w.org\/{rel}","templated":true}]}}