{"id":14973,"date":"2018-02-23T09:30:38","date_gmt":"2018-02-23T09:30:38","guid":{"rendered":"http:\/\/www.comprensivo1portotorres.edu.it\/?page_id=14973"},"modified":"2018-02-23T09:50:05","modified_gmt":"2018-02-23T09:50:05","slug":"cyberbullismo","status":"publish","type":"page","link":"https:\/\/www.comprensivo1portotorres.edu.it\/cyberbullismo\/","title":{"rendered":"Cyberbullismo"},"content":{"rendered":"<h1 style=\"text-align: center;\"><span style=\"color: #000080;\">Generazioni Connesse<\/span><\/h1>\n<p style=\"text-align: justify;\">Le \u201clinee guida\u201d&nbsp; pubblicate nel nostro sito rappresentano la volont\u00e0 significativa delle Istituzioni di intervenire su un fenomeno in espansione, quale quello del cyberbullismo, che necessita di essere affrontato &nbsp;progettando interventi di tipo preventivo.<br \/>\nLa collaborazione con il Prof. Peter K. Smith dell\u2019Universit\u00e0 di Londra, coordinatore europeo dei&nbsp;gruppi di ricerca-intervento sul fenomeno del bullismo e del cyberbullismo, nonch\u00e9 supervisore del Progetto \u201cP2P \u2013 Peer to Peer: prevenire e contrastare le prepotenze digitali\u201d, ha reso possibile la realizzazione del manuale, che fornisce indicazioni utili, semplici e funzionali ad un sano approccio con le nuove risorse tecnologiche per tutti i fruitori della rete.<\/p>\n<p style=\"text-align: justify;\">Il progetto, sperimentale nel territorio regionale, si avvale della pubblicazione della guida e di un&nbsp;servizio di consulenza on line, specificamente rivolto a ragazzi, genitori e docenti che subiscono o sono spettatori di forme di prevaricazione compiute attraverso la rete.<br \/>\nA questo si aggiungono incontri di sensibilizzazione e informazione programmati nelle scuole cittadine.<\/p>\n<p style=\"text-align: justify;\">L\u2019auspicio \u00e8 quello di sostenere un \u201cfare insieme\u201d con le scuole per le famiglie, volto alla costruzione di un sistema dell\u2019istruzione rispondente ai sempre pi\u00f9 complessi bisogni della societ\u00e0, al supporto di una genitorialit\u00e0 consapevole, di una crescita dei ragazzi all&#8217;interno di una convivenza civile e nel rispetto della legalit\u00e0&nbsp;come valore, da diffondere nel tessuto sociale e culturale della nostra comunit\u00e0.<\/p>\n<p>&nbsp;<\/p>\n<p><a href=\"http:\/\/www.comprensivo1portotorres.edu.it\/wp-content\/uploads\/2018\/02\/REGOLAMENTO_CYBERBULLISMO_ULTIMO.pdf\">Regolamento cyberbullismo<\/a><\/p>\n<p><a href=\"http:\/\/www.comprensivo1portotorres.edu.it\/wp-content\/uploads\/2018\/02\/Regolamento_Sistemi_Informatici.pdf\">Regolamento_Sistemi_Informatici<\/a><\/p>\n<p><a href=\"http:\/\/www.comprensivo1portotorres.edu.it\/wp-content\/uploads\/2018\/02\/librettogenitorii.pdf\">Libretto genitori<\/a><\/p>\n<p><a href=\"http:\/\/www.comprensivo1portotorres.edu.it\/wp-content\/uploads\/2018\/02\/librettostudenti.pdf\">Libretto studenti<\/a><\/p>\n<p><a href=\"http:\/\/www.comprensivo1portotorres.edu.it\/wp-content\/uploads\/2018\/02\/Linee-di-orientamento-per-azioni-di-prevenzione-e-contrasto-al-bullismo-e-al-cyberbullismo.pdf\">Linee di orientamento per azioni di prevenzione e contrasto al bullismo e al cyberbullismo<\/a><\/p>\n<p><a href=\"http:\/\/www.comprensivo1portotorres.edu.it\/wp-content\/uploads\/2018\/02\/all.-3-MIUR.AOODGSIP.REGISTRO-UFFICIALEU.0005515.27-10-2017.pdf\">Piano nazionale per l&#8217;educazione al rispetto e prevenzione cyberbullismo<\/a><\/p>\n<p><a href=\"http:\/\/www.comprensivo1portotorres.edu.it\/wp-content\/uploads\/2018\/02\/all.-4-Linee-Guida-Bullismo-2017-signed.pdf\">Linee Guida Bullismo 2017<\/a><\/p>\n<p><a href=\"http:\/\/www.comprensivo1portotorres.edu.it\/wp-content\/uploads\/2018\/02\/all.-1-Piano-Nazionale-ER-4.pdf\">Piano nazionale educazione al rispetto<\/a><\/p>\n<p><a href=\"http:\/\/www.comprensivo1portotorres.edu.it\/wp-content\/uploads\/2018\/02\/all.-2-Linee_guida_Comma16_finale_26-10-signed.pdf\">Linee guida nazionali educazione al rispetto<\/a><\/p>\n","protected":false},"excerpt":{"rendered":"<p>Generazioni Connesse Le \u201clinee guida\u201d&nbsp; pubblicate nel nostro sito rappresentano la volont\u00e0 significativa delle Istituzioni di intervenire su un fenomeno in espansione, quale quello del cyberbullismo, che necessita di essere affrontato &nbsp;progettando interventi di tipo preventivo. La collaborazione con il Prof. Peter K. Smith dell\u2019Universit\u00e0 di Londra, coordinatore europeo dei&nbsp;gruppi di ricerca-intervento sul fenomeno del&nbsp; &nbsp; <a class=\"moretag\" href=\"https:\/\/www.comprensivo1portotorres.edu.it\/cyberbullismo\/\" title=\"Leggi l&#180;intero articolo\">&raquo;<\/a><\/p>\n","protected":false},"author":15,"featured_media":0,"parent":0,"menu_order":0,"comment_status":"closed","ping_status":"closed","template":"","meta":{"ngg_post_thumbnail":0},"_links":{"self":[{"href":"https:\/\/www.comprensivo1portotorres.edu.it\/wp-json\/wp\/v2\/pages\/14973"}],"collection":[{"href":"https:\/\/www.comprensivo1portotorres.edu.it\/wp-json\/wp\/v2\/pages"}],"about":[{"href":"https:\/\/www.comprensivo1portotorres.edu.it\/wp-json\/wp\/v2\/types\/page"}],"author":[{"embeddable":true,"href":"https:\/\/www.comprensivo1portotorres.edu.it\/wp-json\/wp\/v2\/users\/15"}],"replies":[{"embeddable":true,"href":"https:\/\/www.comprensivo1portotorres.edu.it\/wp-json\/wp\/v2\/comments?post=14973"}],"version-history":[{"count":10,"href":"https:\/\/www.comprensivo1portotorres.edu.it\/wp-json\/wp\/v2\/pages\/14973\/revisions"}],"predecessor-version":[{"id":14989,"href":"https:\/\/www.comprensivo1portotorres.edu.it\/wp-json\/wp\/v2\/pages\/14973\/revisions\/14989"}],"wp:attachment":[{"href":"https:\/\/www.comprensivo1portotorres.edu.it\/wp-json\/wp\/v2\/media?parent=14973"}],"curies":[{"name":"wp","href":"https:\/\/api.w.org\/{rel}","templated":true}]}}