{"id":15474,"date":"2018-03-29T14:28:24","date_gmt":"2018-03-29T14:28:24","guid":{"rendered":"http:\/\/www.comprensivo1portotorres.edu.it\/?page_id=15474"},"modified":"2019-01-25T19:07:06","modified_gmt":"2019-01-25T19:07:06","slug":"piano-di-miglioramento","status":"publish","type":"page","link":"https:\/\/www.comprensivo1portotorres.edu.it\/piano-di-miglioramento\/","title":{"rendered":"Piano di Miglioramento"},"content":{"rendered":"<p><strong>Direzione Didattica 5\u00b0 Circolo \u201cSandro Pertini\u201d Sassari<\/strong><br \/>\n<strong>Secondo Circolo Didattico \u201cSan Giuseppe\u201d Sassari<\/strong><br \/>\n<strong>Circolo Didattico 12+13 Sassari<\/strong><br \/>\n<strong>Istituto Comprensivo Sorso<\/strong><br \/>\n<strong>Istituto Comprensivo Osilo<\/strong><br \/>\n<strong>Istituto Comprensivo N.1 Porto Torres<\/strong><\/p>\n<p style=\"text-align: center;\"><strong>PROGETTO PER IL<\/strong><br \/>\n<strong>PIANO DI MIGLIORAMENTO<\/strong><br \/>\n(Avviso del Direttore Generale dell\u2019U.S.R. Sardegna prot. n. 17592 del 20\/10\/2016)<br \/>\n<strong>MIGLIORA-Mente<\/strong><\/p>\n<p style=\"text-align: center;\">ANNO SCOLASTICO 2016\/2017<\/p>\n<p style=\"text-align: left;\"><strong>Premessa<\/strong><\/p>\n<p style=\"text-align: justify;\">Le istituzioni scolastiche in rete (Direzione Didattica 5\u00b0 Circolo \u201cSandro Pertini\u201d Sassari; Secondo&nbsp;Circolo Didattico \u201cSan Giuseppe\u201d Sassari; Circolo Didattico 12+13 Sassari; Istituto Comprensivo&nbsp;Sorso; Istituto Comprensivo Osilo; Istituto Comprensivo N.1 Porto Torres) intendono candidarsi&nbsp;con questo progetto al bando per il finanziamento \u201cProgetti per il Piano di Miglioramento\u201d di cui&nbsp;all&#8217;Avviso del Direttore Generale dell\u2019U.S.R. Sardegna prot. n. 17592 del 20\/10\/2016.<br \/>\nAi sensi dell\u2019art. 25 comma 3 del Decreto Ministeriale n\u00b0 435 del 16 giugno 2015, il MIUR ha&nbsp;individuato le risorse necessarie per consentire alle scuole di avviare azioni innovative per la&nbsp;definizione e attuazione degli interventi di miglioramento, attraverso la collaborazione con&nbsp;Universit\u00e0, enti di ricerca, associazioni professionali e culturali, in modo da individuare,&nbsp;pianificare e\/o rendere realizzabili ed esportabili modelli e strategie operative di Piani di&nbsp;Miglioramento elaborati in esito al processo di Autovalutazione.<br \/>\nIl Piano di Miglioramento (previsto dal D.P.R. 18 marzo 2013 n. 80) e i progetti in esso contenuti&nbsp;andranno ad integrare, (art. 1, comma 14 della legge 107\/2015), il Piano Triennale dell&#8217;Offerta&nbsp;Formativa.<br \/>\nLa conclusione della fase di autovalutazione delle scuole (RAV) e la pubblicazione da parte delle&nbsp;Istituzioni Scolastiche dei Rapporti, apre dunque nelle scuole la fase di riflessione e di&nbsp;progettazione del Piano Triennale dell&#8217;Offerta Formativa coerentemente con le priorit\u00e0, i traguardi e&nbsp;gli obiettivi di processo individuati. La pianificazione delle azioni, il monitoraggio in itinere, la&nbsp;valutazione ex ante e post, nelle loro ulteriori e complesse articolazioni, dovranno essere ancorate&nbsp;necessariamente ad un quadro di competenze solide e durature, individuate tra il personale che&nbsp;compone gli staff che collaborano col dirigente nelle principali funzioni di governo della scuola.<\/p>\n<p style=\"text-align: justify;\"><strong>I contesti socio-economici-culturali delle scuole in rete<\/strong><br \/>\nLe scuole coinvolte nel progetto (tre Circoli Didattici di Sassari e gli Istituti Comprensivi n.1 di&nbsp;Porto Torres, di Osilo e di Sorso) ricadono nel territorio della cosiddetta area vasta metropolitana&nbsp;del Nord Ovest. \u00c8 un&#8217;area della Regione, quella del Nord Ovest, che \u00e8 stata complessivamente&nbsp;investita dalla crisi, ma nella quale si possono comunque delineare contesti socio-economici e&nbsp;culturali differenti. Nel territorio di Porto Torres e di Sorso vi sono evidenti fenomeni di&nbsp;emarginazione e disgregazione comuni alle aree di crisi economica e sociale. Essi sono dovuti&nbsp;prevalentemente al fallimento delle iniziative di industrializzazione, legate al settore chimico, verso&nbsp;cui erano concentrate tutte le attese del territorio. Il collasso dell\u2019industria chimica ha portato a&nbsp;conseguenze drammatiche, determinando un tasso di disoccupazione elevatissimo. La condizione&nbsp;di disagio economico e culturale si riflette nei comportamenti dei ragazzi, rendendoli spesso insicuri&nbsp;e scarsamente motivati all&#8217;apprendimento. Tali situazioni sfociano nel disagio o nell&#8217;abbandono&nbsp;scolastico. Nella scuola di Osilo, seppur nella presenza di difficolt\u00e0 economiche delle famiglie, si&nbsp;apprezza un atteggiamento di apertura e dialogo nei confronti della scuola e le famiglie rispondono&nbsp;alla richiesta di collaborazione della scuola. \u00c8 particolare la situazione del Circolo Didattico 12+13&nbsp;che \u00e8 costituito da sei plessi ubicati in tre quartieri di Sassari molto diversi tra loro: quartiere di&nbsp;Carbonazzi, Santa Maria Di Pisa e Sant\u2019Orsola Nord. Quest&#8217;ultimo \u00e8 situato alla periferia nord della&nbsp;citt\u00e0 e raccoglie un bacino d\u2019utenza variegato dal punto di vista socio-economico e caratterizzato da&nbsp;alunni provenienti dall\u2019agro cittadino. Il quartiere di Carbonazzi presenta una composizione sociale&nbsp;eterogenea conseguente alla costruzione di case popolari, cooperative e abitazioni residenziali. I&nbsp;plessi del quartiere di Santa Maria di Pisa accolgono un\u2019alta percentuale di bambini provenienti da&nbsp;case popolari, cooperative, strutture abbandonate e abusivamente occupate e alunni che vivono nel&nbsp;campo rom di Piandanna. Si evidenziano tassi elevati di disoccupazione ed evidenti situazioni di&nbsp;disagio socio-famigliare soprattutto nella zona di Santa Maria di Pisa. Ricadono invece in un&#8217;area&nbsp;centrale della citt\u00e0 di Sassari il Quinto e il Secondo Circolo Didattico; il Background familiare&nbsp;mediano delle due scuole \u00e8 medio-alto e alto. La popolazione scolastica proviene dai vari quartieri&nbsp;centrali della citt\u00e0, dalla periferia e dall&#8217;agro, in conseguenza dell\u2019attivit\u00e0 lavorative svolte dai&nbsp;genitori presso i numerosi enti pubblici, uffici privati o servizi commerciali ricadenti nella zona. Le&nbsp;famiglie partecipano in modo attivo, vigile e consapevole alla vita scolastica; prestano attenzione a&nbsp;tutte le iniziative promosse dalla scuola e nutrono generalmente aspettative molto alte rispetto al&nbsp;ruolo fondamentale della scuola nella crescita umana e culturale dei propri figli.<\/p>\n<p style=\"text-align: justify;\"><strong>Idee guida del Piano di Miglioramento<\/strong><\/p>\n<p style=\"text-align: justify;\">Gli incontri preliminari alla stesura del Progetto, ai quali hanno partecipato i Dirigenti Scolastici&nbsp;delle scuole in rete e i loro principali collaboratori, hanno evidenziato le notevoli differenze del&nbsp;background socio-economico e culturale degli alunni che frequentano gli Istituti partner. Questo&nbsp;dato \u00e8 da considerarsi come una opportunit\u00e0 di confronto stimolante e una occasione per mettere&nbsp;alla prova le azioni di miglioramento progettate in contesti molto differenti tra loro e per testare&nbsp;dunque sul campo la qualit\u00e0, la fruibilit\u00e0, la trasferibilit\u00e0 delle metodologie, delle attivit\u00e0 e dei&nbsp;materiali.<br \/>\nLe scuole hanno cos\u00ec concordato sull&#8217;individuazione dei principali bisogni che determinano la&nbsp;candidatura al finanziamento del Progetto:<br \/>\n1. Formare in ogni scuola competenze specifiche nel campo del Project management, della&nbsp;valutazione di sistema, del monitoraggio e della valutazione dei processi.<br \/>\n2. Individuare e consolidare procedure chiare, trasferibili, riproducibili e certificabili riguardo&nbsp;alla gestione dei molteplici processi attivati all&#8217;interno delle scuole.<br \/>\n3. Confrontare le azioni poste in essere dalle singole scuole, anche in contesti socioculturali ed&nbsp;economici differenti, individuando obiettivi e indicatori, monitorandole in itinere,&nbsp;valutandone efficienza ed efficacia rispetto ai traguardi prefissati.<br \/>\n4. Condividere modelli di pianificazione del miglioramento e strategie di intervento che&nbsp;possano costituire una buona pratica anche in contesti differenti (qualit\u00e0, fruibilit\u00e0,&nbsp;trasferibilit\u00e0 delle metodologie, delle attivit\u00e0 e dei materiali).<br \/>\n5. Coinvolgere nella costruzione delle buone pratiche tutte le componenti professionali della&nbsp;scuola, dagli amministrativi ai collaboratori scolastici, dai docenti alle \u201cfigure di sistema\u201d,&nbsp;perch\u00e9 l&#8217;autovalutazione e le conseguenti azioni di miglioramento non vengano vissute nelle&nbsp;scuole come una imposizione calata dall&#8217;alto.<br \/>\n6. Coinvolgimento del territorio e delle sue risorse nell&#8217;elaborazione dei Piani, nell&#8217;ottica&nbsp;dell&#8217;offerta formativa di \u201carea vasta\u201d, incentivando le sinergie tra una rete di scuole del&nbsp;\u201cNord Ovest\u201d.<\/p>\n<p><a href=\"https:\/\/www.comprensivo1portotorres.edu.it\/wp-content\/uploads\/2019\/01\/Progetto-Migliora-mente-2016-17.pdf\">Documento Integrale<\/a><\/p>\n","protected":false},"excerpt":{"rendered":"<p>Direzione Didattica 5\u00b0 Circolo \u201cSandro Pertini\u201d Sassari Secondo Circolo Didattico \u201cSan Giuseppe\u201d Sassari Circolo Didattico 12+13 Sassari Istituto Comprensivo Sorso Istituto Comprensivo Osilo Istituto Comprensivo N.1 Porto Torres PROGETTO PER IL PIANO DI MIGLIORAMENTO (Avviso del Direttore Generale dell\u2019U.S.R. Sardegna prot. n. 17592 del 20\/10\/2016) MIGLIORA-Mente ANNO SCOLASTICO 2016\/2017 Premessa Le istituzioni scolastiche in rete&nbsp; &nbsp; <a class=\"moretag\" href=\"https:\/\/www.comprensivo1portotorres.edu.it\/piano-di-miglioramento\/\" title=\"Leggi l&#180;intero articolo\">&raquo;<\/a><\/p>\n","protected":false},"author":15,"featured_media":0,"parent":0,"menu_order":0,"comment_status":"closed","ping_status":"closed","template":"","meta":{"ngg_post_thumbnail":0},"_links":{"self":[{"href":"https:\/\/www.comprensivo1portotorres.edu.it\/wp-json\/wp\/v2\/pages\/15474"}],"collection":[{"href":"https:\/\/www.comprensivo1portotorres.edu.it\/wp-json\/wp\/v2\/pages"}],"about":[{"href":"https:\/\/www.comprensivo1portotorres.edu.it\/wp-json\/wp\/v2\/types\/page"}],"author":[{"embeddable":true,"href":"https:\/\/www.comprensivo1portotorres.edu.it\/wp-json\/wp\/v2\/users\/15"}],"replies":[{"embeddable":true,"href":"https:\/\/www.comprensivo1portotorres.edu.it\/wp-json\/wp\/v2\/comments?post=15474"}],"version-history":[{"count":2,"href":"https:\/\/www.comprensivo1portotorres.edu.it\/wp-json\/wp\/v2\/pages\/15474\/revisions"}],"predecessor-version":[{"id":16822,"href":"https:\/\/www.comprensivo1portotorres.edu.it\/wp-json\/wp\/v2\/pages\/15474\/revisions\/16822"}],"wp:attachment":[{"href":"https:\/\/www.comprensivo1portotorres.edu.it\/wp-json\/wp\/v2\/media?parent=15474"}],"curies":[{"name":"wp","href":"https:\/\/api.w.org\/{rel}","templated":true}]}}