{"id":165,"date":"2014-03-17T08:00:41","date_gmt":"2014-03-17T08:00:41","guid":{"rendered":"http:\/\/www.comprensivo1portotorres.edu.it\/?page_id=165"},"modified":"2023-10-01T09:28:22","modified_gmt":"2023-10-01T09:28:22","slug":"piano-delle-attivita","status":"publish","type":"page","link":"https:\/\/www.comprensivo1portotorres.edu.it\/la-scuola\/piano-delle-attivita\/","title":{"rendered":"Piano annuale delle attivit\u00e0"},"content":{"rendered":"<p><a href=\"https:\/\/www.comprensivo1portotorres.edu.it\/wp-content\/uploads\/2023\/10\/Piano-Attivita-Ultimo-signed.pdf\">Piano annuale delle attivit\u00e0 a.s. 2023 &#8211; 2024<\/a><\/p>\n<p>&nbsp;<\/p>\n<p><a href=\"https:\/\/www.comprensivo1portotorres.edu.it\/wp-content\/uploads\/2022\/09\/Piano-annuale-delle-attivita-2022-23.pdf\">Piano annuale delle attivit\u00e0 2022 &#8211; 2023<\/a><\/p>\n<p><a href=\"https:\/\/www.comprensivo1portotorres.edu.it\/wp-content\/uploads\/2021\/09\/Piano-annuale-delle-attivita-2021-22.pdf\">Piano annuale delle attivit\u00e0 2021\/2022<\/a><\/p>\n<p><a href=\"https:\/\/www.comprensivo1portotorres.edu.it\/wp-content\/uploads\/2020\/10\/Piano_annuale_delle_attivita_-2020-21-signed-1.pdf\">Piano_annuale_delle_attivita_ 2020-21-signed<\/a><\/p>\n<p>&nbsp;<\/p>\n<div class=\"attachments\"><dl class=\"attachments attachments-medium\">\r\n<dt class=\"icon\">\r\n\t<a title=\"PIANO-ANNUALE-DELLE-ATTIVITA-2019-2020\" href=\"https:\/\/www.comprensivo1portotorres.edu.it\/la-scuola\/piano-delle-attivita\/?aid=17924&sa=0\" >\r\n\t\t<img src=\"https:\/\/www.comprensivo1portotorres.edu.it\/wp-content\/plugins\/eg-attachments\/img\/flags\/document.png\" width=\"32\" height=\"32\"  alt=\"PIANO-ANNUALE-DELLE-ATTIVITA-2019-2020\" \/>\r\n\t<\/a>\r\n<\/dt>\r\n<dd class=\"caption\">\r\n\t<strong>Filename<\/strong> : <a title=\"PIANO-ANNUALE-DELLE-ATTIVITA-2019-2020\" href=\"https:\/\/www.comprensivo1portotorres.edu.it\/la-scuola\/piano-delle-attivita\/?aid=17924&sa=0\" >piano-annuale-delle-attivita-2019-2020-2.pdf<\/a> (675 KB)\r\n\t<br>\r\n\t<strong>Etichetta<\/strong> : \r\n<\/dd>\r\n<\/dl><p><\/p><\/div>\n\n\n\n\n\n<div class=\"attachments\"><dl class=\"attachments attachments-medium\">\r\n<dt class=\"icon\">\r\n\t<a title=\"PIANO ANNUALE DELLE ATTIVITA&#039; 2018-2019.\" href=\"https:\/\/www.comprensivo1portotorres.edu.it\/la-scuola\/piano-delle-attivita\/?aid=16517&sa=0\" >\r\n\t\t<img src=\"https:\/\/www.comprensivo1portotorres.edu.it\/wp-content\/plugins\/eg-attachments\/img\/flags\/document.png\" width=\"32\" height=\"32\"  alt=\"PIANO ANNUALE DELLE ATTIVITA' 2018-2019.\" \/>\r\n\t<\/a>\r\n<\/dt>\r\n<dd class=\"caption\">\r\n\t<strong>Filename<\/strong> : <a title=\"PIANO ANNUALE DELLE ATTIVITA&#039; 2018-2019.\" href=\"https:\/\/www.comprensivo1portotorres.edu.it\/la-scuola\/piano-delle-attivita\/?aid=16517&sa=0\" >piano-annuale-delle-attivita-2018-2019.pdf<\/a> (824 KB)\r\n\t<br>\r\n\t<strong>Etichetta<\/strong> : \r\n<\/dd>\r\n<\/dl><p><\/p><\/div>\n","protected":false},"excerpt":{"rendered":"<p>Piano annuale delle attivit\u00e0 a.s. 2023 &#8211; 2024 &nbsp; Piano annuale delle attivit\u00e0 2022 &#8211; 2023 Piano annuale delle attivit\u00e0 2021\/2022 Piano_annuale_delle_attivita_ 2020-21-signed &nbsp;<\/p>\n","protected":false},"author":1,"featured_media":0,"parent":186,"menu_order":0,"comment_status":"open","ping_status":"closed","template":"","meta":{"ngg_post_thumbnail":0},"_links":{"self":[{"href":"https:\/\/www.comprensivo1portotorres.edu.it\/wp-json\/wp\/v2\/pages\/165"}],"collection":[{"href":"https:\/\/www.comprensivo1portotorres.edu.it\/wp-json\/wp\/v2\/pages"}],"about":[{"href":"https:\/\/www.comprensivo1portotorres.edu.it\/wp-json\/wp\/v2\/types\/page"}],"author":[{"embeddable":true,"href":"https:\/\/www.comprensivo1portotorres.edu.it\/wp-json\/wp\/v2\/users\/1"}],"replies":[{"embeddable":true,"href":"https:\/\/www.comprensivo1portotorres.edu.it\/wp-json\/wp\/v2\/comments?post=165"}],"version-history":[{"count":68,"href":"https:\/\/www.comprensivo1portotorres.edu.it\/wp-json\/wp\/v2\/pages\/165\/revisions"}],"predecessor-version":[{"id":24126,"href":"https:\/\/www.comprensivo1portotorres.edu.it\/wp-json\/wp\/v2\/pages\/165\/revisions\/24126"}],"up":[{"embeddable":true,"href":"https:\/\/www.comprensivo1portotorres.edu.it\/wp-json\/wp\/v2\/pages\/186"}],"wp:attachment":[{"href":"https:\/\/www.comprensivo1portotorres.edu.it\/wp-json\/wp\/v2\/media?parent=165"}],"curies":[{"name":"wp","href":"https:\/\/api.w.org\/{rel}","templated":true}]}}