{"id":16557,"date":"2018-12-06T18:39:31","date_gmt":"2018-12-06T18:39:31","guid":{"rendered":"https:\/\/www.comprensivo1portotorres.edu.it\/?page_id=16557"},"modified":"2021-11-25T10:58:29","modified_gmt":"2021-11-25T10:58:29","slug":"informativa-sul-trattamento-dei-dati-personali","status":"publish","type":"page","link":"https:\/\/www.comprensivo1portotorres.edu.it\/informativa-sul-trattamento-dei-dati-personali\/","title":{"rendered":"Informativa sul trattamento dei dati personali."},"content":{"rendered":"<p><img decoding=\"async\" loading=\"lazy\" class=\"size-full wp-image-2046 aligncenter\" src=\"https:\/\/www.comprensivo1portotorres.edu.it\/wp-content\/uploads\/2013\/10\/intesta.jpg\" alt=\"Intestazione\" width=\"397\" height=\"79\" srcset=\"https:\/\/www.comprensivo1portotorres.edu.it\/wp-content\/uploads\/2013\/10\/intesta.jpg 397w, https:\/\/www.comprensivo1portotorres.edu.it\/wp-content\/uploads\/2013\/10\/intesta-300x59.jpg 300w\" sizes=\"(max-width: 397px) 100vw, 397px\" \/><\/p>\n<p align=\"center\"><strong>ISTITUTO COMPRENSIVO\u00a0 n.1 &#8211; \u00a0PORTO TORRES<\/strong><br \/>\n<strong>SCUOLA DELL\u2019INFANZIA &#8211; SCUOLA PRIMARIA \u2013 SCUOLA SECONDARIA 1\u00b0 GRADO<\/strong><\/p>\n<p align=\"center\">Tel. 079\/501283 &#8211; Fax 079\/501001<br \/>\ne-mail:\u00a0<a href=\"mailto:ssic841007@istruzione.it\">ssic841007@istruzione.it<\/a>\u00a0\u00a0PEC:\u00a0<a href=\"mailto:ssic841007@pec.istruzione.it\">ssic841007@pec.istruzione.it<\/a><\/p>\n<p>&nbsp;<\/p>\n<p style=\"text-align: center;\"><strong>Informativa sul trattamento dei dati personali<\/strong><\/p>\n<p style=\"text-align: center;\"><strong>(Art. 13 del Regolamento UE 679\/2016)<\/strong><\/p>\n<p style=\"text-align: center;\"><strong>\u00a0<\/strong><\/p>\n<p style=\"text-align: justify;\">L\u2019Istituto Comprensivo n.. 1 Porto Torres rappresentato\u00a0 pro tempore dal Dirigente Scolastico Annarita Pintadu in qualit\u00e0 di Titolare del trattamento, ha redatto, in modo semplice e comprensibile, il presente documento, riguardante il trattamento dei tuoi dati personali, come e perch\u00e9 li raccogliamo ed in che modo li gestiamo.<\/p>\n<p style=\"text-align: justify;\">Ti ricordiamo che per trattamento di dati personali deve intendersi qualunque operazione o complesso di operazioni, effettuati con o senza l\u2019ausilio di strumenti elettronici, concernenti la raccolta, la registrazione, l\u2019organizzazione, la conservazione, la consultazione, l\u2019elaborazione, la modificazione, la selezione, l\u2019estrazione, il raffronto, l\u2019utilizzo, l\u2019interconnessione, il blocco, la comunicazione, la diffusione, la cancellazione e la distruzione dei dati, anche se non registrati in una banca dati.<\/p>\n<p style=\"text-align: justify;\">La presente informativa si applica quando visiti il nostro sito web ; quando usi i nostri servizi e utilizzi i nostri moduli; quando richiedi la nostra assistenza oppure sei un fornitore, partner, consulente o qualsiasi altro soggetto che abbia rapporti con L\u2019Istituto Comprensivo n. 1 Porto Torres<\/p>\n<p style=\"text-align: justify;\">Le informazioni ed i dati da te forniti saranno trattati nel rispetto delle vigenti norme e Regolamenti in materia (incluso, a titolo esemplificativo ma non limitativo, il Regolamento Generale sulla Protezione dei Dati &#8211; Regolamento UE 2016\/679 &#8211; General Data ProtectionRegulation o \u201cGDPR\u201d).<\/p>\n<p style=\"text-align: justify;\">Il trattamento dei dati effettuato dall&#8217;Istituto Comprensivo n. 1 Porto Torres \u00a0sar\u00e0 improntato ai principi di correttezza, liceit\u00e0, trasparenza, esattezza, integrit\u00e0, riservatezza, limitazione delle finalit\u00e0 e della conservazione e minimizzazione dei dati.<\/p>\n<p style=\"text-align: justify;\"><strong>\u00a0<\/strong><\/p>\n<p><strong>Titolare del trattamento dei dati<\/strong><\/p>\n<p style=\"text-align: justify;\">Titolare del trattamento dei dati \u00e8 L\u2019Istituto Comprensivo n. 1 Porto Torres con sede in Porto Torres via Principe di Piemonte n. 27\/29 , al quale ci si potr\u00e0 rivolgere per esercitare i diritti degli interessati, ssic841007@istruzione.it.<\/p>\n<p style=\"text-align: justify;\"><strong>\u00a0<\/strong><\/p>\n<p><strong>Responsabile della protezione dei dati<\/strong><\/p>\n<p style=\"text-align: justify;\">Il Responsabile per la protezione dei dati personali dell\u2019Istituto Comprensivo n. 1 Porto Torres \u00e8\u00a0 il Sig. Ing. Antonio Vargiu e-mail: <a href=\"mailto:antonio@vargiuscuola.it\">antonio@vargiuscuola.it<\/a><\/p>\n<p><strong>Finalit\u00e0 del trattamento e base giuridica<\/strong><\/p>\n<p style=\"text-align: justify;\">I dati di natura personale forniti, saranno trattati nel rispetto delle condizioni di liceit\u00e0 ex art. 6 Reg. UE 2016\/679, per le seguenti finalit\u00e0:<strong>Raccolta dati per finalit\u00e0 istituzionali<\/strong>, nonch\u00e9 per l\u2019adempimento di ogni altro obbligo derivante.<\/p>\n<p style=\"text-align: justify;\">L\u2019Istituto Comprensivo n.. 1 Porto Torres fonda il trattamento dei tuoi dati personali sulla seguente base giuridica del trattamento (ex art. 6 GDPR):\u00a0<strong>Obblighi di legge cui \u00e8 soggetto il titolare del trattamento<\/strong><\/p>\n<p style=\"text-align: justify;\">I dati personali raccolti saranno trattati, conservati ed archiviati dal L\u2019Istituto Comprensivo n.. 1 Porto Torres per adempimenti operativi e\/o di altra natura, connessi alla gestione dell\u2019attivit\u00e0 Obblighi di legge cui \u00e8 soggetto il titolare del trattamento. L\u2019origine del trattamento pu\u00f2 risiedere in una norma di legge, nell&#8217;adempimento di un contratto, nella soddisfazione di una richiesta dell\u2019interessato.<\/p>\n<p>&nbsp;<\/p>\n<p><strong>Tipo di dati personali che trattiamo, <\/strong><strong>periodo di conservazione dei dati personali<\/strong><\/p>\n<p style=\"text-align: justify;\">Il trattamento sar\u00e0 svolto in forma automatizzata e manuale, con modalit\u00e0 e strumenti volti a garantire la massima sicurezza e riservatezza, ad opera di soggetti di ci\u00f2 appositamente incaricati.<\/p>\n<p style=\"text-align: justify;\">Nel pieno rispetto dell\u2019art. 5 del GDPR 2016\/679, i Vostri dati personali saranno altres\u00ec adeguati, pertinenti e limitati a quanto necessario rispetto alle finalit\u00e0 per le quali sono raccolti e trattati\/conservati per il periodo di tempo strettamente necessario per il conseguimento delle finalit\u00e0 espresse.<\/p>\n<p style=\"text-align: justify;\">\n<ol>\n<li><strong>Dati degli utenti <\/strong><\/li>\n<\/ol>\n<p style=\"text-align: justify;\">Al fine di poter consentire l\u2019erogazione dei servizi previsti, ed ottemperare gli obblighi previsti dalle normative vigenti, l\u2019Istituto Comprensivo n. 1 Porto Torres raccoglier\u00e0 i seguenti dati relativi ai clienti: Nome &#8211; Cognome &#8211; Ragione sociale (in caso di soggetto diverso dal privato) &#8211; Codice fiscale &#8211; Partita Iva (in caso di soggetto diverso dal privato) &#8211; Indirizzo &#8211; Citt\u00e0 &#8211; Cap &#8211; Provincia &#8211; Recapiti Telefonici &#8211; Indirizzi Email e altri dati necessari all&#8217;espletamento del servizio. Tali dati verranno conservati per le finalit\u00e0 di erogazione dei servizi, per la durata di 10 anni a decorrere dalla cessazione del rapporto. Per scopi di natura fiscale e per gli altri obblighi previsti dalla legge, gli stessi dati verranno conservati per 10 anni, salvo che la legge non permetta un periodo di conservazione pi\u00f9 lungo, anche in ragione del maturare della prescrizione di eventuali diritti vantati da terzi.<\/p>\n<p style=\"text-align: justify;\">I dati personali sono trattati senza il consenso espresso (art. 24 lett. a), b), c) Codice Privacy e art. 6 lett. b), e) GDPR), per le seguenti Finalit\u00e0 di Servizio:<\/p>\n<ol style=\"list-style-type: lower-alpha;\">\n<li>Esecuzione di un compito di interesse pubblico o pubblici poteri del titolare derivante da normativa nazionale.<\/li>\n<li>il perseguimento di un legittimo interesse del Titolare, in particolare:<\/li>\n<\/ol>\n<ul>\n<li>esercitare i diritti del Titolare, ad esempio il diritto di difesa in giudizio;<\/li>\n<li>inviare comunicazioni relative all&#8217;espletamento della procedura in essere.<\/li>\n<\/ul>\n<p style=\"text-align: justify;\">In caso di modifica o ampliamento della finalit\u00e0 del trattamento, l\u2019informativa sar\u00e0 aggiornata e sar\u00e0 comunicata all&#8217;interessato.<\/p>\n<p style=\"text-align: justify;\">Un trattamento di dati che si protragga oltre la scadenza temporale connessa, deve quanto meno essere preceduto da una nuova informativa ed essere sottoposto, ove richiesto, al consenso dell\u2019interessato.<\/p>\n<p><strong>Obbligo di conferimento dei dati<\/strong><\/p>\n<p style=\"text-align: justify;\">Qualora il conferimento al trattamento dei dati personali non costituisca obbligo di legge o contrattuale, il mancato conferimento potrebbe comportare difficolt\u00e0, per la competente Struttura, di erogare la prestazione richiesta.<\/p>\n<p><strong>Destinatari del trattamento <\/strong><\/p>\n<p style=\"text-align: justify;\">I dati di natura personale forniti saranno comunicati a destinatari esterni all\u2019Istituto Comprensivo n. 1 Porto Torres<\/p>\n<p style=\"text-align: justify;\">I dati di natura personale forniti saranno comunicati a destinatari, che tratteranno i dati in qualit\u00e0 di responsabili (art. 28 del Reg. UE 2016\/679) e\/o in qualit\u00e0 di persone fisiche che agiscono sotto l\u2019autorit\u00e0 del Titolare e del Responsabile (art. 29 del Reg. UE 2016\/679), per le finalit\u00e0 sopra elencate. Precisamente, i dati saranno comunicati a:<\/p>\n<p>SCEGLIERE UNA O PI\u00d9\u2019 VOCI OD INTEGRARE<\/p>\n<ul>\n<li>Amministrazione scolastica.<\/li>\n<\/ul>\n<p style=\"text-align: justify;\">I soggetti appartenenti alle categorie suddette svolgono la funzione di Responsabile del trattamento dei dati, oppure operano in totale autonomia, come distinti Titolari del trattamento.<\/p>\n<p>&nbsp;<\/p>\n<p><strong>\u00a0<\/strong><strong>Trasferimento di dati personali verso paesi terzi o organizzazioni internazionali <\/strong><\/p>\n<p>La presente raccolta di dati non prevede il trasferimento di questi all&#8217;estero.<\/p>\n<p>&nbsp;<\/p>\n<p><strong>Diritti degli interessati<\/strong><\/p>\n<p>L\u2019interessato ha diritto di chiedere al titolare del trattamento dei dati:<\/p>\n<p><strong>a) Diritto di reclamo (Art. 77 GDPR)<\/strong><\/p>\n<p style=\"text-align: justify;\">Gli interessati nel caso in cui ritengano che il trattamento dei dati personali a loro riferiti sia compiuto in violazione di quanto previsto dal Regolamento UE 679\/2016 hanno il diritto di proporre reclamo al Garante, come previsto dall&#8217;art. 77 del Regolamento UE 679\/2016 stesso, o di adire le opportune sedi giudiziarie ai sensi dell\u2019art. 79 del Regolamento UE 679\/2016.<\/p>\n<p>Inoltre, in qualit\u00e0 di interessato, potrai esercitare i diritti di cui agli artt. da 16 a 22 del Regolamento EU 679\/16:<\/p>\n<p><strong>b) Diritto di rettifica (Art. 16 GDPR)<\/strong><\/p>\n<p style=\"text-align: justify;\">Hai il diritto di ottenere dal titolare del trattamento la rettifica dei dati personali inesatti che ti riguardano senza ingiustificato ritardo. Tenuto conto delle finalit\u00e0 del trattamento, hai il diritto di ottenere l\u2019integrazione dei dati personali incompleti, anche fornendo una dichiarazione integrativa.<\/p>\n<p style=\"text-align: justify;\"><strong>c) Diritto alla cancellazione (Art. 17 GDPR)<\/strong><\/p>\n<p style=\"text-align: justify;\">Hai il diritto di ottenere dal titolare del trattamento la cancellazione dei dati personali che ti riguardano senza ingiustificato ritardo e il titolare del trattamento ha l\u2019obbligo di cancellare senza ingiustificato ritardo i dati personali, se sussiste uno dei motivi seguenti:<\/p>\n<ol style=\"list-style-type: lower-alpha;\">\n<li style=\"text-align: justify;\">i dati personali non sono pi\u00f9 necessari rispetto alle finalit\u00e0 per le quali sono stati raccolti o altrimenti trattati; 4.5.2016 IT Gazzetta ufficiale dell\u2019Unione Europea L 119\/43<\/li>\n<li style=\"text-align: justify;\">revochi il consenso su cui si basa il trattamento conformemente all&#8217;articolo 6, paragrafo 1, lettera a), o all&#8217;articolo 9, paragrafo 2, lettera a), e se non sussiste altro fondamento giuridico per il trattamento;<\/li>\n<li style=\"text-align: justify;\">ti opponi al trattamento ai sensi dell\u2019articolo 21, paragrafo 1, e non sussiste alcun motivo legittimo prevalente per procedere al trattamento, oppure ti opponi al trattamento ai sensi dell\u2019articolo 21, paragrafo 2;<\/li>\n<li style=\"text-align: justify;\">i dati personali sono stati trattati illecitamente;<\/li>\n<li style=\"text-align: justify;\">i dati personali devono essere cancellati per adempiere un obbligo legale previsto dal diritto dell\u2019Unione o dello Stato membro cui \u00e8 soggetto il titolare del trattamento;<\/li>\n<li style=\"text-align: justify;\">i dati personali sono stati raccolti relativamente all&#8217;offerta di servizi della societ\u00e0 dell\u2019informazione di cui all&#8217;articolo 8, paragrafo 1.<\/li>\n<\/ol>\n<p style=\"text-align: justify;\">Il titolare del trattamento, se ha reso pubblici dati personali ed \u00e8 obbligato, ai sensi del paragrafo 1, a cancellarli, tenendo conto della tecnologia disponibile e dei costi di attuazione adotta le misure ragionevoli, anche tecniche, per informare i titolari del trattamento che stanno trattando i dati personali della tua richiesta di cancellare qualsiasi link, copia o riproduzione dei tuoi dati personali.<\/p>\n<p>I paragrafi 1 e 2 non si applicano nella misura in cui il trattamento sia necessario:<\/p>\n<ul>\n<li>per l\u2019esercizio del diritto alla libert\u00e0 di espressione e di informazione;<\/li>\n<li>per l\u2019accertamento, l\u2019esercizio o la difesa di un diritto in sede giudiziaria.<\/li>\n<\/ul>\n<p><strong>\u00a0d)\u00a0<\/strong><strong>Diritto di limitazione del trattamento (Art. 18 GDPR)<\/strong><\/p>\n<p style=\"text-align: justify;\">Hai il diritto di ottenere dal titolare del trattamento la limitazione del trattamento quando ricorre una delle seguenti ipotesi:<\/p>\n<ol style=\"list-style-type: lower-alpha;\">\n<li>contesti l\u2019esattezza dei dati personali, per il periodo necessario al titolare del trattamento per verificare l\u2019esattezza di tali dati personali;<\/li>\n<li>il trattamento \u00e8 illecito e ti opponi alla cancellazione dei dati personali chiedendo invece che ne sia limitato l\u2019utilizzo;<\/li>\n<li>bench\u00e9 il titolare del trattamento non ne abbia pi\u00f9 bisogno ai fini del trattamento, i tuoi dati personali sono necessari per l\u2019accertamento, l\u2019esercizio o la difesa di un diritto in sede giudiziaria;<\/li>\n<li>ti sei opposto al trattamento ai sensi dell\u2019articolo 21, paragrafo 1, in attesa della verifica in merito all&#8217;eventuale prevalenza dei motivi legittimi del titolare del trattamento rispetto a quelli dell\u2019interessato.<\/li>\n<\/ol>\n<p style=\"text-align: justify;\">Se il trattamento \u00e8 limitato a norma del paragrafo 1, tali dati personali sono trattati, salvo che per la conservazione, soltanto con il tuo consenso o per l\u2019accertamento, l\u2019esercizio o la difesa di un diritto in sede giudiziaria oppure per tutelare i diritti di un\u2019altra persona fisica o giuridica o per motivi di interesse pubblico rilevante dell\u2019Unione o di uno Stato membro. L 119\/44 IT Gazzetta ufficiale dell\u2019Unione europea 4.5.2016 3.<\/p>\n<p style=\"text-align: justify;\">Se hai che hai ottenuto la limitazione del trattamento a norma del paragrafo 1, sei informato dal titolare del trattamento prima che detta limitazione sia revocata.<\/p>\n<p><strong>e) Diritto di ottenere la notifica dal titolare del trattamento nei casi di rettifica o cancellazione dei dati personali o di cancellazione degli stessi (Art. 19 GDPR)<\/strong><\/p>\n<p style=\"text-align: justify;\">Il titolare del trattamento comunica a ciascuno dei destinatari cui sono stati trasmessi i dati personali le eventuali rettifiche o cancellazioni o limitazioni del trattamento effettuate a norma dell\u2019articolo 16, dell\u2019articolo 17, paragrafo 1, e dell\u2019articolo 18, salvo che ci\u00f2 si riveli impossibile o implichi uno sforzo sproporzionato. Il titolare del trattamento ti comunica tali destinatari qualora tu lo richieda.<\/p>\n<p style=\"text-align: justify;\"><strong>f) Diritto alla portabilit\u00e0 (Art. 20 GDPR)<\/strong><\/p>\n<p style=\"text-align: justify;\">Hai il diritto di ricevere in un formato strutturato, di uso comune e leggibile da dispositivo automatico, i dati personali che ti riguardano forniti a un titolare del trattamento e hai il diritto di trasmettere tali dati a un altro titolare del trattamento senza impedimenti da parte del titolare del trattamento cui li hai forniti qualora:<\/p>\n<ol style=\"list-style-type: lower-alpha;\">\n<li>il trattamento si basi sul consenso ai sensi dell\u2019articolo 6, paragrafo 1, lettera a), o dell\u2019articolo 9, paragrafo 2, lettera a), o su un contratto ai sensi dell\u2019articolo 6, paragrafo 1, lettera b);<\/li>\n<li>il trattamento sia effettuato con mezzi automatizzati.<\/li>\n<\/ol>\n<p style=\"text-align: justify;\">Nell&#8217;esercitare i tuoi diritti relativamente alla portabilit\u00e0 dei dati a norma del paragrafo 1, hai il diritto di ottenere la trasmissione diretta dei dati personali da un titolare del trattamento all&#8217;altro, se tecnicamente fattibile.<br \/>\nL\u2019esercizio del diritto di cui al paragrafo 1 del presente articolo lascia impregiudicato l\u2019articolo 17.<br \/>\nIl diritto di cui al paragrafo 1 non deve ledere i diritti e le libert\u00e0 altrui.<\/p>\n<p style=\"text-align: justify;\"><strong>g) Diritto di opposizione (Art. 21 GDPR)<\/strong><\/p>\n<p style=\"text-align: justify;\">Hai il diritto di opporti in qualsiasi momento, per motivi connessi alla tua situazione particolare, al trattamento dei dati personali che ti riguardano ai sensi dell\u2019articolo 6, paragrafo 1, lettere e) o f), compresa la profilazione sulla base di tali disposizioni. Il titolare del trattamento si astiene dal trattare ulteriormente i dati personali salvo che egli dimostri l\u2019esistenza di motivi legittimi cogenti per procedere al trattamento che prevalgono sui tuoi interessi, sui diritti e sulle tue libert\u00e0 oppure per l\u2019accertamento, l\u2019esercizio o la difesa di un diritto in sede giudiziaria. Qualora i dati personali siano trattati per finalit\u00e0 di marketing diretto, hai il diritto di opporti in qualsiasi momento al trattamento dei dati personali che ti riguardano effettuato per tali finalit\u00e0, compresa la profilazione nella misura in cui sia connessa a tale marketing diretto. Qualora tu ti opponga al trattamento per finalit\u00e0 di marketing diretto, i dati personali non saranno pi\u00f9 oggetto di trattamento per tali finalit\u00e0. 4.5.2016 IT Gazzetta ufficiale dell\u2019Unione europea L 119\/45 4. Il diritto di cui ai paragrafi 1 e 2 \u00e8 esplicitamente portato alla tua attenzione ed \u00e8 presentato chiaramente e separatamente da qualsiasi altra informazione al pi\u00f9 tardi al momento della prima comunicazione con te. Nel contesto dell\u2019utilizzo di servizi della societ\u00e0 dell\u2019informazione e fatta salva la direttiva 2002\/58\/CE, puoi esercitare il proprio diritto di opposizione con mezzi automatizzati che utilizzano specifiche tecniche. Qualora i dati personali siano trattati a fini di ricerca scientifica o storica o a fini statistici a norma dell\u2019articolo 89, paragrafo 1,tu, per motivi connessi alla tua situazione particolare, hai il diritto di opporti al trattamento di dati personali che ti riguardano, salvo che il trattamento sia necessario per l\u2019esecuzione di un compito di interesse pubblico.<\/p>\n<p style=\"text-align: justify;\"><strong>h) Diritto di rifiutare il processo automatizzato (Art. 22 GDPR)<\/strong><\/p>\n<p style=\"text-align: justify;\">Hai il diritto di non essere sottoposto a una decisione basata unicamente sul trattamento automatizzato, compresa la profilazione, che produca effetti giuridici che ti riguardano o che incida in modo analogo significativamente sulla tua persona. Il paragrafo 1 non si applica nel caso in cui la decisione:<\/p>\n<ol style=\"list-style-type: lower-alpha;\">\n<li>sia necessaria per la conclusione o l\u2019esecuzione di un contratto tra te e un titolare del trattamento;<\/li>\n<li>sia autorizzata dal diritto dell\u2019Unione o dello Stato membro cui \u00e8 soggetto il titolare del trattamento, che precisa altres\u00ec misure adeguate a tutela dei tuoi diritti, delle tue libert\u00e0 e dei tuoi legittimi interessi;<\/li>\n<li>si basi sul tuo consenso esplicito.<\/li>\n<\/ol>\n<p style=\"text-align: justify;\">Nei casi di cui al paragrafo 2, lettere a) e c), il titolare del trattamento attua misure appropriate per tutelare i tuoi diritti, le tue libert\u00e0 e i tuoi legittimi interessi, almeno il diritto di ottenere l\u2019intervento umano da parte del titolare del trattamento, di esprimere la propria opinione e di contestare la decisione.Le decisioni di cui al paragrafo 2 non si basano sulle categorie particolari di dati personali di cui all&#8217;articolo 9, paragrafo 1, a meno che non sia d\u2019applicazione l\u2019articolo 9, paragrafo 2, lettere a) o g), e non siano in vigore misure adeguate a tutela dei tuoi diritti, delle tue libert\u00e0 e dei tuoi legittimi interessi.<\/p>\n<p>In tal senso potrai accedere ai tuoi dati per:<\/p>\n<ul>\n<li>Verificarne la veridicit\u00e0<\/li>\n<li>Modificarli nel caso divengano inesatti<\/li>\n<li>Integrarli anche con dichiarazione integrativa<\/li>\n<li>Richiederne la cancellazione<\/li>\n<li>Limitarne il trattamento<\/li>\n<li>Opporti al trattamento<\/li>\n<\/ul>\n<p>Il titolare del trattamento \u00e8 obbligato a rispondere, senza ingiustificato motivo.<\/p>\n<p><strong>\u00a0<\/strong><\/p>\n<p><strong>CANCELLAZIONE DEI DATI<\/strong><\/p>\n<p style=\"text-align: justify;\">L\u2019Istituto Comprensivo n. 1 Porto Torres , in osservanza al corrispondente diritto di accesso all&#8217;interessato, ha predisposto procedure per le quali puoi richiedere la cancellazione senza ingiustificato ritardo dei tuoi dati personali o la limitazione del trattamento dei dati personali che ti riguardano per i seguenti motivi:<\/p>\n<ul>\n<li>Perch\u00e9 i dati non sono pi\u00f9 necessari per le finalit\u00e0 per le quali erano stati raccolti<\/li>\n<li>Perch\u00e9 hai revocato il consenso<\/li>\n<li>Perch\u00e9 ti opponi al trattamento<\/li>\n<li>Perch\u00e9 i dati sono trattati in maniera illecita.<\/li>\n<li>Puoi esercitare i suddetti diritti scrivendoci all&#8217;email\u00a0ssic841007@istruzione.it<\/li>\n<\/ul>\n<p>&nbsp;<\/p>\n<p><b>MODIFICHE ALL&#8217;INFORMATIVA\u00a0SULLA PRIVACY<\/b><\/p>\n<p style=\"text-align: justify;\">\nLa presente informativa sulla privacy \u00e8 in vigore dal 25.05.2018 e l\u2019Istituto Comprensivo n. 1 Porto Torres potr\u00e0 modificarne o aggiornarne il contenuto.<\/p>\n<p>Verrai informato di tali circostanze e le modifiche saranno effettive non appena pubblicate sul nostro sito <a href=\"https:\/\/www.comprensivo1portotorres.edu.it\">https:\/\/www.comprensivo1portotorres.edu.it<\/a><\/p>\n<p>A tal fine, ti invitiamo a visitare la sezione relativa alla Privacy per verificarne la versione aggiornata.<\/p>\n<p><strong>Processo decisionale automatizzato<\/strong><\/p>\n<p>La presente raccolta di dati non prevede un processo decisionale automatizzato.<\/p>\n<p>&nbsp;<\/p>\n<p><a href=\"https:\/\/www.comprensivo1portotorres.edu.it\/wp-content\/uploads\/2018\/12\/Informativa.pdf\">Informativa<\/a><\/p>\n<p>&nbsp;<\/p>\n<p>&nbsp;<\/p>\n<p>&nbsp;<\/p>\n","protected":false},"excerpt":{"rendered":"<p>ISTITUTO COMPRENSIVO\u00a0 n.1 &#8211; \u00a0PORTO TORRES SCUOLA DELL\u2019INFANZIA &#8211; SCUOLA PRIMARIA \u2013 SCUOLA SECONDARIA 1\u00b0 GRADO Tel. 079\/501283 &#8211; Fax 079\/501001 e-mail:\u00a0ssic841007@istruzione.it\u00a0\u00a0PEC:\u00a0ssic841007@pec.istruzione.it &nbsp; Informativa sul trattamento dei dati personali (Art. 13 del Regolamento UE 679\/2016) \u00a0 L\u2019Istituto Comprensivo n.. 1 Porto Torres rappresentato\u00a0 pro tempore dal Dirigente Scolastico Annarita Pintadu in qualit\u00e0 di Titolare del&nbsp; &nbsp; <a class=\"moretag\" href=\"https:\/\/www.comprensivo1portotorres.edu.it\/informativa-sul-trattamento-dei-dati-personali\/\" title=\"Leggi l&#180;intero articolo\">&raquo;<\/a><\/p>\n","protected":false},"author":15,"featured_media":0,"parent":0,"menu_order":0,"comment_status":"closed","ping_status":"closed","template":"","meta":{"ngg_post_thumbnail":0},"_links":{"self":[{"href":"https:\/\/www.comprensivo1portotorres.edu.it\/wp-json\/wp\/v2\/pages\/16557"}],"collection":[{"href":"https:\/\/www.comprensivo1portotorres.edu.it\/wp-json\/wp\/v2\/pages"}],"about":[{"href":"https:\/\/www.comprensivo1portotorres.edu.it\/wp-json\/wp\/v2\/types\/page"}],"author":[{"embeddable":true,"href":"https:\/\/www.comprensivo1portotorres.edu.it\/wp-json\/wp\/v2\/users\/15"}],"replies":[{"embeddable":true,"href":"https:\/\/www.comprensivo1portotorres.edu.it\/wp-json\/wp\/v2\/comments?post=16557"}],"version-history":[{"count":3,"href":"https:\/\/www.comprensivo1portotorres.edu.it\/wp-json\/wp\/v2\/pages\/16557\/revisions"}],"predecessor-version":[{"id":21188,"href":"https:\/\/www.comprensivo1portotorres.edu.it\/wp-json\/wp\/v2\/pages\/16557\/revisions\/21188"}],"wp:attachment":[{"href":"https:\/\/www.comprensivo1portotorres.edu.it\/wp-json\/wp\/v2\/media?parent=16557"}],"curies":[{"name":"wp","href":"https:\/\/api.w.org\/{rel}","templated":true}]}}