{"id":16603,"date":"2018-12-14T19:39:07","date_gmt":"2018-12-14T19:39:07","guid":{"rendered":"https:\/\/www.comprensivo1portotorres.edu.it\/?page_id=16603"},"modified":"2021-11-29T16:45:54","modified_gmt":"2021-11-29T16:45:54","slug":"tutti-a-iscol-2018","status":"publish","type":"page","link":"https:\/\/www.comprensivo1portotorres.edu.it\/tutti-a-iscol-2018\/","title":{"rendered":"Tutti a Iscol@ 2018"},"content":{"rendered":"<p><img decoding=\"async\" loading=\"lazy\" class=\"size-full wp-image-14602 aligncenter\" src=\"https:\/\/www.comprensivo1portotorres.edu.it\/wp-content\/uploads\/2018\/01\/download-2.png\" alt=\"\" width=\"290\" height=\"174\" srcset=\"https:\/\/www.comprensivo1portotorres.edu.it\/wp-content\/uploads\/2018\/01\/download-2.png 290w, https:\/\/www.comprensivo1portotorres.edu.it\/wp-content\/uploads\/2018\/01\/download-2-180x108.png 180w\" sizes=\"(max-width: 290px) 100vw, 290px\" \/><\/p>\n<p>&nbsp;<\/p>\n<h2 style=\"text-align: center;\">Tutti a Iscol@<\/h2>\n<p>&nbsp;<\/p>\n<p style=\"text-align: justify;\">La strategia per innalzare i livelli di apprendimento degli studenti e contrastare i processi di abbandono scolastico attraverso azioni da attuare in maniera integrata.<\/p>\n<p>&nbsp;<\/p>\n<p>Tre le linee di azione del progetto:&nbsp;<\/p>\n<p style=\"text-align: justify;\"><strong>Linea A<\/strong>&nbsp;finalizzata al miglioramento delle competenze di base e articolata in due linee:&nbsp;<br \/>\n&nbsp; &nbsp;&#8211; <strong>Linea A1<\/strong>: sviluppo delle competenze linguistico\/espressive degli studenti, nonch\u00e9 sostegno delle capacit\u00e0 cognitive, comunicative e relazionali;&nbsp;<br \/>\n&nbsp; &nbsp;&#8211; <strong>Linea A2<\/strong> : sviluppo delle competenze logico\/matematiche e scientifiche degli studenti, nonch\u00e9 sostegno delle capacit\u00e0 cognitive, comunicative e relazionali.&nbsp;<\/p>\n<p>&nbsp;<\/p>\n<p style=\"text-align: justify;\"><strong>Linea B<\/strong>&nbsp;finalizzata a migliorare la qualit\u00e0 dell\u2019offerta formativa extracurricolare attraverso forme di didattica laboratoriale e articolata in due Linee:&nbsp;<br \/>\n&nbsp; &nbsp;&#8211; <strong>Linea B1<\/strong>: laboratori didattici extracurriculari;&nbsp;<br \/>\n&nbsp; &nbsp;&#8211; <strong>Linea B2<\/strong>: laboratori didattici extracurriculari tecnologici.&nbsp;<\/p>\n<p>&nbsp;<\/p>\n<p style=\"text-align: justify;\"><strong>Linea C<\/strong>&nbsp;&#8211; Sostegno psicologico e pedagogico e di mediazione interculturale finalizzata a interventi di sostegno agli studenti caratterizzati da particolari fragilit\u00e0, tra cui anche persone con disabilit\u00e0 (azioni di tutoring e mentoring, attivit\u00e0 di sostegno didattico e di counselling, attivit\u00e0 integrative, incluse le attivit\u00e0 sportive, in orario extrascolastico, azioni rivolte alle famiglie di appartenenza).&nbsp;<\/p>\n<p>&nbsp;<\/p>\n<p style=\"text-align: justify;\"><strong>L&#8217; Istituto Comprensivo 1 di Porto Torres<\/strong> ha partecipato all&#8217;avviso, ottenendo i finanziamenti per le seguenti linee: <strong>A2, B1, C<\/strong><\/p>\n<p>&nbsp;<\/p>\n<p><a href=\"https:\/\/www.comprensivo1portotorres.edu.it\/tutti-a-iscol-a-s-2017-2018\/\"><strong>Anno scolastico 2017\/2018<\/strong><\/a><\/p>\n<h4><a href=\"https:\/\/www.comprensivo1portotorres.edu.it\/iscol-2018-2019\/\"><strong>Anno scolastico 2018\/2019<\/strong><\/a><\/h4>\n<p>&nbsp;<\/p>\n<p><strong>Anno scolastico 2019\/2020<\/strong><\/p>\n<p><a href=\"https:\/\/www.comprensivo1portotorres.edu.it\/wp-content\/uploads\/2019\/12\/Avviso_Psicologo_2019-2020.pdf\">Avviso reclutamento psicologo<\/a><\/p>\n<p><a href=\"https:\/\/www.comprensivo1portotorres.edu.it\/wp-content\/uploads\/2019\/12\/domanda-PSICOLOGO-.docx\">Domanda di partecipazione<\/a><\/p>\n<p><a href=\"https:\/\/www.comprensivo1portotorres.edu.it\/wp-content\/uploads\/2019\/12\/SCHEDA-DI-RIEPILOGO-TITOLI-VALUTABILI.docx\">Scheda titoli valutabili<\/a><\/p>\n<p><a href=\"https:\/\/www.comprensivo1portotorres.edu.it\/wp-content\/uploads\/2020\/01\/DECRETO_PUBBLICAZIONE_-GRADUATORIA_-PROVVISORIA_-LINEA-_C.pdf\">Decreto pubblicazione graduatoria provvisoria psicologo<\/a><\/p>\n<p><a href=\"https:\/\/www.comprensivo1portotorres.edu.it\/wp-content\/uploads\/2020\/01\/Graduatoria_provvisoria_LINEA_C_2019_2020.pdf\">Graduatoria provvisoria psicologo<\/a><\/p>\n<p><a href=\"https:\/\/www.comprensivo1portotorres.edu.it\/wp-content\/uploads\/2020\/02\/VERBALE_COMMISSIONE_RICORSI.pdf\">Verbale commissione&nbsp;<\/a><\/p>\n<p>Decreto pubblicazione graduatoria definitiva<\/p>\n<p><a href=\"https:\/\/www.comprensivo1portotorres.edu.it\/wp-content\/uploads\/2020\/02\/DECRETO_PUBBLICAZIONE_GRADUATORIA_DEFINITIVA.pdf\">Graduatoria definitiva psicologo<\/a><\/p>\n<p><a href=\"https:\/\/www.comprensivo1portotorres.edu.it\/wp-content\/uploads\/2020\/02\/Decreto_pubblicazione_graduatoria..pdf\">Decreto pubblicazione nova graduatoria psicologo<\/a><\/p>\n<p><a href=\"https:\/\/www.comprensivo1portotorres.edu.it\/wp-content\/uploads\/2020\/02\/Nuova_graduatoria_psicologo.pdf\">Nuova graduatoria definitiva psicologo<\/a><\/p>\n<p>&nbsp;<\/p>\n<p><strong>Anno scolastico 2020\/2021<\/strong><\/p>\n<p><a href=\"https:\/\/www.comprensivo1portotorres.edu.it\/wp-content\/uploads\/2021\/11\/Allegato-1AS-AVVISO-PSICOLOGO-signed.pdf\">Avviso psicologo<\/a><\/p>\n<p><a href=\"https:\/\/www.comprensivo1portotorres.edu.it\/wp-content\/uploads\/2021\/11\/domanda-PSICOLOGO-.docx\">Domanda partecipazione psicologo<\/a><\/p>\n<p><a href=\"https:\/\/www.comprensivo1portotorres.edu.it\/wp-content\/uploads\/2021\/11\/SCHEDA-DI-RIEPILOGO-TITOLI-VALUTABILI.docx\">Scheda Titoli valutabili<\/a><\/p>\n<p><a href=\"https:\/\/www.comprensivo1portotorres.edu.it\/wp-content\/uploads\/2021\/11\/Verbale-Commissione-Linea-AS-e-GRADUATORIA-PROVVISORIA-signed.pdf\">Verbale Commissione Linea AS e GRADUATORIA PROVVISORIA<\/a><\/p>\n<p><a href=\"https:\/\/www.comprensivo1portotorres.edu.it\/wp-content\/uploads\/2021\/11\/Decreto-pubblicazione-GRADUATORIA-PROVVISORIA-signed.pdf\">Graduatoria provvisoria psicologo<\/a><\/p>\n<p><a href=\"https:\/\/www.comprensivo1portotorres.edu.it\/wp-content\/uploads\/2021\/11\/Decreto-pubblicazione-GRADUATORIA-DEFINITIVA-signed.pdf\">Graduatoria definitiva psicologo<\/a><\/p>\n<p>&nbsp;<\/p>\n<p>&nbsp;<\/p>\n<p><!-- \/wp:paragraph --><\/p>\n","protected":false},"excerpt":{"rendered":"<p>&nbsp; Tutti a Iscol@ &nbsp; La strategia per innalzare i livelli di apprendimento degli studenti e contrastare i processi di abbandono scolastico attraverso azioni da attuare in maniera integrata. &nbsp; Tre le linee di azione del progetto:&nbsp; Linea A&nbsp;finalizzata al miglioramento delle competenze di base e articolata in due linee:&nbsp; &nbsp; &nbsp;&#8211; Linea A1: sviluppo&nbsp; &nbsp; <a class=\"moretag\" href=\"https:\/\/www.comprensivo1portotorres.edu.it\/tutti-a-iscol-2018\/\" title=\"Leggi l&#180;intero articolo\">&raquo;<\/a><\/p>\n","protected":false},"author":15,"featured_media":0,"parent":0,"menu_order":0,"comment_status":"closed","ping_status":"closed","template":"","meta":{"ngg_post_thumbnail":0},"_links":{"self":[{"href":"https:\/\/www.comprensivo1portotorres.edu.it\/wp-json\/wp\/v2\/pages\/16603"}],"collection":[{"href":"https:\/\/www.comprensivo1portotorres.edu.it\/wp-json\/wp\/v2\/pages"}],"about":[{"href":"https:\/\/www.comprensivo1portotorres.edu.it\/wp-json\/wp\/v2\/types\/page"}],"author":[{"embeddable":true,"href":"https:\/\/www.comprensivo1portotorres.edu.it\/wp-json\/wp\/v2\/users\/15"}],"replies":[{"embeddable":true,"href":"https:\/\/www.comprensivo1portotorres.edu.it\/wp-json\/wp\/v2\/comments?post=16603"}],"version-history":[{"count":25,"href":"https:\/\/www.comprensivo1portotorres.edu.it\/wp-json\/wp\/v2\/pages\/16603\/revisions"}],"predecessor-version":[{"id":21219,"href":"https:\/\/www.comprensivo1portotorres.edu.it\/wp-json\/wp\/v2\/pages\/16603\/revisions\/21219"}],"wp:attachment":[{"href":"https:\/\/www.comprensivo1portotorres.edu.it\/wp-json\/wp\/v2\/media?parent=16603"}],"curies":[{"name":"wp","href":"https:\/\/api.w.org\/{rel}","templated":true}]}}