{"id":17041,"date":"2019-02-21T21:33:12","date_gmt":"2019-02-21T21:33:12","guid":{"rendered":"https:\/\/www.comprensivo1portotorres.edu.it\/?page_id=17041"},"modified":"2023-10-08T15:16:05","modified_gmt":"2023-10-08T15:16:05","slug":"ristorazione-scolastica-2","status":"publish","type":"page","link":"https:\/\/www.comprensivo1portotorres.edu.it\/ristorazione-scolastica-2\/","title":{"rendered":"Ristorazione scolastica"},"content":{"rendered":"\r\n<p><strong>Anno scolastico 2023\/2024<\/strong><\/p>\r\n<p><a href=\"https:\/\/www.comprensivo1portotorres.edu.it\/wp-content\/uploads\/2023\/10\/signed_MENU__PORTO_TORRES-1.pdf\">Men\u00f9 Autunno Inverno<\/a><\/p>\r\n<p>&nbsp;<\/p>\r\n<p><strong>Anno scolastico 2022\/2023<\/strong><\/p>\r\n<p><a href=\"https:\/\/www.comprensivo1portotorres.edu.it\/wp-content\/uploads\/2023\/04\/Men-estivo-a.s.-20222023.pdf\">Men\u00f9 Primavera Estate<\/a><\/p>\r\n<p><a href=\"https:\/\/www.comprensivo1portotorres.edu.it\/wp-content\/uploads\/2022\/11\/timbro_MENU_-VIDIMATO-ASL-PORTO-TORRES.pdf\">Men\u00f9 Autunno Inverno definitivo<\/a><\/p>\r\n<p><a href=\"https:\/\/www.comprensivo1portotorres.edu.it\/wp-content\/uploads\/2022\/10\/Trasmissione-menu.pdf\">Trasmissione men\u00f9<\/a><\/p>\r\n<p>&nbsp;<\/p>\r\n<p><strong>Anno scolastico 2021\/2022<\/strong><\/p>\r\n<p><a href=\"https:\/\/www.comprensivo1portotorres.edu.it\/wp-content\/uploads\/2021\/11\/circ-77-menu-serale.pdf\">Circolare 77 Men\u00f9 serale<\/a><\/p>\r\n<p><a href=\"https:\/\/www.comprensivo1portotorres.edu.it\/wp-content\/uploads\/2021\/11\/Proposta_menu_serale_per_le_famiglie_Comune_di_Porto_Torres.pdf\">Proposta Men\u00f9 Serale Comune di Porto Torres<\/a><\/p>\r\n<p><a href=\"https:\/\/www.comprensivo1portotorres.edu.it\/wp-content\/uploads\/2021\/11\/menu-serale.pdf\">Men\u00f9 serale<\/a><\/p>\r\n<p><a href=\"https:\/\/www.comprensivo1portotorres.edu.it\/wp-content\/uploads\/2021\/11\/DD_2021_1771.odt-1.pdf\">Determinazione Dirigente subentro CAMST Soc. coop. a.r.l.<\/a><\/p>\r\n<p><a href=\"https:\/\/www.comprensivo1portotorres.edu.it\/wp-content\/uploads\/2022\/04\/Menu-primavera.pdf\">Men\u00f9 primavera<\/a><\/p>\r\n<p><strong>Anno scolastico 2020\/2021<\/strong><\/p>\r\n<p><a href=\"https:\/\/www.comprensivo1portotorres.edu.it\/wp-content\/uploads\/2020\/10\/Menu_avvio_ristorazione_scolastica_ottobre.pdf\">Men\u00f9 provvisorio Ottobre<\/a><\/p>\r\n<p><a href=\"https:\/\/www.comprensivo1portotorres.edu.it\/wp-content\/uploads\/2020\/10\/Men_.pdf\">Men\u00f9 Novembre<\/a><\/p>\r\n<p><strong>Anno scolastico 2019\/2020<\/strong><\/p>\r\n<p><a href=\"https:\/\/www.comprensivo1portotorres.edu.it\/wp-content\/uploads\/2019\/02\/comitato_mensa-1.pdf\">Comitato mensa<\/a><\/p>\r\n\r\n\r\n\r\n<p><a href=\"https:\/\/www.comprensivo1portotorres.edu.it\/wp-content\/uploads\/2019\/02\/LINEE_GUIDA_DICEMBRE_2016.pdf\">Linee guida<\/a><\/p>\r\n\r\n\r\n\r\n<p><a href=\"https:\/\/www.comprensivo1portotorres.edu.it\/wp-content\/uploads\/2019\/02\/CAPITOLATO_SPECIALE_firmato_digitalmente.pdf\">Capitolato speciale<\/a><\/p>\r\n\r\n\r\n\r\n<p><a href=\"https:\/\/www.comprensivo1portotorres.edu.it\/wp-content\/uploads\/2019\/02\/Tipologia_pietanze.pdf\">Tipologia pietanze <\/a><\/p>\r\n\r\n\r\n\r\n<p><a href=\"https:\/\/www.comprensivo1portotorres.edu.it\/wp-content\/uploads\/2019\/03\/Menu_Primavera_Estate_vidimato_ASL_Comune_di_Porto_Torres.pdf\">Men\u00f9 primavera estate<\/a><\/p>\r\n\r\n\r\n\r\n<p><a href=\"https:\/\/www.comprensivo1portotorres.edu.it\/wp-content\/uploads\/2019\/10\/Men_-medie_-FISSO_inverno.pdf\">Men\u00f9 inverno fisso secondaria 2019\/2020<\/a><\/p>\r\n\r\n\r\n\r\n<p><a href=\"https:\/\/www.comprensivo1portotorres.edu.it\/wp-content\/uploads\/2019\/10\/Men_-FISSO_inverno_PT_2019_2020.pdf\">Men\u00f9 inverno 2019\/2020<\/a><\/p>\r\n<p><a href=\"https:\/\/www.comprensivo1portotorres.edu.it\/wp-content\/uploads\/2019\/12\/riso_biologico.pdf\">Alimenti biologici<\/a><\/p>\r\n<p><a href=\"https:\/\/www.comprensivo1portotorres.edu.it\/wp-content\/uploads\/2019\/12\/TORTA_ARTIGIANALE.pdf\">Torta artigianale<\/a><\/p>\r\n<p>&nbsp;<\/p>\r\n","protected":false},"excerpt":{"rendered":"<p>Anno scolastico 2023\/2024 Men\u00f9 Autunno Inverno &nbsp; Anno scolastico 2022\/2023 Men\u00f9 Primavera Estate Men\u00f9 Autunno Inverno definitivo Trasmissione men\u00f9 &nbsp; Anno scolastico 2021\/2022 Circolare 77 Men\u00f9 serale Proposta Men\u00f9 Serale Comune di Porto Torres Men\u00f9 serale Determinazione Dirigente subentro CAMST Soc. coop. a.r.l. Men\u00f9 primavera Anno scolastico 2020\/2021 Men\u00f9 provvisorio Ottobre Men\u00f9 Novembre Anno scolastico&nbsp; &nbsp; <a class=\"moretag\" href=\"https:\/\/www.comprensivo1portotorres.edu.it\/ristorazione-scolastica-2\/\" title=\"Leggi l&#180;intero articolo\">&raquo;<\/a><\/p>\n","protected":false},"author":15,"featured_media":0,"parent":0,"menu_order":0,"comment_status":"closed","ping_status":"closed","template":"","meta":{"ngg_post_thumbnail":0},"_links":{"self":[{"href":"https:\/\/www.comprensivo1portotorres.edu.it\/wp-json\/wp\/v2\/pages\/17041"}],"collection":[{"href":"https:\/\/www.comprensivo1portotorres.edu.it\/wp-json\/wp\/v2\/pages"}],"about":[{"href":"https:\/\/www.comprensivo1portotorres.edu.it\/wp-json\/wp\/v2\/types\/page"}],"author":[{"embeddable":true,"href":"https:\/\/www.comprensivo1portotorres.edu.it\/wp-json\/wp\/v2\/users\/15"}],"replies":[{"embeddable":true,"href":"https:\/\/www.comprensivo1portotorres.edu.it\/wp-json\/wp\/v2\/comments?post=17041"}],"version-history":[{"count":15,"href":"https:\/\/www.comprensivo1portotorres.edu.it\/wp-json\/wp\/v2\/pages\/17041\/revisions"}],"predecessor-version":[{"id":24183,"href":"https:\/\/www.comprensivo1portotorres.edu.it\/wp-json\/wp\/v2\/pages\/17041\/revisions\/24183"}],"wp:attachment":[{"href":"https:\/\/www.comprensivo1portotorres.edu.it\/wp-json\/wp\/v2\/media?parent=17041"}],"curies":[{"name":"wp","href":"https:\/\/api.w.org\/{rel}","templated":true}]}}