{"id":20366,"date":"2021-05-30T12:05:36","date_gmt":"2021-05-30T12:05:36","guid":{"rendered":"https:\/\/www.comprensivo1portotorres.edu.it\/?page_id=20366"},"modified":"2022-04-14T14:28:33","modified_gmt":"2022-04-14T14:28:33","slug":"poc-per-una-scuola-senza-confini","status":"publish","type":"page","link":"https:\/\/www.comprensivo1portotorres.edu.it\/poc-per-una-scuola-senza-confini\/","title":{"rendered":"Poc &#8220;Per una scuola senza confini&#8221;"},"content":{"rendered":"<p style=\"text-align: justify;\">Programma Operativo Complementare \u201cPer la scuola, competenze e ambienti per l\u2019apprendimento\u201d 2014-2020 &#8211; Asse I \u2013 Istruzione &#8211; Fondo di Rotazione (FdR) &#8211; Obiettivo Specifico 10.2 \u2013 Azione 10.2.2. Avviso pubblico per la realizzazione di progetti volti al contrasto del rischio di fallimento formativo precoce e di povert\u00e0 educativa, nonch\u00e9 per la prevenzione delle situazioni di fragilit\u00e0 nei confronti della capacit\u00e0 attrattiva della criminalit\u00e0 &#8211; Prot. 26502 del 06\/08\/2019<\/p>\n<p>&nbsp;<\/p>\n<p><a href=\"https:\/\/www.comprensivo1portotorres.edu.it\/wp-content\/uploads\/2021\/05\/DETERMINA_A_CONTRARRE_POC-signed.pdf\">DETERMINA_A_CONTRARRE_POC-signed<\/a><\/p>\n<p><a href=\"https:\/\/www.comprensivo1portotorres.edu.it\/wp-content\/uploads\/2021\/05\/DISSEMINAZIONE-signed.pdf\">DISSEMINAZIONE-signed<\/a><\/p>\n<p><a href=\"https:\/\/www.comprensivo1portotorres.edu.it\/wp-content\/uploads\/2021\/05\/ASSUNZIONE_A_BILANCIO_POC-signed.pdf\">ASSUNZIONE_A_BILANCIO_POC-signed<\/a><\/p>\n<p><a href=\"https:\/\/www.comprensivo1portotorres.edu.it\/wp-content\/uploads\/2021\/05\/NOMINA_RUP_signed.pdf\">NOMINA_RUP_signed<\/a><\/p>\n<p><a href=\"https:\/\/www.comprensivo1portotorres.edu.it\/wp-content\/uploads\/2021\/06\/NOMINA_COMMISSIONE_VALUTAZIONE_TUTOR_ESPERTI_PON_9707_signed.pdf\">NOMINA_COMMISSIONE_VALUTAZIONE_TUTOR_ESPERTI_PON_9707_signed<\/a><\/p>\n<p><a href=\"https:\/\/www.comprensivo1portotorres.edu.it\/wp-content\/uploads\/2021\/06\/VERBALE_COMMISSIONE_TUTOR_signed.pdf\">VERBALE_COMMISSIONE_TUTOR_signed<\/a><\/p>\n<p><a href=\"https:\/\/www.comprensivo1portotorres.edu.it\/wp-content\/uploads\/2021\/06\/VERBALE_COMMISSIONE_ESPERTI_ESTERNI_signed.pdf\">VERBALE_COMMISSIONE_ESPERTI_ESTERNI_signed<\/a><\/p>\n<p><a href=\"https:\/\/www.comprensivo1portotorres.edu.it\/wp-content\/uploads\/2022\/02\/AVVISO-RECLUTAMENTO-TUTOR-PON-POC-26502-signed.pdf\">Avviso reclutamento Tutor personale interno<\/a><\/p>\n<p><a href=\"https:\/\/www.comprensivo1portotorres.edu.it\/wp-content\/uploads\/2022\/02\/AVVISO-RECLUTAMENTO-ESPERTO-INTERNO-PON-POC-26502-signed.pdf\">Avviso reclutamento Esperto personale interno<\/a><\/p>\n<p><a href=\"https:\/\/www.comprensivo1portotorres.edu.it\/wp-content\/uploads\/2022\/04\/RIAPERTURA-AVVISO-RECLUTAMENTO-TUTOR-POC-26502-signed.pdf\">Riapertura selezione per il reclutamento di tutor tra il personale interno<\/a><\/p>\n<p><a href=\"https:\/\/www.comprensivo1portotorres.edu.it\/wp-content\/uploads\/2022\/04\/timbro_RIAPERTURA-AVVISO-RECLUTAMENTO-TUTOR-POC-26502-signed.pdf\">Timbro riapertura selezione reclutamento tutor tra personale interno<\/a><\/p>\n","protected":false},"excerpt":{"rendered":"<p>Programma Operativo Complementare \u201cPer la scuola, competenze e ambienti per l\u2019apprendimento\u201d 2014-2020 &#8211; Asse I \u2013 Istruzione &#8211; Fondo di Rotazione (FdR) &#8211; Obiettivo Specifico 10.2 \u2013 Azione 10.2.2. Avviso pubblico per la realizzazione di progetti volti al contrasto del rischio di fallimento formativo precoce e di povert\u00e0 educativa, nonch\u00e9 per la prevenzione delle situazioni&nbsp; &nbsp; <a class=\"moretag\" href=\"https:\/\/www.comprensivo1portotorres.edu.it\/poc-per-una-scuola-senza-confini\/\" title=\"Leggi l&#180;intero articolo\">&raquo;<\/a><\/p>\n","protected":false},"author":15,"featured_media":0,"parent":0,"menu_order":0,"comment_status":"closed","ping_status":"closed","template":"","meta":{"ngg_post_thumbnail":0},"_links":{"self":[{"href":"https:\/\/www.comprensivo1portotorres.edu.it\/wp-json\/wp\/v2\/pages\/20366"}],"collection":[{"href":"https:\/\/www.comprensivo1portotorres.edu.it\/wp-json\/wp\/v2\/pages"}],"about":[{"href":"https:\/\/www.comprensivo1portotorres.edu.it\/wp-json\/wp\/v2\/types\/page"}],"author":[{"embeddable":true,"href":"https:\/\/www.comprensivo1portotorres.edu.it\/wp-json\/wp\/v2\/users\/15"}],"replies":[{"embeddable":true,"href":"https:\/\/www.comprensivo1portotorres.edu.it\/wp-json\/wp\/v2\/comments?post=20366"}],"version-history":[{"count":8,"href":"https:\/\/www.comprensivo1portotorres.edu.it\/wp-json\/wp\/v2\/pages\/20366\/revisions"}],"predecessor-version":[{"id":22160,"href":"https:\/\/www.comprensivo1portotorres.edu.it\/wp-json\/wp\/v2\/pages\/20366\/revisions\/22160"}],"wp:attachment":[{"href":"https:\/\/www.comprensivo1portotorres.edu.it\/wp-json\/wp\/v2\/media?parent=20366"}],"curies":[{"name":"wp","href":"https:\/\/api.w.org\/{rel}","templated":true}]}}