{"id":5911,"date":"2014-12-01T08:53:13","date_gmt":"2014-12-01T08:53:13","guid":{"rendered":"http:\/\/www.comprensivo1portotorres.edu.it\/?page_id=5911"},"modified":"2014-12-10T10:17:38","modified_gmt":"2014-12-10T10:17:38","slug":"a-tu-per-tu-con-le-verdure","status":"publish","type":"page","link":"https:\/\/www.comprensivo1portotorres.edu.it\/a-tu-per-tu-con-le-verdure\/","title":{"rendered":"A tu per tu con le Verdure"},"content":{"rendered":"<div class=\"boxhome\">\n<h2 class=\"posttitle\">&#8220;A tu per tu con le Verdure. Esperienza di educazione alimentare&#8221;<\/h2>\n<p><a title=\"Vedi locandina\" href=\"http:\/\/www.comprensivo1portotorres.edu.it\/a-tu-per-tu-con-le-verdure-2\/?aid=5899&amp;sa=0\"><img decoding=\"async\" loading=\"lazy\" class=\"alignleft wp-image-5913 size-medium\" src=\"http:\/\/www.comprensivo1portotorres.edu.it\/wp-content\/uploads\/2014\/12\/locandina-e1417426027768-300x200.jpg\" alt=\"\" width=\"300\" height=\"200\" srcset=\"https:\/\/www.comprensivo1portotorres.edu.it\/wp-content\/uploads\/2014\/12\/locandina-e1417426027768-300x200.jpg 300w, https:\/\/www.comprensivo1portotorres.edu.it\/wp-content\/uploads\/2014\/12\/locandina-e1417426027768.jpg 389w\" sizes=\"(max-width: 300px) 100vw, 300px\" \/><\/a>La scuola \u00e8 sicuramente da considerare il luogo pi\u00f9 adatto per lo svolgimento di iniziative di prevenzione. Cos\u00ec nella sezione C della scuola primaria Borgona, le insegnanti sin dal primo anno hanno promosso e attivato interventi educativo-didattici volti a promuovere l\u2019importanza di una corretta alimentazione per prevenire eventuali malattie metaboliche e disturbi alimentari.<\/p>\n<p>Vista l\u2019esperienza altamente formativa,\u00a0le insegnanti hanno deciso\u00a0di uscire\u00a0dai confini della\u00a0loro scuola e partecipare, dopo un\u2019attenta selezione nazionale da parte di una giuria qualificata costituita gli epidemiologi Nancy Binkin e Donato Greco, Lorenzo Fantozzi e Alberto Perra dell\u2019Istituto Superiore della Sanit\u00e0, alla III Manifestazione Nazionale dal titolo<strong>\u201dCostruire insieme la salute\u201d<\/strong>, promossa dall\u2019\u00a0<strong>Istituto Superiore di Sanit\u00e0 e dalla regione Umbria.\u00a0<\/strong>[&#8230;\u00a0<a title=\"Educazione alimentare a scuola\" href=\"http:\/\/www.comprensivo1portotorres.edu.it\/educazione-alimentare-a-scuola-2\/\">continua la lettura]<\/a><\/p>\n<\/div>\n","protected":false},"excerpt":{"rendered":"<p>&#8220;A tu per tu con le Verdure. Esperienza di educazione alimentare&#8221; La scuola \u00e8 sicuramente da considerare il luogo pi\u00f9 adatto per lo svolgimento di iniziative di prevenzione. Cos\u00ec nella sezione C della scuola primaria Borgona, le insegnanti sin dal primo anno hanno promosso e attivato interventi educativo-didattici volti a promuovere l\u2019importanza di una corretta&nbsp; &nbsp; <a class=\"moretag\" href=\"https:\/\/www.comprensivo1portotorres.edu.it\/a-tu-per-tu-con-le-verdure\/\" title=\"Leggi l&#180;intero articolo\">&raquo;<\/a><\/p>\n","protected":false},"author":1,"featured_media":0,"parent":0,"menu_order":0,"comment_status":"closed","ping_status":"closed","template":"tmpl_home.php","meta":{"ngg_post_thumbnail":0},"_links":{"self":[{"href":"https:\/\/www.comprensivo1portotorres.edu.it\/wp-json\/wp\/v2\/pages\/5911"}],"collection":[{"href":"https:\/\/www.comprensivo1portotorres.edu.it\/wp-json\/wp\/v2\/pages"}],"about":[{"href":"https:\/\/www.comprensivo1portotorres.edu.it\/wp-json\/wp\/v2\/types\/page"}],"author":[{"embeddable":true,"href":"https:\/\/www.comprensivo1portotorres.edu.it\/wp-json\/wp\/v2\/users\/1"}],"replies":[{"embeddable":true,"href":"https:\/\/www.comprensivo1portotorres.edu.it\/wp-json\/wp\/v2\/comments?post=5911"}],"version-history":[{"count":7,"href":"https:\/\/www.comprensivo1portotorres.edu.it\/wp-json\/wp\/v2\/pages\/5911\/revisions"}],"predecessor-version":[{"id":5919,"href":"https:\/\/www.comprensivo1portotorres.edu.it\/wp-json\/wp\/v2\/pages\/5911\/revisions\/5919"}],"wp:attachment":[{"href":"https:\/\/www.comprensivo1portotorres.edu.it\/wp-json\/wp\/v2\/media?parent=5911"}],"curies":[{"name":"wp","href":"https:\/\/api.w.org\/{rel}","templated":true}]}}