{"id":742,"date":"2013-10-10T08:00:18","date_gmt":"2013-10-10T08:00:18","guid":{"rendered":"http:\/\/www.scuolacooperativa.net\/wordpress\/?page_id=89"},"modified":"2020-12-04T07:19:50","modified_gmt":"2020-12-04T07:19:50","slug":"carta-dei-servizi","status":"publish","type":"page","link":"https:\/\/www.comprensivo1portotorres.edu.it\/la-scuola\/carta-dei-servizi\/","title":{"rendered":"Carta dei servizi"},"content":{"rendered":"<p><a href=\"https:\/\/www.comprensivo1portotorres.edu.it\/wp-content\/uploads\/2013\/10\/download-2.jpg\"><img decoding=\"async\" loading=\"lazy\" class=\"aligncenter wp-image-12380 size-full\" src=\"https:\/\/www.comprensivo1portotorres.edu.it\/wp-content\/uploads\/2013\/10\/download-2.jpg\" width=\"326\" height=\"155\" srcset=\"https:\/\/www.comprensivo1portotorres.edu.it\/wp-content\/uploads\/2013\/10\/download-2.jpg 326w, https:\/\/www.comprensivo1portotorres.edu.it\/wp-content\/uploads\/2013\/10\/download-2-300x143.jpg 300w, https:\/\/www.comprensivo1portotorres.edu.it\/wp-content\/uploads\/2013\/10\/download-2-180x86.jpg 180w\" sizes=\"(max-width: 326px) 100vw, 326px\" \/><\/a><\/p>\n<p style=\"text-align: justify;\">La Carta dei Servizi scolastici \u00e8 stata introdotta nell&#8217;ordinamento dal \u201cDecreto del\u00a0Presidente del Consiglio dei Ministri 7 giugno 1995\u201d (oggetto: Schema generale di\u00a0riferimento della \u201cCarta dei servizi scolastici\u201d).<\/p>\n<p style=\"text-align: justify;\">La Carta dei Servizi \u00e8 un documento pluriennale nel quale ciascuna scuola definisce e\u00a0rende noto all&#8217;esterno i principi fondamentali e le finalit\u00e0 a cui ispira la propria attivit\u00e0.<br \/>\nEssa \u00e8 posta a tutela dei diritti dell\u2019utenza in materia di corretta ed efficace erogazione\u00a0del servizio e indica i principi fondamentali cui si ispira la scuola e a cui si deve\u00a0attenere anche la complessiva attivit\u00e0 programmatoria.<br \/>\nLa Carta dei Servizi ha come fonte di ispirazione fondamentale gli articoli 3, 33 e 34<br \/>\ndella Costituzione.<\/p>\n<p style=\"text-align: justify;\"><strong>Principi fondamentali<br \/>\n<\/strong>Questa carta dei servizi fa propri i principi fondamentali di uguaglianza, imparzialit\u00e0 e regolarit\u00e0, accoglienza e integrazione, diritto di scelta, partecipazione, libert\u00e0 d\u2019insegnamento e aggiornamento del personale, che sono contenuti nel D.P.C.M. 7 luglio 1995.<\/p>\n<h3>Leggi il documento<\/h3>\n<p style=\"text-align: justify;\"><div class=\"attachments\"><dl class=\"attachments attachments-medium\">\r\n<dt class=\"icon\">\r\n\t<a title=\"CARTA DEI SERVIZI-signed\" href=\"https:\/\/www.comprensivo1portotorres.edu.it\/la-scuola\/carta-dei-servizi\/?aid=19562&sa=0\" >\r\n\t\t<img src=\"https:\/\/www.comprensivo1portotorres.edu.it\/wp-content\/plugins\/eg-attachments\/img\/flags\/document.png\" width=\"32\" height=\"32\"  alt=\"CARTA DEI SERVIZI-signed\" \/>\r\n\t<\/a>\r\n<\/dt>\r\n<dd class=\"caption\">\r\n\t<strong>Filename<\/strong> : <a title=\"CARTA DEI SERVIZI-signed\" href=\"https:\/\/www.comprensivo1portotorres.edu.it\/la-scuola\/carta-dei-servizi\/?aid=19562&sa=0\" >carta-dei-servizi-signed.pdf<\/a> (975 KB)\r\n\t<br>\r\n\t<strong>Etichetta<\/strong> : \r\n<\/dd>\r\n<\/dl><p><\/p><\/div>\n<h3 style=\"text-align: justify;\">Leggi i\u00a0 Descrittori di Valutazione Scuola dell&#8217;Infanzia, Scuola Primaria e Scuola Secondaria I Grado<\/h3>\n<p style=\"text-align: center;\"><strong>A.S. 2017\/2018<\/strong><\/p>\n<p>1.\u00a0 \u00a0 \u00a0 \u00a0RUBRICHE CERTIFICAZIONE COMPETENZE &#8211; Scuola Primaria<\/p>\n<div class=\"attachments\"><dl class=\"attachments attachments-medium\">\r\n<dt class=\"icon\">\r\n\t<a title=\"2017-18 - RUBRICHE CERTIFICAZIONE COMPETENZE - Scuola Primaria\" href=\"https:\/\/www.comprensivo1portotorres.edu.it\/la-scuola\/carta-dei-servizi\/?aid=14480&sa=0\" >\r\n\t\t<img src=\"https:\/\/www.comprensivo1portotorres.edu.it\/wp-content\/plugins\/eg-attachments\/img\/flags\/document.png\" width=\"32\" height=\"32\"  alt=\"2017-18 - RUBRICHE CERTIFICAZIONE COMPETENZE - Scuola Primaria\" \/>\r\n\t<\/a>\r\n<\/dt>\r\n<dd class=\"caption\">\r\n\t<strong>Filename<\/strong> : <a title=\"2017-18 - RUBRICHE CERTIFICAZIONE COMPETENZE - Scuola Primaria\" href=\"https:\/\/www.comprensivo1portotorres.edu.it\/la-scuola\/carta-dei-servizi\/?aid=14480&sa=0\" >2017-18-rubriche-certificazione-competenze-scuola-primaria.pdf<\/a> (701 KB)\r\n\t<br>\r\n\t<strong>Etichetta<\/strong> : \r\n<\/dd>\r\n<\/dl><p><\/p><\/div>\n<p>2.\u00a0 \u00a0 \u00a0 \u00a0RUBRICHE CERTIFICAZIONE COMPETENZE &#8211; Scuola Sec 1\u00b0 Grado<\/p>\n<div class=\"attachments\"><dl class=\"attachments attachments-medium\">\r\n<dt class=\"icon\">\r\n\t<a title=\"2017-18 - RUBRICHE CERTIFICAZIONE COMPETENZE - Scuola Sec._ 1\u00b0 Grado\" href=\"https:\/\/www.comprensivo1portotorres.edu.it\/la-scuola\/carta-dei-servizi\/?aid=14481&sa=0\" >\r\n\t\t<img src=\"https:\/\/www.comprensivo1portotorres.edu.it\/wp-content\/plugins\/eg-attachments\/img\/flags\/document.png\" width=\"32\" height=\"32\"  alt=\"2017-18 - RUBRICHE CERTIFICAZIONE COMPETENZE - Scuola Sec._ 1\u00b0 Grado\" \/>\r\n\t<\/a>\r\n<\/dt>\r\n<dd class=\"caption\">\r\n\t<strong>Filename<\/strong> : <a title=\"2017-18 - RUBRICHE CERTIFICAZIONE COMPETENZE - Scuola Sec._ 1\u00b0 Grado\" href=\"https:\/\/www.comprensivo1portotorres.edu.it\/la-scuola\/carta-dei-servizi\/?aid=14481&sa=0\" >2017-18-rubriche-certificazione-competenze-scuola-sec-_-1-grado.pdf<\/a> ( )\r\n\t<br>\r\n\t<strong>Etichetta<\/strong> : \r\n<\/dd>\r\n<\/dl><p><\/p><\/div>\n<p>3.\u00a0 \u00a0 \u00a0 \u00a0GRIGLIE DI VALUTAZIONE DISCIPLINARE &#8211; Scuola Primaria<\/p>\n<div class=\"attachments\"><dl class=\"attachments attachments-medium\">\r\n<dt class=\"icon\">\r\n\t<a title=\"2017-18 - GRIGLIE DI VALUTAZIONE DISCIPLINARE - Scuola Primaria\" href=\"https:\/\/www.comprensivo1portotorres.edu.it\/la-scuola\/carta-dei-servizi\/?aid=14482&sa=0\" >\r\n\t\t<img src=\"https:\/\/www.comprensivo1portotorres.edu.it\/wp-content\/plugins\/eg-attachments\/img\/flags\/document.png\" width=\"32\" height=\"32\"  alt=\"2017-18 - GRIGLIE DI VALUTAZIONE DISCIPLINARE - Scuola Primaria\" \/>\r\n\t<\/a>\r\n<\/dt>\r\n<dd class=\"caption\">\r\n\t<strong>Filename<\/strong> : <a title=\"2017-18 - GRIGLIE DI VALUTAZIONE DISCIPLINARE - Scuola Primaria\" href=\"https:\/\/www.comprensivo1portotorres.edu.it\/la-scuola\/carta-dei-servizi\/?aid=14482&sa=0\" >2017-18-griglie-di-valutazione-disciplinare-scuola-primaria.pdf<\/a> (818 KB)\r\n\t<br>\r\n\t<strong>Etichetta<\/strong> : \r\n<\/dd>\r\n<\/dl><p><\/p><\/div>\n<p>4.\u00a0 \u00a0 \u00a0 \u00a0GRIGLIE DI VALUTAZIONE DISCIPLINARE &#8211; Scuola Sec 1\u00b0 Grado<\/p>\n<div class=\"attachments\"><dl class=\"attachments attachments-medium\">\r\n<dt class=\"icon\">\r\n\t<a title=\"2017-18 - GRIGLIE DI VALUTAZIONE DISCIPLINARE - Scuola Se_c. 1\u00b0 Grado\" href=\"https:\/\/www.comprensivo1portotorres.edu.it\/la-scuola\/carta-dei-servizi\/?aid=14483&sa=0\" >\r\n\t\t<img src=\"https:\/\/www.comprensivo1portotorres.edu.it\/wp-content\/plugins\/eg-attachments\/img\/flags\/document.png\" width=\"32\" height=\"32\"  alt=\"2017-18 - GRIGLIE DI VALUTAZIONE DISCIPLINARE - Scuola Se_c. 1\u00b0 Grado\" \/>\r\n\t<\/a>\r\n<\/dt>\r\n<dd class=\"caption\">\r\n\t<strong>Filename<\/strong> : <a title=\"2017-18 - GRIGLIE DI VALUTAZIONE DISCIPLINARE - Scuola Se_c. 1\u00b0 Grado\" href=\"https:\/\/www.comprensivo1portotorres.edu.it\/la-scuola\/carta-dei-servizi\/?aid=14483&sa=0\" >2017-18-griglie-di-valutazione-disciplinare-scuola-se_c-1-grado.pdf<\/a> ( )\r\n\t<br>\r\n\t<strong>Etichetta<\/strong> : \r\n<\/dd>\r\n<\/dl><p><\/p><\/div>\n<p>5.\u00a0 \u00a0 \u00a0 \u00a0TABELLA COMPORTAMENTO &#8211; Scuola Primaria<\/p>\n<div class=\"attachments\"><dl class=\"attachments attachments-medium\">\r\n<dt class=\"icon\">\r\n\t<a title=\"2017-18 - TABELLA COMPORTAMENTO - Scuola Primaria\" href=\"https:\/\/www.comprensivo1portotorres.edu.it\/la-scuola\/carta-dei-servizi\/?aid=14484&sa=0\" >\r\n\t\t<img src=\"https:\/\/www.comprensivo1portotorres.edu.it\/wp-content\/plugins\/eg-attachments\/img\/flags\/document.png\" width=\"32\" height=\"32\"  alt=\"2017-18 - TABELLA COMPORTAMENTO - Scuola Primaria\" \/>\r\n\t<\/a>\r\n<\/dt>\r\n<dd class=\"caption\">\r\n\t<strong>Filename<\/strong> : <a title=\"2017-18 - TABELLA COMPORTAMENTO - Scuola Primaria\" href=\"https:\/\/www.comprensivo1portotorres.edu.it\/la-scuola\/carta-dei-servizi\/?aid=14484&sa=0\" >2017-18-tabella-comportamento-scuola-primaria.pdf<\/a> (382 KB)\r\n\t<br>\r\n\t<strong>Etichetta<\/strong> : \r\n<\/dd>\r\n<\/dl><p><\/p><\/div>\n<p>6.\u00a0 \u00a0 \u00a0 \u00a0TABELLA COMPORTAMENTO &#8211; Scuola Sec 1\u00b0 Grado<\/p>\n<div class=\"attachments\"><dl class=\"attachments attachments-medium\">\r\n<dt class=\"icon\">\r\n\t<a title=\"2017-18 - TABELLA COMPORTAMENTO -Scuola Sec. 1\u00b0 Grado\" href=\"https:\/\/www.comprensivo1portotorres.edu.it\/la-scuola\/carta-dei-servizi\/?aid=14485&sa=0\" >\r\n\t\t<img src=\"https:\/\/www.comprensivo1portotorres.edu.it\/wp-content\/plugins\/eg-attachments\/img\/flags\/document.png\" width=\"32\" height=\"32\"  alt=\"2017-18 - TABELLA COMPORTAMENTO -Scuola Sec. 1\u00b0 Grado\" \/>\r\n\t<\/a>\r\n<\/dt>\r\n<dd class=\"caption\">\r\n\t<strong>Filename<\/strong> : <a title=\"2017-18 - TABELLA COMPORTAMENTO -Scuola Sec. 1\u00b0 Grado\" href=\"https:\/\/www.comprensivo1portotorres.edu.it\/la-scuola\/carta-dei-servizi\/?aid=14485&sa=0\" >2017-18-tabella-comportamento-scuola-sec-1-grado.pdf<\/a> ( )\r\n\t<br>\r\n\t<strong>Etichetta<\/strong> : \r\n<\/dd>\r\n<\/dl><p><\/p><\/div>\n<p>7.\u00a0 \u00a0 \u00a0 \u00a0TRAGUARDI SVILUPPO COMPETENZE CITTADINANZA &#8211; Scuola dell&#8217;Infanzia<\/p>\n<div class=\"attachments\"><dl class=\"attachments attachments-medium\">\r\n<dt class=\"icon\">\r\n\t<a title=\"2017-18 - Traguardi Sviluppo Competenze CITTADINANZA - Scuola dell&#039;Infanzia\" href=\"https:\/\/www.comprensivo1portotorres.edu.it\/la-scuola\/carta-dei-servizi\/?aid=14486&sa=0\" >\r\n\t\t<img src=\"https:\/\/www.comprensivo1portotorres.edu.it\/wp-content\/plugins\/eg-attachments\/img\/flags\/document.png\" width=\"32\" height=\"32\"  alt=\"2017-18 - Traguardi Sviluppo Competenze CITTADINANZA - Scuola dell'Infanzia\" \/>\r\n\t<\/a>\r\n<\/dt>\r\n<dd class=\"caption\">\r\n\t<strong>Filename<\/strong> : <a title=\"2017-18 - Traguardi Sviluppo Competenze CITTADINANZA - Scuola dell&#039;Infanzia\" href=\"https:\/\/www.comprensivo1portotorres.edu.it\/la-scuola\/carta-dei-servizi\/?aid=14486&sa=0\" >2017-18-traguardi-sviluppo-competenze-cittadinanza-scuola-dellinfanzia.pdf<\/a> (209 KB)\r\n\t<br>\r\n\t<strong>Etichetta<\/strong> : \r\n<\/dd>\r\n<\/dl><p><\/p><\/div>\n<p>8.\u00a0 \u00a0 \u00a0 \u00a0TRAGUARDI SVILUPPO COMPETENZE CITTADINANZA &#8211; Scuola Primaria<\/p>\n<div class=\"attachments\"><dl class=\"attachments attachments-medium\">\r\n<dt class=\"icon\">\r\n\t<a title=\"2017-18 - Traguardi Sviluppo Competenze CITTADINANZA - Scuola Primaria\" href=\"https:\/\/www.comprensivo1portotorres.edu.it\/la-scuola\/carta-dei-servizi\/?aid=14487&sa=0\" >\r\n\t\t<img src=\"https:\/\/www.comprensivo1portotorres.edu.it\/wp-content\/plugins\/eg-attachments\/img\/flags\/document.png\" width=\"32\" height=\"32\"  alt=\"2017-18 - Traguardi Sviluppo Competenze CITTADINANZA - Scuola Primaria\" \/>\r\n\t<\/a>\r\n<\/dt>\r\n<dd class=\"caption\">\r\n\t<strong>Filename<\/strong> : <a title=\"2017-18 - Traguardi Sviluppo Competenze CITTADINANZA - Scuola Primaria\" href=\"https:\/\/www.comprensivo1portotorres.edu.it\/la-scuola\/carta-dei-servizi\/?aid=14487&sa=0\" >2017-18-traguardi-sviluppo-competenze-cittadinanza-scuola-primaria.pdf<\/a> (213 KB)\r\n\t<br>\r\n\t<strong>Etichetta<\/strong> : \r\n<\/dd>\r\n<\/dl><p><\/p><\/div>\n<p>9.\u00a0 \u00a0 \u00a0 \u00a0TRAGUARDI SVILUPPO COMPETENZE CITTADINANZA &#8211; Scuola Sec 1\u00b0 Grado<\/p>\n<div class=\"attachments\"><dl class=\"attachments attachments-medium\">\r\n<dt class=\"icon\">\r\n\t<a title=\"2017-18 - Traguardi Sviluppo Competenze CITTADINANZA - Scu_ola Sec. 1\u00b0 Grado\" href=\"https:\/\/www.comprensivo1portotorres.edu.it\/la-scuola\/carta-dei-servizi\/?aid=14488&sa=0\" >\r\n\t\t<img src=\"https:\/\/www.comprensivo1portotorres.edu.it\/wp-content\/plugins\/eg-attachments\/img\/flags\/document.png\" width=\"32\" height=\"32\"  alt=\"2017-18 - Traguardi Sviluppo Competenze CITTADINANZA - Scu_ola Sec. 1\u00b0 Grado\" \/>\r\n\t<\/a>\r\n<\/dt>\r\n<dd class=\"caption\">\r\n\t<strong>Filename<\/strong> : <a title=\"2017-18 - Traguardi Sviluppo Competenze CITTADINANZA - Scu_ola Sec. 1\u00b0 Grado\" href=\"https:\/\/www.comprensivo1portotorres.edu.it\/la-scuola\/carta-dei-servizi\/?aid=14488&sa=0\" >2017-18-traguardi-sviluppo-competenze-cittadinanza-scu_ola-sec-1-grado.pdf<\/a> ( )\r\n\t<br>\r\n\t<strong>Etichetta<\/strong> : \r\n<\/dd>\r\n<\/dl><p><\/p><\/div>\n<p>10.\u00a0 \u00a0GLOSSARIO<\/p>\n<div class=\"attachments\"><dl class=\"attachments attachments-medium\">\r\n<dt class=\"icon\">\r\n\t<a title=\"2017-18 - GLOSSARIO\" href=\"https:\/\/www.comprensivo1portotorres.edu.it\/la-scuola\/carta-dei-servizi\/?aid=14489&sa=0\" >\r\n\t\t<img src=\"https:\/\/www.comprensivo1portotorres.edu.it\/wp-content\/plugins\/eg-attachments\/img\/flags\/document.png\" width=\"32\" height=\"32\"  alt=\"2017-18 - GLOSSARIO\" \/>\r\n\t<\/a>\r\n<\/dt>\r\n<dd class=\"caption\">\r\n\t<strong>Filename<\/strong> : <a title=\"2017-18 - GLOSSARIO\" href=\"https:\/\/www.comprensivo1portotorres.edu.it\/la-scuola\/carta-dei-servizi\/?aid=14489&sa=0\" >2017-18-glossario.pdf<\/a> (447 KB)\r\n\t<br>\r\n\t<strong>Etichetta<\/strong> : \r\n<\/dd>\r\n<\/dl><p><\/p><\/div>\n<p style=\"text-align: center;\"><strong>A.S. 2016\/2017<\/strong><\/p>\n<p style=\"text-align: justify;\"><div class=\"attachments\"><dl class=\"attachments attachments-medium\">\r\n<dt class=\"icon\">\r\n\t<a title=\"DESCRITTORI VALUTAZIONE\" href=\"https:\/\/www.comprensivo1portotorres.edu.it\/la-scuola\/carta-dei-servizi\/?aid=12374&sa=0\" >\r\n\t\t<img src=\"https:\/\/www.comprensivo1portotorres.edu.it\/wp-content\/plugins\/eg-attachments\/img\/flags\/document.png\" width=\"32\" height=\"32\"  alt=\"DESCRITTORI VALUTAZIONE\" \/>\r\n\t<\/a>\r\n<\/dt>\r\n<dd class=\"caption\">\r\n\t<strong>Filename<\/strong> : <a title=\"DESCRITTORI VALUTAZIONE\" href=\"https:\/\/www.comprensivo1portotorres.edu.it\/la-scuola\/carta-dei-servizi\/?aid=12374&sa=0\" >descrittori-valutazione.pdf<\/a> (1 MB)\r\n\t<br>\r\n\t<strong>Etichetta<\/strong> : \r\n<\/dd>\r\n<\/dl><p><\/p><\/div>\n","protected":false},"excerpt":{"rendered":"<p>La Carta dei Servizi scolastici \u00e8 stata introdotta nell&#8217;ordinamento dal \u201cDecreto del\u00a0Presidente del Consiglio dei Ministri 7 giugno 1995\u201d (oggetto: Schema generale di\u00a0riferimento della \u201cCarta dei servizi scolastici\u201d). La Carta dei Servizi \u00e8 un documento pluriennale nel quale ciascuna scuola definisce e\u00a0rende noto all&#8217;esterno i principi fondamentali e le finalit\u00e0 a cui ispira la propria&nbsp; &nbsp; <a class=\"moretag\" href=\"https:\/\/www.comprensivo1portotorres.edu.it\/la-scuola\/carta-dei-servizi\/\" title=\"Leggi l&#180;intero articolo\">&raquo;<\/a><\/p>\n","protected":false},"author":1,"featured_media":0,"parent":186,"menu_order":4,"comment_status":"closed","ping_status":"closed","template":"","meta":{"ngg_post_thumbnail":0},"_links":{"self":[{"href":"https:\/\/www.comprensivo1portotorres.edu.it\/wp-json\/wp\/v2\/pages\/742"}],"collection":[{"href":"https:\/\/www.comprensivo1portotorres.edu.it\/wp-json\/wp\/v2\/pages"}],"about":[{"href":"https:\/\/www.comprensivo1portotorres.edu.it\/wp-json\/wp\/v2\/types\/page"}],"author":[{"embeddable":true,"href":"https:\/\/www.comprensivo1portotorres.edu.it\/wp-json\/wp\/v2\/users\/1"}],"replies":[{"embeddable":true,"href":"https:\/\/www.comprensivo1portotorres.edu.it\/wp-json\/wp\/v2\/comments?post=742"}],"version-history":[{"count":20,"href":"https:\/\/www.comprensivo1portotorres.edu.it\/wp-json\/wp\/v2\/pages\/742\/revisions"}],"predecessor-version":[{"id":19563,"href":"https:\/\/www.comprensivo1portotorres.edu.it\/wp-json\/wp\/v2\/pages\/742\/revisions\/19563"}],"up":[{"embeddable":true,"href":"https:\/\/www.comprensivo1portotorres.edu.it\/wp-json\/wp\/v2\/pages\/186"}],"wp:attachment":[{"href":"https:\/\/www.comprensivo1portotorres.edu.it\/wp-json\/wp\/v2\/media?parent=742"}],"curies":[{"name":"wp","href":"https:\/\/api.w.org\/{rel}","templated":true}]}}