{"id":8788,"date":"2015-11-28T19:54:12","date_gmt":"2015-11-28T19:54:12","guid":{"rendered":"http:\/\/www.comprensivo1portotorres.edu.it\/?page_id=8788"},"modified":"2023-03-31T10:25:53","modified_gmt":"2023-03-31T10:25:53","slug":"piano-operativo-di-sicurezza-pos","status":"publish","type":"page","link":"https:\/\/www.comprensivo1portotorres.edu.it\/piano-operativo-di-sicurezza-pos\/","title":{"rendered":"Piano Operativo di Sicurezza (POS)"},"content":{"rendered":"<p style=\"text-align: center;\"><a href=\"https:\/\/www.comprensivo1portotorres.edu.it\/wp-content\/uploads\/2015\/11\/images.jpe\"><img decoding=\"async\" loading=\"lazy\" class=\"aligncenter wp-image-8797 size-full\" src=\"https:\/\/www.comprensivo1portotorres.edu.it\/wp-content\/uploads\/2015\/11\/images.jpe\" alt=\"images\" width=\"355\" height=\"142\" srcset=\"https:\/\/www.comprensivo1portotorres.edu.it\/wp-content\/uploads\/2015\/11\/images.jpe 355w, https:\/\/www.comprensivo1portotorres.edu.it\/wp-content\/uploads\/2015\/11\/images-300x120.jpe 300w, https:\/\/www.comprensivo1portotorres.edu.it\/wp-content\/uploads\/2015\/11\/images-180x72.jpe 180w\" sizes=\"(max-width: 355px) 100vw, 355px\" \/><\/a><\/p>\n<p style=\"text-align: justify;\"><strong>Il <strong>Piano Operativo di Sicurezza<\/strong>, pi\u00f9 conosciuto attraverso l\u2019acronimo <strong>POS<\/strong>, \u00e8 un documento previsto\u00a0dall&#8217;articolo\u00a017 del D.lgs. 81\/08, ossia dal <strong>Testo unico per la sicurezza sul lavoro<\/strong> (TUSL).<\/strong><\/p>\n<p style=\"text-align: justify;\">Il Piano Operativo di Sicurezza, non \u00e8 un <strong>semplice adempimento amministrativo<\/strong> o un inutile orpello burocratico. Il documento deve essere considerato \u00a0come un <strong>prezioso vademecum<\/strong> contenente utili indicazioni per prevenire, o limitare al massimo i rischi.<\/p>\n<h2>Le figure coinvolte<\/h2>\n<p style=\"text-align: justify;\"><strong>Il Dirigente Scolastico<\/strong> \u00c8 il soggetto titolare del rapporto di lavoro con il lavoratore o, comunque, il soggetto che, secondo l\u2019organizzazione della scuola, ha la responsabilit\u00e0 della scuola stessa ovvero dell\u2019unit\u00e0 produttiva in quanto titolare dei poteri decisionali e di spesa.<\/p>\n<p style=\"text-align: justify;\"><strong>Il responsabile del servizio di prevenzione e protezione (RSPP<\/strong>) \u00c8 designato direttamente dal datore di lavoro ed \u00e8 in possesso di un titolo di studio non inferiore al diploma di istruzione secondaria superiore nonch\u00e9 di un attestato di frequenza, con verifica dell\u2019apprendimento, a specifici corsi di formazione adeguati alla natura dei \u00a0rischi presenti sul luogo di lavoro e relativi alle attivit\u00e0 lavorative. Il RSPP non risponde direttamente per i reati propri in materia di prevenzione ma, se dall\u2019omissione di misure di prevenzione, deriva un danno a persone o cose questo pu\u00f2 essere chiamato in causa per verificare il suo operato.<\/p>\n<p style=\"text-align: justify;\"><strong>Il rappresentante dei lavoratori per la sicurezza (RLS)<\/strong> Il rappresentante di lavoratori per la sicurezza \u00e8 una figura eletta o designata dai lavoratori per essere rappresentante in tema di igiene e sicurezza. L\u2019RLS \u00e8 di norma eletto direttamente dai lavoratori al loro interno.<\/p>\n<p style=\"text-align: justify;\"><strong>Il medico competente<\/strong> Il medico competente (MC) \u00e8 un dottore con attribuzioni specifiche sulla salute e la sicurezza sul lavoro. Il MC deve essere nominato direttamente dal datore di lavoro e deve avere requisiti professionali che lo abilitano alla funzione.<\/p>\n<p style=\"text-align: justify;\"><strong>Personale docente e non docente<\/strong> Ciascun lavoratore deve prendersi cura della propria sicurezza e della propria salute e di quella delle altre persone presenti sul luogo di lavoro, su cui possono ricadere gli effetti delle sue azioni od omissioni, conformemente alla sua formazione a alle istruzioni e ai mezzi forniti dal datore di lavoro.<\/p>\n<p style=\"text-align: justify;\"><strong>Addetti alle emergenze e addetti al primo soccorso<\/strong> Sono i lavoratori incaricati dell\u2019attuazione delle misure di prevenzione incendi e lotta antincendio, di evacuazione dei luoghi di lavoro in caso di pericolo grave e immediato, di salvataggio, di primo soccorso e, in generale, di gestione dell\u2019emergenza. Sono designati direttamente dal datore di lavoro e scelti in base alle loro capacit\u00e0 e attitudini.<\/p>\n<p>Il piano operativo della sicurezza \u00e8 allegato agli atti della scuola .<\/p>\n<p>&nbsp;<\/p>\n<p style=\"text-align: justify;\"><div class=\"attachments\"><dl class=\"attachments attachments-medium\">\r\n<dt class=\"icon\">\r\n\t<a title=\"Protocollo_comportamento_rev01\" href=\"https:\/\/www.comprensivo1portotorres.edu.it\/piano-operativo-di-sicurezza-pos\/?aid=12892&sa=0\" >\r\n\t\t<img src=\"https:\/\/www.comprensivo1portotorres.edu.it\/wp-content\/plugins\/eg-attachments\/img\/flags\/document.png\" width=\"32\" height=\"32\"  alt=\"Protocollo_comportamento_rev01\" \/>\r\n\t<\/a>\r\n<\/dt>\r\n<dd class=\"caption\">\r\n\t<strong>Filename<\/strong> : <a title=\"Protocollo_comportamento_rev01\" href=\"https:\/\/www.comprensivo1portotorres.edu.it\/piano-operativo-di-sicurezza-pos\/?aid=12892&sa=0\" >protocollo_comportamento_rev01.pdf<\/a> (588 KB)\r\n\t<br>\r\n\t<strong>Etichetta<\/strong> : \r\n<\/dd>\r\n<\/dl><p><\/p><\/div>\n<p style=\"text-align: justify;\"><a href=\"https:\/\/www.comprensivo1portotorres.edu.it\/wp-content\/uploads\/2017\/12\/DVR-LAVORATRICI-MADRI-firm..pdf\">DVR-LAVORATRICI-MADRI-firm..pdf<\/a><\/p>\n<div class=\"attachments\"><dl class=\"attachments attachments-medium\">\r\n<dt class=\"icon\">\r\n\t<a title=\"Evacuazione Disabili\" href=\"https:\/\/www.comprensivo1portotorres.edu.it\/piano-operativo-di-sicurezza-pos\/?aid=15203&sa=0\" >\r\n\t\t<img src=\"https:\/\/www.comprensivo1portotorres.edu.it\/wp-content\/plugins\/eg-attachments\/img\/flags\/document.png\" width=\"32\" height=\"32\"  alt=\"Evacuazione Disabili\" \/>\r\n\t<\/a>\r\n<\/dt>\r\n<dd class=\"caption\">\r\n\t<strong>Filename<\/strong> : <a title=\"Evacuazione Disabili\" href=\"https:\/\/www.comprensivo1portotorres.edu.it\/piano-operativo-di-sicurezza-pos\/?aid=15203&sa=0\" >evacuazione-disabili.pdf<\/a> (6 MB)\r\n\t<br>\r\n\t<strong>Etichetta<\/strong> : \r\n<\/dd>\r\n<\/dl><p><\/p><\/div>\n<div class=\"attachments\"><dl class=\"attachments attachments-medium\">\r\n<dt class=\"icon\">\r\n\t<a title=\"PIANO EMERGENZA\" href=\"https:\/\/www.comprensivo1portotorres.edu.it\/piano-operativo-di-sicurezza-pos\/?aid=23258&sa=0\" >\r\n\t\t<img src=\"https:\/\/www.comprensivo1portotorres.edu.it\/wp-content\/plugins\/eg-attachments\/img\/flags\/archive.png\" width=\"32\" height=\"32\"  alt=\"PIANO EMERGENZA\" \/>\r\n\t<\/a>\r\n<\/dt>\r\n<dd class=\"caption\">\r\n\t<strong>Filename<\/strong> : <a title=\"PIANO EMERGENZA\" href=\"https:\/\/www.comprensivo1portotorres.edu.it\/piano-operativo-di-sicurezza-pos\/?aid=23258&sa=0\" >piano-emergenza.zip<\/a> (4 MB)\r\n\t<br>\r\n\t<strong>Etichetta<\/strong> : \r\n<\/dd>\r\n<\/dl><p><\/p><\/div>\n<div class=\"attachments\"><dl class=\"attachments attachments-medium\">\r\n<dt class=\"icon\">\r\n\t<a title=\"DESIGNAZIONE ADDETTI E ORGANIGRAMMA DELLA SICUREZZA GENERALE - A.S. 2022-2023\" href=\"https:\/\/www.comprensivo1portotorres.edu.it\/piano-operativo-di-sicurezza-pos\/?aid=23511&sa=0\" >\r\n\t\t<img src=\"https:\/\/www.comprensivo1portotorres.edu.it\/wp-content\/plugins\/eg-attachments\/img\/flags\/document.png\" width=\"32\" height=\"32\"  alt=\"DESIGNAZIONE ADDETTI E ORGANIGRAMMA DELLA SICUREZZA GENERALE - A.S. 2022-2023\" \/>\r\n\t<\/a>\r\n<\/dt>\r\n<dd class=\"caption\">\r\n\t<strong>Filename<\/strong> : <a title=\"DESIGNAZIONE ADDETTI E ORGANIGRAMMA DELLA SICUREZZA GENERALE - A.S. 2022-2023\" href=\"https:\/\/www.comprensivo1portotorres.edu.it\/piano-operativo-di-sicurezza-pos\/?aid=23511&sa=0\" >designazione-addetti-e-organigramma-della-sicurezza-generale-a-s-2022-2023.pdf<\/a> (286 KB)\r\n\t<br>\r\n\t<strong>Etichetta<\/strong> : \r\n<\/dd>\r\n<\/dl><p><\/p><\/div>\n<div class=\"attachments\"><dl class=\"attachments attachments-medium\">\r\n<dt class=\"icon\">\r\n\t<a title=\"DVR\" href=\"https:\/\/www.comprensivo1portotorres.edu.it\/piano-operativo-di-sicurezza-pos\/?aid=23512&sa=0\" >\r\n\t\t<img src=\"https:\/\/www.comprensivo1portotorres.edu.it\/wp-content\/plugins\/eg-attachments\/img\/flags\/archive.png\" width=\"32\" height=\"32\"  alt=\"DVR\" \/>\r\n\t<\/a>\r\n<\/dt>\r\n<dd class=\"caption\">\r\n\t<strong>Filename<\/strong> : <a title=\"DVR\" href=\"https:\/\/www.comprensivo1portotorres.edu.it\/piano-operativo-di-sicurezza-pos\/?aid=23512&sa=0\" >dvr.zip<\/a> (5 MB)\r\n\t<br>\r\n\t<strong>Etichetta<\/strong> : \r\n<\/dd>\r\n<\/dl><p><\/p><\/div>\n<div class=\"attachments\"><dl class=\"attachments attachments-medium\">\r\n<dt class=\"icon\">\r\n\t<a title=\"INFORMATIVA_SULLA_SICUREZZA_AI LAVORATORI\" href=\"https:\/\/www.comprensivo1portotorres.edu.it\/piano-operativo-di-sicurezza-pos\/?aid=23513&sa=0\" >\r\n\t\t<img src=\"https:\/\/www.comprensivo1portotorres.edu.it\/wp-content\/plugins\/eg-attachments\/img\/flags\/document.png\" width=\"32\" height=\"32\"  alt=\"INFORMATIVA_SULLA_SICUREZZA_AI LAVORATORI\" \/>\r\n\t<\/a>\r\n<\/dt>\r\n<dd class=\"caption\">\r\n\t<strong>Filename<\/strong> : <a title=\"INFORMATIVA_SULLA_SICUREZZA_AI LAVORATORI\" href=\"https:\/\/www.comprensivo1portotorres.edu.it\/piano-operativo-di-sicurezza-pos\/?aid=23513&sa=0\" >informativa_sulla_sicurezza_ai-lavoratori.pdf<\/a> (643 KB)\r\n\t<br>\r\n\t<strong>Etichetta<\/strong> : \r\n<\/dd>\r\n<\/dl><p><\/p><\/div>\n<p>&nbsp;<\/p>\n","protected":false},"excerpt":{"rendered":"<p>Il Piano Operativo di Sicurezza, pi\u00f9 conosciuto attraverso l\u2019acronimo POS, \u00e8 un documento previsto\u00a0dall&#8217;articolo\u00a017 del D.lgs. 81\/08, ossia dal Testo unico per la sicurezza sul lavoro (TUSL). Il Piano Operativo di Sicurezza, non \u00e8 un semplice adempimento amministrativo o un inutile orpello burocratico. Il documento deve essere considerato \u00a0come un prezioso vademecum contenente utili indicazioni&nbsp; &nbsp; <a class=\"moretag\" href=\"https:\/\/www.comprensivo1portotorres.edu.it\/piano-operativo-di-sicurezza-pos\/\" title=\"Leggi l&#180;intero articolo\">&raquo;<\/a><\/p>\n","protected":false},"author":1,"featured_media":0,"parent":0,"menu_order":0,"comment_status":"closed","ping_status":"closed","template":"","meta":{"ngg_post_thumbnail":0},"_links":{"self":[{"href":"https:\/\/www.comprensivo1portotorres.edu.it\/wp-json\/wp\/v2\/pages\/8788"}],"collection":[{"href":"https:\/\/www.comprensivo1portotorres.edu.it\/wp-json\/wp\/v2\/pages"}],"about":[{"href":"https:\/\/www.comprensivo1portotorres.edu.it\/wp-json\/wp\/v2\/types\/page"}],"author":[{"embeddable":true,"href":"https:\/\/www.comprensivo1portotorres.edu.it\/wp-json\/wp\/v2\/users\/1"}],"replies":[{"embeddable":true,"href":"https:\/\/www.comprensivo1portotorres.edu.it\/wp-json\/wp\/v2\/comments?post=8788"}],"version-history":[{"count":44,"href":"https:\/\/www.comprensivo1portotorres.edu.it\/wp-json\/wp\/v2\/pages\/8788\/revisions"}],"predecessor-version":[{"id":23514,"href":"https:\/\/www.comprensivo1portotorres.edu.it\/wp-json\/wp\/v2\/pages\/8788\/revisions\/23514"}],"wp:attachment":[{"href":"https:\/\/www.comprensivo1portotorres.edu.it\/wp-json\/wp\/v2\/media?parent=8788"}],"curies":[{"name":"wp","href":"https:\/\/api.w.org\/{rel}","templated":true}]}}