{"id":9711,"date":"2016-01-31T20:10:09","date_gmt":"2016-01-31T20:10:09","guid":{"rendered":"http:\/\/www.comprensivo1portotorres.edu.it\/?page_id=9711"},"modified":"2023-01-10T10:16:40","modified_gmt":"2023-01-10T10:16:40","slug":"ptof-piano-triennale-dellofferta-formativa","status":"publish","type":"page","link":"https:\/\/www.comprensivo1portotorres.edu.it\/ptof-piano-triennale-dellofferta-formativa\/","title":{"rendered":"PTOF &#8211; Piano Triennale dell&#8217;Offerta Formativa"},"content":{"rendered":"<p style=\"text-align: justify;\"><a href=\"https:\/\/www.comprensivo1portotorres.edu.it\/wp-content\/uploads\/2016\/01\/download-1.jpg\"><img decoding=\"async\" loading=\"lazy\" class=\"aligncenter wp-image-12378 size-full\" src=\"https:\/\/www.comprensivo1portotorres.edu.it\/wp-content\/uploads\/2016\/01\/download-1.jpg\" width=\"396\" height=\"127\" srcset=\"https:\/\/www.comprensivo1portotorres.edu.it\/wp-content\/uploads\/2016\/01\/download-1.jpg 396w, https:\/\/www.comprensivo1portotorres.edu.it\/wp-content\/uploads\/2016\/01\/download-1-300x96.jpg 300w, https:\/\/www.comprensivo1portotorres.edu.it\/wp-content\/uploads\/2016\/01\/download-1-180x58.jpg 180w\" sizes=\"(max-width: 396px) 100vw, 396px\" \/><\/a><\/p>\n<p style=\"text-align: justify;\">Il <strong>PTOF<\/strong> ha durata triennale ed \u00e8 una novit\u00e0 contenuta nella legge 107, La Buona Scuola. Esso potr\u00e0 essere rivisto annualmente entro il mese di ottobre.<\/p>\n<p style=\"text-align: justify;\">Cambia l\u2019iter di preparazione del Piano dell\u2019offerta che sar\u00e0 prima elaborato dal Collegio dei docenti sulla base \u2018degli indirizzi definiti\u2019 dal dirigente scolastico\u2019 e sar\u00e0 poi approvato dal Consiglio di istituto.<\/p>\n<p style=\"text-align: justify;\">Il nuovo Ptof triennale dovr\u00e0 prevedere \u2018il fabbisogno dei posti comuni e di sostegno dell\u2019organico dell\u2019autonomia sulla base del monte ore degli insegnamenti, nonch\u00e9 del numero del numero di alunni con disabilit\u00e0, fema restando la possibilit\u00e0 di istituire posti di sostegno in deroga\u2019.<\/p>\n<p style=\"text-align: justify;\"><em><strong>Natura del Piano<\/strong><\/em><\/p>\n<p style=\"text-align: justify;\">Sul significato del Piano il <strong>comma 1 dell\u2019art.3 novellato<\/strong> non riporta sostanziali modifiche al vecchio articolo 3 se non la dicitura \u201crivedibile annualmente\u201d; \u201c<em>il piano \u00e8 il documento fondamentale costitutivo dell\u2019identit\u00e0 culturale e progettuale delle istituzioni scolastiche ed esplicita la progettazione curricolare, extracurricolare, educativa e organizzativa che le singole scuole adottano nell\u2019ambito della loro autonomia\u201d.<\/em><\/p>\n<h3 style=\"text-align: justify;\"><strong>Tempistica<\/strong><\/h3>\n<p style=\"text-align: justify;\">Ai sensi del comma 12 della legge 107 <em>\u201cle istituzioni scolastiche predispongono il Piano entro il mese di ottobre dell\u2019anno scolastico precedente al triennio di riferimento. (\u2026) <\/em><em><strong>Il Piano pu\u00f2 essere rivisto annualmente entro il mese di ottobre\u201d.<\/strong><\/em> Nel precedente articolo 3 non era indicata nessuna scansione temporale per la revisione del Piano, al contrario l\u2019attuale articolo 3 del D.P.R. 275 del 1999, modificato dal comma 14 dell\u2019art.1della legge 107 sottolinea che il piano \u00e8 <strong>rivedibile <\/strong>annualmente. Per le eventuali revisioni si dispone che esse siano pubblicate tempestivamente nel Portale unico dei dati della scuola istituito ai sensi del comma 136.<\/p>\n<h3 style=\"text-align: justify;\"><strong>Ruolo del dirigente scolastico nel PTOF<\/strong><\/h3>\n<p style=\"text-align: justify;\"><strong>Il Comma 5 insieme al comma 4 indica i compiti spettanti al dirigente scolastico:<\/strong><em><strong> definizione degli indirizzi per le attivit\u00e0 e scelte di gestione e di amministrazione<\/strong><\/em>. Gli indirizzi modulano le linee di azione che si intendono svolgere tenendo conto degli obiettivi da perseguire. Le attivit\u00e0 per la scuola si delineano sulla base delle \u201cesigenze didattiche, organizzative e progettuali\u201d, comprendono anche le attivit\u00e0 formative rivolte al personale docente e amministrativo, tecnico e ausiliare.<\/p>\n<p style=\"text-align: justify;\">\u201c<em>Ai fini della predisposizione del piano, il dirigente scolastico promuove i necessari rapporti con gli enti locali e con le diverse realt\u00e0 istituzionali, culturali, sociali ed economiche operanti nel territorio; tiene altres\u00ec conto delle proposte e dei pareri formulati dagli organismi e dalle associazioni dei genitori e, per le scuole secondarie di secondo grado, degli studenti\u201d.<\/em><\/p>\n<p style=\"text-align: justify;\">Ci\u00f2 significa, identicamente a prima della legge 107, \u201c<em>l\u2019apertura della comunit\u00e0 scolastica al territorio con il pieno coinvolgimento delle istituzioni e delle realt\u00e0 locali\u201d <\/em>(comma 2). Al dirigente scolastico l\u2019onere di attivare questi rapporti.<\/p>\n<h3 style=\"text-align: justify;\">Controllori del PTOF<\/h3>\n<p style=\"text-align: justify;\">L\u2019ufficio scolastico regionale verifica che il piano triennale dell\u2019offerta formativa rispetti il limite dell\u2019organico assegnato a ciascuna istituzione scolastica e trasmette al Ministero dell\u2019istruzione e dell\u2019universit\u00e0 e della ricerca gli esiti della verifica (comma 13 Legge 107).<\/p>\n<h3 style=\"text-align: justify;\"><em><strong>Pubblicazione del PTOF<\/strong><\/em><\/h3>\n<p style=\"text-align: justify;\">Scompare dall\u2019antecedente articolo 3 D.P.R. n.275 del 1999 il comma 5 \u201c<em>il Piano dell\u2019offerta formativa \u00e8 reso pubblico e consegnato agli alunni e alle famiglie all\u2019atto dell\u2019iscrizione\u201d; <\/em>in effetti la pubblicazione del Piano \u00e8 regolata nel comma 17 della legge 107: <em>\u201cl<\/em><em>e istituzioni scolastiche, anche al fine di permettere una valutazione comparativa da parte degli studenti e delle famiglie, assicurano la piena trasparenza e pubblicit\u00e0 dei piani triennali dell\u2019offerta formativa, che sono pubblicati nel Portale unico di cui al comma 136. Sono altres\u00ec ivi pubblicate tempestivamente eventuali revisioni del piano triennale\u201d.<\/em><\/p>\n<h3><strong>Leggi il documento nella versione integrale<\/strong><\/h3>\n<div class=\"attachments\"><dl class=\"attachments attachments-medium\">\r\n<dt class=\"icon\">\r\n\t<a title=\"PTOF 2022-2025\" href=\"https:\/\/www.comprensivo1portotorres.edu.it\/ptof-piano-triennale-dellofferta-formativa\/?aid=23095&sa=0\" >\r\n\t\t<img src=\"https:\/\/www.comprensivo1portotorres.edu.it\/wp-content\/plugins\/eg-attachments\/img\/flags\/document.png\" width=\"32\" height=\"32\"  alt=\"PTOF 2022-2025\" \/>\r\n\t<\/a>\r\n<\/dt>\r\n<dd class=\"caption\">\r\n\t<strong>Filename<\/strong> : <a title=\"PTOF 2022-2025\" href=\"https:\/\/www.comprensivo1portotorres.edu.it\/ptof-piano-triennale-dellofferta-formativa\/?aid=23095&sa=0\" >ptof-2022-2025-3.pdf<\/a> (2 MB)\r\n\t<br>\r\n\t<strong>Etichetta<\/strong> : \r\n<\/dd>\r\n<\/dl><p><\/p><\/div>\n<div class=\"attachments\"><dl class=\"attachments attachments-medium\">\r\n<dt class=\"icon\">\r\n\t<a title=\"SSIC841007-201922-202122-20211230\" href=\"https:\/\/www.comprensivo1portotorres.edu.it\/ptof-piano-triennale-dellofferta-formativa\/?aid=21420&sa=0\" >\r\n\t\t<img src=\"https:\/\/www.comprensivo1portotorres.edu.it\/wp-content\/plugins\/eg-attachments\/img\/flags\/document.png\" width=\"32\" height=\"32\"  alt=\"SSIC841007-201922-202122-20211230\" \/>\r\n\t<\/a>\r\n<\/dt>\r\n<dd class=\"caption\">\r\n\t<strong>Filename<\/strong> : <a title=\"SSIC841007-201922-202122-20211230\" href=\"https:\/\/www.comprensivo1portotorres.edu.it\/ptof-piano-triennale-dellofferta-formativa\/?aid=21420&sa=0\" >ssic841007-201922-202122-20211230.pdf<\/a> (2 MB)\r\n\t<br>\r\n\t<strong>Etichetta<\/strong> : \r\n<\/dd>\r\n<\/dl><p><\/p><\/div>\n<div class=\"attachments\"><dl class=\"attachments attachments-medium\">\r\n<dt class=\"icon\">\r\n\t<a title=\"PTOF 2021-2022 AGGIORNATO\" href=\"https:\/\/www.comprensivo1portotorres.edu.it\/ptof-piano-triennale-dellofferta-formativa\/?aid=20566&sa=0\" >\r\n\t\t<img src=\"https:\/\/www.comprensivo1portotorres.edu.it\/wp-content\/plugins\/eg-attachments\/img\/flags\/document.png\" width=\"32\" height=\"32\"  alt=\"PTOF 2021-2022 AGGIORNATO\" \/>\r\n\t<\/a>\r\n<\/dt>\r\n<dd class=\"caption\">\r\n\t<strong>Filename<\/strong> : <a title=\"PTOF 2021-2022 AGGIORNATO\" href=\"https:\/\/www.comprensivo1portotorres.edu.it\/ptof-piano-triennale-dellofferta-formativa\/?aid=20566&sa=0\" >ptof-2021-2022-aggiornato.pdf<\/a> (2 MB)\r\n\t<br>\r\n\t<strong>Etichetta<\/strong> : \r\n<\/dd>\r\n<\/dl><p><\/p><\/div>\n<div class=\"attachments\"><dl class=\"attachments attachments-medium\">\r\n<dt class=\"icon\">\r\n\t<a title=\"PTOF 2019.20-2021.22_signed\" href=\"https:\/\/www.comprensivo1portotorres.edu.it\/ptof-piano-triennale-dellofferta-formativa\/?aid=18164&sa=0\" >\r\n\t\t<img src=\"https:\/\/www.comprensivo1portotorres.edu.it\/wp-content\/plugins\/eg-attachments\/img\/flags\/document.png\" width=\"32\" height=\"32\"  alt=\"PTOF 2019.20-2021.22_signed\" \/>\r\n\t<\/a>\r\n<\/dt>\r\n<dd class=\"caption\">\r\n\t<strong>Filename<\/strong> : <a title=\"PTOF 2019.20-2021.22_signed\" href=\"https:\/\/www.comprensivo1portotorres.edu.it\/ptof-piano-triennale-dellofferta-formativa\/?aid=18164&sa=0\" >ptof-2019-20-2021-22_signed.pdf<\/a> (2 MB)\r\n\t<br>\r\n\t<strong>Etichetta<\/strong> : \r\n<\/dd>\r\n<\/dl><p><\/p><\/div>\n<div class=\"attachments\"><dl class=\"attachments attachments-medium\">\r\n<dt class=\"icon\">\r\n\t<a title=\"PTOF_2016_2019\" href=\"https:\/\/www.comprensivo1portotorres.edu.it\/ptof-piano-triennale-dellofferta-formativa\/?aid=12372&sa=0\" >\r\n\t\t<img src=\"https:\/\/www.comprensivo1portotorres.edu.it\/wp-content\/plugins\/eg-attachments\/img\/flags\/document.png\" width=\"32\" height=\"32\"  alt=\"PTOF_2016_2019\" \/>\r\n\t<\/a>\r\n<\/dt>\r\n<dd class=\"caption\">\r\n\t<strong>Filename<\/strong> : <a title=\"PTOF_2016_2019\" href=\"https:\/\/www.comprensivo1portotorres.edu.it\/ptof-piano-triennale-dellofferta-formativa\/?aid=12372&sa=0\" >ptof_2016_2019.pdf<\/a> (2 MB)\r\n\t<br>\r\n\t<strong>Etichetta<\/strong> : \r\n<\/dd>\r\n<\/dl><p><\/p><\/div>\n\n<div class=\"attachments\"><dl class=\"attachments attachments-medium\">\r\n<dt class=\"icon\">\r\n\t<a title=\"POF 2017-2018 - aggiornamento e integrazione del PTOF 2016-2019\" href=\"https:\/\/www.comprensivo1portotorres.edu.it\/ptof-piano-triennale-dellofferta-formativa\/?aid=15316&sa=0\" >\r\n\t\t<img src=\"https:\/\/www.comprensivo1portotorres.edu.it\/wp-content\/plugins\/eg-attachments\/img\/flags\/document.png\" width=\"32\" height=\"32\"  alt=\"POF 2017-2018 - aggiornamento e integrazione del PTOF 2016-2019\" \/>\r\n\t<\/a>\r\n<\/dt>\r\n<dd class=\"caption\">\r\n\t<strong>Filename<\/strong> : <a title=\"POF 2017-2018 - aggiornamento e integrazione del PTOF 2016-2019\" href=\"https:\/\/www.comprensivo1portotorres.edu.it\/ptof-piano-triennale-dellofferta-formativa\/?aid=15316&sa=0\" >pof-2017-2018-aggiornamento-e-integrazione-del-ptof-2016-2019.pdf<\/a> (5 MB)\r\n\t<br>\r\n\t<strong>Etichetta<\/strong> : \r\n<\/dd>\r\n<\/dl><p><\/p><\/div>\n<p>Leggi anche <a href=\"https:\/\/www.comprensivo1portotorres.edu.it\/criteri-di-valutazione\/\">indicatori e descrittori \u00a0per la valutazione<\/a><\/p>\n\n\n\n","protected":false},"excerpt":{"rendered":"<p>Il PTOF ha durata triennale ed \u00e8 una novit\u00e0 contenuta nella legge 107, La Buona Scuola. Esso potr\u00e0 essere rivisto annualmente entro il mese di ottobre. Cambia l\u2019iter di preparazione del Piano dell\u2019offerta che sar\u00e0 prima elaborato dal Collegio dei docenti sulla base \u2018degli indirizzi definiti\u2019 dal dirigente scolastico\u2019 e sar\u00e0 poi approvato dal Consiglio&nbsp; &nbsp; <a class=\"moretag\" href=\"https:\/\/www.comprensivo1portotorres.edu.it\/ptof-piano-triennale-dellofferta-formativa\/\" title=\"Leggi l&#180;intero articolo\">&raquo;<\/a><\/p>\n","protected":false},"author":1,"featured_media":0,"parent":0,"menu_order":0,"comment_status":"closed","ping_status":"closed","template":"","meta":{"ngg_post_thumbnail":0},"_links":{"self":[{"href":"https:\/\/www.comprensivo1portotorres.edu.it\/wp-json\/wp\/v2\/pages\/9711"}],"collection":[{"href":"https:\/\/www.comprensivo1portotorres.edu.it\/wp-json\/wp\/v2\/pages"}],"about":[{"href":"https:\/\/www.comprensivo1portotorres.edu.it\/wp-json\/wp\/v2\/types\/page"}],"author":[{"embeddable":true,"href":"https:\/\/www.comprensivo1portotorres.edu.it\/wp-json\/wp\/v2\/users\/1"}],"replies":[{"embeddable":true,"href":"https:\/\/www.comprensivo1portotorres.edu.it\/wp-json\/wp\/v2\/comments?post=9711"}],"version-history":[{"count":30,"href":"https:\/\/www.comprensivo1portotorres.edu.it\/wp-json\/wp\/v2\/pages\/9711\/revisions"}],"predecessor-version":[{"id":23098,"href":"https:\/\/www.comprensivo1portotorres.edu.it\/wp-json\/wp\/v2\/pages\/9711\/revisions\/23098"}],"wp:attachment":[{"href":"https:\/\/www.comprensivo1portotorres.edu.it\/wp-json\/wp\/v2\/media?parent=9711"}],"curies":[{"name":"wp","href":"https:\/\/api.w.org\/{rel}","templated":true}]}}